{"id":409629,"date":"2024-05-29T10:53:14","date_gmt":"2024-05-29T10:53:18","guid":{"rendered":"https:\/\/www.erresse-shop.it\/?post_type=product&#038;p=409629"},"modified":"2025-05-02T12:00:08","modified_gmt":"2025-05-02T12:00:08","slug":"joseph-joseph-glide-compact-tabla-de-planchar-gris-copia","status":"publish","type":"product","link":"https:\/\/www.erresse-shop.it\/es\/shop\/mobiliario\/tablas-de-planchar\/joseph-joseph-glide-compact-tabla-de-planchar-gris-copia\/","title":{"rendered":"JOSEPH JOSEPH Glide Plus Tabla de planchar Ecru"},"content":{"rendered":"<p>Esta revolucionaria tabla de planchar de tama\u00f1o normal presenta un exclusivo dise\u00f1o de soporte que la hace m\u00e1s compacta cuando est\u00e1 plegada que otras tablas de planchar convencionales.<\/p>\n<ul>\n<li>Compacta y delgada cuando est\u00e1 plegada<\/li>\n<li>R\u00e1pida y f\u00e1cil de montar, se puede ajustar en siete posiciones de altura, desde 84 cm (33 pulgadas) hasta un m\u00e1ximo de 99 cm (39 pulgadas).<\/li>\n<li>Tapa avanzada y f\u00e1cil de cambiar con tecnolog\u00eda DripShield\u2122 y reposaplanchas de silicona resistente al calor.<\/li>\n<li>Gancho para colgar independiente incluido para un f\u00e1cil almacenamiento<\/li>\n<li>Tapa f\u00e1cilmente intercambiable con gancho para cable<\/li>\n<\/ul>\n<p><strong>Cuidado y uso:<\/strong><\/p>\n<ul>\n<li>Tapa &#8211; limpiar s\u00f3lo con un pa\u00f1o, no lavar a m\u00e1quina.<\/li>\n<li>Marco &#8211; limpiar con un pa\u00f1o h\u00famedo, no utilizar pa\u00f1os abrasivos ni limpiadores qu\u00edmicos fuertes.<\/li>\n<li>Precauci\u00f3n: No deje la plancha caliente sin vigilancia sobre el soporte de silicona.<\/li>\n<li>Mantenga a los ni\u00f1os alejados de la tabla de planchar cuando est\u00e9 en uso y gu\u00e1rdela de forma segura despu\u00e9s de utilizarla.<\/li>\n<li>El armaz\u00f3n tiene una garant\u00eda de 5 a\u00f1os contra defectos de fabricaci\u00f3n, todas las dem\u00e1s piezas tienen una garant\u00eda de 2 a\u00f1os.<\/li>\n<\/ul>\n<p><strong>Dimensiones:<\/strong><\/p>\n<p>Dimensiones de la tabla: H130 x W38cm (51\u00bc x 15 pulgadas)<\/p>\n<p>Cerrado (patas incluidas): H136 x W38 x D8.5cm (H53\u00bd x L15 x D3\u00bd pulgadas)<\/p>\n<p><strong>Peso<\/strong>: 6,4 kg<\/p>\n","protected":false},"excerpt":{"rendered":"<p>Esta revolucionaria tabla de planchar de tama\u00f1o normal presenta un exclusivo dise\u00f1o de soporte que la hace m\u00e1s compacta cuando<\/p>\n","protected":false},"featured_media":509125,"template":"","meta":{"_acf_changed":false,"inline_featured_image":false},"product_cat":[16016,18097],"product_tag":[25029,18478,16134,25023],"acf":[],"yoast_head":"<!-- This site is optimized with the Yoast SEO Premium plugin v18.6 (Yoast SEO v19.13) - https:\/\/yoast.com\/wordpress\/plugins\/seo\/ -->\n<title>JOSEPH JOSEPH Glide Plus Tabla de planchar Ecru - Erresse Shop<\/title>\n<meta name=\"description\" content=\"Esta revolucionaria tabla de planchar de tama\u00f1o normal presenta un exclusivo dise\u00f1o de soporte que la hace m\u00e1s compacta cuando est\u00e1 plegada que otras\" \/>\n<meta name=\"robots\" content=\"index, follow, max-snippet:-1, max-image-preview:large, max-video-preview:-1\" \/>\n<link rel=\"canonical\" href=\"https:\/\/www.erresse-shop.it\/es\/shop\/mobiliario\/tablas-de-planchar\/joseph-joseph-glide-compact-tabla-de-planchar-gris-copia\/\" \/>\n<meta property=\"og:locale\" content=\"es_ES\" \/>\n<meta property=\"og:type\" content=\"article\" \/>\n<meta property=\"og:title\" content=\"JOSEPH JOSEPH Glide Plus Tabla de planchar Ecru\" \/>\n<meta property=\"og:description\" content=\"Esta revolucionaria tabla de planchar de tama\u00f1o normal presenta un exclusivo dise\u00f1o de soporte que la hace m\u00e1s compacta cuando est\u00e1 plegada que otras\" \/>\n<meta property=\"og:url\" content=\"https:\/\/www.erresse-shop.it\/es\/shop\/mobiliario\/tablas-de-planchar\/joseph-joseph-glide-compact-tabla-de-planchar-gris-copia\/\" \/>\n<meta property=\"og:site_name\" content=\"Erresse Shop\" \/>\n<meta property=\"article:modified_time\" content=\"2025-05-02T12:00:08+00:00\" \/>\n<meta property=\"og:image\" content=\"https:\/\/www.erresse-shop.it\/wp-content\/uploads\/2024\/05\/JOSEPH-JOSEPH-Glide-Compact-Asse-da-Stiro-Ecru.png\" \/>\n\t<meta property=\"og:image:width\" content=\"800\" \/>\n\t<meta property=\"og:image:height\" content=\"800\" \/>\n\t<meta property=\"og:image:type\" content=\"image\/png\" \/>\n<meta name=\"twitter:card\" content=\"summary_large_image\" \/>\n<script type=\"application\/ld+json\" class=\"yoast-schema-graph\">{\"@context\":\"https:\/\/schema.org\",\"@graph\":[{\"@type\":\"WebPage\",\"@id\":\"https:\/\/www.erresse-shop.it\/es\/shop\/mobiliario\/tablas-de-planchar\/joseph-joseph-glide-compact-tabla-de-planchar-gris-copia\/\",\"url\":\"https:\/\/www.erresse-shop.it\/es\/shop\/mobiliario\/tablas-de-planchar\/joseph-joseph-glide-compact-tabla-de-planchar-gris-copia\/\",\"name\":\"JOSEPH JOSEPH Glide Plus Tabla de planchar Ecru - Erresse Shop\",\"isPartOf\":{\"@id\":\"https:\/\/www.erresse-shop.it\/es\/#website\"},\"datePublished\":\"2024-05-29T10:53:18+00:00\",\"dateModified\":\"2025-05-02T12:00:08+00:00\",\"description\":\"Esta revolucionaria tabla de planchar de tama\u00f1o normal presenta un exclusivo dise\u00f1o de soporte que la hace m\u00e1s compacta cuando est\u00e1 plegada que otras\",\"breadcrumb\":{\"@id\":\"https:\/\/www.erresse-shop.it\/es\/shop\/mobiliario\/tablas-de-planchar\/joseph-joseph-glide-compact-tabla-de-planchar-gris-copia\/#breadcrumb\"},\"inLanguage\":\"es\",\"potentialAction\":[{\"@type\":\"ReadAction\",\"target\":[\"https:\/\/www.erresse-shop.it\/es\/shop\/mobiliario\/tablas-de-planchar\/joseph-joseph-glide-compact-tabla-de-planchar-gris-copia\/\"]}]},{\"@type\":\"BreadcrumbList\",\"@id\":\"https:\/\/www.erresse-shop.it\/es\/shop\/mobiliario\/tablas-de-planchar\/joseph-joseph-glide-compact-tabla-de-planchar-gris-copia\/#breadcrumb\",\"itemListElement\":[{\"@type\":\"ListItem\",\"position\":1,\"name\":\"Home\",\"item\":\"https:\/\/www.erresse-shop.it\/es\/\"},{\"@type\":\"ListItem\",\"position\":2,\"name\":\"Shop\",\"item\":\"https:\/\/www.erresse-shop.it\/es\/shop\/\"},{\"@type\":\"ListItem\",\"position\":3,\"name\":\"JOSEPH JOSEPH Glide Plus Tabla de planchar Ecru\"}]},{\"@type\":\"WebSite\",\"@id\":\"https:\/\/www.erresse-shop.it\/es\/#website\",\"url\":\"https:\/\/www.erresse-shop.it\/es\/\",\"name\":\"Erresse Shop\",\"description\":\"Articoli di qualit\u00e0 per la casa\",\"potentialAction\":[{\"@type\":\"SearchAction\",\"target\":{\"@type\":\"EntryPoint\",\"urlTemplate\":\"https:\/\/www.erresse-shop.it\/es\/?s={search_term_string}\"},\"query-input\":\"required name=search_term_string\"}],\"inLanguage\":\"es\"}]}<\/script>\n<!-- \/ Yoast SEO Premium plugin. -->","yoast_head_json":{"title":"JOSEPH JOSEPH Glide Plus Tabla de planchar Ecru - Erresse Shop","description":"Esta revolucionaria tabla de planchar de tama\u00f1o normal presenta un exclusivo dise\u00f1o de soporte que la hace m\u00e1s compacta cuando est\u00e1 plegada que otras","robots":{"index":"index","follow":"follow","max-snippet":"max-snippet:-1","max-image-preview":"max-image-preview:large","max-video-preview":"max-video-preview:-1"},"canonical":"https:\/\/www.erresse-shop.it\/es\/shop\/mobiliario\/tablas-de-planchar\/joseph-joseph-glide-compact-tabla-de-planchar-gris-copia\/","og_locale":"es_ES","og_type":"article","og_title":"JOSEPH JOSEPH Glide Plus Tabla de planchar Ecru","og_description":"Esta revolucionaria tabla de planchar de tama\u00f1o normal presenta un exclusivo dise\u00f1o de soporte que la hace m\u00e1s compacta cuando est\u00e1 plegada que otras","og_url":"https:\/\/www.erresse-shop.it\/es\/shop\/mobiliario\/tablas-de-planchar\/joseph-joseph-glide-compact-tabla-de-planchar-gris-copia\/","og_site_name":"Erresse Shop","article_modified_time":"2025-05-02T12:00:08+00:00","og_image":[{"width":800,"height":800,"url":"https:\/\/www.erresse-shop.it\/wp-content\/uploads\/2024\/05\/JOSEPH-JOSEPH-Glide-Compact-Asse-da-Stiro-Ecru.png","type":"image\/png"}],"twitter_card":"summary_large_image","schema":{"@context":"https:\/\/schema.org","@graph":[{"@type":"WebPage","@id":"https:\/\/www.erresse-shop.it\/es\/shop\/mobiliario\/tablas-de-planchar\/joseph-joseph-glide-compact-tabla-de-planchar-gris-copia\/","url":"https:\/\/www.erresse-shop.it\/es\/shop\/mobiliario\/tablas-de-planchar\/joseph-joseph-glide-compact-tabla-de-planchar-gris-copia\/","name":"JOSEPH JOSEPH Glide Plus Tabla de planchar Ecru - Erresse Shop","isPartOf":{"@id":"https:\/\/www.erresse-shop.it\/es\/#website"},"datePublished":"2024-05-29T10:53:18+00:00","dateModified":"2025-05-02T12:00:08+00:00","description":"Esta revolucionaria tabla de planchar de tama\u00f1o normal presenta un exclusivo dise\u00f1o de soporte que la hace m\u00e1s compacta cuando est\u00e1 plegada que otras","breadcrumb":{"@id":"https:\/\/www.erresse-shop.it\/es\/shop\/mobiliario\/tablas-de-planchar\/joseph-joseph-glide-compact-tabla-de-planchar-gris-copia\/#breadcrumb"},"inLanguage":"es","potentialAction":[{"@type":"ReadAction","target":["https:\/\/www.erresse-shop.it\/es\/shop\/mobiliario\/tablas-de-planchar\/joseph-joseph-glide-compact-tabla-de-planchar-gris-copia\/"]}]},{"@type":"BreadcrumbList","@id":"https:\/\/www.erresse-shop.it\/es\/shop\/mobiliario\/tablas-de-planchar\/joseph-joseph-glide-compact-tabla-de-planchar-gris-copia\/#breadcrumb","itemListElement":[{"@type":"ListItem","position":1,"name":"Home","item":"https:\/\/www.erresse-shop.it\/es\/"},{"@type":"ListItem","position":2,"name":"Shop","item":"https:\/\/www.erresse-shop.it\/es\/shop\/"},{"@type":"ListItem","position":3,"name":"JOSEPH JOSEPH Glide Plus Tabla de planchar Ecru"}]},{"@type":"WebSite","@id":"https:\/\/www.erresse-shop.it\/es\/#website","url":"https:\/\/www.erresse-shop.it\/es\/","name":"Erresse Shop","description":"Articoli di qualit\u00e0 per la casa","potentialAction":[{"@type":"SearchAction","target":{"@type":"EntryPoint","urlTemplate":"https:\/\/www.erresse-shop.it\/es\/?s={search_term_string}"},"query-input":"required name=search_term_string"}],"inLanguage":"es"}]}},"df_price":139.95,"df_sale_price":139.95,"df_regular_price":179.99,"df_image_link":"https:\/\/www.erresse-shop.it\/wp-content\/uploads\/2024\/05\/JOSEPH-JOSEPH-Glide-Plus-Asse-da-Stiro-Ecru-300x300.jpg","_links":{"self":[{"href":"https:\/\/www.erresse-shop.it\/es\/wp-json\/wp\/v2\/product\/409629"}],"collection":[{"href":"https:\/\/www.erresse-shop.it\/es\/wp-json\/wp\/v2\/product"}],"about":[{"href":"https:\/\/www.erresse-shop.it\/es\/wp-json\/wp\/v2\/types\/product"}],"wp:featuredmedia":[{"embeddable":true,"href":"https:\/\/www.erresse-shop.it\/es\/wp-json\/wp\/v2\/media\/509125"}],"wp:attachment":[{"href":"https:\/\/www.erresse-shop.it\/es\/wp-json\/wp\/v2\/media?parent=409629"}],"wp:term":[{"taxonomy":"product_cat","embeddable":true,"href":"https:\/\/www.erresse-shop.it\/es\/wp-json\/wp\/v2\/product_cat?post=409629"},{"taxonomy":"product_tag","embeddable":true,"href":"https:\/\/www.erresse-shop.it\/es\/wp-json\/wp\/v2\/product_tag?post=409629"}],"curies":[{"name":"wp","href":"https:\/\/api.w.org\/{rel}","templated":true}]}}