{"id":409602,"date":"2024-05-29T10:27:37","date_gmt":"2024-05-29T10:27:41","guid":{"rendered":"https:\/\/www.erresse-shop.it\/?post_type=product&#038;p=409602"},"modified":"2024-10-28T13:35:09","modified_gmt":"2024-10-28T13:35:09","slug":"joseph-joseph-panera-con-tapa-de-bambu-blanca","status":"publish","type":"product","link":"https:\/\/www.erresse-shop.it\/es\/shop\/tabla\/cestas-y-cuencos\/joseph-joseph-panera-con-tapa-de-bambu-blanca\/","title":{"rendered":"JOSEPH JOSEPH Panera con Tapa de Bamb\u00fa Blanca"},"content":{"rendered":"<p>Este elegante recipiente para pan le permite almacenar pan, bollos y pasteles durante m\u00e1s tiempo, con una tapa de bamb\u00fa especialmente dise\u00f1ada que sirve como tabla de cortar para desmenuzar el pan.<\/p>\n<ul>\n<li>Recipiente f\u00e1cil de limpiar con base antideslizante<\/li>\n<li>Tapa de bamb\u00fa reversible para tabla de cortar<\/li>\n<li>Ranuras de recogida de migas en el lateral de la tabla de cortar<\/li>\n<li>Asa f\u00e1cil de levantar<\/li>\n<\/ul>\n<p><strong>Cuidado y uso:<\/strong><\/p>\n<ul>\n<li>S\u00f3lo para almacenar alimentos secos<\/li>\n<li>Base y tapa &#8211; lavar y secar a mano<\/li>\n<li>No empapar la tapa<\/li>\n<li>Engrasar el bamb\u00fa regularmente con un aceite alimentario mineral para mantenerlo en buen estado.<\/li>\n<li>Aseg\u00farese de que la tapa est\u00e9 completamente seca antes de guardarla<\/li>\n<li>Sin BPA<\/li>\n<\/ul>\n<p><strong>Dimensiones:<\/strong><\/p>\n<p>H18 x W37 x D22cm (H7 x W14\u00bd x D8\u00be pulgadas)<\/p>\n<p><strong>Peso:<\/strong><\/p>\n<p>1.5kg<\/p>\n<p><strong>Creado por Morph para Joseph Joseph<\/strong><\/p>\n","protected":false},"excerpt":{"rendered":"<p>Este elegante recipiente para pan le permite almacenar pan, bollos y pasteles durante m\u00e1s tiempo, con una tapa de bamb\u00fa<\/p>\n","protected":false},"featured_media":507054,"template":"","meta":{"_acf_changed":false,"inline_featured_image":false},"product_cat":[16037,16027],"product_tag":[25029,16225,21614,16442,25023],"acf":[],"yoast_head":"<!-- This site is optimized with the Yoast SEO Premium plugin v18.6 (Yoast SEO v19.13) - https:\/\/yoast.com\/wordpress\/plugins\/seo\/ -->\n<title>JOSEPH JOSEPH Panera con Tapa de Bamb\u00fa Blanca - Erresse Shop<\/title>\n<meta name=\"description\" content=\"Este elegante recipiente para pan le permite almacenar pan, bollos y pasteles durante m\u00e1s tiempo, con una tapa de bamb\u00fa especialmente dise\u00f1ada que sirve\" \/>\n<meta name=\"robots\" content=\"index, follow, max-snippet:-1, max-image-preview:large, max-video-preview:-1\" \/>\n<link rel=\"canonical\" href=\"https:\/\/www.erresse-shop.it\/es\/shop\/tabla\/cestas-y-cuencos\/joseph-joseph-panera-con-tapa-de-bambu-blanca\/\" \/>\n<meta property=\"og:locale\" content=\"es_ES\" \/>\n<meta property=\"og:type\" content=\"article\" \/>\n<meta property=\"og:title\" content=\"JOSEPH JOSEPH Panera con Tapa de Bamb\u00fa Blanca\" \/>\n<meta property=\"og:description\" content=\"Este elegante recipiente para pan le permite almacenar pan, bollos y pasteles durante m\u00e1s tiempo, con una tapa de bamb\u00fa especialmente dise\u00f1ada que sirve\" \/>\n<meta property=\"og:url\" content=\"https:\/\/www.erresse-shop.it\/es\/shop\/tabla\/cestas-y-cuencos\/joseph-joseph-panera-con-tapa-de-bambu-blanca\/\" \/>\n<meta property=\"og:site_name\" content=\"Erresse Shop\" \/>\n<meta property=\"article:modified_time\" content=\"2024-10-28T13:35:09+00:00\" \/>\n<meta property=\"og:image\" content=\"https:\/\/www.erresse-shop.it\/wp-content\/uploads\/2024\/05\/JOSEPH-JOSEPH-Cestino-per-il-pane-con-coperchio-in-bambu.png\" \/>\n\t<meta property=\"og:image:width\" content=\"800\" \/>\n\t<meta property=\"og:image:height\" content=\"800\" \/>\n\t<meta property=\"og:image:type\" content=\"image\/png\" \/>\n<meta name=\"twitter:card\" content=\"summary_large_image\" \/>\n<script type=\"application\/ld+json\" class=\"yoast-schema-graph\">{\"@context\":\"https:\/\/schema.org\",\"@graph\":[{\"@type\":\"WebPage\",\"@id\":\"https:\/\/www.erresse-shop.it\/es\/shop\/tabla\/cestas-y-cuencos\/joseph-joseph-panera-con-tapa-de-bambu-blanca\/\",\"url\":\"https:\/\/www.erresse-shop.it\/es\/shop\/tabla\/cestas-y-cuencos\/joseph-joseph-panera-con-tapa-de-bambu-blanca\/\",\"name\":\"JOSEPH JOSEPH Panera con Tapa de Bamb\u00fa Blanca - Erresse Shop\",\"isPartOf\":{\"@id\":\"https:\/\/www.erresse-shop.it\/es\/#website\"},\"datePublished\":\"2024-05-29T10:27:41+00:00\",\"dateModified\":\"2024-10-28T13:35:09+00:00\",\"description\":\"Este elegante recipiente para pan le permite almacenar pan, bollos y pasteles durante m\u00e1s tiempo, con una tapa de bamb\u00fa especialmente dise\u00f1ada que sirve\",\"breadcrumb\":{\"@id\":\"https:\/\/www.erresse-shop.it\/es\/shop\/tabla\/cestas-y-cuencos\/joseph-joseph-panera-con-tapa-de-bambu-blanca\/#breadcrumb\"},\"inLanguage\":\"es\",\"potentialAction\":[{\"@type\":\"ReadAction\",\"target\":[\"https:\/\/www.erresse-shop.it\/es\/shop\/tabla\/cestas-y-cuencos\/joseph-joseph-panera-con-tapa-de-bambu-blanca\/\"]}]},{\"@type\":\"BreadcrumbList\",\"@id\":\"https:\/\/www.erresse-shop.it\/es\/shop\/tabla\/cestas-y-cuencos\/joseph-joseph-panera-con-tapa-de-bambu-blanca\/#breadcrumb\",\"itemListElement\":[{\"@type\":\"ListItem\",\"position\":1,\"name\":\"Home\",\"item\":\"https:\/\/www.erresse-shop.it\/es\/\"},{\"@type\":\"ListItem\",\"position\":2,\"name\":\"Shop\",\"item\":\"https:\/\/www.erresse-shop.it\/es\/shop\/\"},{\"@type\":\"ListItem\",\"position\":3,\"name\":\"JOSEPH JOSEPH Panera con Tapa de Bamb\u00fa Blanca\"}]},{\"@type\":\"WebSite\",\"@id\":\"https:\/\/www.erresse-shop.it\/es\/#website\",\"url\":\"https:\/\/www.erresse-shop.it\/es\/\",\"name\":\"Erresse Shop\",\"description\":\"Articoli di qualit\u00e0 per la casa\",\"potentialAction\":[{\"@type\":\"SearchAction\",\"target\":{\"@type\":\"EntryPoint\",\"urlTemplate\":\"https:\/\/www.erresse-shop.it\/es\/?s={search_term_string}\"},\"query-input\":\"required name=search_term_string\"}],\"inLanguage\":\"es\"}]}<\/script>\n<!-- \/ Yoast SEO Premium plugin. -->","yoast_head_json":{"title":"JOSEPH JOSEPH Panera con Tapa de Bamb\u00fa Blanca - Erresse Shop","description":"Este elegante recipiente para pan le permite almacenar pan, bollos y pasteles durante m\u00e1s tiempo, con una tapa de bamb\u00fa especialmente dise\u00f1ada que sirve","robots":{"index":"index","follow":"follow","max-snippet":"max-snippet:-1","max-image-preview":"max-image-preview:large","max-video-preview":"max-video-preview:-1"},"canonical":"https:\/\/www.erresse-shop.it\/es\/shop\/tabla\/cestas-y-cuencos\/joseph-joseph-panera-con-tapa-de-bambu-blanca\/","og_locale":"es_ES","og_type":"article","og_title":"JOSEPH JOSEPH Panera con Tapa de Bamb\u00fa Blanca","og_description":"Este elegante recipiente para pan le permite almacenar pan, bollos y pasteles durante m\u00e1s tiempo, con una tapa de bamb\u00fa especialmente dise\u00f1ada que sirve","og_url":"https:\/\/www.erresse-shop.it\/es\/shop\/tabla\/cestas-y-cuencos\/joseph-joseph-panera-con-tapa-de-bambu-blanca\/","og_site_name":"Erresse Shop","article_modified_time":"2024-10-28T13:35:09+00:00","og_image":[{"width":800,"height":800,"url":"https:\/\/www.erresse-shop.it\/wp-content\/uploads\/2024\/05\/JOSEPH-JOSEPH-Cestino-per-il-pane-con-coperchio-in-bambu.png","type":"image\/png"}],"twitter_card":"summary_large_image","schema":{"@context":"https:\/\/schema.org","@graph":[{"@type":"WebPage","@id":"https:\/\/www.erresse-shop.it\/es\/shop\/tabla\/cestas-y-cuencos\/joseph-joseph-panera-con-tapa-de-bambu-blanca\/","url":"https:\/\/www.erresse-shop.it\/es\/shop\/tabla\/cestas-y-cuencos\/joseph-joseph-panera-con-tapa-de-bambu-blanca\/","name":"JOSEPH JOSEPH Panera con Tapa de Bamb\u00fa Blanca - Erresse Shop","isPartOf":{"@id":"https:\/\/www.erresse-shop.it\/es\/#website"},"datePublished":"2024-05-29T10:27:41+00:00","dateModified":"2024-10-28T13:35:09+00:00","description":"Este elegante recipiente para pan le permite almacenar pan, bollos y pasteles durante m\u00e1s tiempo, con una tapa de bamb\u00fa especialmente dise\u00f1ada que sirve","breadcrumb":{"@id":"https:\/\/www.erresse-shop.it\/es\/shop\/tabla\/cestas-y-cuencos\/joseph-joseph-panera-con-tapa-de-bambu-blanca\/#breadcrumb"},"inLanguage":"es","potentialAction":[{"@type":"ReadAction","target":["https:\/\/www.erresse-shop.it\/es\/shop\/tabla\/cestas-y-cuencos\/joseph-joseph-panera-con-tapa-de-bambu-blanca\/"]}]},{"@type":"BreadcrumbList","@id":"https:\/\/www.erresse-shop.it\/es\/shop\/tabla\/cestas-y-cuencos\/joseph-joseph-panera-con-tapa-de-bambu-blanca\/#breadcrumb","itemListElement":[{"@type":"ListItem","position":1,"name":"Home","item":"https:\/\/www.erresse-shop.it\/es\/"},{"@type":"ListItem","position":2,"name":"Shop","item":"https:\/\/www.erresse-shop.it\/es\/shop\/"},{"@type":"ListItem","position":3,"name":"JOSEPH JOSEPH Panera con Tapa de Bamb\u00fa Blanca"}]},{"@type":"WebSite","@id":"https:\/\/www.erresse-shop.it\/es\/#website","url":"https:\/\/www.erresse-shop.it\/es\/","name":"Erresse Shop","description":"Articoli di qualit\u00e0 per la casa","potentialAction":[{"@type":"SearchAction","target":{"@type":"EntryPoint","urlTemplate":"https:\/\/www.erresse-shop.it\/es\/?s={search_term_string}"},"query-input":"required name=search_term_string"}],"inLanguage":"es"}]}},"df_price":39,"df_sale_price":39,"df_regular_price":69.99,"df_image_link":"https:\/\/www.erresse-shop.it\/wp-content\/uploads\/2024\/05\/JOSEPH-JOSEPH-Cestino-per-Pane-con-Coperchio-in-Bambu-Bianco-300x300.jpg","_links":{"self":[{"href":"https:\/\/www.erresse-shop.it\/es\/wp-json\/wp\/v2\/product\/409602"}],"collection":[{"href":"https:\/\/www.erresse-shop.it\/es\/wp-json\/wp\/v2\/product"}],"about":[{"href":"https:\/\/www.erresse-shop.it\/es\/wp-json\/wp\/v2\/types\/product"}],"wp:featuredmedia":[{"embeddable":true,"href":"https:\/\/www.erresse-shop.it\/es\/wp-json\/wp\/v2\/media\/507054"}],"wp:attachment":[{"href":"https:\/\/www.erresse-shop.it\/es\/wp-json\/wp\/v2\/media?parent=409602"}],"wp:term":[{"taxonomy":"product_cat","embeddable":true,"href":"https:\/\/www.erresse-shop.it\/es\/wp-json\/wp\/v2\/product_cat?post=409602"},{"taxonomy":"product_tag","embeddable":true,"href":"https:\/\/www.erresse-shop.it\/es\/wp-json\/wp\/v2\/product_tag?post=409602"}],"curies":[{"name":"wp","href":"https:\/\/api.w.org\/{rel}","templated":true}]}}