{"id":409586,"date":"2024-05-29T10:03:30","date_gmt":"2024-05-29T10:03:35","guid":{"rendered":"https:\/\/www.erresse-shop.it\/?post_type=product&#038;p=409586"},"modified":"2025-05-14T22:38:02","modified_gmt":"2025-05-14T22:38:02","slug":"joseph-joseph-glide-compact-tabla-de-planchar-gris","status":"publish","type":"product","link":"https:\/\/www.erresse-shop.it\/es\/shop\/mobiliario\/tablas-de-planchar\/joseph-joseph-glide-compact-tabla-de-planchar-gris\/","title":{"rendered":"JOSEPH JOSEPH Glide Tabla de planchar Gris"},"content":{"rendered":"<p>Esta revolucionaria tabla de planchar de tama\u00f1o normal presenta un dise\u00f1o de soporte \u00fanico que hace que sea m\u00e1s compacta cuando se guarda que otras tablas de planchar convencionales.<\/p>\n<ul>\n<li>El dise\u00f1o exclusivo ocupa mucho menos espacio que otras tablas de planchar cuando se guardan<\/li>\n<li>R\u00e1pida y f\u00e1cil de montar, con 7 posiciones de altura ajustables de 84 cm (33 pulgadas) a 99 cm (39 pulgadas).<\/li>\n<li>Se incluye un gancho independiente para guardar f\u00e1cilmente la tabla o para colgarla detr\u00e1s de una puerta<\/li>\n<li>La cubierta f\u00e1cil de cambiar incluye una anilla para el cable y un soporte para la plancha de silicona resistente al calor<\/li>\n<\/ul>\n<p><strong>Cuidado y uso:<\/strong><\/p>\n<ul>\n<li>Cubierta &#8211; limpiar s\u00f3lo con un pa\u00f1o, no lavar a m\u00e1quina.<\/li>\n<li>Marco &#8211; limpiar con un pa\u00f1o h\u00famedo, no utilizar pa\u00f1os abrasivos ni limpiadores qu\u00edmicos fuertes.<\/li>\n<li>Precauci\u00f3n: No deje la plancha caliente sin vigilancia sobre el soporte de silicona.<\/li>\n<li>Mantenga a los ni\u00f1os alejados de la tabla de planchar cuando est\u00e9 en uso y gu\u00e1rdela de forma segura despu\u00e9s de utilizarla.<\/li>\n<li>El armaz\u00f3n est\u00e1 garantizado durante 3 a\u00f1os contra defectos de fabricaci\u00f3n, los detalles completos se pueden encontrar en la p\u00e1gina de garant\u00eda aqu\u00ed, todas las dem\u00e1s piezas est\u00e1n garantizadas durante 2 a\u00f1os.<\/li>\n<\/ul>\n<p><strong>Dimensiones:<\/strong><\/p>\n<p>Dimensiones del eje: H130 x W38cm (51\u00bc x 15 pulgadas)<\/p>\n<p>Cerrado (patas incluidas): H136 x W38 x D8.5cm (H53\u00bd x L15 x D3\u00bd pulgadas)<\/p>\n<p><strong>Peso:<\/strong> 6,4 kg<\/p>\n","protected":false},"excerpt":{"rendered":"<p>Esta revolucionaria tabla de planchar de tama\u00f1o normal presenta un dise\u00f1o de soporte \u00fanico que hace que sea m\u00e1s compacta<\/p>\n","protected":false},"featured_media":467196,"template":"","meta":{"_acf_changed":false,"inline_featured_image":false},"product_cat":[16016,18097],"product_tag":[25029,18478,16134,25023],"acf":[],"yoast_head":"<!-- This site is optimized with the Yoast SEO Premium plugin v18.6 (Yoast SEO v19.13) - https:\/\/yoast.com\/wordpress\/plugins\/seo\/ -->\n<title>JOSEPH JOSEPH Glide Tabla de planchar Gris - Erresse Shop<\/title>\n<meta name=\"description\" content=\"Esta revolucionaria tabla de planchar de tama\u00f1o normal presenta un dise\u00f1o de soporte \u00fanico que hace que sea m\u00e1s compacta cuando se guarda que otras tablas\" \/>\n<meta name=\"robots\" content=\"index, follow, max-snippet:-1, max-image-preview:large, max-video-preview:-1\" \/>\n<link rel=\"canonical\" href=\"https:\/\/www.erresse-shop.it\/es\/shop\/mobiliario\/tablas-de-planchar\/joseph-joseph-glide-compact-tabla-de-planchar-gris\/\" \/>\n<meta property=\"og:locale\" content=\"es_ES\" \/>\n<meta property=\"og:type\" content=\"article\" \/>\n<meta property=\"og:title\" content=\"JOSEPH JOSEPH Glide Tabla de planchar Gris\" \/>\n<meta property=\"og:description\" content=\"Esta revolucionaria tabla de planchar de tama\u00f1o normal presenta un dise\u00f1o de soporte \u00fanico que hace que sea m\u00e1s compacta cuando se guarda que otras tablas\" \/>\n<meta property=\"og:url\" content=\"https:\/\/www.erresse-shop.it\/es\/shop\/mobiliario\/tablas-de-planchar\/joseph-joseph-glide-compact-tabla-de-planchar-gris\/\" \/>\n<meta property=\"og:site_name\" content=\"Erresse Shop\" \/>\n<meta property=\"article:modified_time\" content=\"2025-05-14T22:38:02+00:00\" \/>\n<meta property=\"og:image\" content=\"https:\/\/www.erresse-shop.it\/wp-content\/uploads\/2024\/05\/JOSEPH-JOSEPH-Glide-Compact-Asse-da-Stiro-Grigio.png\" \/>\n\t<meta property=\"og:image:width\" content=\"800\" \/>\n\t<meta property=\"og:image:height\" content=\"800\" \/>\n\t<meta property=\"og:image:type\" content=\"image\/png\" \/>\n<meta name=\"twitter:card\" content=\"summary_large_image\" \/>\n<script type=\"application\/ld+json\" class=\"yoast-schema-graph\">{\"@context\":\"https:\/\/schema.org\",\"@graph\":[{\"@type\":\"WebPage\",\"@id\":\"https:\/\/www.erresse-shop.it\/es\/shop\/mobiliario\/tablas-de-planchar\/joseph-joseph-glide-compact-tabla-de-planchar-gris\/\",\"url\":\"https:\/\/www.erresse-shop.it\/es\/shop\/mobiliario\/tablas-de-planchar\/joseph-joseph-glide-compact-tabla-de-planchar-gris\/\",\"name\":\"JOSEPH JOSEPH Glide Tabla de planchar Gris - Erresse Shop\",\"isPartOf\":{\"@id\":\"https:\/\/www.erresse-shop.it\/es\/#website\"},\"datePublished\":\"2024-05-29T10:03:35+00:00\",\"dateModified\":\"2025-05-14T22:38:02+00:00\",\"description\":\"Esta revolucionaria tabla de planchar de tama\u00f1o normal presenta un dise\u00f1o de soporte \u00fanico que hace que sea m\u00e1s compacta cuando se guarda que otras tablas\",\"breadcrumb\":{\"@id\":\"https:\/\/www.erresse-shop.it\/es\/shop\/mobiliario\/tablas-de-planchar\/joseph-joseph-glide-compact-tabla-de-planchar-gris\/#breadcrumb\"},\"inLanguage\":\"es\",\"potentialAction\":[{\"@type\":\"ReadAction\",\"target\":[\"https:\/\/www.erresse-shop.it\/es\/shop\/mobiliario\/tablas-de-planchar\/joseph-joseph-glide-compact-tabla-de-planchar-gris\/\"]}]},{\"@type\":\"BreadcrumbList\",\"@id\":\"https:\/\/www.erresse-shop.it\/es\/shop\/mobiliario\/tablas-de-planchar\/joseph-joseph-glide-compact-tabla-de-planchar-gris\/#breadcrumb\",\"itemListElement\":[{\"@type\":\"ListItem\",\"position\":1,\"name\":\"Home\",\"item\":\"https:\/\/www.erresse-shop.it\/es\/\"},{\"@type\":\"ListItem\",\"position\":2,\"name\":\"Shop\",\"item\":\"https:\/\/www.erresse-shop.it\/es\/shop\/\"},{\"@type\":\"ListItem\",\"position\":3,\"name\":\"JOSEPH JOSEPH Glide Tabla de planchar Gris\"}]},{\"@type\":\"WebSite\",\"@id\":\"https:\/\/www.erresse-shop.it\/es\/#website\",\"url\":\"https:\/\/www.erresse-shop.it\/es\/\",\"name\":\"Erresse Shop\",\"description\":\"Articoli di qualit\u00e0 per la casa\",\"potentialAction\":[{\"@type\":\"SearchAction\",\"target\":{\"@type\":\"EntryPoint\",\"urlTemplate\":\"https:\/\/www.erresse-shop.it\/es\/?s={search_term_string}\"},\"query-input\":\"required name=search_term_string\"}],\"inLanguage\":\"es\"}]}<\/script>\n<!-- \/ Yoast SEO Premium plugin. -->","yoast_head_json":{"title":"JOSEPH JOSEPH Glide Tabla de planchar Gris - Erresse Shop","description":"Esta revolucionaria tabla de planchar de tama\u00f1o normal presenta un dise\u00f1o de soporte \u00fanico que hace que sea m\u00e1s compacta cuando se guarda que otras tablas","robots":{"index":"index","follow":"follow","max-snippet":"max-snippet:-1","max-image-preview":"max-image-preview:large","max-video-preview":"max-video-preview:-1"},"canonical":"https:\/\/www.erresse-shop.it\/es\/shop\/mobiliario\/tablas-de-planchar\/joseph-joseph-glide-compact-tabla-de-planchar-gris\/","og_locale":"es_ES","og_type":"article","og_title":"JOSEPH JOSEPH Glide Tabla de planchar Gris","og_description":"Esta revolucionaria tabla de planchar de tama\u00f1o normal presenta un dise\u00f1o de soporte \u00fanico que hace que sea m\u00e1s compacta cuando se guarda que otras tablas","og_url":"https:\/\/www.erresse-shop.it\/es\/shop\/mobiliario\/tablas-de-planchar\/joseph-joseph-glide-compact-tabla-de-planchar-gris\/","og_site_name":"Erresse Shop","article_modified_time":"2025-05-14T22:38:02+00:00","og_image":[{"width":800,"height":800,"url":"https:\/\/www.erresse-shop.it\/wp-content\/uploads\/2024\/05\/JOSEPH-JOSEPH-Glide-Compact-Asse-da-Stiro-Grigio.png","type":"image\/png"}],"twitter_card":"summary_large_image","schema":{"@context":"https:\/\/schema.org","@graph":[{"@type":"WebPage","@id":"https:\/\/www.erresse-shop.it\/es\/shop\/mobiliario\/tablas-de-planchar\/joseph-joseph-glide-compact-tabla-de-planchar-gris\/","url":"https:\/\/www.erresse-shop.it\/es\/shop\/mobiliario\/tablas-de-planchar\/joseph-joseph-glide-compact-tabla-de-planchar-gris\/","name":"JOSEPH JOSEPH Glide Tabla de planchar Gris - Erresse Shop","isPartOf":{"@id":"https:\/\/www.erresse-shop.it\/es\/#website"},"datePublished":"2024-05-29T10:03:35+00:00","dateModified":"2025-05-14T22:38:02+00:00","description":"Esta revolucionaria tabla de planchar de tama\u00f1o normal presenta un dise\u00f1o de soporte \u00fanico que hace que sea m\u00e1s compacta cuando se guarda que otras tablas","breadcrumb":{"@id":"https:\/\/www.erresse-shop.it\/es\/shop\/mobiliario\/tablas-de-planchar\/joseph-joseph-glide-compact-tabla-de-planchar-gris\/#breadcrumb"},"inLanguage":"es","potentialAction":[{"@type":"ReadAction","target":["https:\/\/www.erresse-shop.it\/es\/shop\/mobiliario\/tablas-de-planchar\/joseph-joseph-glide-compact-tabla-de-planchar-gris\/"]}]},{"@type":"BreadcrumbList","@id":"https:\/\/www.erresse-shop.it\/es\/shop\/mobiliario\/tablas-de-planchar\/joseph-joseph-glide-compact-tabla-de-planchar-gris\/#breadcrumb","itemListElement":[{"@type":"ListItem","position":1,"name":"Home","item":"https:\/\/www.erresse-shop.it\/es\/"},{"@type":"ListItem","position":2,"name":"Shop","item":"https:\/\/www.erresse-shop.it\/es\/shop\/"},{"@type":"ListItem","position":3,"name":"JOSEPH JOSEPH Glide Tabla de planchar Gris"}]},{"@type":"WebSite","@id":"https:\/\/www.erresse-shop.it\/es\/#website","url":"https:\/\/www.erresse-shop.it\/es\/","name":"Erresse Shop","description":"Articoli di qualit\u00e0 per la casa","potentialAction":[{"@type":"SearchAction","target":{"@type":"EntryPoint","urlTemplate":"https:\/\/www.erresse-shop.it\/es\/?s={search_term_string}"},"query-input":"required name=search_term_string"}],"inLanguage":"es"}]}},"df_price":119.95,"df_sale_price":119.95,"df_regular_price":159.99,"df_image_link":"https:\/\/www.erresse-shop.it\/wp-content\/uploads\/2024\/05\/JOSEPH-JOSEPH-Glide-Asse-da-Stiro-Grigio-300x300.jpg","_links":{"self":[{"href":"https:\/\/www.erresse-shop.it\/es\/wp-json\/wp\/v2\/product\/409586"}],"collection":[{"href":"https:\/\/www.erresse-shop.it\/es\/wp-json\/wp\/v2\/product"}],"about":[{"href":"https:\/\/www.erresse-shop.it\/es\/wp-json\/wp\/v2\/types\/product"}],"wp:featuredmedia":[{"embeddable":true,"href":"https:\/\/www.erresse-shop.it\/es\/wp-json\/wp\/v2\/media\/467196"}],"wp:attachment":[{"href":"https:\/\/www.erresse-shop.it\/es\/wp-json\/wp\/v2\/media?parent=409586"}],"wp:term":[{"taxonomy":"product_cat","embeddable":true,"href":"https:\/\/www.erresse-shop.it\/es\/wp-json\/wp\/v2\/product_cat?post=409586"},{"taxonomy":"product_tag","embeddable":true,"href":"https:\/\/www.erresse-shop.it\/es\/wp-json\/wp\/v2\/product_tag?post=409586"}],"curies":[{"name":"wp","href":"https:\/\/api.w.org\/{rel}","templated":true}]}}