{"id":409415,"date":"2024-05-29T07:12:19","date_gmt":"2024-05-29T07:12:23","guid":{"rendered":"https:\/\/www.erresse-shop.it\/?post_type=product&#038;p=409415"},"modified":"2025-05-21T09:21:31","modified_gmt":"2025-05-21T09:21:31","slug":"joseph-elevate-set-6-utensilios-de-cocina-multicolor-con-soporte-de-almacenamiento","status":"publish","type":"product","link":"https:\/\/www.erresse-shop.it\/es\/shop\/cocina\/herramientas\/joseph-elevate-set-6-utensilios-de-cocina-multicolor-con-soporte-de-almacenamiento\/","title":{"rendered":"JOSEPH JOSEPH Elevate Set 6 Utensilios de Cocina Multicolor con soporte de almacenamiento"},"content":{"rendered":"<p>Dise\u00f1ados con mangos contrapesados y soportes integrados para utensilios, nuestros utensilios Elevate\u2122 minimizan el desorden en la cocina al mantener la cabeza del utensilio elevada cuando se coloca hacia abajo. Elevate\u2122 Carousel incluye una cuchara ranurada, una cuchara para espaguetis, una cuchara s\u00f3lida, un plato giratorio ranurado, un plato giratorio flexible y un cuchar\u00f3n, todos ellos con cabezales de nailon y mangos ergon\u00f3micos resistentes al calor. El carrusel giratorio asegura que cada utensilio sea f\u00e1cil de agarrar cuando sea necesario.<\/p>\n<ul>\n<li>Tecnolog\u00eda Elevate\u2122 dise\u00f1ada para mejorar la higiene y reducir el desorden.<\/li>\n<li>Los mangos lastrados y los soportes integrados evitan que los cabezales de los utensilios toquen la superficie de trabajo cuando est\u00e1n descansando.<\/li>\n<li>Cabezales resistentes al calor hasta 200\u00b0C y aptos para sartenes antiadherentes.<\/li>\n<li>Mangos de silicona resistentes al calor hasta 270\u00b0C\/520\u00b0F<\/li>\n<li>Soporte giratorio para facilitar la selecci\u00f3n de utensilios<\/li>\n<li>El juego incluye cuchara s\u00f3lida, cuchara ranurada, cuchara giratoria, cuchara giratoria flexible, pinzas para espaguetis y cuchar\u00f3n.<\/li>\n<\/ul>\n<p><strong>Cuidado y uso:<\/strong><\/p>\n<ul>\n<li>Utensilios: Aptos para lavavajillas.<\/li>\n<li>Conservaci\u00f3n: Limpiar con un pa\u00f1o h\u00famedo.<\/li>\n<li>Precauci\u00f3n: No dejar los utensilios en las ollas mientras se cocina. Para evitar manchas, evite usar tintes fuertes como la c\u00farcuma.<\/li>\n<\/ul>\n<p><strong>Dimensiones:<\/strong><\/p>\n<p>H35,5 x A22 x P22cm (H14 x L8\u00be x D8\u00be pulgadas)<\/p>\n","protected":false},"excerpt":{"rendered":"<p>Dise\u00f1ados con mangos contrapesados y soportes integrados para utensilios, nuestros utensilios Elevate\u2122 minimizan el desorden en la cocina al mantener<\/p>\n","protected":false},"featured_media":499993,"template":"","meta":{"_acf_changed":false,"inline_featured_image":false},"product_cat":[16040,25335],"product_tag":[25029,22473,21638,25023],"acf":[],"yoast_head":"<!-- This site is optimized with the Yoast SEO Premium plugin v18.6 (Yoast SEO v19.13) - https:\/\/yoast.com\/wordpress\/plugins\/seo\/ -->\n<title>JOSEPH JOSEPH Elevate Set 6 Utensilios de Cocina Multicolor con soporte de almacenamiento - Erresse Shop<\/title>\n<meta name=\"description\" content=\"Dise\u00f1ados con mangos contrapesados y soportes integrados para utensilios, nuestros utensilios Elevate\u2122 minimizan el desorden en la cocina al mantener la\" \/>\n<meta name=\"robots\" content=\"index, follow, max-snippet:-1, max-image-preview:large, max-video-preview:-1\" \/>\n<link rel=\"canonical\" href=\"https:\/\/www.erresse-shop.it\/es\/shop\/cocina\/herramientas\/joseph-elevate-set-6-utensilios-de-cocina-multicolor-con-soporte-de-almacenamiento\/\" \/>\n<meta property=\"og:locale\" content=\"es_ES\" \/>\n<meta property=\"og:type\" content=\"article\" \/>\n<meta property=\"og:title\" content=\"JOSEPH JOSEPH Elevate Set 6 Utensilios de Cocina Multicolor con soporte de almacenamiento\" \/>\n<meta property=\"og:description\" content=\"Dise\u00f1ados con mangos contrapesados y soportes integrados para utensilios, nuestros utensilios Elevate\u2122 minimizan el desorden en la cocina al mantener la\" \/>\n<meta property=\"og:url\" content=\"https:\/\/www.erresse-shop.it\/es\/shop\/cocina\/herramientas\/joseph-elevate-set-6-utensilios-de-cocina-multicolor-con-soporte-de-almacenamiento\/\" \/>\n<meta property=\"og:site_name\" content=\"Erresse Shop\" \/>\n<meta property=\"article:modified_time\" content=\"2025-05-21T09:21:31+00:00\" \/>\n<meta property=\"og:image\" content=\"https:\/\/www.erresse-shop.it\/wp-content\/uploads\/2024\/05\/JOSEPH-JOSEPH-Set-6-Utensili-da-Cucina-Multicolore.jpg\" \/>\n\t<meta property=\"og:image:width\" content=\"1200\" \/>\n\t<meta property=\"og:image:height\" content=\"1200\" \/>\n\t<meta property=\"og:image:type\" content=\"image\/jpeg\" \/>\n<meta name=\"twitter:card\" content=\"summary_large_image\" \/>\n<script type=\"application\/ld+json\" class=\"yoast-schema-graph\">{\"@context\":\"https:\/\/schema.org\",\"@graph\":[{\"@type\":\"WebPage\",\"@id\":\"https:\/\/www.erresse-shop.it\/es\/shop\/cocina\/herramientas\/joseph-elevate-set-6-utensilios-de-cocina-multicolor-con-soporte-de-almacenamiento\/\",\"url\":\"https:\/\/www.erresse-shop.it\/es\/shop\/cocina\/herramientas\/joseph-elevate-set-6-utensilios-de-cocina-multicolor-con-soporte-de-almacenamiento\/\",\"name\":\"JOSEPH JOSEPH Elevate Set 6 Utensilios de Cocina Multicolor con soporte de almacenamiento - Erresse Shop\",\"isPartOf\":{\"@id\":\"https:\/\/www.erresse-shop.it\/es\/#website\"},\"datePublished\":\"2024-05-29T07:12:23+00:00\",\"dateModified\":\"2025-05-21T09:21:31+00:00\",\"description\":\"Dise\u00f1ados con mangos contrapesados y soportes integrados para utensilios, nuestros utensilios Elevate\u2122 minimizan el desorden en la cocina al mantener la\",\"breadcrumb\":{\"@id\":\"https:\/\/www.erresse-shop.it\/es\/shop\/cocina\/herramientas\/joseph-elevate-set-6-utensilios-de-cocina-multicolor-con-soporte-de-almacenamiento\/#breadcrumb\"},\"inLanguage\":\"es\",\"potentialAction\":[{\"@type\":\"ReadAction\",\"target\":[\"https:\/\/www.erresse-shop.it\/es\/shop\/cocina\/herramientas\/joseph-elevate-set-6-utensilios-de-cocina-multicolor-con-soporte-de-almacenamiento\/\"]}]},{\"@type\":\"BreadcrumbList\",\"@id\":\"https:\/\/www.erresse-shop.it\/es\/shop\/cocina\/herramientas\/joseph-elevate-set-6-utensilios-de-cocina-multicolor-con-soporte-de-almacenamiento\/#breadcrumb\",\"itemListElement\":[{\"@type\":\"ListItem\",\"position\":1,\"name\":\"Home\",\"item\":\"https:\/\/www.erresse-shop.it\/es\/\"},{\"@type\":\"ListItem\",\"position\":2,\"name\":\"Shop\",\"item\":\"https:\/\/www.erresse-shop.it\/es\/shop\/\"},{\"@type\":\"ListItem\",\"position\":3,\"name\":\"JOSEPH JOSEPH Elevate Set 6 Utensilios de Cocina Multicolor con soporte de almacenamiento\"}]},{\"@type\":\"WebSite\",\"@id\":\"https:\/\/www.erresse-shop.it\/es\/#website\",\"url\":\"https:\/\/www.erresse-shop.it\/es\/\",\"name\":\"Erresse Shop\",\"description\":\"Articoli di qualit\u00e0 per la casa\",\"potentialAction\":[{\"@type\":\"SearchAction\",\"target\":{\"@type\":\"EntryPoint\",\"urlTemplate\":\"https:\/\/www.erresse-shop.it\/es\/?s={search_term_string}\"},\"query-input\":\"required name=search_term_string\"}],\"inLanguage\":\"es\"}]}<\/script>\n<!-- \/ Yoast SEO Premium plugin. -->","yoast_head_json":{"title":"JOSEPH JOSEPH Elevate Set 6 Utensilios de Cocina Multicolor con soporte de almacenamiento - Erresse Shop","description":"Dise\u00f1ados con mangos contrapesados y soportes integrados para utensilios, nuestros utensilios Elevate\u2122 minimizan el desorden en la cocina al mantener la","robots":{"index":"index","follow":"follow","max-snippet":"max-snippet:-1","max-image-preview":"max-image-preview:large","max-video-preview":"max-video-preview:-1"},"canonical":"https:\/\/www.erresse-shop.it\/es\/shop\/cocina\/herramientas\/joseph-elevate-set-6-utensilios-de-cocina-multicolor-con-soporte-de-almacenamiento\/","og_locale":"es_ES","og_type":"article","og_title":"JOSEPH JOSEPH Elevate Set 6 Utensilios de Cocina Multicolor con soporte de almacenamiento","og_description":"Dise\u00f1ados con mangos contrapesados y soportes integrados para utensilios, nuestros utensilios Elevate\u2122 minimizan el desorden en la cocina al mantener la","og_url":"https:\/\/www.erresse-shop.it\/es\/shop\/cocina\/herramientas\/joseph-elevate-set-6-utensilios-de-cocina-multicolor-con-soporte-de-almacenamiento\/","og_site_name":"Erresse Shop","article_modified_time":"2025-05-21T09:21:31+00:00","og_image":[{"width":1200,"height":1200,"url":"https:\/\/www.erresse-shop.it\/wp-content\/uploads\/2024\/05\/JOSEPH-JOSEPH-Set-6-Utensili-da-Cucina-Multicolore.jpg","type":"image\/jpeg"}],"twitter_card":"summary_large_image","schema":{"@context":"https:\/\/schema.org","@graph":[{"@type":"WebPage","@id":"https:\/\/www.erresse-shop.it\/es\/shop\/cocina\/herramientas\/joseph-elevate-set-6-utensilios-de-cocina-multicolor-con-soporte-de-almacenamiento\/","url":"https:\/\/www.erresse-shop.it\/es\/shop\/cocina\/herramientas\/joseph-elevate-set-6-utensilios-de-cocina-multicolor-con-soporte-de-almacenamiento\/","name":"JOSEPH JOSEPH Elevate Set 6 Utensilios de Cocina Multicolor con soporte de almacenamiento - Erresse Shop","isPartOf":{"@id":"https:\/\/www.erresse-shop.it\/es\/#website"},"datePublished":"2024-05-29T07:12:23+00:00","dateModified":"2025-05-21T09:21:31+00:00","description":"Dise\u00f1ados con mangos contrapesados y soportes integrados para utensilios, nuestros utensilios Elevate\u2122 minimizan el desorden en la cocina al mantener la","breadcrumb":{"@id":"https:\/\/www.erresse-shop.it\/es\/shop\/cocina\/herramientas\/joseph-elevate-set-6-utensilios-de-cocina-multicolor-con-soporte-de-almacenamiento\/#breadcrumb"},"inLanguage":"es","potentialAction":[{"@type":"ReadAction","target":["https:\/\/www.erresse-shop.it\/es\/shop\/cocina\/herramientas\/joseph-elevate-set-6-utensilios-de-cocina-multicolor-con-soporte-de-almacenamiento\/"]}]},{"@type":"BreadcrumbList","@id":"https:\/\/www.erresse-shop.it\/es\/shop\/cocina\/herramientas\/joseph-elevate-set-6-utensilios-de-cocina-multicolor-con-soporte-de-almacenamiento\/#breadcrumb","itemListElement":[{"@type":"ListItem","position":1,"name":"Home","item":"https:\/\/www.erresse-shop.it\/es\/"},{"@type":"ListItem","position":2,"name":"Shop","item":"https:\/\/www.erresse-shop.it\/es\/shop\/"},{"@type":"ListItem","position":3,"name":"JOSEPH JOSEPH Elevate Set 6 Utensilios de Cocina Multicolor con soporte de almacenamiento"}]},{"@type":"WebSite","@id":"https:\/\/www.erresse-shop.it\/es\/#website","url":"https:\/\/www.erresse-shop.it\/es\/","name":"Erresse Shop","description":"Articoli di qualit\u00e0 per la casa","potentialAction":[{"@type":"SearchAction","target":{"@type":"EntryPoint","urlTemplate":"https:\/\/www.erresse-shop.it\/es\/?s={search_term_string}"},"query-input":"required name=search_term_string"}],"inLanguage":"es"}]}},"df_price":42,"df_sale_price":42,"df_regular_price":79.95,"df_image_link":"https:\/\/www.erresse-shop.it\/wp-content\/uploads\/2024\/05\/JOSEPH-JOSEPH-Set-6-Utensili-da-Cucina-Multicolore-300x300.jpg","_links":{"self":[{"href":"https:\/\/www.erresse-shop.it\/es\/wp-json\/wp\/v2\/product\/409415"}],"collection":[{"href":"https:\/\/www.erresse-shop.it\/es\/wp-json\/wp\/v2\/product"}],"about":[{"href":"https:\/\/www.erresse-shop.it\/es\/wp-json\/wp\/v2\/types\/product"}],"wp:featuredmedia":[{"embeddable":true,"href":"https:\/\/www.erresse-shop.it\/es\/wp-json\/wp\/v2\/media\/499993"}],"wp:attachment":[{"href":"https:\/\/www.erresse-shop.it\/es\/wp-json\/wp\/v2\/media?parent=409415"}],"wp:term":[{"taxonomy":"product_cat","embeddable":true,"href":"https:\/\/www.erresse-shop.it\/es\/wp-json\/wp\/v2\/product_cat?post=409415"},{"taxonomy":"product_tag","embeddable":true,"href":"https:\/\/www.erresse-shop.it\/es\/wp-json\/wp\/v2\/product_tag?post=409415"}],"curies":[{"name":"wp","href":"https:\/\/api.w.org\/{rel}","templated":true}]}}