{"id":408962,"date":"2024-05-28T06:07:09","date_gmt":"2024-05-28T06:07:17","guid":{"rendered":"https:\/\/www.erresse-shop.it\/?post_type=product&#038;p=408962"},"modified":"2024-10-28T14:07:08","modified_gmt":"2024-10-28T14:07:08","slug":"smeg-dolce-gabbana-espumador-de-leche-azul","status":"publish","type":"product","link":"https:\/\/www.erresse-shop.it\/es\/shop\/pequenos-electrodomesticos\/espumadores-de-leche\/smeg-dolce-gabbana-espumador-de-leche-azul\/","title":{"rendered":"SMEG Dolce &#038; Gabbana Espumador de Leche Azul"},"content":{"rendered":"<p><strong>SMEG<\/strong> Serie a\u00f1os 50<\/p>\n<p>Objetos de encuentro simb\u00f3licos, iconos que transforman el espacio, los nuevos peque\u00f1os de la l\u00ednea Anni &#8217;50s, dise\u00f1ados en colaboraci\u00f3n con Matteo Bazzicalupo y Raffaella Mangiarotti de deepdesign, evocan otros tiempos y dan forma a lugares cotidianos, invisten lo que ya existe o ha existido de un nuevo significado, como sucede en el arte y la memoria.<br \/>\nProductos de formas redondeadas y compactas, son protagonistas de la cocina, pensados para quienes desean vivir una experiencia de chef, pero no s\u00f3lo. Para los que aman rodearse de objetos con un fuerte car\u00e1cter est\u00e9tico sin perder de vista las prestaciones de alta calidad.<\/p>\n<p><strong>UN OBJETO DE DISE\u00d1O REPLETO DE TECNOLOG\u00cdA<\/strong><br \/>\nDise\u00f1ado para ofrecer un alto rendimiento, facilidad, seguridad y comodidad de uso. El sistema de calentamiento por inducci\u00f3n, r\u00e1pido y seguro, se activa s\u00f3lo despu\u00e9s de seleccionar el tipo de preparaci\u00f3n deseada y se apaga autom\u00e1ticamente al finalizar el programa.<\/p>\n<p><strong>\u00bfCAPUCHINO, LECHE CALIENTE O CHOCOLATE CALIENTE? NO LIMITE EL PLACER DE UNA PAUSA<\/strong><br \/>\nLa MFF01 no es s\u00f3lo una m\u00e1quina para hacer capuchinos. Gracias a 6 programas autom\u00e1ticos y una funci\u00f3n manual, puede preparar bebidas calientes y fr\u00edas con o sin espuma, satisfaciendo completamente el gusto personal de cada invitado. Basta con cambiar el batidor suministrado para utilizar el espumador de leche tambi\u00e9n para la preparaci\u00f3n de t\u00e9, infusiones y otras bebidas calientes solubles, como el caf\u00e9 de cebada.<\/p>\n<p><strong>PROGRAMA CHOCOLATE<\/strong><br \/>\nSeleccionando la funci\u00f3n chocolate y utilizando los ingredientes de la receta tradicional -leche y trozos de chocolate-, gracias al suave movimiento del batidor y a la \u00f3ptima temperatura preajustada, se puede obtener sin esfuerzo un chocolate con cuerpo, suave y genuino.<\/p>\n<p><strong>EST\u00c9TICA<\/strong><br \/>\n<strong>Color<\/strong>: Decorado \/ Especial<br \/>\n<strong>Acabado<\/strong>: Brillante<br \/>\n<strong>Serie<\/strong>: Estilo a\u00f1os 50<br \/>\n<strong>Colaboraciones<\/strong>: Smeg &amp; Dolce&amp;Gabbana<br \/>\n<strong>Material del cuerpo<\/strong>: Acero inoxidable<br \/>\n<strong>Material de la tapa<\/strong>: pl\u00e1stico sin BPA<br \/>\n<strong>Material del tap\u00f3n medidor<\/strong>: Pl\u00e1stico sin BPA<br \/>\n<strong>Material de la jarra<\/strong>: Acero inoxidable<br \/>\n<strong>Color del asa<\/strong>: Gris por dentro \/ Cromo pulido por fuera<br \/>\n<strong>Material del asa<\/strong>: Interior de pl\u00e1stico \/ Exterior de acero inoxidable<br \/>\n<strong>Material del cuello<\/strong>: Pl\u00e1stico<br \/>\n<strong>Color base<\/strong>: Cromo pulido<br \/>\n<strong>Color cuello<\/strong>: Cromo pulido<br \/>\n<strong>Material de la placa base<\/strong>: Pl\u00e1stico<br \/>\n<strong>Color del cable de alimentaci\u00f3n<\/strong>: Gris<\/p>\n<p><strong>COMANDOS<\/strong><br \/>\n<strong>Tipo de mando<\/strong>: Bot\u00f3n, Pomo<br \/>\n<strong>Material del mando<\/strong>: Pl\u00e1stico<br \/>\n<strong>Material de los botones<\/strong>: Pl\u00e1stico<\/p>\n<p><strong>PROGRAMAS \/ FUNCIONES<\/strong><br \/>\n<strong>Funci\u00f3n Chocolate caliente<\/strong>: S\u00ed<br \/>\n<strong>Funci\u00f3n Leche caliente<\/strong>: S\u00ed<br \/>\n<strong>Funci\u00f3n Leche caliente con espuma ligera<\/strong>: S\u00ed<br \/>\n<strong>Funci\u00f3n Leche Caliente con espuma gruesa<\/strong>: S\u00ed<br \/>\n<strong>Funci\u00f3n Leche Helada con espuma ligera<\/strong>: S\u00ed<br \/>\n<strong>Funci\u00f3n Leche fr\u00eda con espuma gruesa<\/strong>: S\u00ed<br \/>\n<strong>Funci\u00f3n caliente manual<\/strong>: S\u00ed<br \/>\n<strong>Funci\u00f3n fr\u00edo manual<\/strong>: S\u00ed<\/p>\n<p><strong>CARACTER\u00cdSTICAS T\u00c9CNICAS<\/strong><br \/>\n<strong>Sistema de inducci\u00f3n con desconexi\u00f3n autom\u00e1tica<\/strong>: S\u00ed<br \/>\n<strong>Tapa medidora extra\u00edble<\/strong>: S\u00ed<br \/>\n<strong>Jarra extra\u00edble<\/strong>: S\u00ed<br \/>\n<strong>Capacidad de la jarra espumadora de leche<\/strong>: 250 ml \/ 1 taza<br \/>\n<strong>Capacidad de la jarra para calentar leche y chocolate<\/strong>: 600 ml \/ 2,5 tazas<br \/>\n<strong>Base antideslizante<\/strong>: S\u00ed<br \/>\n<strong>Enrollador de cable integrado<\/strong>: S\u00ed<\/p>\n<p><strong>CONEXI\u00d3N EL\u00c9CTRICA<\/strong><br \/>\n<strong>Tensi\u00f3n<\/strong>:220-240 V<br \/>\n<strong>Frecuencia<\/strong>:50\/60 Hz<br \/>\n<strong>Potencia<\/strong>:500 W<br \/>\n<strong>Longitud del cable de alimentaci\u00f3n<\/strong>:1 m<\/p>\n<p><strong>ACCESORIOS INCLUIDOS<\/strong><br \/>\n<strong>Batidor liso para leche caliente y funci\u00f3n manual<\/strong>: S\u00ed<br \/>\n<strong>Batidor dentado para espumador de leche y funci\u00f3n manual<\/strong>: S\u00ed<br \/>\n<strong>Material del batidor<\/strong>: Pl\u00e1stico<br \/>\n<strong>Color del batidor<\/strong>: Gris<\/p>\n<p><u style=\"font-size: 13px; line-height: 20.8px;\"><strong>No est\u00e1 a la venta fuera de Europa<\/strong><\/u><\/p>\n","protected":false},"excerpt":{"rendered":"<p>SMEG Serie a\u00f1os 50 Objetos de encuentro simb\u00f3licos, iconos que transforman el espacio, los nuevos peque\u00f1os de la l\u00ednea Anni<\/p>\n","protected":false},"featured_media":457123,"template":"","meta":{"_acf_changed":false,"inline_featured_image":false},"product_cat":[20621,16073],"product_tag":[25183,16390,23574,16392,24682,16307,23625,25023],"acf":[],"yoast_head":"<!-- This site is optimized with the Yoast SEO Premium plugin v18.6 (Yoast SEO v19.13) - https:\/\/yoast.com\/wordpress\/plugins\/seo\/ -->\n<title>SMEG Dolce &amp; Gabbana Espumador de Leche Azul - Erresse Shop<\/title>\n<meta name=\"description\" content=\"SMEG Serie a\u00f1os 50 Objetos de encuentro simb\u00f3licos, iconos que transforman el espacio, los nuevos peque\u00f1os de la l\u00ednea Anni &#039;50s, dise\u00f1ados en\" \/>\n<meta name=\"robots\" content=\"index, follow, max-snippet:-1, max-image-preview:large, max-video-preview:-1\" \/>\n<link rel=\"canonical\" href=\"https:\/\/www.erresse-shop.it\/es\/shop\/pequenos-electrodomesticos\/espumadores-de-leche\/smeg-dolce-gabbana-espumador-de-leche-azul\/\" \/>\n<meta property=\"og:locale\" content=\"es_ES\" \/>\n<meta property=\"og:type\" content=\"article\" \/>\n<meta property=\"og:title\" content=\"SMEG Dolce &amp; Gabbana Espumador de Leche Azul\" \/>\n<meta property=\"og:description\" content=\"SMEG Serie a\u00f1os 50 Objetos de encuentro simb\u00f3licos, iconos que transforman el espacio, los nuevos peque\u00f1os de la l\u00ednea Anni &#039;50s, dise\u00f1ados en\" \/>\n<meta property=\"og:url\" content=\"https:\/\/www.erresse-shop.it\/es\/shop\/pequenos-electrodomesticos\/espumadores-de-leche\/smeg-dolce-gabbana-espumador-de-leche-azul\/\" \/>\n<meta property=\"og:site_name\" content=\"Erresse Shop\" \/>\n<meta property=\"article:modified_time\" content=\"2024-10-28T14:07:08+00:00\" \/>\n<meta property=\"og:image\" content=\"https:\/\/www.erresse-shop.it\/wp-content\/uploads\/2024\/05\/SMEG-Dolce-Gabbana-Montalatte-Blu.png\" \/>\n\t<meta property=\"og:image:width\" content=\"800\" \/>\n\t<meta property=\"og:image:height\" content=\"800\" \/>\n\t<meta property=\"og:image:type\" content=\"image\/png\" \/>\n<meta name=\"twitter:card\" content=\"summary_large_image\" \/>\n<script type=\"application\/ld+json\" class=\"yoast-schema-graph\">{\"@context\":\"https:\/\/schema.org\",\"@graph\":[{\"@type\":\"WebPage\",\"@id\":\"https:\/\/www.erresse-shop.it\/es\/shop\/pequenos-electrodomesticos\/espumadores-de-leche\/smeg-dolce-gabbana-espumador-de-leche-azul\/\",\"url\":\"https:\/\/www.erresse-shop.it\/es\/shop\/pequenos-electrodomesticos\/espumadores-de-leche\/smeg-dolce-gabbana-espumador-de-leche-azul\/\",\"name\":\"SMEG Dolce & Gabbana Espumador de Leche Azul - Erresse Shop\",\"isPartOf\":{\"@id\":\"https:\/\/www.erresse-shop.it\/es\/#website\"},\"datePublished\":\"2024-05-28T06:07:17+00:00\",\"dateModified\":\"2024-10-28T14:07:08+00:00\",\"description\":\"SMEG Serie a\u00f1os 50 Objetos de encuentro simb\u00f3licos, iconos que transforman el espacio, los nuevos peque\u00f1os de la l\u00ednea Anni '50s, dise\u00f1ados en\",\"breadcrumb\":{\"@id\":\"https:\/\/www.erresse-shop.it\/es\/shop\/pequenos-electrodomesticos\/espumadores-de-leche\/smeg-dolce-gabbana-espumador-de-leche-azul\/#breadcrumb\"},\"inLanguage\":\"es\",\"potentialAction\":[{\"@type\":\"ReadAction\",\"target\":[\"https:\/\/www.erresse-shop.it\/es\/shop\/pequenos-electrodomesticos\/espumadores-de-leche\/smeg-dolce-gabbana-espumador-de-leche-azul\/\"]}]},{\"@type\":\"BreadcrumbList\",\"@id\":\"https:\/\/www.erresse-shop.it\/es\/shop\/pequenos-electrodomesticos\/espumadores-de-leche\/smeg-dolce-gabbana-espumador-de-leche-azul\/#breadcrumb\",\"itemListElement\":[{\"@type\":\"ListItem\",\"position\":1,\"name\":\"Home\",\"item\":\"https:\/\/www.erresse-shop.it\/es\/\"},{\"@type\":\"ListItem\",\"position\":2,\"name\":\"Shop\",\"item\":\"https:\/\/www.erresse-shop.it\/es\/shop\/\"},{\"@type\":\"ListItem\",\"position\":3,\"name\":\"SMEG Dolce &#038; Gabbana Espumador de Leche Azul\"}]},{\"@type\":\"WebSite\",\"@id\":\"https:\/\/www.erresse-shop.it\/es\/#website\",\"url\":\"https:\/\/www.erresse-shop.it\/es\/\",\"name\":\"Erresse Shop\",\"description\":\"Articoli di qualit\u00e0 per la casa\",\"potentialAction\":[{\"@type\":\"SearchAction\",\"target\":{\"@type\":\"EntryPoint\",\"urlTemplate\":\"https:\/\/www.erresse-shop.it\/es\/?s={search_term_string}\"},\"query-input\":\"required name=search_term_string\"}],\"inLanguage\":\"es\"}]}<\/script>\n<!-- \/ Yoast SEO Premium plugin. -->","yoast_head_json":{"title":"SMEG Dolce & Gabbana Espumador de Leche Azul - Erresse Shop","description":"SMEG Serie a\u00f1os 50 Objetos de encuentro simb\u00f3licos, iconos que transforman el espacio, los nuevos peque\u00f1os de la l\u00ednea Anni '50s, dise\u00f1ados en","robots":{"index":"index","follow":"follow","max-snippet":"max-snippet:-1","max-image-preview":"max-image-preview:large","max-video-preview":"max-video-preview:-1"},"canonical":"https:\/\/www.erresse-shop.it\/es\/shop\/pequenos-electrodomesticos\/espumadores-de-leche\/smeg-dolce-gabbana-espumador-de-leche-azul\/","og_locale":"es_ES","og_type":"article","og_title":"SMEG Dolce & Gabbana Espumador de Leche Azul","og_description":"SMEG Serie a\u00f1os 50 Objetos de encuentro simb\u00f3licos, iconos que transforman el espacio, los nuevos peque\u00f1os de la l\u00ednea Anni '50s, dise\u00f1ados en","og_url":"https:\/\/www.erresse-shop.it\/es\/shop\/pequenos-electrodomesticos\/espumadores-de-leche\/smeg-dolce-gabbana-espumador-de-leche-azul\/","og_site_name":"Erresse Shop","article_modified_time":"2024-10-28T14:07:08+00:00","og_image":[{"width":800,"height":800,"url":"https:\/\/www.erresse-shop.it\/wp-content\/uploads\/2024\/05\/SMEG-Dolce-Gabbana-Montalatte-Blu.png","type":"image\/png"}],"twitter_card":"summary_large_image","schema":{"@context":"https:\/\/schema.org","@graph":[{"@type":"WebPage","@id":"https:\/\/www.erresse-shop.it\/es\/shop\/pequenos-electrodomesticos\/espumadores-de-leche\/smeg-dolce-gabbana-espumador-de-leche-azul\/","url":"https:\/\/www.erresse-shop.it\/es\/shop\/pequenos-electrodomesticos\/espumadores-de-leche\/smeg-dolce-gabbana-espumador-de-leche-azul\/","name":"SMEG Dolce & Gabbana Espumador de Leche Azul - Erresse Shop","isPartOf":{"@id":"https:\/\/www.erresse-shop.it\/es\/#website"},"datePublished":"2024-05-28T06:07:17+00:00","dateModified":"2024-10-28T14:07:08+00:00","description":"SMEG Serie a\u00f1os 50 Objetos de encuentro simb\u00f3licos, iconos que transforman el espacio, los nuevos peque\u00f1os de la l\u00ednea Anni '50s, dise\u00f1ados en","breadcrumb":{"@id":"https:\/\/www.erresse-shop.it\/es\/shop\/pequenos-electrodomesticos\/espumadores-de-leche\/smeg-dolce-gabbana-espumador-de-leche-azul\/#breadcrumb"},"inLanguage":"es","potentialAction":[{"@type":"ReadAction","target":["https:\/\/www.erresse-shop.it\/es\/shop\/pequenos-electrodomesticos\/espumadores-de-leche\/smeg-dolce-gabbana-espumador-de-leche-azul\/"]}]},{"@type":"BreadcrumbList","@id":"https:\/\/www.erresse-shop.it\/es\/shop\/pequenos-electrodomesticos\/espumadores-de-leche\/smeg-dolce-gabbana-espumador-de-leche-azul\/#breadcrumb","itemListElement":[{"@type":"ListItem","position":1,"name":"Home","item":"https:\/\/www.erresse-shop.it\/es\/"},{"@type":"ListItem","position":2,"name":"Shop","item":"https:\/\/www.erresse-shop.it\/es\/shop\/"},{"@type":"ListItem","position":3,"name":"SMEG Dolce &#038; Gabbana Espumador de Leche Azul"}]},{"@type":"WebSite","@id":"https:\/\/www.erresse-shop.it\/es\/#website","url":"https:\/\/www.erresse-shop.it\/es\/","name":"Erresse Shop","description":"Articoli di qualit\u00e0 per la casa","potentialAction":[{"@type":"SearchAction","target":{"@type":"EntryPoint","urlTemplate":"https:\/\/www.erresse-shop.it\/es\/?s={search_term_string}"},"query-input":"required name=search_term_string"}],"inLanguage":"es"}]}},"df_price":514.95,"df_sale_price":514.95,"df_regular_price":599,"df_image_link":"https:\/\/www.erresse-shop.it\/wp-content\/uploads\/2024\/05\/SMEG-Dolce-Gabbana-Montalatte-Blu-300x300.jpg","_links":{"self":[{"href":"https:\/\/www.erresse-shop.it\/es\/wp-json\/wp\/v2\/product\/408962"}],"collection":[{"href":"https:\/\/www.erresse-shop.it\/es\/wp-json\/wp\/v2\/product"}],"about":[{"href":"https:\/\/www.erresse-shop.it\/es\/wp-json\/wp\/v2\/types\/product"}],"wp:featuredmedia":[{"embeddable":true,"href":"https:\/\/www.erresse-shop.it\/es\/wp-json\/wp\/v2\/media\/457123"}],"wp:attachment":[{"href":"https:\/\/www.erresse-shop.it\/es\/wp-json\/wp\/v2\/media?parent=408962"}],"wp:term":[{"taxonomy":"product_cat","embeddable":true,"href":"https:\/\/www.erresse-shop.it\/es\/wp-json\/wp\/v2\/product_cat?post=408962"},{"taxonomy":"product_tag","embeddable":true,"href":"https:\/\/www.erresse-shop.it\/es\/wp-json\/wp\/v2\/product_tag?post=408962"}],"curies":[{"name":"wp","href":"https:\/\/api.w.org\/{rel}","templated":true}]}}