{"id":408908,"date":"2024-05-27T13:50:41","date_gmt":"2024-05-27T13:50:48","guid":{"rendered":"https:\/\/www.erresse-shop.it\/?post_type=product&#038;p=408908"},"modified":"2024-10-28T14:09:22","modified_gmt":"2024-10-28T14:09:22","slug":"smeg-dolce-gabbana-cafetera-espresso-manual-azul","status":"publish","type":"product","link":"https:\/\/www.erresse-shop.it\/es\/shop\/pequenos-electrodomesticos\/maquinas-de-cafe\/manual-es\/smeg-dolce-gabbana-cafetera-espresso-manual-azul\/","title":{"rendered":"SMEG Dolce &#038; Gabbana Cafetera Espresso Manual Azul"},"content":{"rendered":"<p><strong>SMEG<\/strong> serie 50s<\/p>\n<p>Objetos de encuentro simb\u00f3licos, iconos que transforman el espacio que ocupan, los nuevos peque\u00f1os de la l\u00ednea Anni &#8217;50s, dise\u00f1ados en colaboraci\u00f3n con Matteo Bazzicalupo y Raffaella Mangiarotti de deepdesign, evocan otros tiempos y dan forma a lugares cotidianos, invirtiendo lo que ya existe o ha existido con un nuevo significado, como sucede en el arte y la memoria.<br \/>\nProductos de formas redondeadas y compactas, son protagonistas de la cocina, pensados para quienes desean vivir una experiencia de chef, pero no s\u00f3lo. Para quien ama rodearse de objetos de fuerte car\u00e1cter est\u00e9tico sin perder de vista las prestaciones de alta calidad.<\/p>\n<p>Cafetera espresso manual made in Italy: garantiza el mejor resultado para un excelente caf\u00e9 espresso.<\/p>\n<ul>\n<li>Sistema de calentamiento con termobloque que garantiza una mayor velocidad de infusi\u00f3n y un control preciso de la temperatura del agua para la preparaci\u00f3n del caf\u00e9<\/li>\n<li>Dimensiones entre las m\u00e1s compactas de su categor\u00eda, para adaptarse mejor a cualquier espacio y cocina<\/li>\n<li>Bandeja recogegotas extra\u00edble para acomodar tazas grandes y facilitar la limpieza<\/li>\n<li>Potencia de la bomba de 15 bares, para una extracci\u00f3n siempre correcta de su espresso.<\/li>\n<\/ul>\n<p><strong>Uso pr\u00e1ctico y vers\u00e1til<\/strong><\/p>\n<p>La cafetera espresso ECF02 dispone de un panel de control con un <strong>doble men\u00fa<\/strong> que le permite seleccionar 4 funciones de espresso seg\u00fan sus preferencias.<br \/>\nCon la varilla de vapor puede crear f\u00e1cilmente una espuma de leche rica y cremosa, perfecta para preparaciones como cappuccino, flat white y latte macchiato.<\/p>\n<p><strong>Espresso perfecto en segundos<\/strong><\/p>\n<p>La nueva cafetera ECF02 es apta tanto para caf\u00e9 molido como para monodosis de papel gracias a su portafiltro de acero inoxidable. Adem\u00e1s, el sistema de calentamiento <strong>Thermoblock<\/strong> garantiza tiempos de preparaci\u00f3n r\u00e1pidos y un control preciso de la temperatura del agua para la preparaci\u00f3n del caf\u00e9. Con una presi\u00f3n de 15 bares, la nueva cafetera Smeg ECF02 promete los mejores resultados para un excelente Espresso.<\/p>\n<p><strong>EST\u00c9TICA<\/strong><\/p>\n<p><strong>Dolce&amp;Gabbana<\/strong> y <strong>Smeg<\/strong> unen sus almas art\u00edsticas para crear dise\u00f1os <strong>Made in Italy<\/strong> \u00fanicos y originales como <strong>Blu Mediterraneo<\/strong>. La nueva colecci\u00f3n de peque\u00f1os electrodom\u00e9sticos ha sido creada por Smeg con el dise\u00f1o de Matteo Bazzicalupo y Raffaella Mangiarotti (<strong>deepdesign<\/strong>) y la inconfundible <strong>creatividad de Dolce&amp;Gabbana<\/strong>.<\/p>\n<p><strong>Men\u00fa Blanco<\/strong>: Espresso Sencillo, Espresso Doble, Vapor<br \/>\n<strong>Men\u00fa Naranja<\/strong>: Espresso Sencillo Largo, Espresso Doble Largo, Vapor<br \/>\n<strong>Color<\/strong>: Decorado \/ Especial<br \/>\n<strong>Decoraci\u00f3n\/Color especial<\/strong>: Azul Mediterr\u00e1neo<br \/>\n<strong>Acabado<\/strong>: Pulido<br \/>\n<strong>Est\u00e9tica<\/strong>: Estilo a\u00f1os 50<br \/>\n<strong>Material del cuerpo<\/strong>: Pl\u00e1stico<br \/>\n<strong>Color Base<\/strong>: Cromo Pulido<br \/>\n<strong>Material de la base<\/strong>: Pl\u00e1stico<br \/>\n<strong>Material del dep\u00f3sito<\/strong>: SAN<br \/>\n<strong>Material calentador de tazas<\/strong>: Acero inoxidable<br \/>\n<strong>Material palanca vapor\/agua caliente<\/strong>: Aleaci\u00f3n de zinc<br \/>\n<strong>Material ca\u00f1o<\/strong>: Acero inoxidable<br \/>\n<strong>Material del portafiltro<\/strong>: Acero inoxidable<br \/>\n<strong>Color del brazo del portafiltro<\/strong>: Gris<br \/>\n<strong>Material del brazo portafiltro<\/strong>: Pl\u00e1stico<br \/>\n<strong>Color de la conexi\u00f3n de salida de vapor\/agua caliente<\/strong>: Gris<br \/>\n<strong>Material de la bandeja para tazas<\/strong>: Acero inoxidable<br \/>\n<strong>Color de la bandeja para tazas grande<\/strong>: Gris<br \/>\n<strong>Color de la bandeja para tazas<\/strong>: Aluminio<br \/>\n<strong>Material de la bandeja para tazas grandes<\/strong>: Pl\u00e1stico<br \/>\n<strong>Material de la varilla de vapor\/agua caliente<\/strong>: Acero inoxidable<br \/>\n<strong>Material de la bandeja recogegotas<\/strong>: Pl\u00e1stico<\/p>\n<p><strong>FUNCIONES<\/strong><\/p>\n<p><strong>Longitud de caf\u00e9 ajustable<\/strong>: S\u00ed<br \/>\n<strong>Ajuste de agua<\/strong>: suave\/medio\/duro<br \/>\n<strong>Aviso de descalcificaci\u00f3n<\/strong>: S\u00ed<br \/>\n<strong>Aviso de dep\u00f3sito de agua vac\u00edo\/faltante<\/strong>: S\u00ed<br \/>\n<strong>Funci\u00f3n de agua caliente para t\u00e9 y otras bebidas<\/strong>: S\u00ed<br \/>\n<strong>Modo de espera<\/strong>: 10 min\/30 min\/1 hora<br \/>\n<strong>Ajuste de la temperatura del caf\u00e9<\/strong>: baja\/media\/alta<br \/>\n<strong>Ajuste de la temperatura de extracci\u00f3n del caf\u00e9<\/strong>: baja\/media\/alta<\/p>\n<p><strong>COMANDOS<\/strong><\/p>\n<p><strong>Tipo de mandos<\/strong>: Botones, Palanca<br \/>\n<strong>Material de los botones<\/strong>: Pl\u00e1stico<br \/>\n<strong>Color de los botones<\/strong>: Plata<br \/>\n<strong>N\u00ba de botones de bebidas<\/strong>: 3<br \/>\n<strong>Bot\u00f3n de men\u00fa<\/strong>: 1<br \/>\n<strong>Bot\u00f3n ON\/OFF<\/strong>: S\u00ed<br \/>\n<strong>N\u00ba de botones<\/strong>: 4<br \/>\n<strong>Modo de activaci\u00f3n de vapor<\/strong>: Palanca<\/p>\n<p><strong>CARACTER\u00cdSTICAS T\u00c9CNICAS<\/strong><\/p>\n<p><strong>Sistema de calentamiento<\/strong>: Thermoblock<br \/>\n<strong>Capacidad del dep\u00f3sito de agua<\/strong>: 1,1 l<br \/>\n<strong>Dep\u00f3sito de agua extra\u00edble<\/strong>: S\u00ed<br \/>\n<strong>Bandeja recogegotas extra\u00edble<\/strong>: S\u00ed<br \/>\n<strong>Alojamiento para tazas m\u00e1s grandes<\/strong>: S\u00ed<br \/>\n<strong>Calentador de tazas<\/strong>: Pasivo<br \/>\n<strong>Di\u00e1metro del portafiltro<\/strong>: 51 mm<br \/>\n<strong>Presi\u00f3n de la bomba<\/strong>: 15 bar<br \/>\n<strong>Varilla de vapor<\/strong>: S\u00ed<br \/>\n<strong>Base antideslizante<\/strong>: S\u00ed<\/p>\n<p><strong>ESPECIFICACIONES EL\u00c9CTRICAS<\/strong><\/p>\n<p><strong>Voltaje (V)<\/strong>: 220-240 V<br \/>\n<strong>Frecuencia Hz<\/strong>: 50\/60 Hz<br \/>\n<strong>Longitud del cable de alimentaci\u00f3n<\/strong>: 1 m<\/p>\n<p><u style=\"font-size: 13px; line-height: 20.8px;\"><strong>Not for sale outside from Europe<\/strong><\/u><\/p>\n","protected":false},"excerpt":{"rendered":"<p>SMEG serie 50s Objetos de encuentro simb\u00f3licos, iconos que transforman el espacio que ocupan, los nuevos peque\u00f1os de la l\u00ednea<\/p>\n","protected":false},"featured_media":436769,"template":"","meta":{"_acf_changed":false,"inline_featured_image":false},"product_cat":[25367,16076,16073],"product_tag":[25183,23912,23574,24682,16307,23583,23625,25023],"acf":[],"yoast_head":"<!-- This site is optimized with the Yoast SEO Premium plugin v18.6 (Yoast SEO v19.13) - https:\/\/yoast.com\/wordpress\/plugins\/seo\/ -->\n<title>SMEG Dolce &amp; Gabbana Cafetera Espresso Manual Azul - Erresse Shop<\/title>\n<meta name=\"description\" content=\"SMEG serie 50s Objetos de encuentro simb\u00f3licos, iconos que transforman el espacio que ocupan, los nuevos peque\u00f1os de la l\u00ednea Anni &#039;50s, dise\u00f1ados en\" \/>\n<meta name=\"robots\" content=\"index, follow, max-snippet:-1, max-image-preview:large, max-video-preview:-1\" \/>\n<link rel=\"canonical\" href=\"https:\/\/www.erresse-shop.it\/es\/shop\/pequenos-electrodomesticos\/maquinas-de-cafe\/manual-es\/smeg-dolce-gabbana-cafetera-espresso-manual-azul\/\" \/>\n<meta property=\"og:locale\" content=\"es_ES\" \/>\n<meta property=\"og:type\" content=\"article\" \/>\n<meta property=\"og:title\" content=\"SMEG Dolce &amp; Gabbana Cafetera Espresso Manual Azul\" \/>\n<meta property=\"og:description\" content=\"SMEG serie 50s Objetos de encuentro simb\u00f3licos, iconos que transforman el espacio que ocupan, los nuevos peque\u00f1os de la l\u00ednea Anni &#039;50s, dise\u00f1ados en\" \/>\n<meta property=\"og:url\" content=\"https:\/\/www.erresse-shop.it\/es\/shop\/pequenos-electrodomesticos\/maquinas-de-cafe\/manual-es\/smeg-dolce-gabbana-cafetera-espresso-manual-azul\/\" \/>\n<meta property=\"og:site_name\" content=\"Erresse Shop\" \/>\n<meta property=\"article:modified_time\" content=\"2024-10-28T14:09:22+00:00\" \/>\n<meta property=\"og:image\" content=\"https:\/\/www.erresse-shop.it\/wp-content\/uploads\/2024\/05\/SMEG-Dolce-Gabbana-Macchina-da-Caffe-Espresso-Manuale-Blu.jpg\" \/>\n\t<meta property=\"og:image:width\" content=\"1200\" \/>\n\t<meta property=\"og:image:height\" content=\"1200\" \/>\n\t<meta property=\"og:image:type\" content=\"image\/jpeg\" \/>\n<meta name=\"twitter:card\" content=\"summary_large_image\" \/>\n<script type=\"application\/ld+json\" class=\"yoast-schema-graph\">{\"@context\":\"https:\/\/schema.org\",\"@graph\":[{\"@type\":\"WebPage\",\"@id\":\"https:\/\/www.erresse-shop.it\/es\/shop\/pequenos-electrodomesticos\/maquinas-de-cafe\/manual-es\/smeg-dolce-gabbana-cafetera-espresso-manual-azul\/\",\"url\":\"https:\/\/www.erresse-shop.it\/es\/shop\/pequenos-electrodomesticos\/maquinas-de-cafe\/manual-es\/smeg-dolce-gabbana-cafetera-espresso-manual-azul\/\",\"name\":\"SMEG Dolce & Gabbana Cafetera Espresso Manual Azul - Erresse Shop\",\"isPartOf\":{\"@id\":\"https:\/\/www.erresse-shop.it\/es\/#website\"},\"datePublished\":\"2024-05-27T13:50:48+00:00\",\"dateModified\":\"2024-10-28T14:09:22+00:00\",\"description\":\"SMEG serie 50s Objetos de encuentro simb\u00f3licos, iconos que transforman el espacio que ocupan, los nuevos peque\u00f1os de la l\u00ednea Anni '50s, dise\u00f1ados en\",\"breadcrumb\":{\"@id\":\"https:\/\/www.erresse-shop.it\/es\/shop\/pequenos-electrodomesticos\/maquinas-de-cafe\/manual-es\/smeg-dolce-gabbana-cafetera-espresso-manual-azul\/#breadcrumb\"},\"inLanguage\":\"es\",\"potentialAction\":[{\"@type\":\"ReadAction\",\"target\":[\"https:\/\/www.erresse-shop.it\/es\/shop\/pequenos-electrodomesticos\/maquinas-de-cafe\/manual-es\/smeg-dolce-gabbana-cafetera-espresso-manual-azul\/\"]}]},{\"@type\":\"BreadcrumbList\",\"@id\":\"https:\/\/www.erresse-shop.it\/es\/shop\/pequenos-electrodomesticos\/maquinas-de-cafe\/manual-es\/smeg-dolce-gabbana-cafetera-espresso-manual-azul\/#breadcrumb\",\"itemListElement\":[{\"@type\":\"ListItem\",\"position\":1,\"name\":\"Home\",\"item\":\"https:\/\/www.erresse-shop.it\/es\/\"},{\"@type\":\"ListItem\",\"position\":2,\"name\":\"Shop\",\"item\":\"https:\/\/www.erresse-shop.it\/es\/shop\/\"},{\"@type\":\"ListItem\",\"position\":3,\"name\":\"SMEG Dolce &#038; Gabbana Cafetera Espresso Manual Azul\"}]},{\"@type\":\"WebSite\",\"@id\":\"https:\/\/www.erresse-shop.it\/es\/#website\",\"url\":\"https:\/\/www.erresse-shop.it\/es\/\",\"name\":\"Erresse Shop\",\"description\":\"Articoli di qualit\u00e0 per la casa\",\"potentialAction\":[{\"@type\":\"SearchAction\",\"target\":{\"@type\":\"EntryPoint\",\"urlTemplate\":\"https:\/\/www.erresse-shop.it\/es\/?s={search_term_string}\"},\"query-input\":\"required name=search_term_string\"}],\"inLanguage\":\"es\"}]}<\/script>\n<!-- \/ Yoast SEO Premium plugin. -->","yoast_head_json":{"title":"SMEG Dolce & Gabbana Cafetera Espresso Manual Azul - Erresse Shop","description":"SMEG serie 50s Objetos de encuentro simb\u00f3licos, iconos que transforman el espacio que ocupan, los nuevos peque\u00f1os de la l\u00ednea Anni '50s, dise\u00f1ados en","robots":{"index":"index","follow":"follow","max-snippet":"max-snippet:-1","max-image-preview":"max-image-preview:large","max-video-preview":"max-video-preview:-1"},"canonical":"https:\/\/www.erresse-shop.it\/es\/shop\/pequenos-electrodomesticos\/maquinas-de-cafe\/manual-es\/smeg-dolce-gabbana-cafetera-espresso-manual-azul\/","og_locale":"es_ES","og_type":"article","og_title":"SMEG Dolce & Gabbana Cafetera Espresso Manual Azul","og_description":"SMEG serie 50s Objetos de encuentro simb\u00f3licos, iconos que transforman el espacio que ocupan, los nuevos peque\u00f1os de la l\u00ednea Anni '50s, dise\u00f1ados en","og_url":"https:\/\/www.erresse-shop.it\/es\/shop\/pequenos-electrodomesticos\/maquinas-de-cafe\/manual-es\/smeg-dolce-gabbana-cafetera-espresso-manual-azul\/","og_site_name":"Erresse Shop","article_modified_time":"2024-10-28T14:09:22+00:00","og_image":[{"width":1200,"height":1200,"url":"https:\/\/www.erresse-shop.it\/wp-content\/uploads\/2024\/05\/SMEG-Dolce-Gabbana-Macchina-da-Caffe-Espresso-Manuale-Blu.jpg","type":"image\/jpeg"}],"twitter_card":"summary_large_image","schema":{"@context":"https:\/\/schema.org","@graph":[{"@type":"WebPage","@id":"https:\/\/www.erresse-shop.it\/es\/shop\/pequenos-electrodomesticos\/maquinas-de-cafe\/manual-es\/smeg-dolce-gabbana-cafetera-espresso-manual-azul\/","url":"https:\/\/www.erresse-shop.it\/es\/shop\/pequenos-electrodomesticos\/maquinas-de-cafe\/manual-es\/smeg-dolce-gabbana-cafetera-espresso-manual-azul\/","name":"SMEG Dolce & Gabbana Cafetera Espresso Manual Azul - Erresse Shop","isPartOf":{"@id":"https:\/\/www.erresse-shop.it\/es\/#website"},"datePublished":"2024-05-27T13:50:48+00:00","dateModified":"2024-10-28T14:09:22+00:00","description":"SMEG serie 50s Objetos de encuentro simb\u00f3licos, iconos que transforman el espacio que ocupan, los nuevos peque\u00f1os de la l\u00ednea Anni '50s, dise\u00f1ados en","breadcrumb":{"@id":"https:\/\/www.erresse-shop.it\/es\/shop\/pequenos-electrodomesticos\/maquinas-de-cafe\/manual-es\/smeg-dolce-gabbana-cafetera-espresso-manual-azul\/#breadcrumb"},"inLanguage":"es","potentialAction":[{"@type":"ReadAction","target":["https:\/\/www.erresse-shop.it\/es\/shop\/pequenos-electrodomesticos\/maquinas-de-cafe\/manual-es\/smeg-dolce-gabbana-cafetera-espresso-manual-azul\/"]}]},{"@type":"BreadcrumbList","@id":"https:\/\/www.erresse-shop.it\/es\/shop\/pequenos-electrodomesticos\/maquinas-de-cafe\/manual-es\/smeg-dolce-gabbana-cafetera-espresso-manual-azul\/#breadcrumb","itemListElement":[{"@type":"ListItem","position":1,"name":"Home","item":"https:\/\/www.erresse-shop.it\/es\/"},{"@type":"ListItem","position":2,"name":"Shop","item":"https:\/\/www.erresse-shop.it\/es\/shop\/"},{"@type":"ListItem","position":3,"name":"SMEG Dolce &#038; Gabbana Cafetera Espresso Manual Azul"}]},{"@type":"WebSite","@id":"https:\/\/www.erresse-shop.it\/es\/#website","url":"https:\/\/www.erresse-shop.it\/es\/","name":"Erresse Shop","description":"Articoli di qualit\u00e0 per la casa","potentialAction":[{"@type":"SearchAction","target":{"@type":"EntryPoint","urlTemplate":"https:\/\/www.erresse-shop.it\/es\/?s={search_term_string}"},"query-input":"required name=search_term_string"}],"inLanguage":"es"}]}},"df_price":1189.95,"df_sale_price":1189.95,"df_regular_price":1399,"df_image_link":"https:\/\/www.erresse-shop.it\/wp-content\/uploads\/2024\/05\/SMEG-Dolce-Gabbana-Macchina-da-Caffe-Espresso-Manuale-Blu-300x300.jpg","_links":{"self":[{"href":"https:\/\/www.erresse-shop.it\/es\/wp-json\/wp\/v2\/product\/408908"}],"collection":[{"href":"https:\/\/www.erresse-shop.it\/es\/wp-json\/wp\/v2\/product"}],"about":[{"href":"https:\/\/www.erresse-shop.it\/es\/wp-json\/wp\/v2\/types\/product"}],"wp:featuredmedia":[{"embeddable":true,"href":"https:\/\/www.erresse-shop.it\/es\/wp-json\/wp\/v2\/media\/436769"}],"wp:attachment":[{"href":"https:\/\/www.erresse-shop.it\/es\/wp-json\/wp\/v2\/media?parent=408908"}],"wp:term":[{"taxonomy":"product_cat","embeddable":true,"href":"https:\/\/www.erresse-shop.it\/es\/wp-json\/wp\/v2\/product_cat?post=408908"},{"taxonomy":"product_tag","embeddable":true,"href":"https:\/\/www.erresse-shop.it\/es\/wp-json\/wp\/v2\/product_tag?post=408908"}],"curies":[{"name":"wp","href":"https:\/\/api.w.org\/{rel}","templated":true}]}}