{"id":408882,"date":"2024-05-27T12:58:09","date_gmt":"2024-05-27T12:58:16","guid":{"rendered":"https:\/\/www.erresse-shop.it\/?post_type=product&#038;p=408882"},"modified":"2025-05-28T10:43:40","modified_gmt":"2025-05-28T10:43:40","slug":"smeg-dolce-gabbana-molinillo-de-cafe-azul","status":"publish","type":"product","link":"https:\/\/www.erresse-shop.it\/es\/shop\/pequenos-electrodomesticos\/molinillos-de-cafe\/smeg-dolce-gabbana-molinillo-de-cafe-azul\/","title":{"rendered":"SMEG Dolce &#038; Gabbana Molinillo de Caf\u00e9 Azul"},"content":{"rendered":"<p><strong>SMEG<\/strong> serie 50s<\/p>\n<p>Objetos de encuentro simb\u00f3licos, iconos que transforman el espacio que ocupan, los nuevos peque\u00f1os de la l\u00ednea Anni &#8217;50s, dise\u00f1ados en colaboraci\u00f3n con Matteo Bazzicalupo y Raffaella Mangiarotti de deepdesign, evocan otros tiempos y dan forma a lugares cotidianos, invirtiendo lo que ya existe o ha existido con un nuevo significado, como sucede en el arte y la memoria.<br \/>\nProductos de formas redondeadas y compactas, son protagonistas de la cocina, pensados para quienes desean vivir una experiencia de chef, pero no s\u00f3lo. Para los que aman rodearse de objetos con un fuerte car\u00e1cter est\u00e9tico sin perder de vista las prestaciones de alta calidad.<\/p>\n<p><strong>ESTUDIADO HASTA EL \u00daLTIMO DETALLE<\/strong><br \/>\nSeg\u00fan la funci\u00f3n y el uso deseados, es posible moler en el recipiente suministrado o directamente en el portafiltro de su cafetera espresso.<\/p>\n<p><strong>CALIDAD PARA VERDADEROS CONOCEDORES<\/strong><br \/>\nLa CGF01 cuenta con un cuerpo de aluminio fundido a presi\u00f3n y molinillos c\u00f3nicos de acero inoxidable para una molienda suave que conserva todos los aromas del caf\u00e9 sin alterar el sabor. Los molinillos extra\u00edbles permiten una limpieza c\u00f3moda y precisa, y el sistema de seguridad evita el encendido accidental si se extrae el recipiente de granos de su alojamiento.<\/p>\n<p><strong>MOLIDO PERFECTO PARA CADA M\u00c1QUINA Y GUSTO<\/strong><br \/>\nLa pr\u00e1ctica palanca permite seleccionar de forma intuitiva y sencilla el nivel de molido, seleccionando hasta 30 niveles diferentes para obtener el molido perfecto para cada m\u00e1quina y gusto. Con el molinillo de caf\u00e9 Smeg podr\u00e1 obtener el polvo perfecto para cafeteras espresso, cafeteras moka, cafeteras americanas y prensas francesas.<\/p>\n<p><strong>EST\u00c9TICA<\/strong><\/p>\n<p><strong>Dolce&amp;Gabbana<\/strong> y <strong>Smeg<\/strong> unen sus almas art\u00edsticas para crear dise\u00f1os M<strong>ade in Italy<\/strong> \u00fanicos y originales como <strong>Blu Mediterraneo<\/strong>. La nueva colecci\u00f3n de peque\u00f1os electrodom\u00e9sticos ha sido creada por Smeg con el dise\u00f1o de Matteo Bazzicalupo y Raffaella Mangiarotti (<strong>deepdesign<\/strong>) y la inconfundible <strong>creatividad de Dolce&amp;Gabbana<\/strong>.<\/p>\n<p><strong>Color<\/strong>: Decorado \/ Especial<br \/>\n<strong>Acabado<\/strong>: Pulido<br \/>\n<strong>Est\u00e9tica<\/strong>: Estilo a\u00f1os 50<br \/>\n<strong>Material del cuerpo<\/strong>: Aluminio fundido a presi\u00f3n<br \/>\n<strong>Color de la base<\/strong>: Cromo pulido<br \/>\n<strong>Material del recipiente<\/strong>: Pl\u00e1stico sin PBA<br \/>\n<strong>Material de la tapa del recipiente de granos<\/strong>: Pl\u00e1stico sin PBA<br \/>\n<strong>Material del molinillo<\/strong>: Acero inoxidable<br \/>\n<strong>Tipo de molido<\/strong>: C\u00f3nico<br \/>\n<strong>Material de la tapa del recipiente de caf\u00e9 molido<\/strong>: Pl\u00e1stico y silicona<br \/>\n<strong>Material del recipiente de caf\u00e9 molido<\/strong>: Pl\u00e1stico sin PBA<br \/>\n<strong>Material de la base<\/strong>: Pl\u00e1stico<br \/>\n<strong>Material de la palanca de ajuste del molido<\/strong>: SUS 304<\/p>\n<p><strong>COMANDOS<\/strong><br \/>\n<strong>Tipo de mandos<\/strong>: Pomo, Bot\u00f3n, Palanca<br \/>\n<strong>Material del cepillo de limpieza<\/strong>: Pl\u00e1stico<br \/>\n<strong>Material del portafiltro<\/strong>: Pl\u00e1stico<br \/>\n<strong>Material de la perilla<\/strong>: Pl\u00e1stico<br \/>\n<strong>Material del platillo<\/strong>: Acero<br \/>\n<strong>Material del bot\u00f3n<\/strong>: Pl\u00e1stico<\/p>\n<p><strong>PROGRAMAS \/ FUNCIONES<\/strong><br \/>\n<strong>Personalizaci\u00f3n de la cantidad de caf\u00e9<\/strong>: S\u00ed<br \/>\n<strong>Contenedor de caf\u00e9 en grano con sistema Twist &amp; Lock<\/strong>: S\u00ed<br \/>\n<strong>Nivel de molido de caf\u00e9 ajustable<\/strong>: S\u00ed<br \/>\n<strong>Niveles de molido disponibles<\/strong>: 30<br \/>\n<strong>Pasos de molido disponibles<\/strong>: FINE , MEDIUM , COARSE<br \/>\n<strong>Funciones para espresso<\/strong>: simple, doble<br \/>\n<strong>Funciones para caf\u00e9 americano\/presa francesa<\/strong>: 6<br \/>\n<strong>Funci\u00f3n manual<\/strong>: S\u00ed<\/p>\n<p><strong>CARACTER\u00cdSTICAS T\u00c9CNICAS<\/strong><br \/>\n<strong>Base antideslizante<\/strong>: S\u00ed<br \/>\n<strong>Sistema antiest\u00e1tico<\/strong>: S\u00ed<br \/>\n<strong>Capacidad del contenedor de caf\u00e9 en grano<\/strong>: 350 gr<br \/>\n<strong>Capacidad del contenedor de caf\u00e9 molido<\/strong>: 130 gr<br \/>\n<strong>Molinillo superior extra\u00edble<\/strong>: S\u00ed<br \/>\n<strong>Plato extra\u00edble<\/strong>: S\u00ed<br \/>\n<strong>Enrollador de cable integrado<\/strong>: S\u00ed<br \/>\n<strong>Potencia<\/strong>: 150 W<\/p>\n<p><strong>CONEXI\u00d3N EL\u00c9CTRICA<\/strong><br \/>\n<strong>Tipo de enchufe<\/strong>: Schuko<br \/>\n<strong>Tensi\u00f3n (V)<\/strong>: 220-240 V<br \/>\n<strong>Frecuencia Hz<\/strong>: 50-60 Hz<br \/>\n<strong>Longitud del cable de alimentaci\u00f3n<\/strong>: 1 m<\/p>\n<p><strong>ACCESORIOS INCLUIDOS<\/strong><br \/>\n<strong>Cepillo de limpieza<\/strong>: S\u00ed<br \/>\n<strong>Centrado portafiltro<\/strong>: S\u00ed<br \/>\n<strong>Recipiente para caf\u00e9 molido<\/strong>: S\u00ed<\/p>\n<p><u style=\"font-size: 13px; line-height: 20.8px;\"><strong>Not for sale outside from Europe<\/strong><\/u><\/p>\n","protected":false},"excerpt":{"rendered":"<p>SMEG serie 50s Objetos de encuentro simb\u00f3licos, iconos que transforman el espacio que ocupan, los nuevos peque\u00f1os de la l\u00ednea<\/p>\n","protected":false},"featured_media":451118,"template":"","meta":{"_acf_changed":false,"inline_featured_image":false},"product_cat":[25387,16073],"product_tag":[23912,23574,24682,16307,16591,23625],"acf":[],"yoast_head":"<!-- This site is optimized with the Yoast SEO Premium plugin v18.6 (Yoast SEO v19.13) - https:\/\/yoast.com\/wordpress\/plugins\/seo\/ -->\n<title>SMEG Dolce &amp; Gabbana Molinillo de Caf\u00e9 Azul - Erresse Shop<\/title>\n<meta name=\"description\" content=\"SMEG serie 50s Objetos de encuentro simb\u00f3licos, iconos que transforman el espacio que ocupan, los nuevos peque\u00f1os de la l\u00ednea Anni &#039;50s, dise\u00f1ados en\" \/>\n<meta name=\"robots\" content=\"index, follow, max-snippet:-1, max-image-preview:large, max-video-preview:-1\" \/>\n<link rel=\"canonical\" href=\"https:\/\/www.erresse-shop.it\/es\/shop\/pequenos-electrodomesticos\/molinillos-de-cafe\/smeg-dolce-gabbana-molinillo-de-cafe-azul\/\" \/>\n<meta property=\"og:locale\" content=\"es_ES\" \/>\n<meta property=\"og:type\" content=\"article\" \/>\n<meta property=\"og:title\" content=\"SMEG Dolce &amp; Gabbana Molinillo de Caf\u00e9 Azul\" \/>\n<meta property=\"og:description\" content=\"SMEG serie 50s Objetos de encuentro simb\u00f3licos, iconos que transforman el espacio que ocupan, los nuevos peque\u00f1os de la l\u00ednea Anni &#039;50s, dise\u00f1ados en\" \/>\n<meta property=\"og:url\" content=\"https:\/\/www.erresse-shop.it\/es\/shop\/pequenos-electrodomesticos\/molinillos-de-cafe\/smeg-dolce-gabbana-molinillo-de-cafe-azul\/\" \/>\n<meta property=\"og:site_name\" content=\"Erresse Shop\" \/>\n<meta property=\"article:modified_time\" content=\"2025-05-28T10:43:40+00:00\" \/>\n<meta property=\"og:image\" content=\"https:\/\/www.erresse-shop.it\/wp-content\/uploads\/2024\/05\/SMEG-Dolce-Gabbana-Macinacaffe-Azzurro.png\" \/>\n\t<meta property=\"og:image:width\" content=\"1300\" \/>\n\t<meta property=\"og:image:height\" content=\"1300\" \/>\n\t<meta property=\"og:image:type\" content=\"image\/png\" \/>\n<meta name=\"twitter:card\" content=\"summary_large_image\" \/>\n<script type=\"application\/ld+json\" class=\"yoast-schema-graph\">{\"@context\":\"https:\/\/schema.org\",\"@graph\":[{\"@type\":\"WebPage\",\"@id\":\"https:\/\/www.erresse-shop.it\/es\/shop\/pequenos-electrodomesticos\/molinillos-de-cafe\/smeg-dolce-gabbana-molinillo-de-cafe-azul\/\",\"url\":\"https:\/\/www.erresse-shop.it\/es\/shop\/pequenos-electrodomesticos\/molinillos-de-cafe\/smeg-dolce-gabbana-molinillo-de-cafe-azul\/\",\"name\":\"SMEG Dolce & Gabbana Molinillo de Caf\u00e9 Azul - Erresse Shop\",\"isPartOf\":{\"@id\":\"https:\/\/www.erresse-shop.it\/es\/#website\"},\"datePublished\":\"2024-05-27T12:58:16+00:00\",\"dateModified\":\"2025-05-28T10:43:40+00:00\",\"description\":\"SMEG serie 50s Objetos de encuentro simb\u00f3licos, iconos que transforman el espacio que ocupan, los nuevos peque\u00f1os de la l\u00ednea Anni '50s, dise\u00f1ados en\",\"breadcrumb\":{\"@id\":\"https:\/\/www.erresse-shop.it\/es\/shop\/pequenos-electrodomesticos\/molinillos-de-cafe\/smeg-dolce-gabbana-molinillo-de-cafe-azul\/#breadcrumb\"},\"inLanguage\":\"es\",\"potentialAction\":[{\"@type\":\"ReadAction\",\"target\":[\"https:\/\/www.erresse-shop.it\/es\/shop\/pequenos-electrodomesticos\/molinillos-de-cafe\/smeg-dolce-gabbana-molinillo-de-cafe-azul\/\"]}]},{\"@type\":\"BreadcrumbList\",\"@id\":\"https:\/\/www.erresse-shop.it\/es\/shop\/pequenos-electrodomesticos\/molinillos-de-cafe\/smeg-dolce-gabbana-molinillo-de-cafe-azul\/#breadcrumb\",\"itemListElement\":[{\"@type\":\"ListItem\",\"position\":1,\"name\":\"Home\",\"item\":\"https:\/\/www.erresse-shop.it\/es\/\"},{\"@type\":\"ListItem\",\"position\":2,\"name\":\"Shop\",\"item\":\"https:\/\/www.erresse-shop.it\/es\/shop\/\"},{\"@type\":\"ListItem\",\"position\":3,\"name\":\"SMEG Dolce &#038; Gabbana Molinillo de Caf\u00e9 Azul\"}]},{\"@type\":\"WebSite\",\"@id\":\"https:\/\/www.erresse-shop.it\/es\/#website\",\"url\":\"https:\/\/www.erresse-shop.it\/es\/\",\"name\":\"Erresse Shop\",\"description\":\"Articoli di qualit\u00e0 per la casa\",\"potentialAction\":[{\"@type\":\"SearchAction\",\"target\":{\"@type\":\"EntryPoint\",\"urlTemplate\":\"https:\/\/www.erresse-shop.it\/es\/?s={search_term_string}\"},\"query-input\":\"required name=search_term_string\"}],\"inLanguage\":\"es\"}]}<\/script>\n<!-- \/ Yoast SEO Premium plugin. -->","yoast_head_json":{"title":"SMEG Dolce & Gabbana Molinillo de Caf\u00e9 Azul - Erresse Shop","description":"SMEG serie 50s Objetos de encuentro simb\u00f3licos, iconos que transforman el espacio que ocupan, los nuevos peque\u00f1os de la l\u00ednea Anni '50s, dise\u00f1ados en","robots":{"index":"index","follow":"follow","max-snippet":"max-snippet:-1","max-image-preview":"max-image-preview:large","max-video-preview":"max-video-preview:-1"},"canonical":"https:\/\/www.erresse-shop.it\/es\/shop\/pequenos-electrodomesticos\/molinillos-de-cafe\/smeg-dolce-gabbana-molinillo-de-cafe-azul\/","og_locale":"es_ES","og_type":"article","og_title":"SMEG Dolce & Gabbana Molinillo de Caf\u00e9 Azul","og_description":"SMEG serie 50s Objetos de encuentro simb\u00f3licos, iconos que transforman el espacio que ocupan, los nuevos peque\u00f1os de la l\u00ednea Anni '50s, dise\u00f1ados en","og_url":"https:\/\/www.erresse-shop.it\/es\/shop\/pequenos-electrodomesticos\/molinillos-de-cafe\/smeg-dolce-gabbana-molinillo-de-cafe-azul\/","og_site_name":"Erresse Shop","article_modified_time":"2025-05-28T10:43:40+00:00","og_image":[{"width":1300,"height":1300,"url":"https:\/\/www.erresse-shop.it\/wp-content\/uploads\/2024\/05\/SMEG-Dolce-Gabbana-Macinacaffe-Azzurro.png","type":"image\/png"}],"twitter_card":"summary_large_image","schema":{"@context":"https:\/\/schema.org","@graph":[{"@type":"WebPage","@id":"https:\/\/www.erresse-shop.it\/es\/shop\/pequenos-electrodomesticos\/molinillos-de-cafe\/smeg-dolce-gabbana-molinillo-de-cafe-azul\/","url":"https:\/\/www.erresse-shop.it\/es\/shop\/pequenos-electrodomesticos\/molinillos-de-cafe\/smeg-dolce-gabbana-molinillo-de-cafe-azul\/","name":"SMEG Dolce & Gabbana Molinillo de Caf\u00e9 Azul - Erresse Shop","isPartOf":{"@id":"https:\/\/www.erresse-shop.it\/es\/#website"},"datePublished":"2024-05-27T12:58:16+00:00","dateModified":"2025-05-28T10:43:40+00:00","description":"SMEG serie 50s Objetos de encuentro simb\u00f3licos, iconos que transforman el espacio que ocupan, los nuevos peque\u00f1os de la l\u00ednea Anni '50s, dise\u00f1ados en","breadcrumb":{"@id":"https:\/\/www.erresse-shop.it\/es\/shop\/pequenos-electrodomesticos\/molinillos-de-cafe\/smeg-dolce-gabbana-molinillo-de-cafe-azul\/#breadcrumb"},"inLanguage":"es","potentialAction":[{"@type":"ReadAction","target":["https:\/\/www.erresse-shop.it\/es\/shop\/pequenos-electrodomesticos\/molinillos-de-cafe\/smeg-dolce-gabbana-molinillo-de-cafe-azul\/"]}]},{"@type":"BreadcrumbList","@id":"https:\/\/www.erresse-shop.it\/es\/shop\/pequenos-electrodomesticos\/molinillos-de-cafe\/smeg-dolce-gabbana-molinillo-de-cafe-azul\/#breadcrumb","itemListElement":[{"@type":"ListItem","position":1,"name":"Home","item":"https:\/\/www.erresse-shop.it\/es\/"},{"@type":"ListItem","position":2,"name":"Shop","item":"https:\/\/www.erresse-shop.it\/es\/shop\/"},{"@type":"ListItem","position":3,"name":"SMEG Dolce &#038; Gabbana Molinillo de Caf\u00e9 Azul"}]},{"@type":"WebSite","@id":"https:\/\/www.erresse-shop.it\/es\/#website","url":"https:\/\/www.erresse-shop.it\/es\/","name":"Erresse Shop","description":"Articoli di qualit\u00e0 per la casa","potentialAction":[{"@type":"SearchAction","target":{"@type":"EntryPoint","urlTemplate":"https:\/\/www.erresse-shop.it\/es\/?s={search_term_string}"},"query-input":"required name=search_term_string"}],"inLanguage":"es"}]}},"df_price":409,"df_sale_price":409,"df_regular_price":799,"df_image_link":"https:\/\/www.erresse-shop.it\/wp-content\/uploads\/2024\/05\/SMEG-Dolce-Gabbana-Macinacaffe-Blu-300x300.jpg","_links":{"self":[{"href":"https:\/\/www.erresse-shop.it\/es\/wp-json\/wp\/v2\/product\/408882"}],"collection":[{"href":"https:\/\/www.erresse-shop.it\/es\/wp-json\/wp\/v2\/product"}],"about":[{"href":"https:\/\/www.erresse-shop.it\/es\/wp-json\/wp\/v2\/types\/product"}],"wp:featuredmedia":[{"embeddable":true,"href":"https:\/\/www.erresse-shop.it\/es\/wp-json\/wp\/v2\/media\/451118"}],"wp:attachment":[{"href":"https:\/\/www.erresse-shop.it\/es\/wp-json\/wp\/v2\/media?parent=408882"}],"wp:term":[{"taxonomy":"product_cat","embeddable":true,"href":"https:\/\/www.erresse-shop.it\/es\/wp-json\/wp\/v2\/product_cat?post=408882"},{"taxonomy":"product_tag","embeddable":true,"href":"https:\/\/www.erresse-shop.it\/es\/wp-json\/wp\/v2\/product_tag?post=408882"}],"curies":[{"name":"wp","href":"https:\/\/api.w.org\/{rel}","templated":true}]}}