{"id":408724,"date":"2024-05-27T08:21:16","date_gmt":"2024-05-27T08:21:23","guid":{"rendered":"https:\/\/www.erresse-shop.it\/?post_type=product&#038;p=408724"},"modified":"2024-10-28T14:27:50","modified_gmt":"2024-10-28T14:27:50","slug":"bascula-de-cocina-smeg-negra","status":"publish","type":"product","link":"https:\/\/www.erresse-shop.it\/es\/shop\/pequenos-electrodomesticos\/escalas\/bascula-de-cocina-smeg-negra\/","title":{"rendered":"B\u00e1scula de Cocina SMEG Negra"},"content":{"rendered":"<p>Hay un lugar para todo lo que necesitas y la b\u00e1scula de cocina Smeg es el objeto compacto y vers\u00e1til que combina el placer del dise\u00f1o con la pasi\u00f3n por la cocina.<\/p>\n<p><strong>Dise\u00f1o de b\u00e1scula digital<\/strong><\/p>\n<p>La b\u00e1scula de cocina digital Smeg es el accesorio ideal para quienes buscan precisi\u00f3n, estilo y practicidad en la cocina. Su estructura ligera y su dise\u00f1o refinado, caracterizado por un panel de aluminio cepillado y una superficie de color mate, lo convierten en un aut\u00e9ntico objeto de dise\u00f1o.<\/p>\n<p>El bol extra\u00edble de acero inoxidable de 1,8 litros no s\u00f3lo aporta elegancia a la b\u00e1scula, sino que tambi\u00e9n ofrece facilidad de limpieza y mantenimiento, siendo apta para lavavajillas, higi\u00e9nica y resistente a los olores. La pantalla LED y los botones de aluminio completan su aspecto moderno y sofisticado, haciendo que la cocina sea a\u00fan m\u00e1s acogedora y moderna.<\/p>\n<p><strong>Preciso y vers\u00e1til<\/strong><\/p>\n<p>Con una capacidad m\u00e1xima de 5 kg y una precisi\u00f3n de medici\u00f3n de 1 gramo, la b\u00e1scula Smeg permite pesar cualquier tipo de ingrediente con absoluta precisi\u00f3n.<\/p>\n<p>La funci\u00f3n de tara te permite restablecer el peso del bol, permiti\u00e9ndote pesar los ingredientes uno tras otro sin tener que empezar de cero. Adem\u00e1s, es posible seleccionar hasta 4 unidades de medida y realizar conversiones, garantizando la flexibilidad necesaria para recetas de todo tipo.<\/p>\n<p><strong>Bater\u00eda recargable<\/strong><\/p>\n<p>Gracias a la bater\u00eda recargable de iones de litio, la b\u00e1scula digital Smeg es una excelente soluci\u00f3n para quienes buscan practicidad y fiabilidad. La carga por cable USB elimina la necesidad de reemplazar las bater\u00edas con frecuencia, mientras que el modo de espera autom\u00e1tico reduce el consumo de energ\u00eda al apagar la b\u00e1scula cuando no est\u00e1 en uso.<br \/>\nEsta caracter\u00edstica no s\u00f3lo prolonga la duraci\u00f3n de la bater\u00eda, sino que tambi\u00e9n contribuye a un enfoque de cocina m\u00e1s ecol\u00f3gico.<\/p>\n<p><strong>EST\u00c9TICA<br \/>\n<\/strong><\/p>\n<p class=\"p1\"><strong>Color<\/strong>: Negro<br \/>\n<strong>Acabado<\/strong>: Mate<br \/>\n<strong>Est\u00e9tica<\/strong>: Colecci\u00f3n<br \/>\n<strong>Acabado del panel superior<\/strong>: Cepillado con borde pulido<br \/>\n<strong>Material exterior del recipiente<\/strong>: Pl\u00e1stico<br \/>\n<strong>Acabado exterior de la taza<\/strong>: Pulido<br \/>\n<strong>Material<\/strong> <strong>botones<\/strong>: Aluminio<br \/>\n<strong>Material<\/strong> <strong>panel<\/strong> <strong>superior<\/strong>: Aluminio<br \/>\n<strong>Acabado base<\/strong>: Mate<br \/>\n<strong>Acabado interior del recipiente<\/strong>: Cepillado<br \/>\n<strong>Color base<\/strong>: Blanco<br \/>\n<strong>Material interno del recipiente<\/strong>: Acero inoxidable<br \/>\n<strong>Material b\u00e1sico<\/strong>: Pl\u00e1stico<br \/>\n<strong>Material de los pies antideslizantes<\/strong>: Pl\u00e1stico<br \/>\n<strong>Color del cable USB<\/strong>: Gris oscuro<\/p>\n<p><strong>PROGRAMAS \/ FUNCIONES<\/strong><\/p>\n<p class=\"p1\"><strong>Modo de espera<\/strong>: S\u00ed<br \/>\n<strong>Funci\u00f3n de unidad de medida<\/strong>: S\u00ed<br \/>\n<strong>Funci\u00f3n de tara<\/strong>: S\u00ed<\/p>\n<p><strong>COMANDOS<\/strong><\/p>\n<p><strong>Pantalla LED<\/strong>: S\u00ed<br \/>\n<strong>Color del LED encendido<\/strong>: Blanco<br \/>\n<strong>Tipo de controles<\/strong>: Botones<br \/>\n<strong>Interruptor ON\/OFF<\/strong>: S\u00ed<br \/>\n<strong>Bot\u00f3n Activaci\u00f3n\/UNIT<\/strong>: S\u00ed<br \/>\n<strong>Bot\u00f3n TARA<\/strong>: S\u00ed<\/p>\n<p><strong>CARACTER\u00cdSTICAS T\u00c9CNICAS<\/strong><\/p>\n<p class=\"p2\"><strong>Capacidad m\u00e1xima<\/strong>: 5 kg \/ 5000 ml \/ 11 lb \/ 175 fl.oz<br \/>\n<strong>Incrementos<\/strong>: 1 g \/ 1 ml \/ 0,1 oz \/ 0,1 fl.oz<br \/>\n<strong>Capacidad<\/strong> <strong>taz\u00f3n<\/strong>: 1.8 Lt\/ 60 Oz\/ 7 Tazas<br \/>\n<strong>Cuenco interior apto para lavavajillas<\/strong>: S\u00ed<br \/>\n<strong>Duraci\u00f3n de la bater\u00eda<\/strong>: 36 horas<br \/>\n<strong>Unidades de medida<\/strong>: g, ml, lb.oz, fl.oz<br \/>\n<strong>Base antideslizante<\/strong>: S\u00ed<\/p>\n<p><strong>ESPECIFICACIONES EL\u00c9CTRICAS<br \/>\n<\/strong><\/p>\n<p class=\"p1\"><strong>Tipo de bater\u00eda<\/strong>: Li-Ion 1200 mAh<br \/>\n<strong>Fuente de alimentaci\u00f3n<\/strong>: Bater\u00eda recargable<br \/>\n<strong>Longitud del cable USB<\/strong>: 60 cm<\/p>\n<p><strong><\/strong><\/p>\n<p><span style=\"text-decoration: underline;\"><strong>No est\u00e1 a la venta fuera de Europa<\/strong><\/span><\/p>\n","protected":false},"excerpt":{"rendered":"<p>Hay un lugar para todo lo que necesitas y la b\u00e1scula de cocina Smeg es el objeto compacto y vers\u00e1til<\/p>\n","protected":false},"featured_media":461011,"template":"","meta":{"_acf_changed":false,"inline_featured_image":false},"product_cat":[25979,16073],"product_tag":[25183,23912],"acf":[],"yoast_head":"<!-- This site is optimized with the Yoast SEO Premium plugin v18.6 (Yoast SEO v19.13) - https:\/\/yoast.com\/wordpress\/plugins\/seo\/ -->\n<title>B\u00e1scula de Cocina SMEG Negra - Erresse Shop<\/title>\n<meta name=\"description\" content=\"Hay un lugar para todo lo que necesitas y la b\u00e1scula de cocina Smeg es el objeto compacto y vers\u00e1til que combina el placer del dise\u00f1o con la pasi\u00f3n por la\" \/>\n<meta name=\"robots\" content=\"index, follow, max-snippet:-1, max-image-preview:large, max-video-preview:-1\" \/>\n<link rel=\"canonical\" href=\"https:\/\/www.erresse-shop.it\/es\/shop\/pequenos-electrodomesticos\/escalas\/bascula-de-cocina-smeg-negra\/\" \/>\n<meta property=\"og:locale\" content=\"es_ES\" \/>\n<meta property=\"og:type\" content=\"article\" \/>\n<meta property=\"og:title\" content=\"B\u00e1scula de Cocina SMEG Negra\" \/>\n<meta property=\"og:description\" content=\"Hay un lugar para todo lo que necesitas y la b\u00e1scula de cocina Smeg es el objeto compacto y vers\u00e1til que combina el placer del dise\u00f1o con la pasi\u00f3n por la\" \/>\n<meta property=\"og:url\" content=\"https:\/\/www.erresse-shop.it\/es\/shop\/pequenos-electrodomesticos\/escalas\/bascula-de-cocina-smeg-negra\/\" \/>\n<meta property=\"og:site_name\" content=\"Erresse Shop\" \/>\n<meta property=\"article:modified_time\" content=\"2024-10-28T14:27:50+00:00\" \/>\n<meta property=\"og:image\" content=\"https:\/\/www.erresse-shop.it\/wp-content\/uploads\/2024\/05\/SMEG-Bilancia-da-Cucina-Nero.png\" \/>\n\t<meta property=\"og:image:width\" content=\"800\" \/>\n\t<meta property=\"og:image:height\" content=\"800\" \/>\n\t<meta property=\"og:image:type\" content=\"image\/png\" \/>\n<meta name=\"twitter:card\" content=\"summary_large_image\" \/>\n<script type=\"application\/ld+json\" class=\"yoast-schema-graph\">{\"@context\":\"https:\/\/schema.org\",\"@graph\":[{\"@type\":\"WebPage\",\"@id\":\"https:\/\/www.erresse-shop.it\/es\/shop\/pequenos-electrodomesticos\/escalas\/bascula-de-cocina-smeg-negra\/\",\"url\":\"https:\/\/www.erresse-shop.it\/es\/shop\/pequenos-electrodomesticos\/escalas\/bascula-de-cocina-smeg-negra\/\",\"name\":\"B\u00e1scula de Cocina SMEG Negra - Erresse Shop\",\"isPartOf\":{\"@id\":\"https:\/\/www.erresse-shop.it\/es\/#website\"},\"datePublished\":\"2024-05-27T08:21:23+00:00\",\"dateModified\":\"2024-10-28T14:27:50+00:00\",\"description\":\"Hay un lugar para todo lo que necesitas y la b\u00e1scula de cocina Smeg es el objeto compacto y vers\u00e1til que combina el placer del dise\u00f1o con la pasi\u00f3n por la\",\"breadcrumb\":{\"@id\":\"https:\/\/www.erresse-shop.it\/es\/shop\/pequenos-electrodomesticos\/escalas\/bascula-de-cocina-smeg-negra\/#breadcrumb\"},\"inLanguage\":\"es\",\"potentialAction\":[{\"@type\":\"ReadAction\",\"target\":[\"https:\/\/www.erresse-shop.it\/es\/shop\/pequenos-electrodomesticos\/escalas\/bascula-de-cocina-smeg-negra\/\"]}]},{\"@type\":\"BreadcrumbList\",\"@id\":\"https:\/\/www.erresse-shop.it\/es\/shop\/pequenos-electrodomesticos\/escalas\/bascula-de-cocina-smeg-negra\/#breadcrumb\",\"itemListElement\":[{\"@type\":\"ListItem\",\"position\":1,\"name\":\"Home\",\"item\":\"https:\/\/www.erresse-shop.it\/es\/\"},{\"@type\":\"ListItem\",\"position\":2,\"name\":\"Shop\",\"item\":\"https:\/\/www.erresse-shop.it\/es\/shop\/\"},{\"@type\":\"ListItem\",\"position\":3,\"name\":\"B\u00e1scula de Cocina SMEG Negra\"}]},{\"@type\":\"WebSite\",\"@id\":\"https:\/\/www.erresse-shop.it\/es\/#website\",\"url\":\"https:\/\/www.erresse-shop.it\/es\/\",\"name\":\"Erresse Shop\",\"description\":\"Articoli di qualit\u00e0 per la casa\",\"potentialAction\":[{\"@type\":\"SearchAction\",\"target\":{\"@type\":\"EntryPoint\",\"urlTemplate\":\"https:\/\/www.erresse-shop.it\/es\/?s={search_term_string}\"},\"query-input\":\"required name=search_term_string\"}],\"inLanguage\":\"es\"}]}<\/script>\n<!-- \/ Yoast SEO Premium plugin. -->","yoast_head_json":{"title":"B\u00e1scula de Cocina SMEG Negra - Erresse Shop","description":"Hay un lugar para todo lo que necesitas y la b\u00e1scula de cocina Smeg es el objeto compacto y vers\u00e1til que combina el placer del dise\u00f1o con la pasi\u00f3n por la","robots":{"index":"index","follow":"follow","max-snippet":"max-snippet:-1","max-image-preview":"max-image-preview:large","max-video-preview":"max-video-preview:-1"},"canonical":"https:\/\/www.erresse-shop.it\/es\/shop\/pequenos-electrodomesticos\/escalas\/bascula-de-cocina-smeg-negra\/","og_locale":"es_ES","og_type":"article","og_title":"B\u00e1scula de Cocina SMEG Negra","og_description":"Hay un lugar para todo lo que necesitas y la b\u00e1scula de cocina Smeg es el objeto compacto y vers\u00e1til que combina el placer del dise\u00f1o con la pasi\u00f3n por la","og_url":"https:\/\/www.erresse-shop.it\/es\/shop\/pequenos-electrodomesticos\/escalas\/bascula-de-cocina-smeg-negra\/","og_site_name":"Erresse Shop","article_modified_time":"2024-10-28T14:27:50+00:00","og_image":[{"width":800,"height":800,"url":"https:\/\/www.erresse-shop.it\/wp-content\/uploads\/2024\/05\/SMEG-Bilancia-da-Cucina-Nero.png","type":"image\/png"}],"twitter_card":"summary_large_image","schema":{"@context":"https:\/\/schema.org","@graph":[{"@type":"WebPage","@id":"https:\/\/www.erresse-shop.it\/es\/shop\/pequenos-electrodomesticos\/escalas\/bascula-de-cocina-smeg-negra\/","url":"https:\/\/www.erresse-shop.it\/es\/shop\/pequenos-electrodomesticos\/escalas\/bascula-de-cocina-smeg-negra\/","name":"B\u00e1scula de Cocina SMEG Negra - Erresse Shop","isPartOf":{"@id":"https:\/\/www.erresse-shop.it\/es\/#website"},"datePublished":"2024-05-27T08:21:23+00:00","dateModified":"2024-10-28T14:27:50+00:00","description":"Hay un lugar para todo lo que necesitas y la b\u00e1scula de cocina Smeg es el objeto compacto y vers\u00e1til que combina el placer del dise\u00f1o con la pasi\u00f3n por la","breadcrumb":{"@id":"https:\/\/www.erresse-shop.it\/es\/shop\/pequenos-electrodomesticos\/escalas\/bascula-de-cocina-smeg-negra\/#breadcrumb"},"inLanguage":"es","potentialAction":[{"@type":"ReadAction","target":["https:\/\/www.erresse-shop.it\/es\/shop\/pequenos-electrodomesticos\/escalas\/bascula-de-cocina-smeg-negra\/"]}]},{"@type":"BreadcrumbList","@id":"https:\/\/www.erresse-shop.it\/es\/shop\/pequenos-electrodomesticos\/escalas\/bascula-de-cocina-smeg-negra\/#breadcrumb","itemListElement":[{"@type":"ListItem","position":1,"name":"Home","item":"https:\/\/www.erresse-shop.it\/es\/"},{"@type":"ListItem","position":2,"name":"Shop","item":"https:\/\/www.erresse-shop.it\/es\/shop\/"},{"@type":"ListItem","position":3,"name":"B\u00e1scula de Cocina SMEG Negra"}]},{"@type":"WebSite","@id":"https:\/\/www.erresse-shop.it\/es\/#website","url":"https:\/\/www.erresse-shop.it\/es\/","name":"Erresse Shop","description":"Articoli di qualit\u00e0 per la casa","potentialAction":[{"@type":"SearchAction","target":{"@type":"EntryPoint","urlTemplate":"https:\/\/www.erresse-shop.it\/es\/?s={search_term_string}"},"query-input":"required name=search_term_string"}],"inLanguage":"es"}]}},"df_price":104.3,"df_sale_price":104.3,"df_regular_price":149,"df_image_link":"https:\/\/www.erresse-shop.it\/wp-content\/uploads\/2024\/05\/SMEG-Bilancia-da-Cucina-Nero-300x300.jpg","_links":{"self":[{"href":"https:\/\/www.erresse-shop.it\/es\/wp-json\/wp\/v2\/product\/408724"}],"collection":[{"href":"https:\/\/www.erresse-shop.it\/es\/wp-json\/wp\/v2\/product"}],"about":[{"href":"https:\/\/www.erresse-shop.it\/es\/wp-json\/wp\/v2\/types\/product"}],"wp:featuredmedia":[{"embeddable":true,"href":"https:\/\/www.erresse-shop.it\/es\/wp-json\/wp\/v2\/media\/461011"}],"wp:attachment":[{"href":"https:\/\/www.erresse-shop.it\/es\/wp-json\/wp\/v2\/media?parent=408724"}],"wp:term":[{"taxonomy":"product_cat","embeddable":true,"href":"https:\/\/www.erresse-shop.it\/es\/wp-json\/wp\/v2\/product_cat?post=408724"},{"taxonomy":"product_tag","embeddable":true,"href":"https:\/\/www.erresse-shop.it\/es\/wp-json\/wp\/v2\/product_tag?post=408724"}],"curies":[{"name":"wp","href":"https:\/\/api.w.org\/{rel}","templated":true}]}}