{"id":408646,"date":"2024-05-27T06:41:42","date_gmt":"2024-05-27T06:42:28","guid":{"rendered":"https:\/\/www.erresse-shop.it\/?post_type=product&#038;p=408646"},"modified":"2025-01-26T13:43:40","modified_gmt":"2025-01-26T13:43:40","slug":"smeg-aesthetic-50s-exprimidor-de-citricos-copia","status":"publish","type":"product","link":"https:\/\/www.erresse-shop.it\/es\/shop\/pequenos-electrodomesticos\/hornos\/smeg-aesthetic-50s-exprimidor-de-citricos-copia\/","title":{"rendered":"SMEG Aesthetic 50s Horno Combinado Vapor Azul Claro"},"content":{"rendered":"<p>Serie <strong>SMEG<\/strong> 50s<\/p>\n<p>Objetos de encuentro simb\u00f3lico, iconos que transforman el espacio que ocupan, los nuevos peque\u00f1os de la l\u00ednea Anni &#8217;50s, dise\u00f1ados en colaboraci\u00f3n con Matteo Bazzicalupo y Raffaella Mangiarotti de deepdesign, evocan otros tiempos y dan forma a lugares cotidianos, invirtiendo lo que ya existe o ha existido con un nuevo significado, como sucede en el arte y la memoria.<br \/>\nProductos de formas redondeadas y compactas, son protagonistas de la cocina, pensados para quienes desean tener una experiencia de chef, pero no s\u00f3lo. Para quien ama rodearse de objetos de fuerte car\u00e1cter est\u00e9tico sin perder de vista las prestaciones de alta calidad.<\/p>\n<p>Horno mixto 10 en 1 Made in Italy: la mejor tecnolog\u00eda de los hornos dom\u00e9sticos Smeg, dise\u00f1ada para la encimera de su cocina. Versatilidad y resultados de nivel profesional gracias a la cocci\u00f3n tradicional, con recetas al vapor y chef autom\u00e1tico.<\/p>\n<p><strong>EST\u00c9TICA<\/strong><\/p>\n<p><strong>Color<\/strong>: Azul claro<br \/>\n<strong>Acabado<\/strong>: Brillante<br \/>\n<strong>Est\u00e9tica<\/strong>: Estilo a\u00f1os 50<br \/>\n<strong>Color ventana<\/strong>: Ahumado<br \/>\n<strong>Color base<\/strong>: Gris mate<br \/>\n<strong>Material del asa<\/strong>: Aluminio<br \/>\n<strong>Material del dep\u00f3sito<\/strong>: Pl\u00e1stico<br \/>\n<strong>Material de los pies antideslizantes<\/strong>: Caucho<br \/>\n<strong>Color de la palanca de apertura del dep\u00f3sito<\/strong>: Azul pastel<br \/>\n<strong>Material de la ventana<\/strong>: Cristal con marco de pl\u00e1stico pulido<br \/>\n<strong>Material de la palanca de apertura del dep\u00f3sito<\/strong>: Pl\u00e1stico<\/p>\n<p><strong>PROGRAMAS \/ FUNCIONES<\/strong><\/p>\n<p><strong>N\u00ba de funciones de cocci\u00f3n<\/strong>: 10<br \/>\n<strong>Aviso de descalcificaci\u00f3n<\/strong>: S\u00ed<br \/>\n<strong>Aviso de dep\u00f3sito de agua vac\u00edo\/faltante<\/strong>: S\u00ed<br \/>\n<strong>Avisos ac\u00fasticos<\/strong>: Opcional<br \/>\n<strong>Funci\u00f3n grill<\/strong>: S\u00ed<br \/>\n<strong>Funci\u00f3n ventilada<\/strong>: S\u00ed<br \/>\n<strong>Funci\u00f3n ventilada b\u00e1sica<\/strong>: S\u00ed<br \/>\n<strong>Funci\u00f3n Air Fry<\/strong>: S\u00ed<br \/>\n<strong>Funci\u00f3n est\u00e1tica<\/strong>: S\u00ed<br \/>\n<strong>Men\u00fa de cocci\u00f3n tradicional<\/strong>: Est\u00e1tica, Ventilada, Grill, Base ventilada, Air fry, Mantener caliente, Descongelar<br \/>\n<strong>N\u00ba de recetas autom\u00e1ticas<\/strong>: 33<br \/>\n<strong>Funci\u00f3n combinada vapor + grill ventilado<\/strong>: S\u00ed (20-70%)<br \/>\n<strong>Funci\u00f3n vapor puro<\/strong>: S\u00ed (100%)<br \/>\n<strong>Funci\u00f3n descongelaci\u00f3n<\/strong>: S\u00ed<br \/>\n<strong>Men\u00fa Chef<\/strong>: Carnes y aves, Pescados y mariscos, Verduras y guarniciones, Tartas y postres, Pan \/ pizza y flanes<br \/>\n<strong>Funci\u00f3n mantener caliente<\/strong>: S\u00ed<br \/>\n<strong>Funci\u00f3n combinada vapor + ventilado<\/strong>: S\u00ed (20-70%)<br \/>\n<strong>Men\u00fa de cocci\u00f3n al vapor<\/strong>: Vapor puro (100%), Vapor combinado + ventilado, Vapor combinado + grill ventilado<\/p>\n<p><strong>COMANDOS<\/strong><br \/>\n<strong>Tipo de mando<\/strong>: Botones<br \/>\n<strong>Material de los botones<\/strong>: Pl\u00e1stico<br \/>\n<strong>Color de los botones<\/strong>: Blanco<br \/>\n<strong>N\u00famero de botones para bebidas<\/strong>: 4<br \/>\n<strong>Encendido\/apagado autom\u00e1tico<\/strong><\/p>\n<p><strong>CARACTER\u00cdSTICAS T\u00c9CNICAS<\/strong><\/p>\n<p><strong>Tecnolog\u00eda de visualizaci\u00f3n<\/strong>: LCD en color<br \/>\n<strong>Dep\u00f3sito de agua extra\u00edble<\/strong>: S\u00ed<br \/>\n<strong>Ajuste de temperatura<\/strong>: Electr\u00f3nico<br \/>\n<strong>Temperatura m\u00ednima<\/strong>: 40 \u00b0C<br \/>\n<strong>Temperatura m\u00e1xima<\/strong>: 230 \u00b0C<br \/>\n<strong>Material de la cavidad<\/strong>: Esmaltado<br \/>\n<strong>N\u00famero de estantes<\/strong>: 3<br \/>\n<strong>Tipo de estantes<\/strong>: Marcos met\u00e1licos<br \/>\n<strong>Ventilador<\/strong>: Simple<\/p>\n<p><strong>CONEXI\u00d3N EL\u00c9CTRICA<\/strong><br \/>\n<strong>Tensi\u00f3n (V)<\/strong>: 220-240 V<br \/>\n<strong>Frecuencia Hz<\/strong>: 50\/60 Hz<br \/>\n<strong>Longitud del cable de alimentaci\u00f3n<\/strong>: 1 m<\/p>\n<p><span style=\"text-decoration: underline;\"><strong>No se vende fuera de Europa<\/strong><\/span><\/p>\n","protected":false},"excerpt":{"rendered":"<p>Serie SMEG 50s Objetos de encuentro simb\u00f3lico, iconos que transforman el espacio que ocupan, los nuevos peque\u00f1os de la l\u00ednea<\/p>\n","protected":false},"featured_media":483556,"template":"","meta":{"_acf_changed":false,"inline_featured_image":false},"product_cat":[16079,16073],"product_tag":[25183,23912,16402,19956,19957,25023],"acf":[],"yoast_head":"<!-- This site is optimized with the Yoast SEO Premium plugin v18.6 (Yoast SEO v19.13) - https:\/\/yoast.com\/wordpress\/plugins\/seo\/ -->\n<title>SMEG Aesthetic 50s Horno Combinado Vapor Azul Claro - Erresse Shop<\/title>\n<meta name=\"description\" content=\"Serie SMEG 50s Objetos de encuentro simb\u00f3lico, iconos que transforman el espacio que ocupan, los nuevos peque\u00f1os de la l\u00ednea Anni &#039;50s, dise\u00f1ados en\" \/>\n<meta name=\"robots\" content=\"index, follow, max-snippet:-1, max-image-preview:large, max-video-preview:-1\" \/>\n<link rel=\"canonical\" href=\"https:\/\/www.erresse-shop.it\/es\/shop\/pequenos-electrodomesticos\/hornos\/smeg-aesthetic-50s-exprimidor-de-citricos-copia\/\" \/>\n<meta property=\"og:locale\" content=\"es_ES\" \/>\n<meta property=\"og:type\" content=\"article\" \/>\n<meta property=\"og:title\" content=\"SMEG Aesthetic 50s Horno Combinado Vapor Azul Claro\" \/>\n<meta property=\"og:description\" content=\"Serie SMEG 50s Objetos de encuentro simb\u00f3lico, iconos que transforman el espacio que ocupan, los nuevos peque\u00f1os de la l\u00ednea Anni &#039;50s, dise\u00f1ados en\" \/>\n<meta property=\"og:url\" content=\"https:\/\/www.erresse-shop.it\/es\/shop\/pequenos-electrodomesticos\/hornos\/smeg-aesthetic-50s-exprimidor-de-citricos-copia\/\" \/>\n<meta property=\"og:site_name\" content=\"Erresse Shop\" \/>\n<meta property=\"article:modified_time\" content=\"2025-01-26T13:43:40+00:00\" \/>\n<meta property=\"og:image\" content=\"https:\/\/www.erresse-shop.it\/wp-content\/uploads\/2024\/05\/SMEG-Estetica-Anni-50-Forno-Combinato-a-Vapore-Azzurro.png\" \/>\n\t<meta property=\"og:image:width\" content=\"800\" \/>\n\t<meta property=\"og:image:height\" content=\"800\" \/>\n\t<meta property=\"og:image:type\" content=\"image\/png\" \/>\n<meta name=\"twitter:card\" content=\"summary_large_image\" \/>\n<script type=\"application\/ld+json\" class=\"yoast-schema-graph\">{\"@context\":\"https:\/\/schema.org\",\"@graph\":[{\"@type\":\"WebPage\",\"@id\":\"https:\/\/www.erresse-shop.it\/es\/shop\/pequenos-electrodomesticos\/hornos\/smeg-aesthetic-50s-exprimidor-de-citricos-copia\/\",\"url\":\"https:\/\/www.erresse-shop.it\/es\/shop\/pequenos-electrodomesticos\/hornos\/smeg-aesthetic-50s-exprimidor-de-citricos-copia\/\",\"name\":\"SMEG Aesthetic 50s Horno Combinado Vapor Azul Claro - Erresse Shop\",\"isPartOf\":{\"@id\":\"https:\/\/www.erresse-shop.it\/es\/#website\"},\"datePublished\":\"2024-05-27T06:42:28+00:00\",\"dateModified\":\"2025-01-26T13:43:40+00:00\",\"description\":\"Serie SMEG 50s Objetos de encuentro simb\u00f3lico, iconos que transforman el espacio que ocupan, los nuevos peque\u00f1os de la l\u00ednea Anni '50s, dise\u00f1ados en\",\"breadcrumb\":{\"@id\":\"https:\/\/www.erresse-shop.it\/es\/shop\/pequenos-electrodomesticos\/hornos\/smeg-aesthetic-50s-exprimidor-de-citricos-copia\/#breadcrumb\"},\"inLanguage\":\"es\",\"potentialAction\":[{\"@type\":\"ReadAction\",\"target\":[\"https:\/\/www.erresse-shop.it\/es\/shop\/pequenos-electrodomesticos\/hornos\/smeg-aesthetic-50s-exprimidor-de-citricos-copia\/\"]}]},{\"@type\":\"BreadcrumbList\",\"@id\":\"https:\/\/www.erresse-shop.it\/es\/shop\/pequenos-electrodomesticos\/hornos\/smeg-aesthetic-50s-exprimidor-de-citricos-copia\/#breadcrumb\",\"itemListElement\":[{\"@type\":\"ListItem\",\"position\":1,\"name\":\"Home\",\"item\":\"https:\/\/www.erresse-shop.it\/es\/\"},{\"@type\":\"ListItem\",\"position\":2,\"name\":\"Shop\",\"item\":\"https:\/\/www.erresse-shop.it\/es\/shop\/\"},{\"@type\":\"ListItem\",\"position\":3,\"name\":\"SMEG Aesthetic 50s Horno Combinado Vapor Azul Claro\"}]},{\"@type\":\"WebSite\",\"@id\":\"https:\/\/www.erresse-shop.it\/es\/#website\",\"url\":\"https:\/\/www.erresse-shop.it\/es\/\",\"name\":\"Erresse Shop\",\"description\":\"Articoli di qualit\u00e0 per la casa\",\"potentialAction\":[{\"@type\":\"SearchAction\",\"target\":{\"@type\":\"EntryPoint\",\"urlTemplate\":\"https:\/\/www.erresse-shop.it\/es\/?s={search_term_string}\"},\"query-input\":\"required name=search_term_string\"}],\"inLanguage\":\"es\"}]}<\/script>\n<!-- \/ Yoast SEO Premium plugin. -->","yoast_head_json":{"title":"SMEG Aesthetic 50s Horno Combinado Vapor Azul Claro - Erresse Shop","description":"Serie SMEG 50s Objetos de encuentro simb\u00f3lico, iconos que transforman el espacio que ocupan, los nuevos peque\u00f1os de la l\u00ednea Anni '50s, dise\u00f1ados en","robots":{"index":"index","follow":"follow","max-snippet":"max-snippet:-1","max-image-preview":"max-image-preview:large","max-video-preview":"max-video-preview:-1"},"canonical":"https:\/\/www.erresse-shop.it\/es\/shop\/pequenos-electrodomesticos\/hornos\/smeg-aesthetic-50s-exprimidor-de-citricos-copia\/","og_locale":"es_ES","og_type":"article","og_title":"SMEG Aesthetic 50s Horno Combinado Vapor Azul Claro","og_description":"Serie SMEG 50s Objetos de encuentro simb\u00f3lico, iconos que transforman el espacio que ocupan, los nuevos peque\u00f1os de la l\u00ednea Anni '50s, dise\u00f1ados en","og_url":"https:\/\/www.erresse-shop.it\/es\/shop\/pequenos-electrodomesticos\/hornos\/smeg-aesthetic-50s-exprimidor-de-citricos-copia\/","og_site_name":"Erresse Shop","article_modified_time":"2025-01-26T13:43:40+00:00","og_image":[{"width":800,"height":800,"url":"https:\/\/www.erresse-shop.it\/wp-content\/uploads\/2024\/05\/SMEG-Estetica-Anni-50-Forno-Combinato-a-Vapore-Azzurro.png","type":"image\/png"}],"twitter_card":"summary_large_image","schema":{"@context":"https:\/\/schema.org","@graph":[{"@type":"WebPage","@id":"https:\/\/www.erresse-shop.it\/es\/shop\/pequenos-electrodomesticos\/hornos\/smeg-aesthetic-50s-exprimidor-de-citricos-copia\/","url":"https:\/\/www.erresse-shop.it\/es\/shop\/pequenos-electrodomesticos\/hornos\/smeg-aesthetic-50s-exprimidor-de-citricos-copia\/","name":"SMEG Aesthetic 50s Horno Combinado Vapor Azul Claro - Erresse Shop","isPartOf":{"@id":"https:\/\/www.erresse-shop.it\/es\/#website"},"datePublished":"2024-05-27T06:42:28+00:00","dateModified":"2025-01-26T13:43:40+00:00","description":"Serie SMEG 50s Objetos de encuentro simb\u00f3lico, iconos que transforman el espacio que ocupan, los nuevos peque\u00f1os de la l\u00ednea Anni '50s, dise\u00f1ados en","breadcrumb":{"@id":"https:\/\/www.erresse-shop.it\/es\/shop\/pequenos-electrodomesticos\/hornos\/smeg-aesthetic-50s-exprimidor-de-citricos-copia\/#breadcrumb"},"inLanguage":"es","potentialAction":[{"@type":"ReadAction","target":["https:\/\/www.erresse-shop.it\/es\/shop\/pequenos-electrodomesticos\/hornos\/smeg-aesthetic-50s-exprimidor-de-citricos-copia\/"]}]},{"@type":"BreadcrumbList","@id":"https:\/\/www.erresse-shop.it\/es\/shop\/pequenos-electrodomesticos\/hornos\/smeg-aesthetic-50s-exprimidor-de-citricos-copia\/#breadcrumb","itemListElement":[{"@type":"ListItem","position":1,"name":"Home","item":"https:\/\/www.erresse-shop.it\/es\/"},{"@type":"ListItem","position":2,"name":"Shop","item":"https:\/\/www.erresse-shop.it\/es\/shop\/"},{"@type":"ListItem","position":3,"name":"SMEG Aesthetic 50s Horno Combinado Vapor Azul Claro"}]},{"@type":"WebSite","@id":"https:\/\/www.erresse-shop.it\/es\/#website","url":"https:\/\/www.erresse-shop.it\/es\/","name":"Erresse Shop","description":"Articoli di qualit\u00e0 per la casa","potentialAction":[{"@type":"SearchAction","target":{"@type":"EntryPoint","urlTemplate":"https:\/\/www.erresse-shop.it\/es\/?s={search_term_string}"},"query-input":"required name=search_term_string"}],"inLanguage":"es"}]}},"df_price":629.3,"df_sale_price":629.3,"df_regular_price":899,"df_image_link":"https:\/\/www.erresse-shop.it\/wp-content\/uploads\/2024\/05\/SMEG-Estetica-Anni-50-Forno-Combinato-a-Vapore-Azzurro-300x300.jpg","_links":{"self":[{"href":"https:\/\/www.erresse-shop.it\/es\/wp-json\/wp\/v2\/product\/408646"}],"collection":[{"href":"https:\/\/www.erresse-shop.it\/es\/wp-json\/wp\/v2\/product"}],"about":[{"href":"https:\/\/www.erresse-shop.it\/es\/wp-json\/wp\/v2\/types\/product"}],"wp:featuredmedia":[{"embeddable":true,"href":"https:\/\/www.erresse-shop.it\/es\/wp-json\/wp\/v2\/media\/483556"}],"wp:attachment":[{"href":"https:\/\/www.erresse-shop.it\/es\/wp-json\/wp\/v2\/media?parent=408646"}],"wp:term":[{"taxonomy":"product_cat","embeddable":true,"href":"https:\/\/www.erresse-shop.it\/es\/wp-json\/wp\/v2\/product_cat?post=408646"},{"taxonomy":"product_tag","embeddable":true,"href":"https:\/\/www.erresse-shop.it\/es\/wp-json\/wp\/v2\/product_tag?post=408646"}],"curies":[{"name":"wp","href":"https:\/\/api.w.org\/{rel}","templated":true}]}}