{"id":408611,"date":"2024-05-27T06:29:54","date_gmt":"2024-05-27T06:29:58","guid":{"rendered":"https:\/\/www.erresse-shop.it\/?post_type=product&#038;p=408611"},"modified":"2024-10-28T14:36:41","modified_gmt":"2024-10-28T14:36:41","slug":"smeg-cafetera-automatica-con-varilla-de-vapor-blanca","status":"publish","type":"product","link":"https:\/\/www.erresse-shop.it\/es\/shop\/pequenos-electrodomesticos\/maquinas-de-cafe\/automatico\/smeg-cafetera-automatica-con-varilla-de-vapor-blanca\/","title":{"rendered":"SMEG Cafetera Autom\u00e1tica con Varilla de Vapor Blanca"},"content":{"rendered":"<p><strong>F\u00c1CIL DE USAR<\/strong><br \/>\nSimplemente llene el recipiente con sus granos de caf\u00e9 favoritos y seleccione su bebida. Gracias al panel de control intuitivo y las funciones one touch, en unos segundos su caf\u00e9 estar\u00e1 listo.<\/p>\n<p><strong>BEBIDAS M\u00daLTIPLES<\/strong><br \/>\nA partir de granos reci\u00e9n molidos se pueden obtener diferentes bebidas seg\u00fan su gusto: caf\u00e9 negro, Espresso, Americano, caf\u00e9 Ristretto y, con funci\u00f3n de vaporizaci\u00f3n \/ vaporizaci\u00f3n de la leche, tambi\u00e9n capuchinos y latte macchiato.<\/p>\n<p><strong>F\u00c1CIL MANTENIMIENTO<\/strong><br \/>\nSu mantenimiento es muy sencillo ya que cuenta con una unidad de infusi\u00f3n extra\u00edble y un tanque que permite limpiar la m\u00e1quina con facilidad. Finalmente, la molienda directa del caf\u00e9 permite evitar el uso de c\u00e1psulas, minimizando el desperdicio.<\/p>\n<p><strong>EST\u00c9TICA<\/strong><br \/>\n<strong>Color:<\/strong> Blanco<br \/>\n<strong>Acabado:<\/strong> Mate<br \/>\n<strong>Est\u00e9tica:<\/strong> 50&#8217;s Style<br \/>\n<strong>Material del cuerpo:<\/strong> Pl\u00e1stico<br \/>\n<strong>Material del panel frontal:<\/strong> Aluminio<br \/>\n<strong>Acabado panel frontal:<\/strong> Aluminio cepillado con borde pulido<br \/>\n<strong>Material de la base apoya tazas:<\/strong> Aluminio<br \/>\n<strong>Acabado de la bandeja:<\/strong> Aluminio cepillado con borde pulido<br \/>\n<strong>Material dep\u00f3sito de agua:<\/strong> SAN<br \/>\n<strong>Color dep\u00f3sito de agua:<\/strong> Gris ahumado<br \/>\n<strong>Material del asa del dep\u00f3sito de agua:<\/strong> Pl\u00e1stico<br \/>\n<strong>Color del asa del dep\u00f3sito de agua:<\/strong> Gris<br \/>\n<strong>Material del dispensador de caf\u00e9:<\/strong> Pl\u00e1stico<br \/>\n<strong>Steam nozzle material:<\/strong> Steel<\/p>\n<p><strong>PROGRAMAS\/FUNCIONES<\/strong><br \/>\n<strong>Funci\u00f3n men\u00fa principal:<\/strong> S\u00ed<br \/>\n<strong>Funci\u00f3n men\u00fa secundario:<\/strong> S\u00ed<br \/>\n<strong>Funci\u00f3n caf\u00e9 Ristretto:<\/strong> S\u00ed<br \/>\n<strong>Funci\u00f3n caf\u00e9 expresso:<\/strong> S\u00ed<br \/>\n<strong>Funci\u00f3n caf\u00e9:<\/strong> S\u00ed<br \/>\n<strong>Funci\u00f3n de agua caliente para el t\u00e9 y otras bebidas:<\/strong> S\u00ed<br \/>\n<strong>Funci\u00f3n caf\u00e9 Ristretto (light):<\/strong> S\u00ed<br \/>\n<strong>Funci\u00f3n caf\u00e9 expresso (light):<\/strong> S\u00ed<br \/>\n<strong>Funci\u00f3n caf\u00e9 largo:<\/strong> S\u00ed<br \/>\n<strong>Funci\u00f3n vapor:<\/strong> S\u00ed<br \/>\n<strong>Nivel de molido ajustable:<\/strong> S\u00ed<br \/>\n<strong>Largo de caf\u00e9 ajustable:<\/strong> S\u00ed<br \/>\n<strong>Altura del dispensador ajustable:<\/strong> S\u00ed<br \/>\n<strong>Nivel m\u00ednimo \/ m\u00e1ximo del dispensador de caf\u00e9:<\/strong> S\u00ed<br \/>\n<strong>Dureza del agua ajustable:<\/strong> blanda \/ media \/ dura<br \/>\n<strong>Enjuage autom\u00e1tico:<\/strong> S\u00ed<br \/>\n<strong>Limpieza manual del dispensador de caf\u00e9:<\/strong> S\u00ed<br \/>\n<strong>Steam nozzle manual cleaning:<\/strong> S\u00ed<br \/>\n<strong>Alarma de descalcificaci\u00f3n:<\/strong> S\u00ed<br \/>\n<strong>Alarma dep\u00f3sito de posos de caf\u00e9 lleno:<\/strong> S\u00ed<br \/>\n<strong>Alarma falta de caf\u00e9:<\/strong> S\u00ed<br \/>\n<strong>Alarma dep\u00f3sito de agua vac\u00edo:<\/strong> S\u00ed<br \/>\n<strong>Alarma de falta grupo de preparaci\u00f3n o no insertado correctamente:<\/strong> S\u00ed<br \/>\n<strong>Alarma de sonido despu\u00e9s de la preparaci\u00f3n:<\/strong> Opcional<br \/>\n<strong>Dispensador de caf\u00e9 iluminado:<\/strong> S\u00ed<br \/>\n<strong>Apagado autom\u00e1tico:<\/strong> S\u00ed<\/p>\n<p><strong>MANDOS<\/strong><br \/>\n<strong>Tipo mandos:<\/strong> Botones<br \/>\n<strong>Material botones:<\/strong> Pl\u00e1stico<br \/>\n<strong>Color botones:<\/strong> Blanco<br \/>\n<strong>N\u00ba de botones para bebidas:<\/strong> 4<br \/>\n<strong>Bot\u00f3n de men\u00fa:<\/strong> 1<br \/>\n<strong>Bot\u00f3n On\/Off:<\/strong> S\u00ed<\/p>\n<p><strong>CARACTER\u00cdSTICAS T\u00c9CNICAS<\/strong><br \/>\n<strong>Sistema de calentamiento:<\/strong> Thermoblock<br \/>\n<strong>Presi\u00f3n bomba:<\/strong> 19 bar<br \/>\n<strong>Unidad de preparaci\u00f3n extra\u00edble:<\/strong> S\u00ed<br \/>\n<strong>Capacidad del contenedor de granos de caf\u00e9:<\/strong> 150 g<br \/>\n<strong>Capacidad del contenedor de posos de caf\u00e9:<\/strong> 8<br \/>\n<strong>Recipiente de agua extra\u00edble:<\/strong> S\u00ed<br \/>\n<strong>Capacidad del contenedor de agua:<\/strong> 1.4 l<br \/>\n<strong>Caj\u00f3n recoje-gotas:<\/strong> S\u00ed<br \/>\n<strong>Dispensador agua caliente\/vapor:<\/strong> S\u00ed<\/p>\n<p><strong>CONEXI\u00d3N EL\u00c9CTRICA<\/strong><br \/>\n<strong>Tensi\u00f3n (V):<\/strong> 220-240 V<br \/>\n<strong>Frecuencia Hz:<\/strong> 50\/60 Hz<br \/>\n<strong>Largo cable enchufe:<\/strong> 1 m<\/p>\n<p><span style=\"text-decoration: underline;\"><strong>No se vende fuera de Europa<\/strong><\/span><\/p>\n","protected":false},"excerpt":{"rendered":"<p>F\u00c1CIL DE USAR Simplemente llene el recipiente con sus granos de caf\u00e9 favoritos y seleccione su bebida. Gracias al panel<\/p>\n","protected":false},"featured_media":507541,"template":"","meta":{"_acf_changed":false,"inline_featured_image":false},"product_cat":[25362,16076,16073],"product_tag":[25183,23912,23574,16307,23570,16395,25023],"acf":[],"yoast_head":"<!-- This site is optimized with the Yoast SEO Premium plugin v18.6 (Yoast SEO v19.13) - https:\/\/yoast.com\/wordpress\/plugins\/seo\/ -->\n<title>SMEG Cafetera Autom\u00e1tica con Varilla de Vapor Blanca - Erresse Shop<\/title>\n<meta name=\"description\" content=\"F\u00c1CIL DE USAR Simplemente llene el recipiente con sus granos de caf\u00e9 favoritos y seleccione su bebida. Gracias al panel de control intuitivo y las\" \/>\n<meta name=\"robots\" content=\"index, follow, max-snippet:-1, max-image-preview:large, max-video-preview:-1\" \/>\n<link rel=\"canonical\" href=\"https:\/\/www.erresse-shop.it\/es\/shop\/pequenos-electrodomesticos\/maquinas-de-cafe\/automatico\/smeg-cafetera-automatica-con-varilla-de-vapor-blanca\/\" \/>\n<meta property=\"og:locale\" content=\"es_ES\" \/>\n<meta property=\"og:type\" content=\"article\" \/>\n<meta property=\"og:title\" content=\"SMEG Cafetera Autom\u00e1tica con Varilla de Vapor Blanca\" \/>\n<meta property=\"og:description\" content=\"F\u00c1CIL DE USAR Simplemente llene el recipiente con sus granos de caf\u00e9 favoritos y seleccione su bebida. Gracias al panel de control intuitivo y las\" \/>\n<meta property=\"og:url\" content=\"https:\/\/www.erresse-shop.it\/es\/shop\/pequenos-electrodomesticos\/maquinas-de-cafe\/automatico\/smeg-cafetera-automatica-con-varilla-de-vapor-blanca\/\" \/>\n<meta property=\"og:site_name\" content=\"Erresse Shop\" \/>\n<meta property=\"article:modified_time\" content=\"2024-10-28T14:36:41+00:00\" \/>\n<meta property=\"og:image\" content=\"https:\/\/www.erresse-shop.it\/wp-content\/uploads\/2024\/05\/SMEG-Macchina-da-Caffe-Automatica-con-Lancia-Vapore-Bianco.png\" \/>\n\t<meta property=\"og:image:width\" content=\"800\" \/>\n\t<meta property=\"og:image:height\" content=\"800\" \/>\n\t<meta property=\"og:image:type\" content=\"image\/png\" \/>\n<meta name=\"twitter:card\" content=\"summary_large_image\" \/>\n<script type=\"application\/ld+json\" class=\"yoast-schema-graph\">{\"@context\":\"https:\/\/schema.org\",\"@graph\":[{\"@type\":\"WebPage\",\"@id\":\"https:\/\/www.erresse-shop.it\/es\/shop\/pequenos-electrodomesticos\/maquinas-de-cafe\/automatico\/smeg-cafetera-automatica-con-varilla-de-vapor-blanca\/\",\"url\":\"https:\/\/www.erresse-shop.it\/es\/shop\/pequenos-electrodomesticos\/maquinas-de-cafe\/automatico\/smeg-cafetera-automatica-con-varilla-de-vapor-blanca\/\",\"name\":\"SMEG Cafetera Autom\u00e1tica con Varilla de Vapor Blanca - Erresse Shop\",\"isPartOf\":{\"@id\":\"https:\/\/www.erresse-shop.it\/es\/#website\"},\"datePublished\":\"2024-05-27T06:29:58+00:00\",\"dateModified\":\"2024-10-28T14:36:41+00:00\",\"description\":\"F\u00c1CIL DE USAR Simplemente llene el recipiente con sus granos de caf\u00e9 favoritos y seleccione su bebida. Gracias al panel de control intuitivo y las\",\"breadcrumb\":{\"@id\":\"https:\/\/www.erresse-shop.it\/es\/shop\/pequenos-electrodomesticos\/maquinas-de-cafe\/automatico\/smeg-cafetera-automatica-con-varilla-de-vapor-blanca\/#breadcrumb\"},\"inLanguage\":\"es\",\"potentialAction\":[{\"@type\":\"ReadAction\",\"target\":[\"https:\/\/www.erresse-shop.it\/es\/shop\/pequenos-electrodomesticos\/maquinas-de-cafe\/automatico\/smeg-cafetera-automatica-con-varilla-de-vapor-blanca\/\"]}]},{\"@type\":\"BreadcrumbList\",\"@id\":\"https:\/\/www.erresse-shop.it\/es\/shop\/pequenos-electrodomesticos\/maquinas-de-cafe\/automatico\/smeg-cafetera-automatica-con-varilla-de-vapor-blanca\/#breadcrumb\",\"itemListElement\":[{\"@type\":\"ListItem\",\"position\":1,\"name\":\"Home\",\"item\":\"https:\/\/www.erresse-shop.it\/es\/\"},{\"@type\":\"ListItem\",\"position\":2,\"name\":\"Shop\",\"item\":\"https:\/\/www.erresse-shop.it\/es\/shop\/\"},{\"@type\":\"ListItem\",\"position\":3,\"name\":\"SMEG Cafetera Autom\u00e1tica con Varilla de Vapor Blanca\"}]},{\"@type\":\"WebSite\",\"@id\":\"https:\/\/www.erresse-shop.it\/es\/#website\",\"url\":\"https:\/\/www.erresse-shop.it\/es\/\",\"name\":\"Erresse Shop\",\"description\":\"Articoli di qualit\u00e0 per la casa\",\"potentialAction\":[{\"@type\":\"SearchAction\",\"target\":{\"@type\":\"EntryPoint\",\"urlTemplate\":\"https:\/\/www.erresse-shop.it\/es\/?s={search_term_string}\"},\"query-input\":\"required name=search_term_string\"}],\"inLanguage\":\"es\"}]}<\/script>\n<!-- \/ Yoast SEO Premium plugin. -->","yoast_head_json":{"title":"SMEG Cafetera Autom\u00e1tica con Varilla de Vapor Blanca - Erresse Shop","description":"F\u00c1CIL DE USAR Simplemente llene el recipiente con sus granos de caf\u00e9 favoritos y seleccione su bebida. Gracias al panel de control intuitivo y las","robots":{"index":"index","follow":"follow","max-snippet":"max-snippet:-1","max-image-preview":"max-image-preview:large","max-video-preview":"max-video-preview:-1"},"canonical":"https:\/\/www.erresse-shop.it\/es\/shop\/pequenos-electrodomesticos\/maquinas-de-cafe\/automatico\/smeg-cafetera-automatica-con-varilla-de-vapor-blanca\/","og_locale":"es_ES","og_type":"article","og_title":"SMEG Cafetera Autom\u00e1tica con Varilla de Vapor Blanca","og_description":"F\u00c1CIL DE USAR Simplemente llene el recipiente con sus granos de caf\u00e9 favoritos y seleccione su bebida. Gracias al panel de control intuitivo y las","og_url":"https:\/\/www.erresse-shop.it\/es\/shop\/pequenos-electrodomesticos\/maquinas-de-cafe\/automatico\/smeg-cafetera-automatica-con-varilla-de-vapor-blanca\/","og_site_name":"Erresse Shop","article_modified_time":"2024-10-28T14:36:41+00:00","og_image":[{"width":800,"height":800,"url":"https:\/\/www.erresse-shop.it\/wp-content\/uploads\/2024\/05\/SMEG-Macchina-da-Caffe-Automatica-con-Lancia-Vapore-Bianco.png","type":"image\/png"}],"twitter_card":"summary_large_image","schema":{"@context":"https:\/\/schema.org","@graph":[{"@type":"WebPage","@id":"https:\/\/www.erresse-shop.it\/es\/shop\/pequenos-electrodomesticos\/maquinas-de-cafe\/automatico\/smeg-cafetera-automatica-con-varilla-de-vapor-blanca\/","url":"https:\/\/www.erresse-shop.it\/es\/shop\/pequenos-electrodomesticos\/maquinas-de-cafe\/automatico\/smeg-cafetera-automatica-con-varilla-de-vapor-blanca\/","name":"SMEG Cafetera Autom\u00e1tica con Varilla de Vapor Blanca - Erresse Shop","isPartOf":{"@id":"https:\/\/www.erresse-shop.it\/es\/#website"},"datePublished":"2024-05-27T06:29:58+00:00","dateModified":"2024-10-28T14:36:41+00:00","description":"F\u00c1CIL DE USAR Simplemente llene el recipiente con sus granos de caf\u00e9 favoritos y seleccione su bebida. Gracias al panel de control intuitivo y las","breadcrumb":{"@id":"https:\/\/www.erresse-shop.it\/es\/shop\/pequenos-electrodomesticos\/maquinas-de-cafe\/automatico\/smeg-cafetera-automatica-con-varilla-de-vapor-blanca\/#breadcrumb"},"inLanguage":"es","potentialAction":[{"@type":"ReadAction","target":["https:\/\/www.erresse-shop.it\/es\/shop\/pequenos-electrodomesticos\/maquinas-de-cafe\/automatico\/smeg-cafetera-automatica-con-varilla-de-vapor-blanca\/"]}]},{"@type":"BreadcrumbList","@id":"https:\/\/www.erresse-shop.it\/es\/shop\/pequenos-electrodomesticos\/maquinas-de-cafe\/automatico\/smeg-cafetera-automatica-con-varilla-de-vapor-blanca\/#breadcrumb","itemListElement":[{"@type":"ListItem","position":1,"name":"Home","item":"https:\/\/www.erresse-shop.it\/es\/"},{"@type":"ListItem","position":2,"name":"Shop","item":"https:\/\/www.erresse-shop.it\/es\/shop\/"},{"@type":"ListItem","position":3,"name":"SMEG Cafetera Autom\u00e1tica con Varilla de Vapor Blanca"}]},{"@type":"WebSite","@id":"https:\/\/www.erresse-shop.it\/es\/#website","url":"https:\/\/www.erresse-shop.it\/es\/","name":"Erresse Shop","description":"Articoli di qualit\u00e0 per la casa","potentialAction":[{"@type":"SearchAction","target":{"@type":"EntryPoint","urlTemplate":"https:\/\/www.erresse-shop.it\/es\/?s={search_term_string}"},"query-input":"required name=search_term_string"}],"inLanguage":"es"}]}},"df_price":489.29999999999995,"df_sale_price":489.29999999999995,"df_regular_price":699,"df_image_link":"https:\/\/www.erresse-shop.it\/wp-content\/uploads\/2024\/05\/SMEG-Macchina-da-Caffe-Automatica-con-Lancia-Vapore-Bianco-300x300.jpg","_links":{"self":[{"href":"https:\/\/www.erresse-shop.it\/es\/wp-json\/wp\/v2\/product\/408611"}],"collection":[{"href":"https:\/\/www.erresse-shop.it\/es\/wp-json\/wp\/v2\/product"}],"about":[{"href":"https:\/\/www.erresse-shop.it\/es\/wp-json\/wp\/v2\/types\/product"}],"wp:featuredmedia":[{"embeddable":true,"href":"https:\/\/www.erresse-shop.it\/es\/wp-json\/wp\/v2\/media\/507541"}],"wp:attachment":[{"href":"https:\/\/www.erresse-shop.it\/es\/wp-json\/wp\/v2\/media?parent=408611"}],"wp:term":[{"taxonomy":"product_cat","embeddable":true,"href":"https:\/\/www.erresse-shop.it\/es\/wp-json\/wp\/v2\/product_cat?post=408611"},{"taxonomy":"product_tag","embeddable":true,"href":"https:\/\/www.erresse-shop.it\/es\/wp-json\/wp\/v2\/product_tag?post=408611"}],"curies":[{"name":"wp","href":"https:\/\/api.w.org\/{rel}","templated":true}]}}