{"id":408397,"date":"2024-05-24T13:05:37","date_gmt":"2024-05-24T13:05:39","guid":{"rendered":"https:\/\/www.erresse-shop.it\/?post_type=product&#038;p=408397"},"modified":"2024-10-28T14:49:17","modified_gmt":"2024-10-28T14:49:17","slug":"weber-barbacoa-de-carbon-original-hervidor-e-4710-47-cm","status":"publish","type":"product","link":"https:\/\/www.erresse-shop.it\/es\/shop\/pequenos-electrodomesticos\/parrillas-y-barbacoas\/weber-barbacoa-de-carbon-original-hervidor-e-4710-47-cm\/","title":{"rendered":"WEBER Barbacoa de carb\u00f3n Original Hervidor E-4710 47 cm"},"content":{"rendered":"<p>Levantemos nuestras copas y celebremos la versi\u00f3n moderna del hervidor que lo empez\u00f3 todo: el Hervidor Original, inventado por el fundador de Weber y adorado en todo el mundo. Con caracter\u00edsticas innovadoras como el sistema de limpieza One-Touch, un recogedor de cenizas de gran capacidad y ganchos integrados para utensilios que facilitan el acceso al cocinar, el ic\u00f3nico hervidor sigue siendo la barbacoa creada para todos.<\/p>\n<p><strong>ESPECIFICACIONES T\u00c9CNICAS<\/strong><\/p>\n<ul>\n<li>Dimensiones con la tapa abierta: 84 cm de alto x 60 cm de ancho x 67 cm de fondo<\/li>\n<li>Dimensiones con la tapa cerrada: 97 cm de alto x 60 cm de ancho x 57 cm de fondo<\/li>\n<li>Di\u00e1metro: 47 cm<\/li>\n<li>Superficie total de cocci\u00f3n: 1548 cm\u00b2.<\/li>\n<li>Tipo de combustible: carb\u00f3n<\/li>\n<\/ul>\n","protected":false},"excerpt":{"rendered":"<p>Levantemos nuestras copas y celebremos la versi\u00f3n moderna del hervidor que lo empez\u00f3 todo: el Hervidor Original, inventado por el<\/p>\n","protected":false},"featured_media":507906,"template":"","meta":{"_acf_changed":false,"inline_featured_image":false},"product_cat":[16083,16073],"product_tag":[25183,16167,22517,16138,24605,16168,25023,22518],"acf":[],"yoast_head":"<!-- This site is optimized with the Yoast SEO Premium plugin v18.6 (Yoast SEO v19.13) - https:\/\/yoast.com\/wordpress\/plugins\/seo\/ -->\n<title>WEBER Barbacoa de carb\u00f3n Original Hervidor E-4710 47 cm - Erresse Shop<\/title>\n<meta name=\"description\" content=\"Levantemos nuestras copas y celebremos la versi\u00f3n moderna del hervidor que lo empez\u00f3 todo: el Hervidor Original, inventado por el fundador de Weber y\" \/>\n<meta name=\"robots\" content=\"index, follow, max-snippet:-1, max-image-preview:large, max-video-preview:-1\" \/>\n<link rel=\"canonical\" href=\"https:\/\/www.erresse-shop.it\/es\/shop\/pequenos-electrodomesticos\/parrillas-y-barbacoas\/weber-barbacoa-de-carbon-original-hervidor-e-4710-47-cm\/\" \/>\n<meta property=\"og:locale\" content=\"es_ES\" \/>\n<meta property=\"og:type\" content=\"article\" \/>\n<meta property=\"og:title\" content=\"WEBER Barbacoa de carb\u00f3n Original Hervidor E-4710 47 cm\" \/>\n<meta property=\"og:description\" content=\"Levantemos nuestras copas y celebremos la versi\u00f3n moderna del hervidor que lo empez\u00f3 todo: el Hervidor Original, inventado por el fundador de Weber y\" \/>\n<meta property=\"og:url\" content=\"https:\/\/www.erresse-shop.it\/es\/shop\/pequenos-electrodomesticos\/parrillas-y-barbacoas\/weber-barbacoa-de-carbon-original-hervidor-e-4710-47-cm\/\" \/>\n<meta property=\"og:site_name\" content=\"Erresse Shop\" \/>\n<meta property=\"article:modified_time\" content=\"2024-10-28T14:49:17+00:00\" \/>\n<meta property=\"og:image\" content=\"https:\/\/www.erresse-shop.it\/wp-content\/uploads\/2024\/05\/WEBER-Barbecue-a-carbone-Original-Kettle-E-4710-47-cm.png\" \/>\n\t<meta property=\"og:image:width\" content=\"800\" \/>\n\t<meta property=\"og:image:height\" content=\"800\" \/>\n\t<meta property=\"og:image:type\" content=\"image\/png\" \/>\n<meta name=\"twitter:card\" content=\"summary_large_image\" \/>\n<script type=\"application\/ld+json\" class=\"yoast-schema-graph\">{\"@context\":\"https:\/\/schema.org\",\"@graph\":[{\"@type\":\"WebPage\",\"@id\":\"https:\/\/www.erresse-shop.it\/es\/shop\/pequenos-electrodomesticos\/parrillas-y-barbacoas\/weber-barbacoa-de-carbon-original-hervidor-e-4710-47-cm\/\",\"url\":\"https:\/\/www.erresse-shop.it\/es\/shop\/pequenos-electrodomesticos\/parrillas-y-barbacoas\/weber-barbacoa-de-carbon-original-hervidor-e-4710-47-cm\/\",\"name\":\"WEBER Barbacoa de carb\u00f3n Original Hervidor E-4710 47 cm - Erresse Shop\",\"isPartOf\":{\"@id\":\"https:\/\/www.erresse-shop.it\/es\/#website\"},\"datePublished\":\"2024-05-24T13:05:39+00:00\",\"dateModified\":\"2024-10-28T14:49:17+00:00\",\"description\":\"Levantemos nuestras copas y celebremos la versi\u00f3n moderna del hervidor que lo empez\u00f3 todo: el Hervidor Original, inventado por el fundador de Weber y\",\"breadcrumb\":{\"@id\":\"https:\/\/www.erresse-shop.it\/es\/shop\/pequenos-electrodomesticos\/parrillas-y-barbacoas\/weber-barbacoa-de-carbon-original-hervidor-e-4710-47-cm\/#breadcrumb\"},\"inLanguage\":\"es\",\"potentialAction\":[{\"@type\":\"ReadAction\",\"target\":[\"https:\/\/www.erresse-shop.it\/es\/shop\/pequenos-electrodomesticos\/parrillas-y-barbacoas\/weber-barbacoa-de-carbon-original-hervidor-e-4710-47-cm\/\"]}]},{\"@type\":\"BreadcrumbList\",\"@id\":\"https:\/\/www.erresse-shop.it\/es\/shop\/pequenos-electrodomesticos\/parrillas-y-barbacoas\/weber-barbacoa-de-carbon-original-hervidor-e-4710-47-cm\/#breadcrumb\",\"itemListElement\":[{\"@type\":\"ListItem\",\"position\":1,\"name\":\"Home\",\"item\":\"https:\/\/www.erresse-shop.it\/es\/\"},{\"@type\":\"ListItem\",\"position\":2,\"name\":\"Shop\",\"item\":\"https:\/\/www.erresse-shop.it\/es\/shop\/\"},{\"@type\":\"ListItem\",\"position\":3,\"name\":\"WEBER Barbacoa de carb\u00f3n Original Hervidor E-4710 47 cm\"}]},{\"@type\":\"WebSite\",\"@id\":\"https:\/\/www.erresse-shop.it\/es\/#website\",\"url\":\"https:\/\/www.erresse-shop.it\/es\/\",\"name\":\"Erresse Shop\",\"description\":\"Articoli di qualit\u00e0 per la casa\",\"potentialAction\":[{\"@type\":\"SearchAction\",\"target\":{\"@type\":\"EntryPoint\",\"urlTemplate\":\"https:\/\/www.erresse-shop.it\/es\/?s={search_term_string}\"},\"query-input\":\"required name=search_term_string\"}],\"inLanguage\":\"es\"}]}<\/script>\n<!-- \/ Yoast SEO Premium plugin. -->","yoast_head_json":{"title":"WEBER Barbacoa de carb\u00f3n Original Hervidor E-4710 47 cm - Erresse Shop","description":"Levantemos nuestras copas y celebremos la versi\u00f3n moderna del hervidor que lo empez\u00f3 todo: el Hervidor Original, inventado por el fundador de Weber y","robots":{"index":"index","follow":"follow","max-snippet":"max-snippet:-1","max-image-preview":"max-image-preview:large","max-video-preview":"max-video-preview:-1"},"canonical":"https:\/\/www.erresse-shop.it\/es\/shop\/pequenos-electrodomesticos\/parrillas-y-barbacoas\/weber-barbacoa-de-carbon-original-hervidor-e-4710-47-cm\/","og_locale":"es_ES","og_type":"article","og_title":"WEBER Barbacoa de carb\u00f3n Original Hervidor E-4710 47 cm","og_description":"Levantemos nuestras copas y celebremos la versi\u00f3n moderna del hervidor que lo empez\u00f3 todo: el Hervidor Original, inventado por el fundador de Weber y","og_url":"https:\/\/www.erresse-shop.it\/es\/shop\/pequenos-electrodomesticos\/parrillas-y-barbacoas\/weber-barbacoa-de-carbon-original-hervidor-e-4710-47-cm\/","og_site_name":"Erresse Shop","article_modified_time":"2024-10-28T14:49:17+00:00","og_image":[{"width":800,"height":800,"url":"https:\/\/www.erresse-shop.it\/wp-content\/uploads\/2024\/05\/WEBER-Barbecue-a-carbone-Original-Kettle-E-4710-47-cm.png","type":"image\/png"}],"twitter_card":"summary_large_image","schema":{"@context":"https:\/\/schema.org","@graph":[{"@type":"WebPage","@id":"https:\/\/www.erresse-shop.it\/es\/shop\/pequenos-electrodomesticos\/parrillas-y-barbacoas\/weber-barbacoa-de-carbon-original-hervidor-e-4710-47-cm\/","url":"https:\/\/www.erresse-shop.it\/es\/shop\/pequenos-electrodomesticos\/parrillas-y-barbacoas\/weber-barbacoa-de-carbon-original-hervidor-e-4710-47-cm\/","name":"WEBER Barbacoa de carb\u00f3n Original Hervidor E-4710 47 cm - Erresse Shop","isPartOf":{"@id":"https:\/\/www.erresse-shop.it\/es\/#website"},"datePublished":"2024-05-24T13:05:39+00:00","dateModified":"2024-10-28T14:49:17+00:00","description":"Levantemos nuestras copas y celebremos la versi\u00f3n moderna del hervidor que lo empez\u00f3 todo: el Hervidor Original, inventado por el fundador de Weber y","breadcrumb":{"@id":"https:\/\/www.erresse-shop.it\/es\/shop\/pequenos-electrodomesticos\/parrillas-y-barbacoas\/weber-barbacoa-de-carbon-original-hervidor-e-4710-47-cm\/#breadcrumb"},"inLanguage":"es","potentialAction":[{"@type":"ReadAction","target":["https:\/\/www.erresse-shop.it\/es\/shop\/pequenos-electrodomesticos\/parrillas-y-barbacoas\/weber-barbacoa-de-carbon-original-hervidor-e-4710-47-cm\/"]}]},{"@type":"BreadcrumbList","@id":"https:\/\/www.erresse-shop.it\/es\/shop\/pequenos-electrodomesticos\/parrillas-y-barbacoas\/weber-barbacoa-de-carbon-original-hervidor-e-4710-47-cm\/#breadcrumb","itemListElement":[{"@type":"ListItem","position":1,"name":"Home","item":"https:\/\/www.erresse-shop.it\/es\/"},{"@type":"ListItem","position":2,"name":"Shop","item":"https:\/\/www.erresse-shop.it\/es\/shop\/"},{"@type":"ListItem","position":3,"name":"WEBER Barbacoa de carb\u00f3n Original Hervidor E-4710 47 cm"}]},{"@type":"WebSite","@id":"https:\/\/www.erresse-shop.it\/es\/#website","url":"https:\/\/www.erresse-shop.it\/es\/","name":"Erresse Shop","description":"Articoli di qualit\u00e0 per la casa","potentialAction":[{"@type":"SearchAction","target":{"@type":"EntryPoint","urlTemplate":"https:\/\/www.erresse-shop.it\/es\/?s={search_term_string}"},"query-input":"required name=search_term_string"}],"inLanguage":"es"}]}},"df_price":179.991,"df_sale_price":179.991,"df_regular_price":199.99,"df_image_link":"https:\/\/www.erresse-shop.it\/wp-content\/uploads\/2024\/05\/WEBER-Barbecue-a-carbone-Original-Kettle-E-4710-47-cm-300x300.jpg","_links":{"self":[{"href":"https:\/\/www.erresse-shop.it\/es\/wp-json\/wp\/v2\/product\/408397"}],"collection":[{"href":"https:\/\/www.erresse-shop.it\/es\/wp-json\/wp\/v2\/product"}],"about":[{"href":"https:\/\/www.erresse-shop.it\/es\/wp-json\/wp\/v2\/types\/product"}],"wp:featuredmedia":[{"embeddable":true,"href":"https:\/\/www.erresse-shop.it\/es\/wp-json\/wp\/v2\/media\/507906"}],"wp:attachment":[{"href":"https:\/\/www.erresse-shop.it\/es\/wp-json\/wp\/v2\/media?parent=408397"}],"wp:term":[{"taxonomy":"product_cat","embeddable":true,"href":"https:\/\/www.erresse-shop.it\/es\/wp-json\/wp\/v2\/product_cat?post=408397"},{"taxonomy":"product_tag","embeddable":true,"href":"https:\/\/www.erresse-shop.it\/es\/wp-json\/wp\/v2\/product_tag?post=408397"}],"curies":[{"name":"wp","href":"https:\/\/api.w.org\/{rel}","templated":true}]}}