{"id":408045,"date":"2024-05-24T06:12:15","date_gmt":"2024-05-24T06:12:20","guid":{"rendered":"https:\/\/www.erresse-shop.it\/?post_type=product&#038;p=408045"},"modified":"2024-10-28T14:58:14","modified_gmt":"2024-10-28T14:58:14","slug":"villeroy-boch-vieux-luxembourg-brindille-lote-de-6-platos-de-postre-22-cm-azul","status":"publish","type":"product","link":"https:\/\/www.erresse-shop.it\/es\/shop\/tabla\/platos\/villeroy-boch-vieux-luxembourg-brindille-lote-de-6-platos-de-postre-22-cm-azul\/","title":{"rendered":"VILLEROY &#038; BOCH Vieux Luxembourg Brindille Lote de 6 Platos de Postre 22 cm Azul"},"content":{"rendered":"<p><strong>Peque\u00f1o plato azul para pasteles y dulces de desayuno<\/strong><br \/>\nVieux Luxembourg Brindille es una nueva y moderna reinterpretaci\u00f3n de la colecci\u00f3n Vieux Luxembourg. Los grandes motivos azules y blancos sobre una forma sencilla y sin florituras recuerdan los elementos de la decoraci\u00f3n cl\u00e1sica y le confieren un aspecto joven y moderno. El dise\u00f1o combina tradici\u00f3n y modernidad, aportando una calidez especial a su hogar cada d\u00eda. El vers\u00e1til plato de desayuno es ideal para el desayuno, el brunch o una tarta de aperitivo. Empiece el d\u00eda con estilo.<\/p>\n<p><strong>Material<\/strong>: porcelana de primera calidad<br \/>\n<strong>Di\u00e1metro<\/strong>: aprox. 216 mm<br \/>\n<strong>Apto para lavavajillas<\/strong>: s\u00ed<br \/>\n<strong>Apto para microondas<\/strong>: s\u00ed<\/p>\n","protected":false},"excerpt":{"rendered":"<p>Peque\u00f1o plato azul para pasteles y dulces de desayuno Vieux Luxembourg Brindille es una nueva y moderna reinterpretaci\u00f3n de la<\/p>\n","protected":false},"featured_media":499066,"template":"","meta":{"_acf_changed":false,"inline_featured_image":false},"product_cat":[16031,16027],"product_tag":[25029,24399,21972,16133,19362,21973,16403,25023],"acf":[],"yoast_head":"<!-- This site is optimized with the Yoast SEO Premium plugin v18.6 (Yoast SEO v19.13) - https:\/\/yoast.com\/wordpress\/plugins\/seo\/ -->\n<title>VILLEROY &amp; BOCH Vieux Luxembourg Brindille Lote de 6 Platos de Postre 22 cm Azul - Erresse Shop<\/title>\n<meta name=\"description\" content=\"Peque\u00f1o plato azul para pasteles y dulces de desayuno Vieux Luxembourg Brindille es una nueva y moderna reinterpretaci\u00f3n de la colecci\u00f3n Vieux Luxembourg.\" \/>\n<meta name=\"robots\" content=\"index, follow, max-snippet:-1, max-image-preview:large, max-video-preview:-1\" \/>\n<link rel=\"canonical\" href=\"https:\/\/www.erresse-shop.it\/es\/shop\/tabla\/platos\/villeroy-boch-vieux-luxembourg-brindille-lote-de-6-platos-de-postre-22-cm-azul\/\" \/>\n<meta property=\"og:locale\" content=\"es_ES\" \/>\n<meta property=\"og:type\" content=\"article\" \/>\n<meta property=\"og:title\" content=\"VILLEROY &amp; BOCH Vieux Luxembourg Brindille Lote de 6 Platos de Postre 22 cm Azul\" \/>\n<meta property=\"og:description\" content=\"Peque\u00f1o plato azul para pasteles y dulces de desayuno Vieux Luxembourg Brindille es una nueva y moderna reinterpretaci\u00f3n de la colecci\u00f3n Vieux Luxembourg.\" \/>\n<meta property=\"og:url\" content=\"https:\/\/www.erresse-shop.it\/es\/shop\/tabla\/platos\/villeroy-boch-vieux-luxembourg-brindille-lote-de-6-platos-de-postre-22-cm-azul\/\" \/>\n<meta property=\"og:site_name\" content=\"Erresse Shop\" \/>\n<meta property=\"article:modified_time\" content=\"2024-10-28T14:58:14+00:00\" \/>\n<meta property=\"og:image\" content=\"https:\/\/www.erresse-shop.it\/wp-content\/uploads\/2024\/05\/VILLEROY-BOCH-Vieux-Luxembourg-Brindille-Set-6-Piatti-Dessert-22-cm-Blu.png\" \/>\n\t<meta property=\"og:image:width\" content=\"800\" \/>\n\t<meta property=\"og:image:height\" content=\"800\" \/>\n\t<meta property=\"og:image:type\" content=\"image\/png\" \/>\n<meta name=\"twitter:card\" content=\"summary_large_image\" \/>\n<script type=\"application\/ld+json\" class=\"yoast-schema-graph\">{\"@context\":\"https:\/\/schema.org\",\"@graph\":[{\"@type\":\"WebPage\",\"@id\":\"https:\/\/www.erresse-shop.it\/es\/shop\/tabla\/platos\/villeroy-boch-vieux-luxembourg-brindille-lote-de-6-platos-de-postre-22-cm-azul\/\",\"url\":\"https:\/\/www.erresse-shop.it\/es\/shop\/tabla\/platos\/villeroy-boch-vieux-luxembourg-brindille-lote-de-6-platos-de-postre-22-cm-azul\/\",\"name\":\"VILLEROY & BOCH Vieux Luxembourg Brindille Lote de 6 Platos de Postre 22 cm Azul - Erresse Shop\",\"isPartOf\":{\"@id\":\"https:\/\/www.erresse-shop.it\/es\/#website\"},\"datePublished\":\"2024-05-24T06:12:20+00:00\",\"dateModified\":\"2024-10-28T14:58:14+00:00\",\"description\":\"Peque\u00f1o plato azul para pasteles y dulces de desayuno Vieux Luxembourg Brindille es una nueva y moderna reinterpretaci\u00f3n de la colecci\u00f3n Vieux Luxembourg.\",\"breadcrumb\":{\"@id\":\"https:\/\/www.erresse-shop.it\/es\/shop\/tabla\/platos\/villeroy-boch-vieux-luxembourg-brindille-lote-de-6-platos-de-postre-22-cm-azul\/#breadcrumb\"},\"inLanguage\":\"es\",\"potentialAction\":[{\"@type\":\"ReadAction\",\"target\":[\"https:\/\/www.erresse-shop.it\/es\/shop\/tabla\/platos\/villeroy-boch-vieux-luxembourg-brindille-lote-de-6-platos-de-postre-22-cm-azul\/\"]}]},{\"@type\":\"BreadcrumbList\",\"@id\":\"https:\/\/www.erresse-shop.it\/es\/shop\/tabla\/platos\/villeroy-boch-vieux-luxembourg-brindille-lote-de-6-platos-de-postre-22-cm-azul\/#breadcrumb\",\"itemListElement\":[{\"@type\":\"ListItem\",\"position\":1,\"name\":\"Home\",\"item\":\"https:\/\/www.erresse-shop.it\/es\/\"},{\"@type\":\"ListItem\",\"position\":2,\"name\":\"Shop\",\"item\":\"https:\/\/www.erresse-shop.it\/es\/shop\/\"},{\"@type\":\"ListItem\",\"position\":3,\"name\":\"VILLEROY &#038; BOCH Vieux Luxembourg Brindille Lote de 6 Platos de Postre 22 cm Azul\"}]},{\"@type\":\"WebSite\",\"@id\":\"https:\/\/www.erresse-shop.it\/es\/#website\",\"url\":\"https:\/\/www.erresse-shop.it\/es\/\",\"name\":\"Erresse Shop\",\"description\":\"Articoli di qualit\u00e0 per la casa\",\"potentialAction\":[{\"@type\":\"SearchAction\",\"target\":{\"@type\":\"EntryPoint\",\"urlTemplate\":\"https:\/\/www.erresse-shop.it\/es\/?s={search_term_string}\"},\"query-input\":\"required name=search_term_string\"}],\"inLanguage\":\"es\"}]}<\/script>\n<!-- \/ Yoast SEO Premium plugin. -->","yoast_head_json":{"title":"VILLEROY & BOCH Vieux Luxembourg Brindille Lote de 6 Platos de Postre 22 cm Azul - Erresse Shop","description":"Peque\u00f1o plato azul para pasteles y dulces de desayuno Vieux Luxembourg Brindille es una nueva y moderna reinterpretaci\u00f3n de la colecci\u00f3n Vieux Luxembourg.","robots":{"index":"index","follow":"follow","max-snippet":"max-snippet:-1","max-image-preview":"max-image-preview:large","max-video-preview":"max-video-preview:-1"},"canonical":"https:\/\/www.erresse-shop.it\/es\/shop\/tabla\/platos\/villeroy-boch-vieux-luxembourg-brindille-lote-de-6-platos-de-postre-22-cm-azul\/","og_locale":"es_ES","og_type":"article","og_title":"VILLEROY & BOCH Vieux Luxembourg Brindille Lote de 6 Platos de Postre 22 cm Azul","og_description":"Peque\u00f1o plato azul para pasteles y dulces de desayuno Vieux Luxembourg Brindille es una nueva y moderna reinterpretaci\u00f3n de la colecci\u00f3n Vieux Luxembourg.","og_url":"https:\/\/www.erresse-shop.it\/es\/shop\/tabla\/platos\/villeroy-boch-vieux-luxembourg-brindille-lote-de-6-platos-de-postre-22-cm-azul\/","og_site_name":"Erresse Shop","article_modified_time":"2024-10-28T14:58:14+00:00","og_image":[{"width":800,"height":800,"url":"https:\/\/www.erresse-shop.it\/wp-content\/uploads\/2024\/05\/VILLEROY-BOCH-Vieux-Luxembourg-Brindille-Set-6-Piatti-Dessert-22-cm-Blu.png","type":"image\/png"}],"twitter_card":"summary_large_image","schema":{"@context":"https:\/\/schema.org","@graph":[{"@type":"WebPage","@id":"https:\/\/www.erresse-shop.it\/es\/shop\/tabla\/platos\/villeroy-boch-vieux-luxembourg-brindille-lote-de-6-platos-de-postre-22-cm-azul\/","url":"https:\/\/www.erresse-shop.it\/es\/shop\/tabla\/platos\/villeroy-boch-vieux-luxembourg-brindille-lote-de-6-platos-de-postre-22-cm-azul\/","name":"VILLEROY & BOCH Vieux Luxembourg Brindille Lote de 6 Platos de Postre 22 cm Azul - Erresse Shop","isPartOf":{"@id":"https:\/\/www.erresse-shop.it\/es\/#website"},"datePublished":"2024-05-24T06:12:20+00:00","dateModified":"2024-10-28T14:58:14+00:00","description":"Peque\u00f1o plato azul para pasteles y dulces de desayuno Vieux Luxembourg Brindille es una nueva y moderna reinterpretaci\u00f3n de la colecci\u00f3n Vieux Luxembourg.","breadcrumb":{"@id":"https:\/\/www.erresse-shop.it\/es\/shop\/tabla\/platos\/villeroy-boch-vieux-luxembourg-brindille-lote-de-6-platos-de-postre-22-cm-azul\/#breadcrumb"},"inLanguage":"es","potentialAction":[{"@type":"ReadAction","target":["https:\/\/www.erresse-shop.it\/es\/shop\/tabla\/platos\/villeroy-boch-vieux-luxembourg-brindille-lote-de-6-platos-de-postre-22-cm-azul\/"]}]},{"@type":"BreadcrumbList","@id":"https:\/\/www.erresse-shop.it\/es\/shop\/tabla\/platos\/villeroy-boch-vieux-luxembourg-brindille-lote-de-6-platos-de-postre-22-cm-azul\/#breadcrumb","itemListElement":[{"@type":"ListItem","position":1,"name":"Home","item":"https:\/\/www.erresse-shop.it\/es\/"},{"@type":"ListItem","position":2,"name":"Shop","item":"https:\/\/www.erresse-shop.it\/es\/shop\/"},{"@type":"ListItem","position":3,"name":"VILLEROY &#038; BOCH Vieux Luxembourg Brindille Lote de 6 Platos de Postre 22 cm Azul"}]},{"@type":"WebSite","@id":"https:\/\/www.erresse-shop.it\/es\/#website","url":"https:\/\/www.erresse-shop.it\/es\/","name":"Erresse Shop","description":"Articoli di qualit\u00e0 per la casa","potentialAction":[{"@type":"SearchAction","target":{"@type":"EntryPoint","urlTemplate":"https:\/\/www.erresse-shop.it\/es\/?s={search_term_string}"},"query-input":"required name=search_term_string"}],"inLanguage":"es"}]}},"df_price":133.92,"df_sale_price":133.92,"df_regular_price":167.4,"df_image_link":"https:\/\/www.erresse-shop.it\/wp-content\/uploads\/2024\/05\/VILLEROY-BOCH-Vieux-Luxembourg-Brindille-Set-6-Piatti-Dessert-22-cm-Blu-300x300.jpg","_links":{"self":[{"href":"https:\/\/www.erresse-shop.it\/es\/wp-json\/wp\/v2\/product\/408045"}],"collection":[{"href":"https:\/\/www.erresse-shop.it\/es\/wp-json\/wp\/v2\/product"}],"about":[{"href":"https:\/\/www.erresse-shop.it\/es\/wp-json\/wp\/v2\/types\/product"}],"wp:featuredmedia":[{"embeddable":true,"href":"https:\/\/www.erresse-shop.it\/es\/wp-json\/wp\/v2\/media\/499066"}],"wp:attachment":[{"href":"https:\/\/www.erresse-shop.it\/es\/wp-json\/wp\/v2\/media?parent=408045"}],"wp:term":[{"taxonomy":"product_cat","embeddable":true,"href":"https:\/\/www.erresse-shop.it\/es\/wp-json\/wp\/v2\/product_cat?post=408045"},{"taxonomy":"product_tag","embeddable":true,"href":"https:\/\/www.erresse-shop.it\/es\/wp-json\/wp\/v2\/product_tag?post=408045"}],"curies":[{"name":"wp","href":"https:\/\/api.w.org\/{rel}","templated":true}]}}