{"id":407918,"date":"2024-05-23T13:44:12","date_gmt":"2024-05-23T13:44:16","guid":{"rendered":"https:\/\/www.erresse-shop.it\/?post_type=product&#038;p=407918"},"modified":"2024-10-15T10:13:10","modified_gmt":"2024-10-15T10:13:10","slug":"villeroy-boch-vieux-luxembourg-brindille-juego-de-6-tazas-para-espresso","status":"publish","type":"product","link":"https:\/\/www.erresse-shop.it\/es\/shop\/tabla\/tazas\/villeroy-boch-vieux-luxembourg-brindille-juego-de-6-tazas-para-espresso\/","title":{"rendered":"VILLEROY &#038; BOCH Vieux Luxembourg Brindille Juego de 6 Tazas para Espresso"},"content":{"rendered":"<p><strong>Taza grande con motivo para caf\u00e9 espresso como en el bar para sus pausas<\/strong><br \/>\nVieux Luxembourg Brindille es una nueva y moderna reinterpretaci\u00f3n de la colecci\u00f3n Vieux Luxembourg. Los grandes motivos en azul y blanco sobre una forma sencilla y sin florituras recuerdan los elementos de la decoraci\u00f3n cl\u00e1sica y le confieren un aspecto joven y moderno. El dise\u00f1o combina tradici\u00f3n y modernidad, aportando una calidez especial a su hogar cada d\u00eda. Un espresso intenso o un caf\u00e9 moca de sabor m\u00e1s ligero disfrutados en esta llamativa taza con su gran motivo sabr\u00e1n a\u00fan mejor. Disfrute del impulso energ\u00e9tico de la cafe\u00edna con estilo.<\/p>\n<p><strong>Material<\/strong>: porcelana de primera calidad<br \/>\n<strong>Volumen<\/strong>: aprox. 80 ml<br \/>\n<strong>Apta para lavavajillas<\/strong>: s\u00ed<br \/>\n<strong>Apta para microondas<\/strong>: s\u00ed<\/p>\n","protected":false},"excerpt":{"rendered":"<p>Taza grande con motivo para caf\u00e9 espresso como en el bar para sus pausas Vieux Luxembourg Brindille es una nueva<\/p>\n","protected":false},"featured_media":509235,"template":"","meta":{"_acf_changed":false,"inline_featured_image":false},"product_cat":[16027,16034],"product_tag":[25029,23574,24399,21941,16354,16355,16475,16909,21940,25023],"acf":[],"yoast_head":"<!-- This site is optimized with the Yoast SEO Premium plugin v18.6 (Yoast SEO v19.13) - https:\/\/yoast.com\/wordpress\/plugins\/seo\/ -->\n<title>VILLEROY &amp; BOCH Vieux Luxembourg Brindille Juego de 6 Tazas para Espresso - Erresse Shop<\/title>\n<meta name=\"description\" content=\"Taza grande con motivo para caf\u00e9 espresso como en el bar para sus pausas Vieux Luxembourg Brindille es una nueva y moderna reinterpretaci\u00f3n de la\" \/>\n<meta name=\"robots\" content=\"index, follow, max-snippet:-1, max-image-preview:large, max-video-preview:-1\" \/>\n<link rel=\"canonical\" href=\"https:\/\/www.erresse-shop.it\/es\/shop\/tabla\/tazas\/villeroy-boch-vieux-luxembourg-brindille-juego-de-6-tazas-para-espresso\/\" \/>\n<meta property=\"og:locale\" content=\"es_ES\" \/>\n<meta property=\"og:type\" content=\"article\" \/>\n<meta property=\"og:title\" content=\"VILLEROY &amp; BOCH Vieux Luxembourg Brindille Juego de 6 Tazas para Espresso\" \/>\n<meta property=\"og:description\" content=\"Taza grande con motivo para caf\u00e9 espresso como en el bar para sus pausas Vieux Luxembourg Brindille es una nueva y moderna reinterpretaci\u00f3n de la\" \/>\n<meta property=\"og:url\" content=\"https:\/\/www.erresse-shop.it\/es\/shop\/tabla\/tazas\/villeroy-boch-vieux-luxembourg-brindille-juego-de-6-tazas-para-espresso\/\" \/>\n<meta property=\"og:site_name\" content=\"Erresse Shop\" \/>\n<meta property=\"article:modified_time\" content=\"2024-10-15T10:13:10+00:00\" \/>\n<meta property=\"og:image\" content=\"https:\/\/www.erresse-shop.it\/wp-content\/uploads\/2024\/05\/VILLEROY-BOCH-Vieux-Luxembourg-Brindille-Set-6-Tazzine-Espresso.png\" \/>\n\t<meta property=\"og:image:width\" content=\"800\" \/>\n\t<meta property=\"og:image:height\" content=\"800\" \/>\n\t<meta property=\"og:image:type\" content=\"image\/png\" \/>\n<meta name=\"twitter:card\" content=\"summary_large_image\" \/>\n<script type=\"application\/ld+json\" class=\"yoast-schema-graph\">{\"@context\":\"https:\/\/schema.org\",\"@graph\":[{\"@type\":\"WebPage\",\"@id\":\"https:\/\/www.erresse-shop.it\/es\/shop\/tabla\/tazas\/villeroy-boch-vieux-luxembourg-brindille-juego-de-6-tazas-para-espresso\/\",\"url\":\"https:\/\/www.erresse-shop.it\/es\/shop\/tabla\/tazas\/villeroy-boch-vieux-luxembourg-brindille-juego-de-6-tazas-para-espresso\/\",\"name\":\"VILLEROY & BOCH Vieux Luxembourg Brindille Juego de 6 Tazas para Espresso - Erresse Shop\",\"isPartOf\":{\"@id\":\"https:\/\/www.erresse-shop.it\/es\/#website\"},\"datePublished\":\"2024-05-23T13:44:16+00:00\",\"dateModified\":\"2024-10-15T10:13:10+00:00\",\"description\":\"Taza grande con motivo para caf\u00e9 espresso como en el bar para sus pausas Vieux Luxembourg Brindille es una nueva y moderna reinterpretaci\u00f3n de la\",\"breadcrumb\":{\"@id\":\"https:\/\/www.erresse-shop.it\/es\/shop\/tabla\/tazas\/villeroy-boch-vieux-luxembourg-brindille-juego-de-6-tazas-para-espresso\/#breadcrumb\"},\"inLanguage\":\"es\",\"potentialAction\":[{\"@type\":\"ReadAction\",\"target\":[\"https:\/\/www.erresse-shop.it\/es\/shop\/tabla\/tazas\/villeroy-boch-vieux-luxembourg-brindille-juego-de-6-tazas-para-espresso\/\"]}]},{\"@type\":\"BreadcrumbList\",\"@id\":\"https:\/\/www.erresse-shop.it\/es\/shop\/tabla\/tazas\/villeroy-boch-vieux-luxembourg-brindille-juego-de-6-tazas-para-espresso\/#breadcrumb\",\"itemListElement\":[{\"@type\":\"ListItem\",\"position\":1,\"name\":\"Home\",\"item\":\"https:\/\/www.erresse-shop.it\/es\/\"},{\"@type\":\"ListItem\",\"position\":2,\"name\":\"Shop\",\"item\":\"https:\/\/www.erresse-shop.it\/es\/shop\/\"},{\"@type\":\"ListItem\",\"position\":3,\"name\":\"VILLEROY &#038; BOCH Vieux Luxembourg Brindille Juego de 6 Tazas para Espresso\"}]},{\"@type\":\"WebSite\",\"@id\":\"https:\/\/www.erresse-shop.it\/es\/#website\",\"url\":\"https:\/\/www.erresse-shop.it\/es\/\",\"name\":\"Erresse Shop\",\"description\":\"Articoli di qualit\u00e0 per la casa\",\"potentialAction\":[{\"@type\":\"SearchAction\",\"target\":{\"@type\":\"EntryPoint\",\"urlTemplate\":\"https:\/\/www.erresse-shop.it\/es\/?s={search_term_string}\"},\"query-input\":\"required name=search_term_string\"}],\"inLanguage\":\"es\"}]}<\/script>\n<!-- \/ Yoast SEO Premium plugin. -->","yoast_head_json":{"title":"VILLEROY & BOCH Vieux Luxembourg Brindille Juego de 6 Tazas para Espresso - Erresse Shop","description":"Taza grande con motivo para caf\u00e9 espresso como en el bar para sus pausas Vieux Luxembourg Brindille es una nueva y moderna reinterpretaci\u00f3n de la","robots":{"index":"index","follow":"follow","max-snippet":"max-snippet:-1","max-image-preview":"max-image-preview:large","max-video-preview":"max-video-preview:-1"},"canonical":"https:\/\/www.erresse-shop.it\/es\/shop\/tabla\/tazas\/villeroy-boch-vieux-luxembourg-brindille-juego-de-6-tazas-para-espresso\/","og_locale":"es_ES","og_type":"article","og_title":"VILLEROY & BOCH Vieux Luxembourg Brindille Juego de 6 Tazas para Espresso","og_description":"Taza grande con motivo para caf\u00e9 espresso como en el bar para sus pausas Vieux Luxembourg Brindille es una nueva y moderna reinterpretaci\u00f3n de la","og_url":"https:\/\/www.erresse-shop.it\/es\/shop\/tabla\/tazas\/villeroy-boch-vieux-luxembourg-brindille-juego-de-6-tazas-para-espresso\/","og_site_name":"Erresse Shop","article_modified_time":"2024-10-15T10:13:10+00:00","og_image":[{"width":800,"height":800,"url":"https:\/\/www.erresse-shop.it\/wp-content\/uploads\/2024\/05\/VILLEROY-BOCH-Vieux-Luxembourg-Brindille-Set-6-Tazzine-Espresso.png","type":"image\/png"}],"twitter_card":"summary_large_image","schema":{"@context":"https:\/\/schema.org","@graph":[{"@type":"WebPage","@id":"https:\/\/www.erresse-shop.it\/es\/shop\/tabla\/tazas\/villeroy-boch-vieux-luxembourg-brindille-juego-de-6-tazas-para-espresso\/","url":"https:\/\/www.erresse-shop.it\/es\/shop\/tabla\/tazas\/villeroy-boch-vieux-luxembourg-brindille-juego-de-6-tazas-para-espresso\/","name":"VILLEROY & BOCH Vieux Luxembourg Brindille Juego de 6 Tazas para Espresso - Erresse Shop","isPartOf":{"@id":"https:\/\/www.erresse-shop.it\/es\/#website"},"datePublished":"2024-05-23T13:44:16+00:00","dateModified":"2024-10-15T10:13:10+00:00","description":"Taza grande con motivo para caf\u00e9 espresso como en el bar para sus pausas Vieux Luxembourg Brindille es una nueva y moderna reinterpretaci\u00f3n de la","breadcrumb":{"@id":"https:\/\/www.erresse-shop.it\/es\/shop\/tabla\/tazas\/villeroy-boch-vieux-luxembourg-brindille-juego-de-6-tazas-para-espresso\/#breadcrumb"},"inLanguage":"es","potentialAction":[{"@type":"ReadAction","target":["https:\/\/www.erresse-shop.it\/es\/shop\/tabla\/tazas\/villeroy-boch-vieux-luxembourg-brindille-juego-de-6-tazas-para-espresso\/"]}]},{"@type":"BreadcrumbList","@id":"https:\/\/www.erresse-shop.it\/es\/shop\/tabla\/tazas\/villeroy-boch-vieux-luxembourg-brindille-juego-de-6-tazas-para-espresso\/#breadcrumb","itemListElement":[{"@type":"ListItem","position":1,"name":"Home","item":"https:\/\/www.erresse-shop.it\/es\/"},{"@type":"ListItem","position":2,"name":"Shop","item":"https:\/\/www.erresse-shop.it\/es\/shop\/"},{"@type":"ListItem","position":3,"name":"VILLEROY &#038; BOCH Vieux Luxembourg Brindille Juego de 6 Tazas para Espresso"}]},{"@type":"WebSite","@id":"https:\/\/www.erresse-shop.it\/es\/#website","url":"https:\/\/www.erresse-shop.it\/es\/","name":"Erresse Shop","description":"Articoli di qualit\u00e0 per la casa","potentialAction":[{"@type":"SearchAction","target":{"@type":"EntryPoint","urlTemplate":"https:\/\/www.erresse-shop.it\/es\/?s={search_term_string}"},"query-input":"required name=search_term_string"}],"inLanguage":"es"}]}},"df_price":84.95,"df_sale_price":84.95,"df_regular_price":107.4,"df_image_link":"https:\/\/www.erresse-shop.it\/wp-content\/uploads\/2024\/05\/VILLEROY-BOCH-Vieux-Luxembourg-Brindille-Set-6-Tazzine-Espresso-300x300.jpg","_links":{"self":[{"href":"https:\/\/www.erresse-shop.it\/es\/wp-json\/wp\/v2\/product\/407918"}],"collection":[{"href":"https:\/\/www.erresse-shop.it\/es\/wp-json\/wp\/v2\/product"}],"about":[{"href":"https:\/\/www.erresse-shop.it\/es\/wp-json\/wp\/v2\/types\/product"}],"wp:featuredmedia":[{"embeddable":true,"href":"https:\/\/www.erresse-shop.it\/es\/wp-json\/wp\/v2\/media\/509235"}],"wp:attachment":[{"href":"https:\/\/www.erresse-shop.it\/es\/wp-json\/wp\/v2\/media?parent=407918"}],"wp:term":[{"taxonomy":"product_cat","embeddable":true,"href":"https:\/\/www.erresse-shop.it\/es\/wp-json\/wp\/v2\/product_cat?post=407918"},{"taxonomy":"product_tag","embeddable":true,"href":"https:\/\/www.erresse-shop.it\/es\/wp-json\/wp\/v2\/product_tag?post=407918"}],"curies":[{"name":"wp","href":"https:\/\/api.w.org\/{rel}","templated":true}]}}