{"id":407808,"date":"2024-05-23T12:47:52","date_gmt":"2024-05-23T12:47:56","guid":{"rendered":"https:\/\/www.erresse-shop.it\/?post_type=product&#038;p=407808"},"modified":"2024-10-15T09:43:40","modified_gmt":"2024-10-15T09:43:40","slug":"villeroy-boch-mariefleur-basic-juego-de-6-platos-de-postre-215-cm-flores","status":"publish","type":"product","link":"https:\/\/www.erresse-shop.it\/es\/shop\/tabla\/platos\/villeroy-boch-mariefleur-basic-juego-de-6-platos-de-postre-215-cm-flores\/","title":{"rendered":"VILLEROY &#038; BOCH Mariefleur Basic Juego de 6 Platos de Postre 21,5 cm Flores"},"content":{"rendered":"<p><strong>Plato con decoraci\u00f3n floral para un desayuno acertado<\/strong><br \/>\nLos tonos frescos e intensos de Mariefleur Basic crean una colorida extensi\u00f3n de flores en su mesa. Las elegantes y sinuosas formas de la porcelana le permiten preparar y servir sus platos con una gracia todav\u00eda inigualable. El plato de desayuno impresiona por su versatilidad: ya sea para el desayuno, la sobremesa o para servir deliciosos pasteles o aperitivos, el plato le acompa\u00f1ar\u00e1 durante todo el d\u00eda. Mime a sus seres queridos con porcelana de alta calidad.<\/p>\n<p><strong>Material<\/strong>: porcelana de primera calidad<br \/>\n<strong>Di\u00e1metro<\/strong>: aprox. 215 mm<br \/>\n<strong>Apto para lavavajillas<\/strong>: s\u00ed<br \/>\n<strong>Apto para microondas<\/strong>: s\u00ed<\/p>\n","protected":false},"excerpt":{"rendered":"<p>Plato con decoraci\u00f3n floral para un desayuno acertado Los tonos frescos e intensos de Mariefleur Basic crean una colorida extensi\u00f3n<\/p>\n","protected":false},"featured_media":475501,"template":"","meta":{"_acf_changed":false,"inline_featured_image":false},"product_cat":[16031,16027],"product_tag":[25029,24399,21972,16133,19362,16403,25023],"acf":[],"yoast_head":"<!-- This site is optimized with the Yoast SEO Premium plugin v18.6 (Yoast SEO v19.13) - https:\/\/yoast.com\/wordpress\/plugins\/seo\/ -->\n<title>VILLEROY &amp; BOCH Mariefleur Basic Juego de 6 Platos de Postre 21,5 cm Flores - Erresse Shop<\/title>\n<meta name=\"description\" content=\"Plato con decoraci\u00f3n floral para un desayuno acertado Los tonos frescos e intensos de Mariefleur Basic crean una colorida extensi\u00f3n de flores en su mesa.\" \/>\n<meta name=\"robots\" content=\"index, follow, max-snippet:-1, max-image-preview:large, max-video-preview:-1\" \/>\n<link rel=\"canonical\" href=\"https:\/\/www.erresse-shop.it\/es\/shop\/tabla\/platos\/villeroy-boch-mariefleur-basic-juego-de-6-platos-de-postre-215-cm-flores\/\" \/>\n<meta property=\"og:locale\" content=\"es_ES\" \/>\n<meta property=\"og:type\" content=\"article\" \/>\n<meta property=\"og:title\" content=\"VILLEROY &amp; BOCH Mariefleur Basic Juego de 6 Platos de Postre 21,5 cm Flores\" \/>\n<meta property=\"og:description\" content=\"Plato con decoraci\u00f3n floral para un desayuno acertado Los tonos frescos e intensos de Mariefleur Basic crean una colorida extensi\u00f3n de flores en su mesa.\" \/>\n<meta property=\"og:url\" content=\"https:\/\/www.erresse-shop.it\/es\/shop\/tabla\/platos\/villeroy-boch-mariefleur-basic-juego-de-6-platos-de-postre-215-cm-flores\/\" \/>\n<meta property=\"og:site_name\" content=\"Erresse Shop\" \/>\n<meta property=\"article:modified_time\" content=\"2024-10-15T09:43:40+00:00\" \/>\n<meta property=\"og:image\" content=\"https:\/\/www.erresse-shop.it\/wp-content\/uploads\/2024\/05\/VILLEROY-BOCH-Mariefleur-Basic-Set-6-Piatti-Dessert-215-cm-Fiori.jpg\" \/>\n\t<meta property=\"og:image:width\" content=\"1200\" \/>\n\t<meta property=\"og:image:height\" content=\"1200\" \/>\n\t<meta property=\"og:image:type\" content=\"image\/jpeg\" \/>\n<meta name=\"twitter:card\" content=\"summary_large_image\" \/>\n<script type=\"application\/ld+json\" class=\"yoast-schema-graph\">{\"@context\":\"https:\/\/schema.org\",\"@graph\":[{\"@type\":\"WebPage\",\"@id\":\"https:\/\/www.erresse-shop.it\/es\/shop\/tabla\/platos\/villeroy-boch-mariefleur-basic-juego-de-6-platos-de-postre-215-cm-flores\/\",\"url\":\"https:\/\/www.erresse-shop.it\/es\/shop\/tabla\/platos\/villeroy-boch-mariefleur-basic-juego-de-6-platos-de-postre-215-cm-flores\/\",\"name\":\"VILLEROY & BOCH Mariefleur Basic Juego de 6 Platos de Postre 21,5 cm Flores - Erresse Shop\",\"isPartOf\":{\"@id\":\"https:\/\/www.erresse-shop.it\/es\/#website\"},\"datePublished\":\"2024-05-23T12:47:56+00:00\",\"dateModified\":\"2024-10-15T09:43:40+00:00\",\"description\":\"Plato con decoraci\u00f3n floral para un desayuno acertado Los tonos frescos e intensos de Mariefleur Basic crean una colorida extensi\u00f3n de flores en su mesa.\",\"breadcrumb\":{\"@id\":\"https:\/\/www.erresse-shop.it\/es\/shop\/tabla\/platos\/villeroy-boch-mariefleur-basic-juego-de-6-platos-de-postre-215-cm-flores\/#breadcrumb\"},\"inLanguage\":\"es\",\"potentialAction\":[{\"@type\":\"ReadAction\",\"target\":[\"https:\/\/www.erresse-shop.it\/es\/shop\/tabla\/platos\/villeroy-boch-mariefleur-basic-juego-de-6-platos-de-postre-215-cm-flores\/\"]}]},{\"@type\":\"BreadcrumbList\",\"@id\":\"https:\/\/www.erresse-shop.it\/es\/shop\/tabla\/platos\/villeroy-boch-mariefleur-basic-juego-de-6-platos-de-postre-215-cm-flores\/#breadcrumb\",\"itemListElement\":[{\"@type\":\"ListItem\",\"position\":1,\"name\":\"Home\",\"item\":\"https:\/\/www.erresse-shop.it\/es\/\"},{\"@type\":\"ListItem\",\"position\":2,\"name\":\"Shop\",\"item\":\"https:\/\/www.erresse-shop.it\/es\/shop\/\"},{\"@type\":\"ListItem\",\"position\":3,\"name\":\"VILLEROY &#038; BOCH Mariefleur Basic Juego de 6 Platos de Postre 21,5 cm Flores\"}]},{\"@type\":\"WebSite\",\"@id\":\"https:\/\/www.erresse-shop.it\/es\/#website\",\"url\":\"https:\/\/www.erresse-shop.it\/es\/\",\"name\":\"Erresse Shop\",\"description\":\"Articoli di qualit\u00e0 per la casa\",\"potentialAction\":[{\"@type\":\"SearchAction\",\"target\":{\"@type\":\"EntryPoint\",\"urlTemplate\":\"https:\/\/www.erresse-shop.it\/es\/?s={search_term_string}\"},\"query-input\":\"required name=search_term_string\"}],\"inLanguage\":\"es\"}]}<\/script>\n<!-- \/ Yoast SEO Premium plugin. -->","yoast_head_json":{"title":"VILLEROY & BOCH Mariefleur Basic Juego de 6 Platos de Postre 21,5 cm Flores - Erresse Shop","description":"Plato con decoraci\u00f3n floral para un desayuno acertado Los tonos frescos e intensos de Mariefleur Basic crean una colorida extensi\u00f3n de flores en su mesa.","robots":{"index":"index","follow":"follow","max-snippet":"max-snippet:-1","max-image-preview":"max-image-preview:large","max-video-preview":"max-video-preview:-1"},"canonical":"https:\/\/www.erresse-shop.it\/es\/shop\/tabla\/platos\/villeroy-boch-mariefleur-basic-juego-de-6-platos-de-postre-215-cm-flores\/","og_locale":"es_ES","og_type":"article","og_title":"VILLEROY & BOCH Mariefleur Basic Juego de 6 Platos de Postre 21,5 cm Flores","og_description":"Plato con decoraci\u00f3n floral para un desayuno acertado Los tonos frescos e intensos de Mariefleur Basic crean una colorida extensi\u00f3n de flores en su mesa.","og_url":"https:\/\/www.erresse-shop.it\/es\/shop\/tabla\/platos\/villeroy-boch-mariefleur-basic-juego-de-6-platos-de-postre-215-cm-flores\/","og_site_name":"Erresse Shop","article_modified_time":"2024-10-15T09:43:40+00:00","og_image":[{"width":1200,"height":1200,"url":"https:\/\/www.erresse-shop.it\/wp-content\/uploads\/2024\/05\/VILLEROY-BOCH-Mariefleur-Basic-Set-6-Piatti-Dessert-215-cm-Fiori.jpg","type":"image\/jpeg"}],"twitter_card":"summary_large_image","schema":{"@context":"https:\/\/schema.org","@graph":[{"@type":"WebPage","@id":"https:\/\/www.erresse-shop.it\/es\/shop\/tabla\/platos\/villeroy-boch-mariefleur-basic-juego-de-6-platos-de-postre-215-cm-flores\/","url":"https:\/\/www.erresse-shop.it\/es\/shop\/tabla\/platos\/villeroy-boch-mariefleur-basic-juego-de-6-platos-de-postre-215-cm-flores\/","name":"VILLEROY & BOCH Mariefleur Basic Juego de 6 Platos de Postre 21,5 cm Flores - Erresse Shop","isPartOf":{"@id":"https:\/\/www.erresse-shop.it\/es\/#website"},"datePublished":"2024-05-23T12:47:56+00:00","dateModified":"2024-10-15T09:43:40+00:00","description":"Plato con decoraci\u00f3n floral para un desayuno acertado Los tonos frescos e intensos de Mariefleur Basic crean una colorida extensi\u00f3n de flores en su mesa.","breadcrumb":{"@id":"https:\/\/www.erresse-shop.it\/es\/shop\/tabla\/platos\/villeroy-boch-mariefleur-basic-juego-de-6-platos-de-postre-215-cm-flores\/#breadcrumb"},"inLanguage":"es","potentialAction":[{"@type":"ReadAction","target":["https:\/\/www.erresse-shop.it\/es\/shop\/tabla\/platos\/villeroy-boch-mariefleur-basic-juego-de-6-platos-de-postre-215-cm-flores\/"]}]},{"@type":"BreadcrumbList","@id":"https:\/\/www.erresse-shop.it\/es\/shop\/tabla\/platos\/villeroy-boch-mariefleur-basic-juego-de-6-platos-de-postre-215-cm-flores\/#breadcrumb","itemListElement":[{"@type":"ListItem","position":1,"name":"Home","item":"https:\/\/www.erresse-shop.it\/es\/"},{"@type":"ListItem","position":2,"name":"Shop","item":"https:\/\/www.erresse-shop.it\/es\/shop\/"},{"@type":"ListItem","position":3,"name":"VILLEROY &#038; BOCH Mariefleur Basic Juego de 6 Platos de Postre 21,5 cm Flores"}]},{"@type":"WebSite","@id":"https:\/\/www.erresse-shop.it\/es\/#website","url":"https:\/\/www.erresse-shop.it\/es\/","name":"Erresse Shop","description":"Articoli di qualit\u00e0 per la casa","potentialAction":[{"@type":"SearchAction","target":{"@type":"EntryPoint","urlTemplate":"https:\/\/www.erresse-shop.it\/es\/?s={search_term_string}"},"query-input":"required name=search_term_string"}],"inLanguage":"es"}]}},"df_price":119.52,"df_sale_price":119.52,"df_regular_price":161.4,"df_image_link":"https:\/\/www.erresse-shop.it\/wp-content\/uploads\/2024\/05\/VILLEROY-BOCH-Mariefleur-Basic-Set-6-Piatti-Dessert-215-cm-Fiori-1-1-300x300.jpg","_links":{"self":[{"href":"https:\/\/www.erresse-shop.it\/es\/wp-json\/wp\/v2\/product\/407808"}],"collection":[{"href":"https:\/\/www.erresse-shop.it\/es\/wp-json\/wp\/v2\/product"}],"about":[{"href":"https:\/\/www.erresse-shop.it\/es\/wp-json\/wp\/v2\/types\/product"}],"wp:featuredmedia":[{"embeddable":true,"href":"https:\/\/www.erresse-shop.it\/es\/wp-json\/wp\/v2\/media\/475501"}],"wp:attachment":[{"href":"https:\/\/www.erresse-shop.it\/es\/wp-json\/wp\/v2\/media?parent=407808"}],"wp:term":[{"taxonomy":"product_cat","embeddable":true,"href":"https:\/\/www.erresse-shop.it\/es\/wp-json\/wp\/v2\/product_cat?post=407808"},{"taxonomy":"product_tag","embeddable":true,"href":"https:\/\/www.erresse-shop.it\/es\/wp-json\/wp\/v2\/product_tag?post=407808"}],"curies":[{"name":"wp","href":"https:\/\/api.w.org\/{rel}","templated":true}]}}