{"id":407733,"date":"2024-05-23T10:36:29","date_gmt":"2024-05-23T10:36:33","guid":{"rendered":"https:\/\/www.erresse-shop.it\/?post_type=product&#038;p=407733"},"modified":"2024-10-15T09:47:29","modified_gmt":"2024-10-15T09:47:29","slug":"villeroy-boch-mariefleur-basic-set-de-6-tazas-de-espresso","status":"publish","type":"product","link":"https:\/\/www.erresse-shop.it\/es\/shop\/tabla\/tazas\/villeroy-boch-mariefleur-basic-set-de-6-tazas-de-espresso\/","title":{"rendered":"VILLEROY &#038; BOCH Mariefleur Basic Set de 6 Tazas de Espresso"},"content":{"rendered":"<p><strong>Taza espresso para disfrutar de un caf\u00e9 energizante durante una pausa.<\/strong><br \/>\nLos tonos frescos e intensos de Mariefleur Basic crean una colorida extensi\u00f3n de flores en su mesa. Las formas elegantes y sinuosas de la porcelana le permiten preparar y servir sus platos con una gracia que a\u00fan hoy no tiene parang\u00f3n. La taza espresso\/moka lleva el encanto italiano a su hogar. En esta taza, el caf\u00e9 moka estar\u00e1 buen\u00edsimo. Disfrute del caf\u00e9 a la perfecci\u00f3n.<\/p>\n<p><strong>Material<\/strong>: porcelana de primera calidad<br \/>\n<strong>Volumen<\/strong>: aprox. 50 ml<br \/>\n<strong>Apta para lavavajillas<\/strong>: s\u00ed<br \/>\n<strong>Apta para microondas<\/strong>: s\u00ed<\/p>\n","protected":false},"excerpt":{"rendered":"<p>Taza espresso para disfrutar de un caf\u00e9 energizante durante una pausa. Los tonos frescos e intensos de Mariefleur Basic crean<\/p>\n","protected":false},"featured_media":507695,"template":"","meta":{"_acf_changed":false,"inline_featured_image":false},"product_cat":[16027,16034],"product_tag":[25029,23574,24399,21941,16354,16355,16475,16909,21940,25023],"acf":[],"yoast_head":"<!-- This site is optimized with the Yoast SEO Premium plugin v18.6 (Yoast SEO v19.13) - https:\/\/yoast.com\/wordpress\/plugins\/seo\/ -->\n<title>VILLEROY &amp; BOCH Mariefleur Basic Set de 6 Tazas de Espresso - Erresse Shop<\/title>\n<meta name=\"description\" content=\"Taza espresso para disfrutar de un caf\u00e9 energizante durante una pausa. Los tonos frescos e intensos de Mariefleur Basic crean una colorida extensi\u00f3n de\" \/>\n<meta name=\"robots\" content=\"index, follow, max-snippet:-1, max-image-preview:large, max-video-preview:-1\" \/>\n<link rel=\"canonical\" href=\"https:\/\/www.erresse-shop.it\/es\/shop\/tabla\/tazas\/villeroy-boch-mariefleur-basic-set-de-6-tazas-de-espresso\/\" \/>\n<meta property=\"og:locale\" content=\"es_ES\" \/>\n<meta property=\"og:type\" content=\"article\" \/>\n<meta property=\"og:title\" content=\"VILLEROY &amp; BOCH Mariefleur Basic Set de 6 Tazas de Espresso\" \/>\n<meta property=\"og:description\" content=\"Taza espresso para disfrutar de un caf\u00e9 energizante durante una pausa. Los tonos frescos e intensos de Mariefleur Basic crean una colorida extensi\u00f3n de\" \/>\n<meta property=\"og:url\" content=\"https:\/\/www.erresse-shop.it\/es\/shop\/tabla\/tazas\/villeroy-boch-mariefleur-basic-set-de-6-tazas-de-espresso\/\" \/>\n<meta property=\"og:site_name\" content=\"Erresse Shop\" \/>\n<meta property=\"article:modified_time\" content=\"2024-10-15T09:47:29+00:00\" \/>\n<meta property=\"og:image\" content=\"https:\/\/www.erresse-shop.it\/wp-content\/uploads\/2024\/05\/VILLEROY-BOCH-Mariefleur-Basic-Set-6-Tazzine-Espresso.png\" \/>\n\t<meta property=\"og:image:width\" content=\"800\" \/>\n\t<meta property=\"og:image:height\" content=\"800\" \/>\n\t<meta property=\"og:image:type\" content=\"image\/png\" \/>\n<meta name=\"twitter:card\" content=\"summary_large_image\" \/>\n<script type=\"application\/ld+json\" class=\"yoast-schema-graph\">{\"@context\":\"https:\/\/schema.org\",\"@graph\":[{\"@type\":\"WebPage\",\"@id\":\"https:\/\/www.erresse-shop.it\/es\/shop\/tabla\/tazas\/villeroy-boch-mariefleur-basic-set-de-6-tazas-de-espresso\/\",\"url\":\"https:\/\/www.erresse-shop.it\/es\/shop\/tabla\/tazas\/villeroy-boch-mariefleur-basic-set-de-6-tazas-de-espresso\/\",\"name\":\"VILLEROY & BOCH Mariefleur Basic Set de 6 Tazas de Espresso - Erresse Shop\",\"isPartOf\":{\"@id\":\"https:\/\/www.erresse-shop.it\/es\/#website\"},\"datePublished\":\"2024-05-23T10:36:33+00:00\",\"dateModified\":\"2024-10-15T09:47:29+00:00\",\"description\":\"Taza espresso para disfrutar de un caf\u00e9 energizante durante una pausa. Los tonos frescos e intensos de Mariefleur Basic crean una colorida extensi\u00f3n de\",\"breadcrumb\":{\"@id\":\"https:\/\/www.erresse-shop.it\/es\/shop\/tabla\/tazas\/villeroy-boch-mariefleur-basic-set-de-6-tazas-de-espresso\/#breadcrumb\"},\"inLanguage\":\"es\",\"potentialAction\":[{\"@type\":\"ReadAction\",\"target\":[\"https:\/\/www.erresse-shop.it\/es\/shop\/tabla\/tazas\/villeroy-boch-mariefleur-basic-set-de-6-tazas-de-espresso\/\"]}]},{\"@type\":\"BreadcrumbList\",\"@id\":\"https:\/\/www.erresse-shop.it\/es\/shop\/tabla\/tazas\/villeroy-boch-mariefleur-basic-set-de-6-tazas-de-espresso\/#breadcrumb\",\"itemListElement\":[{\"@type\":\"ListItem\",\"position\":1,\"name\":\"Home\",\"item\":\"https:\/\/www.erresse-shop.it\/es\/\"},{\"@type\":\"ListItem\",\"position\":2,\"name\":\"Shop\",\"item\":\"https:\/\/www.erresse-shop.it\/es\/shop\/\"},{\"@type\":\"ListItem\",\"position\":3,\"name\":\"VILLEROY &#038; BOCH Mariefleur Basic Set de 6 Tazas de Espresso\"}]},{\"@type\":\"WebSite\",\"@id\":\"https:\/\/www.erresse-shop.it\/es\/#website\",\"url\":\"https:\/\/www.erresse-shop.it\/es\/\",\"name\":\"Erresse Shop\",\"description\":\"Articoli di qualit\u00e0 per la casa\",\"potentialAction\":[{\"@type\":\"SearchAction\",\"target\":{\"@type\":\"EntryPoint\",\"urlTemplate\":\"https:\/\/www.erresse-shop.it\/es\/?s={search_term_string}\"},\"query-input\":\"required name=search_term_string\"}],\"inLanguage\":\"es\"}]}<\/script>\n<!-- \/ Yoast SEO Premium plugin. -->","yoast_head_json":{"title":"VILLEROY & BOCH Mariefleur Basic Set de 6 Tazas de Espresso - Erresse Shop","description":"Taza espresso para disfrutar de un caf\u00e9 energizante durante una pausa. Los tonos frescos e intensos de Mariefleur Basic crean una colorida extensi\u00f3n de","robots":{"index":"index","follow":"follow","max-snippet":"max-snippet:-1","max-image-preview":"max-image-preview:large","max-video-preview":"max-video-preview:-1"},"canonical":"https:\/\/www.erresse-shop.it\/es\/shop\/tabla\/tazas\/villeroy-boch-mariefleur-basic-set-de-6-tazas-de-espresso\/","og_locale":"es_ES","og_type":"article","og_title":"VILLEROY & BOCH Mariefleur Basic Set de 6 Tazas de Espresso","og_description":"Taza espresso para disfrutar de un caf\u00e9 energizante durante una pausa. Los tonos frescos e intensos de Mariefleur Basic crean una colorida extensi\u00f3n de","og_url":"https:\/\/www.erresse-shop.it\/es\/shop\/tabla\/tazas\/villeroy-boch-mariefleur-basic-set-de-6-tazas-de-espresso\/","og_site_name":"Erresse Shop","article_modified_time":"2024-10-15T09:47:29+00:00","og_image":[{"width":800,"height":800,"url":"https:\/\/www.erresse-shop.it\/wp-content\/uploads\/2024\/05\/VILLEROY-BOCH-Mariefleur-Basic-Set-6-Tazzine-Espresso.png","type":"image\/png"}],"twitter_card":"summary_large_image","schema":{"@context":"https:\/\/schema.org","@graph":[{"@type":"WebPage","@id":"https:\/\/www.erresse-shop.it\/es\/shop\/tabla\/tazas\/villeroy-boch-mariefleur-basic-set-de-6-tazas-de-espresso\/","url":"https:\/\/www.erresse-shop.it\/es\/shop\/tabla\/tazas\/villeroy-boch-mariefleur-basic-set-de-6-tazas-de-espresso\/","name":"VILLEROY & BOCH Mariefleur Basic Set de 6 Tazas de Espresso - Erresse Shop","isPartOf":{"@id":"https:\/\/www.erresse-shop.it\/es\/#website"},"datePublished":"2024-05-23T10:36:33+00:00","dateModified":"2024-10-15T09:47:29+00:00","description":"Taza espresso para disfrutar de un caf\u00e9 energizante durante una pausa. Los tonos frescos e intensos de Mariefleur Basic crean una colorida extensi\u00f3n de","breadcrumb":{"@id":"https:\/\/www.erresse-shop.it\/es\/shop\/tabla\/tazas\/villeroy-boch-mariefleur-basic-set-de-6-tazas-de-espresso\/#breadcrumb"},"inLanguage":"es","potentialAction":[{"@type":"ReadAction","target":["https:\/\/www.erresse-shop.it\/es\/shop\/tabla\/tazas\/villeroy-boch-mariefleur-basic-set-de-6-tazas-de-espresso\/"]}]},{"@type":"BreadcrumbList","@id":"https:\/\/www.erresse-shop.it\/es\/shop\/tabla\/tazas\/villeroy-boch-mariefleur-basic-set-de-6-tazas-de-espresso\/#breadcrumb","itemListElement":[{"@type":"ListItem","position":1,"name":"Home","item":"https:\/\/www.erresse-shop.it\/es\/"},{"@type":"ListItem","position":2,"name":"Shop","item":"https:\/\/www.erresse-shop.it\/es\/shop\/"},{"@type":"ListItem","position":3,"name":"VILLEROY &#038; BOCH Mariefleur Basic Set de 6 Tazas de Espresso"}]},{"@type":"WebSite","@id":"https:\/\/www.erresse-shop.it\/es\/#website","url":"https:\/\/www.erresse-shop.it\/es\/","name":"Erresse Shop","description":"Articoli di qualit\u00e0 per la casa","potentialAction":[{"@type":"SearchAction","target":{"@type":"EntryPoint","urlTemplate":"https:\/\/www.erresse-shop.it\/es\/?s={search_term_string}"},"query-input":"required name=search_term_string"}],"inLanguage":"es"}]}},"df_price":49,"df_sale_price":49,"df_regular_price":107.4,"df_image_link":"https:\/\/www.erresse-shop.it\/wp-content\/uploads\/2024\/05\/VILLEROY-BOCH-Mariefleur-Basic-Set-6-Tazzine-Espresso-300x300.jpg","_links":{"self":[{"href":"https:\/\/www.erresse-shop.it\/es\/wp-json\/wp\/v2\/product\/407733"}],"collection":[{"href":"https:\/\/www.erresse-shop.it\/es\/wp-json\/wp\/v2\/product"}],"about":[{"href":"https:\/\/www.erresse-shop.it\/es\/wp-json\/wp\/v2\/types\/product"}],"wp:featuredmedia":[{"embeddable":true,"href":"https:\/\/www.erresse-shop.it\/es\/wp-json\/wp\/v2\/media\/507695"}],"wp:attachment":[{"href":"https:\/\/www.erresse-shop.it\/es\/wp-json\/wp\/v2\/media?parent=407733"}],"wp:term":[{"taxonomy":"product_cat","embeddable":true,"href":"https:\/\/www.erresse-shop.it\/es\/wp-json\/wp\/v2\/product_cat?post=407733"},{"taxonomy":"product_tag","embeddable":true,"href":"https:\/\/www.erresse-shop.it\/es\/wp-json\/wp\/v2\/product_tag?post=407733"}],"curies":[{"name":"wp","href":"https:\/\/api.w.org\/{rel}","templated":true}]}}