{"id":407690,"date":"2024-05-23T10:03:52","date_gmt":"2024-05-23T10:03:58","guid":{"rendered":"https:\/\/www.erresse-shop.it\/?post_type=product&#038;p=407690"},"modified":"2024-10-15T09:31:29","modified_gmt":"2024-10-15T09:31:29","slug":"villeroy-boch-servicio-parcialmente-dorado-ella-24-piezas","status":"publish","type":"product","link":"https:\/\/www.erresse-shop.it\/es\/shop\/tabla\/cubiertos\/villeroy-boch-servicio-parcialmente-dorado-ella-24-piezas\/","title":{"rendered":"VILLEROY &#038; BOCH Servicio Parcialmente Dorado Ella 24 piezas"},"content":{"rendered":"<p><strong>Elegante y con una forma especialmente bonita<\/strong><br \/>\nLa colecci\u00f3n Ella de Villeroy &amp; Boch, con su forma ligeramente curvada y sus refinadas aplicaciones de pan de oro, tiene un aspecto discreto y femenino. Los cubiertos de alta calidad para seis personas tienen un dise\u00f1o cl\u00e1sico. La parte inferior del mango est\u00e1 decorada en oro fino. Estos bonitos cubiertos est\u00e1n fabricados en acero inoxidable de alta calidad y son muy f\u00e1ciles de limpiar. Guarde sus cubiertos atemporales en la pr\u00e1ctica caja cuando no los utilice. El conjunto consta de:<\/p>\n<ul>\n<li>6x cucharas soperas<\/li>\n<li>6x tenedor de mesa<\/li>\n<li>6x cuchillo de mesa<\/li>\n<li>6x cucharas de caf\u00e9<\/li>\n<\/ul>\n<p><strong>Material<\/strong>: Acero inoxidable<br \/>\n<strong>Color<\/strong>: Plata\/Platino<br \/>\n<strong>Lavable<\/strong> <strong>En el lavavajillas<\/strong>: S\u00ed<br \/>\n<strong>Apto<\/strong> <strong>Para<\/strong> <strong>microondas<\/strong>: No<\/p>\n","protected":false},"excerpt":{"rendered":"<p>Elegante y con una forma especialmente bonita La colecci\u00f3n Ella de Villeroy &amp; Boch, con su forma ligeramente curvada y<\/p>\n","protected":false},"featured_media":496149,"template":"","meta":{"_acf_changed":false,"inline_featured_image":false},"product_cat":[16033,16027],"product_tag":[25029,24399,25023],"acf":[],"yoast_head":"<!-- This site is optimized with the Yoast SEO Premium plugin v18.6 (Yoast SEO v19.13) - https:\/\/yoast.com\/wordpress\/plugins\/seo\/ -->\n<title>VILLEROY &amp; BOCH Servicio Parcialmente Dorado Ella 24 piezas - Erresse Shop<\/title>\n<meta name=\"description\" content=\"Elegante y con una forma especialmente bonita La colecci\u00f3n Ella de Villeroy &amp; Boch, con su forma ligeramente curvada y sus refinadas aplicaciones de\" \/>\n<meta name=\"robots\" content=\"index, follow, max-snippet:-1, max-image-preview:large, max-video-preview:-1\" \/>\n<link rel=\"canonical\" href=\"https:\/\/www.erresse-shop.it\/es\/shop\/tabla\/cubiertos\/villeroy-boch-servicio-parcialmente-dorado-ella-24-piezas\/\" \/>\n<meta property=\"og:locale\" content=\"es_ES\" \/>\n<meta property=\"og:type\" content=\"article\" \/>\n<meta property=\"og:title\" content=\"VILLEROY &amp; BOCH Servicio Parcialmente Dorado Ella 24 piezas\" \/>\n<meta property=\"og:description\" content=\"Elegante y con una forma especialmente bonita La colecci\u00f3n Ella de Villeroy &amp; Boch, con su forma ligeramente curvada y sus refinadas aplicaciones de\" \/>\n<meta property=\"og:url\" content=\"https:\/\/www.erresse-shop.it\/es\/shop\/tabla\/cubiertos\/villeroy-boch-servicio-parcialmente-dorado-ella-24-piezas\/\" \/>\n<meta property=\"og:site_name\" content=\"Erresse Shop\" \/>\n<meta property=\"article:modified_time\" content=\"2024-10-15T09:31:29+00:00\" \/>\n<meta property=\"og:image\" content=\"https:\/\/www.erresse-shop.it\/wp-content\/uploads\/2024\/05\/VILLEROY-BOCH-Ella-Parzialmente-Dorato-Servizio-24-pezzi.png\" \/>\n\t<meta property=\"og:image:width\" content=\"800\" \/>\n\t<meta property=\"og:image:height\" content=\"800\" \/>\n\t<meta property=\"og:image:type\" content=\"image\/png\" \/>\n<meta name=\"twitter:card\" content=\"summary_large_image\" \/>\n<script type=\"application\/ld+json\" class=\"yoast-schema-graph\">{\"@context\":\"https:\/\/schema.org\",\"@graph\":[{\"@type\":\"WebPage\",\"@id\":\"https:\/\/www.erresse-shop.it\/es\/shop\/tabla\/cubiertos\/villeroy-boch-servicio-parcialmente-dorado-ella-24-piezas\/\",\"url\":\"https:\/\/www.erresse-shop.it\/es\/shop\/tabla\/cubiertos\/villeroy-boch-servicio-parcialmente-dorado-ella-24-piezas\/\",\"name\":\"VILLEROY & BOCH Servicio Parcialmente Dorado Ella 24 piezas - Erresse Shop\",\"isPartOf\":{\"@id\":\"https:\/\/www.erresse-shop.it\/es\/#website\"},\"datePublished\":\"2024-05-23T10:03:58+00:00\",\"dateModified\":\"2024-10-15T09:31:29+00:00\",\"description\":\"Elegante y con una forma especialmente bonita La colecci\u00f3n Ella de Villeroy &amp; Boch, con su forma ligeramente curvada y sus refinadas aplicaciones de\",\"breadcrumb\":{\"@id\":\"https:\/\/www.erresse-shop.it\/es\/shop\/tabla\/cubiertos\/villeroy-boch-servicio-parcialmente-dorado-ella-24-piezas\/#breadcrumb\"},\"inLanguage\":\"es\",\"potentialAction\":[{\"@type\":\"ReadAction\",\"target\":[\"https:\/\/www.erresse-shop.it\/es\/shop\/tabla\/cubiertos\/villeroy-boch-servicio-parcialmente-dorado-ella-24-piezas\/\"]}]},{\"@type\":\"BreadcrumbList\",\"@id\":\"https:\/\/www.erresse-shop.it\/es\/shop\/tabla\/cubiertos\/villeroy-boch-servicio-parcialmente-dorado-ella-24-piezas\/#breadcrumb\",\"itemListElement\":[{\"@type\":\"ListItem\",\"position\":1,\"name\":\"Home\",\"item\":\"https:\/\/www.erresse-shop.it\/es\/\"},{\"@type\":\"ListItem\",\"position\":2,\"name\":\"Shop\",\"item\":\"https:\/\/www.erresse-shop.it\/es\/shop\/\"},{\"@type\":\"ListItem\",\"position\":3,\"name\":\"VILLEROY &#038; BOCH Servicio Parcialmente Dorado Ella 24 piezas\"}]},{\"@type\":\"WebSite\",\"@id\":\"https:\/\/www.erresse-shop.it\/es\/#website\",\"url\":\"https:\/\/www.erresse-shop.it\/es\/\",\"name\":\"Erresse Shop\",\"description\":\"Articoli di qualit\u00e0 per la casa\",\"potentialAction\":[{\"@type\":\"SearchAction\",\"target\":{\"@type\":\"EntryPoint\",\"urlTemplate\":\"https:\/\/www.erresse-shop.it\/es\/?s={search_term_string}\"},\"query-input\":\"required name=search_term_string\"}],\"inLanguage\":\"es\"}]}<\/script>\n<!-- \/ Yoast SEO Premium plugin. -->","yoast_head_json":{"title":"VILLEROY & BOCH Servicio Parcialmente Dorado Ella 24 piezas - Erresse Shop","description":"Elegante y con una forma especialmente bonita La colecci\u00f3n Ella de Villeroy &amp; Boch, con su forma ligeramente curvada y sus refinadas aplicaciones de","robots":{"index":"index","follow":"follow","max-snippet":"max-snippet:-1","max-image-preview":"max-image-preview:large","max-video-preview":"max-video-preview:-1"},"canonical":"https:\/\/www.erresse-shop.it\/es\/shop\/tabla\/cubiertos\/villeroy-boch-servicio-parcialmente-dorado-ella-24-piezas\/","og_locale":"es_ES","og_type":"article","og_title":"VILLEROY & BOCH Servicio Parcialmente Dorado Ella 24 piezas","og_description":"Elegante y con una forma especialmente bonita La colecci\u00f3n Ella de Villeroy &amp; Boch, con su forma ligeramente curvada y sus refinadas aplicaciones de","og_url":"https:\/\/www.erresse-shop.it\/es\/shop\/tabla\/cubiertos\/villeroy-boch-servicio-parcialmente-dorado-ella-24-piezas\/","og_site_name":"Erresse Shop","article_modified_time":"2024-10-15T09:31:29+00:00","og_image":[{"width":800,"height":800,"url":"https:\/\/www.erresse-shop.it\/wp-content\/uploads\/2024\/05\/VILLEROY-BOCH-Ella-Parzialmente-Dorato-Servizio-24-pezzi.png","type":"image\/png"}],"twitter_card":"summary_large_image","schema":{"@context":"https:\/\/schema.org","@graph":[{"@type":"WebPage","@id":"https:\/\/www.erresse-shop.it\/es\/shop\/tabla\/cubiertos\/villeroy-boch-servicio-parcialmente-dorado-ella-24-piezas\/","url":"https:\/\/www.erresse-shop.it\/es\/shop\/tabla\/cubiertos\/villeroy-boch-servicio-parcialmente-dorado-ella-24-piezas\/","name":"VILLEROY & BOCH Servicio Parcialmente Dorado Ella 24 piezas - Erresse Shop","isPartOf":{"@id":"https:\/\/www.erresse-shop.it\/es\/#website"},"datePublished":"2024-05-23T10:03:58+00:00","dateModified":"2024-10-15T09:31:29+00:00","description":"Elegante y con una forma especialmente bonita La colecci\u00f3n Ella de Villeroy &amp; Boch, con su forma ligeramente curvada y sus refinadas aplicaciones de","breadcrumb":{"@id":"https:\/\/www.erresse-shop.it\/es\/shop\/tabla\/cubiertos\/villeroy-boch-servicio-parcialmente-dorado-ella-24-piezas\/#breadcrumb"},"inLanguage":"es","potentialAction":[{"@type":"ReadAction","target":["https:\/\/www.erresse-shop.it\/es\/shop\/tabla\/cubiertos\/villeroy-boch-servicio-parcialmente-dorado-ella-24-piezas\/"]}]},{"@type":"BreadcrumbList","@id":"https:\/\/www.erresse-shop.it\/es\/shop\/tabla\/cubiertos\/villeroy-boch-servicio-parcialmente-dorado-ella-24-piezas\/#breadcrumb","itemListElement":[{"@type":"ListItem","position":1,"name":"Home","item":"https:\/\/www.erresse-shop.it\/es\/"},{"@type":"ListItem","position":2,"name":"Shop","item":"https:\/\/www.erresse-shop.it\/es\/shop\/"},{"@type":"ListItem","position":3,"name":"VILLEROY &#038; BOCH Servicio Parcialmente Dorado Ella 24 piezas"}]},{"@type":"WebSite","@id":"https:\/\/www.erresse-shop.it\/es\/#website","url":"https:\/\/www.erresse-shop.it\/es\/","name":"Erresse Shop","description":"Articoli di qualit\u00e0 per la casa","potentialAction":[{"@type":"SearchAction","target":{"@type":"EntryPoint","urlTemplate":"https:\/\/www.erresse-shop.it\/es\/?s={search_term_string}"},"query-input":"required name=search_term_string"}],"inLanguage":"es"}]}},"df_price":174.5,"df_sale_price":174.5,"df_regular_price":349,"df_image_link":"https:\/\/www.erresse-shop.it\/wp-content\/uploads\/2024\/05\/VILLEROY-BOCH-Ella-Parzialmente-Dorato-Servizio-24-pezzi-300x300.jpg","_links":{"self":[{"href":"https:\/\/www.erresse-shop.it\/es\/wp-json\/wp\/v2\/product\/407690"}],"collection":[{"href":"https:\/\/www.erresse-shop.it\/es\/wp-json\/wp\/v2\/product"}],"about":[{"href":"https:\/\/www.erresse-shop.it\/es\/wp-json\/wp\/v2\/types\/product"}],"wp:featuredmedia":[{"embeddable":true,"href":"https:\/\/www.erresse-shop.it\/es\/wp-json\/wp\/v2\/media\/496149"}],"wp:attachment":[{"href":"https:\/\/www.erresse-shop.it\/es\/wp-json\/wp\/v2\/media?parent=407690"}],"wp:term":[{"taxonomy":"product_cat","embeddable":true,"href":"https:\/\/www.erresse-shop.it\/es\/wp-json\/wp\/v2\/product_cat?post=407690"},{"taxonomy":"product_tag","embeddable":true,"href":"https:\/\/www.erresse-shop.it\/es\/wp-json\/wp\/v2\/product_tag?post=407690"}],"curies":[{"name":"wp","href":"https:\/\/api.w.org\/{rel}","templated":true}]}}