{"id":407672,"date":"2024-05-23T09:44:26","date_gmt":"2024-05-23T09:44:32","guid":{"rendered":"https:\/\/www.erresse-shop.it\/?post_type=product&#038;p=407672"},"modified":"2024-10-15T09:32:21","modified_gmt":"2024-10-15T09:32:21","slug":"villeroy-boch-servicio-boston-24-piezas","status":"publish","type":"product","link":"https:\/\/www.erresse-shop.it\/es\/shop\/tabla\/cubiertos\/villeroy-boch-servicio-boston-24-piezas\/","title":{"rendered":"VILLEROY &#038; BOCH Servicio Boston 24 Piezas"},"content":{"rendered":"<p><strong>Cuberter\u00eda con un dise\u00f1o moderno para cada d\u00eda<\/strong><br \/>\nCon su superficie texturizada, los cubiertos Boston combinan perfectamente con el patr\u00f3n de rombos de los vasos Boston y complementan perfectamente el estilo de vida rural moderno. Ya sea una cena agradable con amigos o una cena muy \u00edntima para dos: los cubiertos Boston siempre son adecuados. El moderno juego de cubiertos Boston de 24 piezas para seis personas convence por su dise\u00f1o especial. Descubra las colecciones Boston para mesas especiales. El conjunto consta de:<\/p>\n<ul>\n<li>6x cuchillo de mesa<\/li>\n<li>6x tenedor de mesa<\/li>\n<li>6x cucharas soperas<\/li>\n<li>6x cucharas de caf\u00e9<\/li>\n<\/ul>\n<p><strong>Material<\/strong>: Acero inoxidable<br \/>\n<strong>Color<\/strong>: Acero<br \/>\n<strong>Lavable<\/strong> <strong>En el lavavajillas<\/strong>: S\u00ed<br \/>\n<strong>Apto<\/strong> <strong>Para<\/strong> <strong>microondas<\/strong>: No<\/p>\n","protected":false},"excerpt":{"rendered":"<p>Cuberter\u00eda con un dise\u00f1o moderno para cada d\u00eda Con su superficie texturizada, los cubiertos Boston combinan perfectamente con el patr\u00f3n<\/p>\n","protected":false},"featured_media":483554,"template":"","meta":{"_acf_changed":false,"inline_featured_image":false},"product_cat":[16033,16027],"product_tag":[25029,24399,25023],"acf":[],"yoast_head":"<!-- This site is optimized with the Yoast SEO Premium plugin v18.6 (Yoast SEO v19.13) - https:\/\/yoast.com\/wordpress\/plugins\/seo\/ -->\n<title>VILLEROY &amp; BOCH Servicio Boston 24 Piezas - Erresse Shop<\/title>\n<meta name=\"description\" content=\"Cuberter\u00eda con un dise\u00f1o moderno para cada d\u00eda Con su superficie texturizada, los cubiertos Boston combinan perfectamente con el patr\u00f3n de rombos de los\" \/>\n<meta name=\"robots\" content=\"index, follow, max-snippet:-1, max-image-preview:large, max-video-preview:-1\" \/>\n<link rel=\"canonical\" href=\"https:\/\/www.erresse-shop.it\/es\/shop\/tabla\/cubiertos\/villeroy-boch-servicio-boston-24-piezas\/\" \/>\n<meta property=\"og:locale\" content=\"es_ES\" \/>\n<meta property=\"og:type\" content=\"article\" \/>\n<meta property=\"og:title\" content=\"VILLEROY &amp; BOCH Servicio Boston 24 Piezas\" \/>\n<meta property=\"og:description\" content=\"Cuberter\u00eda con un dise\u00f1o moderno para cada d\u00eda Con su superficie texturizada, los cubiertos Boston combinan perfectamente con el patr\u00f3n de rombos de los\" \/>\n<meta property=\"og:url\" content=\"https:\/\/www.erresse-shop.it\/es\/shop\/tabla\/cubiertos\/villeroy-boch-servicio-boston-24-piezas\/\" \/>\n<meta property=\"og:site_name\" content=\"Erresse Shop\" \/>\n<meta property=\"article:modified_time\" content=\"2024-10-15T09:32:21+00:00\" \/>\n<meta property=\"og:image\" content=\"https:\/\/www.erresse-shop.it\/wp-content\/uploads\/2024\/05\/VILLEROY-BOCH-Boston-Servizio-24-Pezzi.png\" \/>\n\t<meta property=\"og:image:width\" content=\"800\" \/>\n\t<meta property=\"og:image:height\" content=\"800\" \/>\n\t<meta property=\"og:image:type\" content=\"image\/png\" \/>\n<meta name=\"twitter:card\" content=\"summary_large_image\" \/>\n<script type=\"application\/ld+json\" class=\"yoast-schema-graph\">{\"@context\":\"https:\/\/schema.org\",\"@graph\":[{\"@type\":\"WebPage\",\"@id\":\"https:\/\/www.erresse-shop.it\/es\/shop\/tabla\/cubiertos\/villeroy-boch-servicio-boston-24-piezas\/\",\"url\":\"https:\/\/www.erresse-shop.it\/es\/shop\/tabla\/cubiertos\/villeroy-boch-servicio-boston-24-piezas\/\",\"name\":\"VILLEROY & BOCH Servicio Boston 24 Piezas - Erresse Shop\",\"isPartOf\":{\"@id\":\"https:\/\/www.erresse-shop.it\/es\/#website\"},\"datePublished\":\"2024-05-23T09:44:32+00:00\",\"dateModified\":\"2024-10-15T09:32:21+00:00\",\"description\":\"Cuberter\u00eda con un dise\u00f1o moderno para cada d\u00eda Con su superficie texturizada, los cubiertos Boston combinan perfectamente con el patr\u00f3n de rombos de los\",\"breadcrumb\":{\"@id\":\"https:\/\/www.erresse-shop.it\/es\/shop\/tabla\/cubiertos\/villeroy-boch-servicio-boston-24-piezas\/#breadcrumb\"},\"inLanguage\":\"es\",\"potentialAction\":[{\"@type\":\"ReadAction\",\"target\":[\"https:\/\/www.erresse-shop.it\/es\/shop\/tabla\/cubiertos\/villeroy-boch-servicio-boston-24-piezas\/\"]}]},{\"@type\":\"BreadcrumbList\",\"@id\":\"https:\/\/www.erresse-shop.it\/es\/shop\/tabla\/cubiertos\/villeroy-boch-servicio-boston-24-piezas\/#breadcrumb\",\"itemListElement\":[{\"@type\":\"ListItem\",\"position\":1,\"name\":\"Home\",\"item\":\"https:\/\/www.erresse-shop.it\/es\/\"},{\"@type\":\"ListItem\",\"position\":2,\"name\":\"Shop\",\"item\":\"https:\/\/www.erresse-shop.it\/es\/shop\/\"},{\"@type\":\"ListItem\",\"position\":3,\"name\":\"VILLEROY &#038; BOCH Servicio Boston 24 Piezas\"}]},{\"@type\":\"WebSite\",\"@id\":\"https:\/\/www.erresse-shop.it\/es\/#website\",\"url\":\"https:\/\/www.erresse-shop.it\/es\/\",\"name\":\"Erresse Shop\",\"description\":\"Articoli di qualit\u00e0 per la casa\",\"potentialAction\":[{\"@type\":\"SearchAction\",\"target\":{\"@type\":\"EntryPoint\",\"urlTemplate\":\"https:\/\/www.erresse-shop.it\/es\/?s={search_term_string}\"},\"query-input\":\"required name=search_term_string\"}],\"inLanguage\":\"es\"}]}<\/script>\n<!-- \/ Yoast SEO Premium plugin. -->","yoast_head_json":{"title":"VILLEROY & BOCH Servicio Boston 24 Piezas - Erresse Shop","description":"Cuberter\u00eda con un dise\u00f1o moderno para cada d\u00eda Con su superficie texturizada, los cubiertos Boston combinan perfectamente con el patr\u00f3n de rombos de los","robots":{"index":"index","follow":"follow","max-snippet":"max-snippet:-1","max-image-preview":"max-image-preview:large","max-video-preview":"max-video-preview:-1"},"canonical":"https:\/\/www.erresse-shop.it\/es\/shop\/tabla\/cubiertos\/villeroy-boch-servicio-boston-24-piezas\/","og_locale":"es_ES","og_type":"article","og_title":"VILLEROY & BOCH Servicio Boston 24 Piezas","og_description":"Cuberter\u00eda con un dise\u00f1o moderno para cada d\u00eda Con su superficie texturizada, los cubiertos Boston combinan perfectamente con el patr\u00f3n de rombos de los","og_url":"https:\/\/www.erresse-shop.it\/es\/shop\/tabla\/cubiertos\/villeroy-boch-servicio-boston-24-piezas\/","og_site_name":"Erresse Shop","article_modified_time":"2024-10-15T09:32:21+00:00","og_image":[{"width":800,"height":800,"url":"https:\/\/www.erresse-shop.it\/wp-content\/uploads\/2024\/05\/VILLEROY-BOCH-Boston-Servizio-24-Pezzi.png","type":"image\/png"}],"twitter_card":"summary_large_image","schema":{"@context":"https:\/\/schema.org","@graph":[{"@type":"WebPage","@id":"https:\/\/www.erresse-shop.it\/es\/shop\/tabla\/cubiertos\/villeroy-boch-servicio-boston-24-piezas\/","url":"https:\/\/www.erresse-shop.it\/es\/shop\/tabla\/cubiertos\/villeroy-boch-servicio-boston-24-piezas\/","name":"VILLEROY & BOCH Servicio Boston 24 Piezas - Erresse Shop","isPartOf":{"@id":"https:\/\/www.erresse-shop.it\/es\/#website"},"datePublished":"2024-05-23T09:44:32+00:00","dateModified":"2024-10-15T09:32:21+00:00","description":"Cuberter\u00eda con un dise\u00f1o moderno para cada d\u00eda Con su superficie texturizada, los cubiertos Boston combinan perfectamente con el patr\u00f3n de rombos de los","breadcrumb":{"@id":"https:\/\/www.erresse-shop.it\/es\/shop\/tabla\/cubiertos\/villeroy-boch-servicio-boston-24-piezas\/#breadcrumb"},"inLanguage":"es","potentialAction":[{"@type":"ReadAction","target":["https:\/\/www.erresse-shop.it\/es\/shop\/tabla\/cubiertos\/villeroy-boch-servicio-boston-24-piezas\/"]}]},{"@type":"BreadcrumbList","@id":"https:\/\/www.erresse-shop.it\/es\/shop\/tabla\/cubiertos\/villeroy-boch-servicio-boston-24-piezas\/#breadcrumb","itemListElement":[{"@type":"ListItem","position":1,"name":"Home","item":"https:\/\/www.erresse-shop.it\/es\/"},{"@type":"ListItem","position":2,"name":"Shop","item":"https:\/\/www.erresse-shop.it\/es\/shop\/"},{"@type":"ListItem","position":3,"name":"VILLEROY &#038; BOCH Servicio Boston 24 Piezas"}]},{"@type":"WebSite","@id":"https:\/\/www.erresse-shop.it\/es\/#website","url":"https:\/\/www.erresse-shop.it\/es\/","name":"Erresse Shop","description":"Articoli di qualit\u00e0 per la casa","potentialAction":[{"@type":"SearchAction","target":{"@type":"EntryPoint","urlTemplate":"https:\/\/www.erresse-shop.it\/es\/?s={search_term_string}"},"query-input":"required name=search_term_string"}],"inLanguage":"es"}]}},"df_price":149.5,"df_sale_price":149.5,"df_regular_price":299,"df_image_link":"https:\/\/www.erresse-shop.it\/wp-content\/uploads\/2024\/05\/VILLEROY-BOCH-Boston-Servizio-24-Pezzi-300x300.jpg","_links":{"self":[{"href":"https:\/\/www.erresse-shop.it\/es\/wp-json\/wp\/v2\/product\/407672"}],"collection":[{"href":"https:\/\/www.erresse-shop.it\/es\/wp-json\/wp\/v2\/product"}],"about":[{"href":"https:\/\/www.erresse-shop.it\/es\/wp-json\/wp\/v2\/types\/product"}],"wp:featuredmedia":[{"embeddable":true,"href":"https:\/\/www.erresse-shop.it\/es\/wp-json\/wp\/v2\/media\/483554"}],"wp:attachment":[{"href":"https:\/\/www.erresse-shop.it\/es\/wp-json\/wp\/v2\/media?parent=407672"}],"wp:term":[{"taxonomy":"product_cat","embeddable":true,"href":"https:\/\/www.erresse-shop.it\/es\/wp-json\/wp\/v2\/product_cat?post=407672"},{"taxonomy":"product_tag","embeddable":true,"href":"https:\/\/www.erresse-shop.it\/es\/wp-json\/wp\/v2\/product_tag?post=407672"}],"curies":[{"name":"wp","href":"https:\/\/api.w.org\/{rel}","templated":true}]}}