{"id":407510,"date":"2024-05-23T07:54:39","date_gmt":"2024-05-23T07:54:44","guid":{"rendered":"https:\/\/www.erresse-shop.it\/?post_type=product&#038;p=407510"},"modified":"2024-10-15T09:06:31","modified_gmt":"2024-10-15T09:06:31","slug":"villeroy-boch-plato-tarta-toys-delight-33-cm-copia","status":"publish","type":"product","link":"https:\/\/www.erresse-shop.it\/es\/shop\/tabla\/bandejas\/villeroy-boch-plato-tarta-toys-delight-33-cm-copia\/","title":{"rendered":"VILLEROY &#038; BOCH Avarua Plato para tarta 33 cm Azul"},"content":{"rendered":"<p><strong>Aspecto celestial con toques dorados<\/strong><br \/>\nInspirado en la belleza de Avarua, el dise\u00f1o de la colecci\u00f3n Avarua interpreta el viaje del navegante y explorador James Cook y cuenta la historia de su descubrimiento de forma art\u00edstica. Las l\u00edneas doradas perfeccionan el aspecto celestial y evocan un fant\u00e1stico efecto tridimensional que da vida a la colecci\u00f3n. El plato para tartas de la colecci\u00f3n Avarua, con sus motivos bot\u00e1nicos y colores apagados, realzar\u00e1 a la perfecci\u00f3n sus pasteles y tartas y le har\u00e1 so\u00f1ar con un lugar paradis\u00edaco como las Islas Cook. D\u00e9jese transportar a un mundo de aves del para\u00edso y plantas ex\u00f3ticas.<\/p>\n<p><strong>Material<\/strong>: porcelana de primera calidad<br \/>\n<strong>Volumen<\/strong>: aprox. 330 mm<br \/>\n<strong>Apto para lavavajillas<\/strong>: S\u00ed<br \/>\n<strong>Apto para microondas<\/strong>: No<\/p>\n","protected":false},"excerpt":{"rendered":"<p>Aspecto celestial con toques dorados Inspirado en la belleza de Avarua, el dise\u00f1o de la colecci\u00f3n Avarua interpreta el viaje<\/p>\n","protected":false},"featured_media":459534,"template":"","meta":{"_acf_changed":false,"inline_featured_image":false},"product_cat":[16036,16027],"product_tag":[25029,23912,24399,25023],"acf":[],"yoast_head":"<!-- This site is optimized with the Yoast SEO Premium plugin v18.6 (Yoast SEO v19.13) - https:\/\/yoast.com\/wordpress\/plugins\/seo\/ -->\n<title>VILLEROY &amp; BOCH Avarua Plato para tarta 33 cm Azul - Erresse Shop<\/title>\n<meta name=\"description\" content=\"Aspecto celestial con toques dorados Inspirado en la belleza de Avarua, el dise\u00f1o de la colecci\u00f3n Avarua interpreta el viaje del navegante y explorador\" \/>\n<meta name=\"robots\" content=\"index, follow, max-snippet:-1, max-image-preview:large, max-video-preview:-1\" \/>\n<link rel=\"canonical\" href=\"https:\/\/www.erresse-shop.it\/es\/shop\/tabla\/bandejas\/villeroy-boch-plato-tarta-toys-delight-33-cm-copia\/\" \/>\n<meta property=\"og:locale\" content=\"es_ES\" \/>\n<meta property=\"og:type\" content=\"article\" \/>\n<meta property=\"og:title\" content=\"VILLEROY &amp; BOCH Avarua Plato para tarta 33 cm Azul\" \/>\n<meta property=\"og:description\" content=\"Aspecto celestial con toques dorados Inspirado en la belleza de Avarua, el dise\u00f1o de la colecci\u00f3n Avarua interpreta el viaje del navegante y explorador\" \/>\n<meta property=\"og:url\" content=\"https:\/\/www.erresse-shop.it\/es\/shop\/tabla\/bandejas\/villeroy-boch-plato-tarta-toys-delight-33-cm-copia\/\" \/>\n<meta property=\"og:site_name\" content=\"Erresse Shop\" \/>\n<meta property=\"article:modified_time\" content=\"2024-10-15T09:06:31+00:00\" \/>\n<meta property=\"og:image\" content=\"https:\/\/www.erresse-shop.it\/wp-content\/uploads\/2024\/05\/VILLEROY-BOCH-Avarua-Piatto-Torta-33-cm.png\" \/>\n\t<meta property=\"og:image:width\" content=\"800\" \/>\n\t<meta property=\"og:image:height\" content=\"800\" \/>\n\t<meta property=\"og:image:type\" content=\"image\/png\" \/>\n<meta name=\"twitter:card\" content=\"summary_large_image\" \/>\n<script type=\"application\/ld+json\" class=\"yoast-schema-graph\">{\"@context\":\"https:\/\/schema.org\",\"@graph\":[{\"@type\":\"WebPage\",\"@id\":\"https:\/\/www.erresse-shop.it\/es\/shop\/tabla\/bandejas\/villeroy-boch-plato-tarta-toys-delight-33-cm-copia\/\",\"url\":\"https:\/\/www.erresse-shop.it\/es\/shop\/tabla\/bandejas\/villeroy-boch-plato-tarta-toys-delight-33-cm-copia\/\",\"name\":\"VILLEROY & BOCH Avarua Plato para tarta 33 cm Azul - Erresse Shop\",\"isPartOf\":{\"@id\":\"https:\/\/www.erresse-shop.it\/es\/#website\"},\"datePublished\":\"2024-05-23T07:54:44+00:00\",\"dateModified\":\"2024-10-15T09:06:31+00:00\",\"description\":\"Aspecto celestial con toques dorados Inspirado en la belleza de Avarua, el dise\u00f1o de la colecci\u00f3n Avarua interpreta el viaje del navegante y explorador\",\"breadcrumb\":{\"@id\":\"https:\/\/www.erresse-shop.it\/es\/shop\/tabla\/bandejas\/villeroy-boch-plato-tarta-toys-delight-33-cm-copia\/#breadcrumb\"},\"inLanguage\":\"es\",\"potentialAction\":[{\"@type\":\"ReadAction\",\"target\":[\"https:\/\/www.erresse-shop.it\/es\/shop\/tabla\/bandejas\/villeroy-boch-plato-tarta-toys-delight-33-cm-copia\/\"]}]},{\"@type\":\"BreadcrumbList\",\"@id\":\"https:\/\/www.erresse-shop.it\/es\/shop\/tabla\/bandejas\/villeroy-boch-plato-tarta-toys-delight-33-cm-copia\/#breadcrumb\",\"itemListElement\":[{\"@type\":\"ListItem\",\"position\":1,\"name\":\"Home\",\"item\":\"https:\/\/www.erresse-shop.it\/es\/\"},{\"@type\":\"ListItem\",\"position\":2,\"name\":\"Shop\",\"item\":\"https:\/\/www.erresse-shop.it\/es\/shop\/\"},{\"@type\":\"ListItem\",\"position\":3,\"name\":\"VILLEROY &#038; BOCH Avarua Plato para tarta 33 cm Azul\"}]},{\"@type\":\"WebSite\",\"@id\":\"https:\/\/www.erresse-shop.it\/es\/#website\",\"url\":\"https:\/\/www.erresse-shop.it\/es\/\",\"name\":\"Erresse Shop\",\"description\":\"Articoli di qualit\u00e0 per la casa\",\"potentialAction\":[{\"@type\":\"SearchAction\",\"target\":{\"@type\":\"EntryPoint\",\"urlTemplate\":\"https:\/\/www.erresse-shop.it\/es\/?s={search_term_string}\"},\"query-input\":\"required name=search_term_string\"}],\"inLanguage\":\"es\"}]}<\/script>\n<!-- \/ Yoast SEO Premium plugin. -->","yoast_head_json":{"title":"VILLEROY & BOCH Avarua Plato para tarta 33 cm Azul - Erresse Shop","description":"Aspecto celestial con toques dorados Inspirado en la belleza de Avarua, el dise\u00f1o de la colecci\u00f3n Avarua interpreta el viaje del navegante y explorador","robots":{"index":"index","follow":"follow","max-snippet":"max-snippet:-1","max-image-preview":"max-image-preview:large","max-video-preview":"max-video-preview:-1"},"canonical":"https:\/\/www.erresse-shop.it\/es\/shop\/tabla\/bandejas\/villeroy-boch-plato-tarta-toys-delight-33-cm-copia\/","og_locale":"es_ES","og_type":"article","og_title":"VILLEROY & BOCH Avarua Plato para tarta 33 cm Azul","og_description":"Aspecto celestial con toques dorados Inspirado en la belleza de Avarua, el dise\u00f1o de la colecci\u00f3n Avarua interpreta el viaje del navegante y explorador","og_url":"https:\/\/www.erresse-shop.it\/es\/shop\/tabla\/bandejas\/villeroy-boch-plato-tarta-toys-delight-33-cm-copia\/","og_site_name":"Erresse Shop","article_modified_time":"2024-10-15T09:06:31+00:00","og_image":[{"width":800,"height":800,"url":"https:\/\/www.erresse-shop.it\/wp-content\/uploads\/2024\/05\/VILLEROY-BOCH-Avarua-Piatto-Torta-33-cm.png","type":"image\/png"}],"twitter_card":"summary_large_image","schema":{"@context":"https:\/\/schema.org","@graph":[{"@type":"WebPage","@id":"https:\/\/www.erresse-shop.it\/es\/shop\/tabla\/bandejas\/villeroy-boch-plato-tarta-toys-delight-33-cm-copia\/","url":"https:\/\/www.erresse-shop.it\/es\/shop\/tabla\/bandejas\/villeroy-boch-plato-tarta-toys-delight-33-cm-copia\/","name":"VILLEROY & BOCH Avarua Plato para tarta 33 cm Azul - Erresse Shop","isPartOf":{"@id":"https:\/\/www.erresse-shop.it\/es\/#website"},"datePublished":"2024-05-23T07:54:44+00:00","dateModified":"2024-10-15T09:06:31+00:00","description":"Aspecto celestial con toques dorados Inspirado en la belleza de Avarua, el dise\u00f1o de la colecci\u00f3n Avarua interpreta el viaje del navegante y explorador","breadcrumb":{"@id":"https:\/\/www.erresse-shop.it\/es\/shop\/tabla\/bandejas\/villeroy-boch-plato-tarta-toys-delight-33-cm-copia\/#breadcrumb"},"inLanguage":"es","potentialAction":[{"@type":"ReadAction","target":["https:\/\/www.erresse-shop.it\/es\/shop\/tabla\/bandejas\/villeroy-boch-plato-tarta-toys-delight-33-cm-copia\/"]}]},{"@type":"BreadcrumbList","@id":"https:\/\/www.erresse-shop.it\/es\/shop\/tabla\/bandejas\/villeroy-boch-plato-tarta-toys-delight-33-cm-copia\/#breadcrumb","itemListElement":[{"@type":"ListItem","position":1,"name":"Home","item":"https:\/\/www.erresse-shop.it\/es\/"},{"@type":"ListItem","position":2,"name":"Shop","item":"https:\/\/www.erresse-shop.it\/es\/shop\/"},{"@type":"ListItem","position":3,"name":"VILLEROY &#038; BOCH Avarua Plato para tarta 33 cm Azul"}]},{"@type":"WebSite","@id":"https:\/\/www.erresse-shop.it\/es\/#website","url":"https:\/\/www.erresse-shop.it\/es\/","name":"Erresse Shop","description":"Articoli di qualit\u00e0 per la casa","potentialAction":[{"@type":"SearchAction","target":{"@type":"EntryPoint","urlTemplate":"https:\/\/www.erresse-shop.it\/es\/?s={search_term_string}"},"query-input":"required name=search_term_string"}],"inLanguage":"es"}]}},"df_price":49.95,"df_sale_price":49.95,"df_regular_price":99.9,"df_image_link":"https:\/\/www.erresse-shop.it\/wp-content\/uploads\/2024\/05\/VILLEROY-BOCH-Avarua-Piatto-Torta-33-cm-Blu-300x300.jpg","_links":{"self":[{"href":"https:\/\/www.erresse-shop.it\/es\/wp-json\/wp\/v2\/product\/407510"}],"collection":[{"href":"https:\/\/www.erresse-shop.it\/es\/wp-json\/wp\/v2\/product"}],"about":[{"href":"https:\/\/www.erresse-shop.it\/es\/wp-json\/wp\/v2\/types\/product"}],"wp:featuredmedia":[{"embeddable":true,"href":"https:\/\/www.erresse-shop.it\/es\/wp-json\/wp\/v2\/media\/459534"}],"wp:attachment":[{"href":"https:\/\/www.erresse-shop.it\/es\/wp-json\/wp\/v2\/media?parent=407510"}],"wp:term":[{"taxonomy":"product_cat","embeddable":true,"href":"https:\/\/www.erresse-shop.it\/es\/wp-json\/wp\/v2\/product_cat?post=407510"},{"taxonomy":"product_tag","embeddable":true,"href":"https:\/\/www.erresse-shop.it\/es\/wp-json\/wp\/v2\/product_tag?post=407510"}],"curies":[{"name":"wp","href":"https:\/\/api.w.org\/{rel}","templated":true}]}}