{"id":407455,"date":"2024-05-23T06:55:07","date_gmt":"2024-05-23T06:55:12","guid":{"rendered":"https:\/\/www.erresse-shop.it\/?post_type=product&#038;p=407455"},"modified":"2024-10-28T15:02:44","modified_gmt":"2024-10-28T15:02:44","slug":"ninja-sizzle-grill","status":"publish","type":"product","link":"https:\/\/www.erresse-shop.it\/es\/shop\/pequenos-electrodomesticos\/parrillas-y-barbacoas\/ninja-sizzle-grill\/","title":{"rendered":"NINJA Sizzle Grill"},"content":{"rendered":"<p>Saborea todo el sabor de una aut\u00e9ntica barbacoa con la Plancha y Grill Ninja Sizzle<\/p>\n<p>Las dos placas intercambiables le permiten cocinar sus platos favoritos a la parrilla directamente en la cocina. Pechugas de pollo, hamburguesas, verduras rehogadas, fajitas o esponjosas tortitas, \u00a1elige tu plato favorito!<\/p>\n<p><strong>Aut\u00e9ntica parrilla a altas temperaturas:<\/strong><\/p>\n<p>La parrilla le permite cocinar hasta 260\u00b0C dando a sus alimentos el sabor, el aspecto y sobre todo la textura t\u00edpica de la barbacoa Ideal para cocinar jugosas hamburguesas y filetes, pechugas de pollo y brochetas de carne o pescado o berenjenas a la parrilla, pimientos rellenos, mazorcas de ma\u00edz, esp\u00e1rragos y verduras rehogadas.<\/p>\n<p><strong>Platos suculentos con el punto justo de calor:<\/strong><\/p>\n<p>La plancha calienta uniformemente de borde a borde, una caracter\u00edstica que le permite utilizar toda la superficie mientras cocina. Un dial intuitivo le permite ajustar la temperatura hasta 260\u00b0C.<\/p>\n<p><strong>Todos sus platos favoritos en un solo aparato:<\/strong><\/p>\n<p>Con placas de cocci\u00f3n intercambiables, esta plancha de interior le permite prepararlo todo, desde el desayuno hasta la cena.<\/p>\n<p><strong>Cocine con poco o nada de aceite:<\/strong><\/p>\n<p>Cocina a la plancha tus alimentos favoritos y obt\u00e9n sabrosos resultados sin a\u00f1adir aceite.<\/p>\n<p><strong>Cocine con la tapa levantada o bajada:<\/strong><\/p>\n<p>Levantar la tapa dar\u00e1 a tus alimentos el aut\u00e9ntico sabor de la parrilla y un dorado perfecto. Este sistema es ideal para alimentos delicados o magros, como el pescado y las verduras a la plancha, o alimentos a los que hay que dar la vuelta o saltear varias veces, como huevos y tortitas.<\/p>\n<p>Al bajar la tapa se conserva el calor y se derriten los ingredientes. Perfecta para tostadas fibrosas, cortes gruesos de carne o gambas congeladas.<\/p>\n<p>La tapa perforada extra\u00edble ayuda a bloquear las salpicaduras y se puede quitar para limpiarla f\u00e1cilmente.<\/p>\n<p><strong>Limpieza a fondo sin complicaciones:<\/strong><\/p>\n<p>La tapa de tejido perforado es extra\u00edble para facilitar su limpieza en el lavavajillas o a mano. Las placas de cocci\u00f3n extra\u00edbles son antiadherentes y permiten una limpieza f\u00e1cil. La bandeja permite retener los restos de grasa o jugos de cocci\u00f3n para cocinar sin ensuciar y facilitar la limpieza. El pr\u00e1ctico compartimento para cables mantiene todo ordenado.<\/p>\n<p>&nbsp;<\/p>\n","protected":false},"excerpt":{"rendered":"<p>Saborea todo el sabor de una aut\u00e9ntica barbacoa con la Plancha y Grill Ninja Sizzle Las dos placas intercambiables le<\/p>\n","protected":false},"featured_media":496127,"template":"","meta":{"_acf_changed":false,"inline_featured_image":false},"product_cat":[16083,16073],"product_tag":[24605,16168],"acf":[],"yoast_head":"<!-- This site is optimized with the Yoast SEO Premium plugin v18.6 (Yoast SEO v19.13) - https:\/\/yoast.com\/wordpress\/plugins\/seo\/ -->\n<title>NINJA Sizzle Grill - Erresse Shop<\/title>\n<meta name=\"description\" content=\"Saborea todo el sabor de una aut\u00e9ntica barbacoa con la Plancha y Grill Ninja Sizzle Las dos placas intercambiables le permiten cocinar sus platos\" \/>\n<meta name=\"robots\" content=\"index, follow, max-snippet:-1, max-image-preview:large, max-video-preview:-1\" \/>\n<link rel=\"canonical\" href=\"https:\/\/www.erresse-shop.it\/es\/shop\/pequenos-electrodomesticos\/parrillas-y-barbacoas\/ninja-sizzle-grill\/\" \/>\n<meta property=\"og:locale\" content=\"es_ES\" \/>\n<meta property=\"og:type\" content=\"article\" \/>\n<meta property=\"og:title\" content=\"NINJA Sizzle Grill\" \/>\n<meta property=\"og:description\" content=\"Saborea todo el sabor de una aut\u00e9ntica barbacoa con la Plancha y Grill Ninja Sizzle Las dos placas intercambiables le permiten cocinar sus platos\" \/>\n<meta property=\"og:url\" content=\"https:\/\/www.erresse-shop.it\/es\/shop\/pequenos-electrodomesticos\/parrillas-y-barbacoas\/ninja-sizzle-grill\/\" \/>\n<meta property=\"og:site_name\" content=\"Erresse Shop\" \/>\n<meta property=\"article:modified_time\" content=\"2024-10-28T15:02:44+00:00\" \/>\n<meta property=\"og:image\" content=\"https:\/\/www.erresse-shop.it\/wp-content\/uploads\/2024\/05\/NINJA-Sizzle-Griglia-4.png\" \/>\n\t<meta property=\"og:image:width\" content=\"800\" \/>\n\t<meta property=\"og:image:height\" content=\"800\" \/>\n\t<meta property=\"og:image:type\" content=\"image\/png\" \/>\n<meta name=\"twitter:card\" content=\"summary_large_image\" \/>\n<script type=\"application\/ld+json\" class=\"yoast-schema-graph\">{\"@context\":\"https:\/\/schema.org\",\"@graph\":[{\"@type\":\"WebPage\",\"@id\":\"https:\/\/www.erresse-shop.it\/es\/shop\/pequenos-electrodomesticos\/parrillas-y-barbacoas\/ninja-sizzle-grill\/\",\"url\":\"https:\/\/www.erresse-shop.it\/es\/shop\/pequenos-electrodomesticos\/parrillas-y-barbacoas\/ninja-sizzle-grill\/\",\"name\":\"NINJA Sizzle Grill - Erresse Shop\",\"isPartOf\":{\"@id\":\"https:\/\/www.erresse-shop.it\/es\/#website\"},\"datePublished\":\"2024-05-23T06:55:12+00:00\",\"dateModified\":\"2024-10-28T15:02:44+00:00\",\"description\":\"Saborea todo el sabor de una aut\u00e9ntica barbacoa con la Plancha y Grill Ninja Sizzle Las dos placas intercambiables le permiten cocinar sus platos\",\"breadcrumb\":{\"@id\":\"https:\/\/www.erresse-shop.it\/es\/shop\/pequenos-electrodomesticos\/parrillas-y-barbacoas\/ninja-sizzle-grill\/#breadcrumb\"},\"inLanguage\":\"es\",\"potentialAction\":[{\"@type\":\"ReadAction\",\"target\":[\"https:\/\/www.erresse-shop.it\/es\/shop\/pequenos-electrodomesticos\/parrillas-y-barbacoas\/ninja-sizzle-grill\/\"]}]},{\"@type\":\"BreadcrumbList\",\"@id\":\"https:\/\/www.erresse-shop.it\/es\/shop\/pequenos-electrodomesticos\/parrillas-y-barbacoas\/ninja-sizzle-grill\/#breadcrumb\",\"itemListElement\":[{\"@type\":\"ListItem\",\"position\":1,\"name\":\"Home\",\"item\":\"https:\/\/www.erresse-shop.it\/es\/\"},{\"@type\":\"ListItem\",\"position\":2,\"name\":\"Shop\",\"item\":\"https:\/\/www.erresse-shop.it\/es\/shop\/\"},{\"@type\":\"ListItem\",\"position\":3,\"name\":\"NINJA Sizzle Grill\"}]},{\"@type\":\"WebSite\",\"@id\":\"https:\/\/www.erresse-shop.it\/es\/#website\",\"url\":\"https:\/\/www.erresse-shop.it\/es\/\",\"name\":\"Erresse Shop\",\"description\":\"Articoli di qualit\u00e0 per la casa\",\"potentialAction\":[{\"@type\":\"SearchAction\",\"target\":{\"@type\":\"EntryPoint\",\"urlTemplate\":\"https:\/\/www.erresse-shop.it\/es\/?s={search_term_string}\"},\"query-input\":\"required name=search_term_string\"}],\"inLanguage\":\"es\"}]}<\/script>\n<!-- \/ Yoast SEO Premium plugin. -->","yoast_head_json":{"title":"NINJA Sizzle Grill - Erresse Shop","description":"Saborea todo el sabor de una aut\u00e9ntica barbacoa con la Plancha y Grill Ninja Sizzle Las dos placas intercambiables le permiten cocinar sus platos","robots":{"index":"index","follow":"follow","max-snippet":"max-snippet:-1","max-image-preview":"max-image-preview:large","max-video-preview":"max-video-preview:-1"},"canonical":"https:\/\/www.erresse-shop.it\/es\/shop\/pequenos-electrodomesticos\/parrillas-y-barbacoas\/ninja-sizzle-grill\/","og_locale":"es_ES","og_type":"article","og_title":"NINJA Sizzle Grill","og_description":"Saborea todo el sabor de una aut\u00e9ntica barbacoa con la Plancha y Grill Ninja Sizzle Las dos placas intercambiables le permiten cocinar sus platos","og_url":"https:\/\/www.erresse-shop.it\/es\/shop\/pequenos-electrodomesticos\/parrillas-y-barbacoas\/ninja-sizzle-grill\/","og_site_name":"Erresse Shop","article_modified_time":"2024-10-28T15:02:44+00:00","og_image":[{"width":800,"height":800,"url":"https:\/\/www.erresse-shop.it\/wp-content\/uploads\/2024\/05\/NINJA-Sizzle-Griglia-4.png","type":"image\/png"}],"twitter_card":"summary_large_image","schema":{"@context":"https:\/\/schema.org","@graph":[{"@type":"WebPage","@id":"https:\/\/www.erresse-shop.it\/es\/shop\/pequenos-electrodomesticos\/parrillas-y-barbacoas\/ninja-sizzle-grill\/","url":"https:\/\/www.erresse-shop.it\/es\/shop\/pequenos-electrodomesticos\/parrillas-y-barbacoas\/ninja-sizzle-grill\/","name":"NINJA Sizzle Grill - Erresse Shop","isPartOf":{"@id":"https:\/\/www.erresse-shop.it\/es\/#website"},"datePublished":"2024-05-23T06:55:12+00:00","dateModified":"2024-10-28T15:02:44+00:00","description":"Saborea todo el sabor de una aut\u00e9ntica barbacoa con la Plancha y Grill Ninja Sizzle Las dos placas intercambiables le permiten cocinar sus platos","breadcrumb":{"@id":"https:\/\/www.erresse-shop.it\/es\/shop\/pequenos-electrodomesticos\/parrillas-y-barbacoas\/ninja-sizzle-grill\/#breadcrumb"},"inLanguage":"es","potentialAction":[{"@type":"ReadAction","target":["https:\/\/www.erresse-shop.it\/es\/shop\/pequenos-electrodomesticos\/parrillas-y-barbacoas\/ninja-sizzle-grill\/"]}]},{"@type":"BreadcrumbList","@id":"https:\/\/www.erresse-shop.it\/es\/shop\/pequenos-electrodomesticos\/parrillas-y-barbacoas\/ninja-sizzle-grill\/#breadcrumb","itemListElement":[{"@type":"ListItem","position":1,"name":"Home","item":"https:\/\/www.erresse-shop.it\/es\/"},{"@type":"ListItem","position":2,"name":"Shop","item":"https:\/\/www.erresse-shop.it\/es\/shop\/"},{"@type":"ListItem","position":3,"name":"NINJA Sizzle Grill"}]},{"@type":"WebSite","@id":"https:\/\/www.erresse-shop.it\/es\/#website","url":"https:\/\/www.erresse-shop.it\/es\/","name":"Erresse Shop","description":"Articoli di qualit\u00e0 per la casa","potentialAction":[{"@type":"SearchAction","target":{"@type":"EntryPoint","urlTemplate":"https:\/\/www.erresse-shop.it\/es\/?s={search_term_string}"},"query-input":"required name=search_term_string"}],"inLanguage":"es"}]}},"df_price":149.99,"df_sale_price":149.99,"df_regular_price":149.99,"df_image_link":"https:\/\/www.erresse-shop.it\/wp-content\/uploads\/2024\/05\/NINJA-Sizzle-Griglia-4-300x300.jpg","_links":{"self":[{"href":"https:\/\/www.erresse-shop.it\/es\/wp-json\/wp\/v2\/product\/407455"}],"collection":[{"href":"https:\/\/www.erresse-shop.it\/es\/wp-json\/wp\/v2\/product"}],"about":[{"href":"https:\/\/www.erresse-shop.it\/es\/wp-json\/wp\/v2\/types\/product"}],"wp:featuredmedia":[{"embeddable":true,"href":"https:\/\/www.erresse-shop.it\/es\/wp-json\/wp\/v2\/media\/496127"}],"wp:attachment":[{"href":"https:\/\/www.erresse-shop.it\/es\/wp-json\/wp\/v2\/media?parent=407455"}],"wp:term":[{"taxonomy":"product_cat","embeddable":true,"href":"https:\/\/www.erresse-shop.it\/es\/wp-json\/wp\/v2\/product_cat?post=407455"},{"taxonomy":"product_tag","embeddable":true,"href":"https:\/\/www.erresse-shop.it\/es\/wp-json\/wp\/v2\/product_tag?post=407455"}],"curies":[{"name":"wp","href":"https:\/\/api.w.org\/{rel}","templated":true}]}}