{"id":406971,"date":"2021-06-29T14:14:03","date_gmt":"2021-06-29T14:14:03","guid":{"rendered":"https:\/\/www.erresse-shop.it\/shop\/senza-categoria\/sage-the-sage-smart-tea-infuser-compact\/"},"modified":"2024-06-03T00:01:09","modified_gmt":"2024-06-03T00:01:09","slug":"sage-the-sage-smart-tea-infuser-compact","status":"publish","type":"product","link":"https:\/\/www.erresse-shop.it\/es\/shop\/pequenos-electrodomesticos\/hervidores-electricos\/sage-the-sage-smart-tea-infuser-compact\/","title":{"rendered":"SAGE The Sage Smart Tea Infuser Compact"},"content":{"rendered":"<p><strong>LA TEMPERATURA Y TIEMPOS DE INFUSI\u00d3N ADECUADOS PARA TU T\u00c9<\/strong><br \/>\nEl infusor de t\u00e9 compacto Sage Smart conoce la temperatura adecuada y el tiempo de preparaci\u00f3n necesarios para aprovechar al m\u00e1ximo tus t\u00e9s favoritos. Configure el cron\u00f3metro para saber cu\u00e1ndo se completa la infusi\u00f3n; el hervidor mantiene autom\u00e1ticamente la temperatura hasta que llega el momento de disfrutar de su bebida. La infusi\u00f3n siempre perfecta para cada taza de t\u00e9, para un momento solo o para compartir con quien quieras.<\/p>\n<p><strong>TRATA BIEN TU T\u00c9<\/strong><br \/>\nLibera todo el potencial de tu taza de t\u00e9. Controla la temperatura, establece el tiempo de infusi\u00f3n y redescubre el aroma de tu blend favorito.<\/p>\n<p><strong>5 PREAJUSTES PARA TU T\u00c9 FAVORITO<\/strong><br \/>\n5 ajustes de temperatura diferentes adecuados para t\u00e9 negro, verde, blanco, Oolong y de hierbas.<\/p>\n<p><strong>TIEMPO DE INFUSI\u00d3N VARIABLE<\/strong><br \/>\nConfigure el tiempo de preparaci\u00f3n de 1 a 5 minutos para un t\u00e9 ligero, medio o fuerte, seg\u00fan su gusto. El temporizador emite un pitido cuando finaliza el tiempo de preparaci\u00f3n ideal, para que sepa cu\u00e1ndo retirar el filtro de t\u00e9.<\/p>\n<p><strong>FORMATO COMPACTO<\/strong><br \/>\nJarra de 4 tazas\/1 litro.<\/p>\n<p><strong>F\u00c1CIL DE USAR Y LIMPIAR<\/strong><br \/>\nQuitar el filtro de t\u00e9 es una operaci\u00f3n sencilla y segura gracias al sistema de fijaci\u00f3n magn\u00e9tico.<\/p>\n<p><strong>HERVIDOR<\/strong><br \/>\n\u00bfNecesitas hervir agua por otro motivo? No hay problema, tambi\u00e9n puedes hervir agua para otras bebidas.<\/p>\n<p><strong>ESPECIFICACIONES DEL PRODUCTO<\/strong><br \/>\n&#8211; Dimensiones (AnxPrxAl): 21,3 x 23,7 x 21 cm<br \/>\n&#8211; Garant\u00eda: 2 a\u00f1os de garant\u00eda para reparaci\u00f3n, reemplazo o reembolso (a exclusivo criterio de Sage Appliances)<br \/>\n&#8211; Materiales de construcci\u00f3n: Vidrio resistente a golpes t\u00e9rmicos. Acero cepillado sin manchas. Colador de t\u00e9 de acero inoxidable<br \/>\n&#8211; Capacidad: 4 tazas &#8211; 1 l<br \/>\n&#8211; Ajustes: Temperatura: 80\u00b0C, 85\u00b0C, 90\u00b0C, 95\u00b0C, 100\u00b0C. Tiempo de infusi\u00f3n: 1 a 5 minutos<\/p>\n<p><span style=\"text-decoration: underline;\"><strong>No est\u00e1 a la venta fuera de Europa<\/strong><\/span><\/p>\n","protected":false},"excerpt":{"rendered":"<p>LA TEMPERATURA Y TIEMPOS DE INFUSI\u00d3N ADECUADOS PARA TU T\u00c9 El infusor de t\u00e9 compacto Sage Smart conoce la temperatura<\/p>\n","protected":false},"featured_media":406972,"template":"","meta":{"_acf_changed":false,"inline_featured_image":false},"product_cat":[16074,16073],"product_tag":[16259,16258],"acf":[],"yoast_head":"<!-- This site is optimized with the Yoast SEO Premium plugin v18.6 (Yoast SEO v19.13) - https:\/\/yoast.com\/wordpress\/plugins\/seo\/ -->\n<title>SAGE The Sage Smart Tea Infuser Compact - Erresse Shop<\/title>\n<meta name=\"description\" content=\"LA TEMPERATURA Y TIEMPOS DE INFUSI\u00d3N ADECUADOS PARA TU T\u00c9 El infusor de t\u00e9 compacto Sage Smart conoce la temperatura adecuada y el tiempo de preparaci\u00f3n\" \/>\n<meta name=\"robots\" content=\"index, follow, max-snippet:-1, max-image-preview:large, max-video-preview:-1\" \/>\n<link rel=\"canonical\" href=\"https:\/\/www.erresse-shop.it\/es\/shop\/pequenos-electrodomesticos\/hervidores-electricos\/sage-the-sage-smart-tea-infuser-compact\/\" \/>\n<meta property=\"og:locale\" content=\"es_ES\" \/>\n<meta property=\"og:type\" content=\"article\" \/>\n<meta property=\"og:title\" content=\"SAGE The Sage Smart Tea Infuser Compact\" \/>\n<meta property=\"og:description\" content=\"LA TEMPERATURA Y TIEMPOS DE INFUSI\u00d3N ADECUADOS PARA TU T\u00c9 El infusor de t\u00e9 compacto Sage Smart conoce la temperatura adecuada y el tiempo de preparaci\u00f3n\" \/>\n<meta property=\"og:url\" content=\"https:\/\/www.erresse-shop.it\/es\/shop\/pequenos-electrodomesticos\/hervidores-electricos\/sage-the-sage-smart-tea-infuser-compact\/\" \/>\n<meta property=\"og:site_name\" content=\"Erresse Shop\" \/>\n<meta property=\"article:modified_time\" content=\"2024-06-03T00:01:09+00:00\" \/>\n<meta property=\"og:image\" content=\"https:\/\/www.erresse-shop.it\/wp-content\/uploads\/2021\/06\/STM500CLR.jpg\" \/>\n\t<meta property=\"og:image:width\" content=\"992\" \/>\n\t<meta property=\"og:image:height\" content=\"992\" \/>\n\t<meta property=\"og:image:type\" content=\"image\/jpeg\" \/>\n<meta name=\"twitter:card\" content=\"summary_large_image\" \/>\n<script type=\"application\/ld+json\" class=\"yoast-schema-graph\">{\"@context\":\"https:\/\/schema.org\",\"@graph\":[{\"@type\":\"WebPage\",\"@id\":\"https:\/\/www.erresse-shop.it\/es\/shop\/pequenos-electrodomesticos\/hervidores-electricos\/sage-the-sage-smart-tea-infuser-compact\/\",\"url\":\"https:\/\/www.erresse-shop.it\/es\/shop\/pequenos-electrodomesticos\/hervidores-electricos\/sage-the-sage-smart-tea-infuser-compact\/\",\"name\":\"SAGE The Sage Smart Tea Infuser Compact - Erresse Shop\",\"isPartOf\":{\"@id\":\"https:\/\/www.erresse-shop.it\/es\/#website\"},\"datePublished\":\"2021-06-29T14:14:03+00:00\",\"dateModified\":\"2024-06-03T00:01:09+00:00\",\"description\":\"LA TEMPERATURA Y TIEMPOS DE INFUSI\u00d3N ADECUADOS PARA TU T\u00c9 El infusor de t\u00e9 compacto Sage Smart conoce la temperatura adecuada y el tiempo de preparaci\u00f3n\",\"breadcrumb\":{\"@id\":\"https:\/\/www.erresse-shop.it\/es\/shop\/pequenos-electrodomesticos\/hervidores-electricos\/sage-the-sage-smart-tea-infuser-compact\/#breadcrumb\"},\"inLanguage\":\"es\",\"potentialAction\":[{\"@type\":\"ReadAction\",\"target\":[\"https:\/\/www.erresse-shop.it\/es\/shop\/pequenos-electrodomesticos\/hervidores-electricos\/sage-the-sage-smart-tea-infuser-compact\/\"]}]},{\"@type\":\"BreadcrumbList\",\"@id\":\"https:\/\/www.erresse-shop.it\/es\/shop\/pequenos-electrodomesticos\/hervidores-electricos\/sage-the-sage-smart-tea-infuser-compact\/#breadcrumb\",\"itemListElement\":[{\"@type\":\"ListItem\",\"position\":1,\"name\":\"Home\",\"item\":\"https:\/\/www.erresse-shop.it\/es\/\"},{\"@type\":\"ListItem\",\"position\":2,\"name\":\"Shop\",\"item\":\"https:\/\/www.erresse-shop.it\/es\/shop\/\"},{\"@type\":\"ListItem\",\"position\":3,\"name\":\"SAGE The Sage Smart Tea Infuser Compact\"}]},{\"@type\":\"WebSite\",\"@id\":\"https:\/\/www.erresse-shop.it\/es\/#website\",\"url\":\"https:\/\/www.erresse-shop.it\/es\/\",\"name\":\"Erresse Shop\",\"description\":\"Articoli di qualit\u00e0 per la casa\",\"potentialAction\":[{\"@type\":\"SearchAction\",\"target\":{\"@type\":\"EntryPoint\",\"urlTemplate\":\"https:\/\/www.erresse-shop.it\/es\/?s={search_term_string}\"},\"query-input\":\"required name=search_term_string\"}],\"inLanguage\":\"es\"}]}<\/script>\n<!-- \/ Yoast SEO Premium plugin. -->","yoast_head_json":{"title":"SAGE The Sage Smart Tea Infuser Compact - Erresse Shop","description":"LA TEMPERATURA Y TIEMPOS DE INFUSI\u00d3N ADECUADOS PARA TU T\u00c9 El infusor de t\u00e9 compacto Sage Smart conoce la temperatura adecuada y el tiempo de preparaci\u00f3n","robots":{"index":"index","follow":"follow","max-snippet":"max-snippet:-1","max-image-preview":"max-image-preview:large","max-video-preview":"max-video-preview:-1"},"canonical":"https:\/\/www.erresse-shop.it\/es\/shop\/pequenos-electrodomesticos\/hervidores-electricos\/sage-the-sage-smart-tea-infuser-compact\/","og_locale":"es_ES","og_type":"article","og_title":"SAGE The Sage Smart Tea Infuser Compact","og_description":"LA TEMPERATURA Y TIEMPOS DE INFUSI\u00d3N ADECUADOS PARA TU T\u00c9 El infusor de t\u00e9 compacto Sage Smart conoce la temperatura adecuada y el tiempo de preparaci\u00f3n","og_url":"https:\/\/www.erresse-shop.it\/es\/shop\/pequenos-electrodomesticos\/hervidores-electricos\/sage-the-sage-smart-tea-infuser-compact\/","og_site_name":"Erresse Shop","article_modified_time":"2024-06-03T00:01:09+00:00","og_image":[{"width":992,"height":992,"url":"https:\/\/www.erresse-shop.it\/wp-content\/uploads\/2021\/06\/STM500CLR.jpg","type":"image\/jpeg"}],"twitter_card":"summary_large_image","schema":{"@context":"https:\/\/schema.org","@graph":[{"@type":"WebPage","@id":"https:\/\/www.erresse-shop.it\/es\/shop\/pequenos-electrodomesticos\/hervidores-electricos\/sage-the-sage-smart-tea-infuser-compact\/","url":"https:\/\/www.erresse-shop.it\/es\/shop\/pequenos-electrodomesticos\/hervidores-electricos\/sage-the-sage-smart-tea-infuser-compact\/","name":"SAGE The Sage Smart Tea Infuser Compact - Erresse Shop","isPartOf":{"@id":"https:\/\/www.erresse-shop.it\/es\/#website"},"datePublished":"2021-06-29T14:14:03+00:00","dateModified":"2024-06-03T00:01:09+00:00","description":"LA TEMPERATURA Y TIEMPOS DE INFUSI\u00d3N ADECUADOS PARA TU T\u00c9 El infusor de t\u00e9 compacto Sage Smart conoce la temperatura adecuada y el tiempo de preparaci\u00f3n","breadcrumb":{"@id":"https:\/\/www.erresse-shop.it\/es\/shop\/pequenos-electrodomesticos\/hervidores-electricos\/sage-the-sage-smart-tea-infuser-compact\/#breadcrumb"},"inLanguage":"es","potentialAction":[{"@type":"ReadAction","target":["https:\/\/www.erresse-shop.it\/es\/shop\/pequenos-electrodomesticos\/hervidores-electricos\/sage-the-sage-smart-tea-infuser-compact\/"]}]},{"@type":"BreadcrumbList","@id":"https:\/\/www.erresse-shop.it\/es\/shop\/pequenos-electrodomesticos\/hervidores-electricos\/sage-the-sage-smart-tea-infuser-compact\/#breadcrumb","itemListElement":[{"@type":"ListItem","position":1,"name":"Home","item":"https:\/\/www.erresse-shop.it\/es\/"},{"@type":"ListItem","position":2,"name":"Shop","item":"https:\/\/www.erresse-shop.it\/es\/shop\/"},{"@type":"ListItem","position":3,"name":"SAGE The Sage Smart Tea Infuser Compact"}]},{"@type":"WebSite","@id":"https:\/\/www.erresse-shop.it\/es\/#website","url":"https:\/\/www.erresse-shop.it\/es\/","name":"Erresse Shop","description":"Articoli di qualit\u00e0 per la casa","potentialAction":[{"@type":"SearchAction","target":{"@type":"EntryPoint","urlTemplate":"https:\/\/www.erresse-shop.it\/es\/?s={search_term_string}"},"query-input":"required name=search_term_string"}],"inLanguage":"es"}]}},"df_price":149.95,"df_sale_price":149.95,"df_regular_price":179.9,"df_image_link":"https:\/\/www.erresse-shop.it\/wp-content\/uploads\/2021\/06\/STM500CLR-300x300.jpg","_links":{"self":[{"href":"https:\/\/www.erresse-shop.it\/es\/wp-json\/wp\/v2\/product\/406971"}],"collection":[{"href":"https:\/\/www.erresse-shop.it\/es\/wp-json\/wp\/v2\/product"}],"about":[{"href":"https:\/\/www.erresse-shop.it\/es\/wp-json\/wp\/v2\/types\/product"}],"wp:featuredmedia":[{"embeddable":true,"href":"https:\/\/www.erresse-shop.it\/es\/wp-json\/wp\/v2\/media\/406972"}],"wp:attachment":[{"href":"https:\/\/www.erresse-shop.it\/es\/wp-json\/wp\/v2\/media?parent=406971"}],"wp:term":[{"taxonomy":"product_cat","embeddable":true,"href":"https:\/\/www.erresse-shop.it\/es\/wp-json\/wp\/v2\/product_cat?post=406971"},{"taxonomy":"product_tag","embeddable":true,"href":"https:\/\/www.erresse-shop.it\/es\/wp-json\/wp\/v2\/product_tag?post=406971"}],"curies":[{"name":"wp","href":"https:\/\/api.w.org\/{rel}","templated":true}]}}