{"id":406965,"date":"2021-06-29T13:31:59","date_gmt":"2021-06-29T13:31:59","guid":{"rendered":"https:\/\/www.erresse-shop.it\/shop\/sin categor\u00eda\/sage-the-soft-top-luxe\/"},"modified":"2024-06-11T00:03:04","modified_gmt":"2024-06-11T00:03:04","slug":"sage-the-soft-top-luxe","status":"publish","type":"product","link":"https:\/\/www.erresse-shop.it\/es\/shop\/pequenos-electrodomesticos\/hervidores-electricos\/sage-the-soft-top-luxe\/","title":{"rendered":"SAGE The Soft Top Luxe"},"content":{"rendered":"<p><strong>TAPA DE APERTURA SUAVE QUE LIBERA VAPOR LENTAMENTE<\/strong><br \/>\nSoft Top Luxe cuenta con una tapa de apertura suave para liberar lentamente el vapor y evitar salpicaduras de agua hirviendo. Est\u00e1 fabricado en acero inoxidable cepillado con acabados met\u00e1licos de alta calidad y detalles cromados con materiales BPA Free.<\/p>\n<p><strong>TAPA SOFT TOP\u2122<\/strong><br \/>\nVerter una mezcla hirviendo del hervidor en la taza puede ser peligroso. Esta tapa especial libera el vapor lentamente y elimina el riesgo de salpicaduras.<\/p>\n<p><strong>DOS VENTANAS PARA EL NIVEL DEL AGUA<\/strong><br \/>\nFabricado con materiales libres de BPA.<\/p>\n<p><strong>DISE\u00d1O DE LUJO<\/strong><br \/>\nDise\u00f1o ergon\u00f3mico, mango de acero inoxidable con interruptor de encendido luminoso.<\/p>\n<p><strong>CONVENIENCIA INAL\u00c1MBRICA<\/strong><br \/>\nJarra inal\u00e1mbrica con base multidireccional de 360 \u200b\u200bgrados y recogecables.<\/p>\n<p><strong>ESPECIFICACIONES DEL PRODUCTO<\/strong><br \/>\n&#8211; Dimensiones (AnxPrxAl): 17,4 x 23,3 x 24,2 cm<br \/>\n&#8211; Garant\u00eda: 2 a\u00f1os de garant\u00eda para reparaci\u00f3n, reemplazo o reembolso (a exclusivo criterio de Sage Appliances)<br \/>\n&#8211; Materiales de construcci\u00f3n: acero inoxidable cepillado<br \/>\n&#8211; Capacidad: 1,7 litros<br \/>\n&#8211; Configuraci\u00f3n: encendido y apagado<\/p>\n<p><span style=\"text-decoration: underline;\"><strong>No est\u00e1 a la venta fuera de Europa<\/strong><\/span><\/p>\n","protected":false},"excerpt":{"rendered":"<p>TAPA DE APERTURA SUAVE QUE LIBERA VAPOR LENTAMENTE Soft Top Luxe cuenta con una tapa de apertura suave para liberar<\/p>\n","protected":false},"featured_media":406966,"template":"","meta":{"_acf_changed":false,"inline_featured_image":false},"product_cat":[16074,16073],"product_tag":[16259,16258],"acf":[],"yoast_head":"<!-- This site is optimized with the Yoast SEO Premium plugin v18.6 (Yoast SEO v19.13) - https:\/\/yoast.com\/wordpress\/plugins\/seo\/ -->\n<title>SAGE The Soft Top Luxe - Erresse Shop<\/title>\n<meta name=\"description\" content=\"TAPA DE APERTURA SUAVE QUE LIBERA VAPOR LENTAMENTE Soft Top Luxe cuenta con una tapa de apertura suave para liberar lentamente el vapor y evitar\" \/>\n<meta name=\"robots\" content=\"index, follow, max-snippet:-1, max-image-preview:large, max-video-preview:-1\" \/>\n<link rel=\"canonical\" href=\"https:\/\/www.erresse-shop.it\/es\/shop\/pequenos-electrodomesticos\/hervidores-electricos\/sage-the-soft-top-luxe\/\" \/>\n<meta property=\"og:locale\" content=\"es_ES\" \/>\n<meta property=\"og:type\" content=\"article\" \/>\n<meta property=\"og:title\" content=\"SAGE The Soft Top Luxe\" \/>\n<meta property=\"og:description\" content=\"TAPA DE APERTURA SUAVE QUE LIBERA VAPOR LENTAMENTE Soft Top Luxe cuenta con una tapa de apertura suave para liberar lentamente el vapor y evitar\" \/>\n<meta property=\"og:url\" content=\"https:\/\/www.erresse-shop.it\/es\/shop\/pequenos-electrodomesticos\/hervidores-electricos\/sage-the-soft-top-luxe\/\" \/>\n<meta property=\"og:site_name\" content=\"Erresse Shop\" \/>\n<meta property=\"article:modified_time\" content=\"2024-06-11T00:03:04+00:00\" \/>\n<meta property=\"og:image\" content=\"https:\/\/www.erresse-shop.it\/wp-content\/uploads\/2021\/06\/SKE735BSS.jpg\" \/>\n\t<meta property=\"og:image:width\" content=\"992\" \/>\n\t<meta property=\"og:image:height\" content=\"992\" \/>\n\t<meta property=\"og:image:type\" content=\"image\/jpeg\" \/>\n<meta name=\"twitter:card\" content=\"summary_large_image\" \/>\n<script type=\"application\/ld+json\" class=\"yoast-schema-graph\">{\"@context\":\"https:\/\/schema.org\",\"@graph\":[{\"@type\":\"WebPage\",\"@id\":\"https:\/\/www.erresse-shop.it\/es\/shop\/pequenos-electrodomesticos\/hervidores-electricos\/sage-the-soft-top-luxe\/\",\"url\":\"https:\/\/www.erresse-shop.it\/es\/shop\/pequenos-electrodomesticos\/hervidores-electricos\/sage-the-soft-top-luxe\/\",\"name\":\"SAGE The Soft Top Luxe - Erresse Shop\",\"isPartOf\":{\"@id\":\"https:\/\/www.erresse-shop.it\/es\/#website\"},\"datePublished\":\"2021-06-29T13:31:59+00:00\",\"dateModified\":\"2024-06-11T00:03:04+00:00\",\"description\":\"TAPA DE APERTURA SUAVE QUE LIBERA VAPOR LENTAMENTE Soft Top Luxe cuenta con una tapa de apertura suave para liberar lentamente el vapor y evitar\",\"breadcrumb\":{\"@id\":\"https:\/\/www.erresse-shop.it\/es\/shop\/pequenos-electrodomesticos\/hervidores-electricos\/sage-the-soft-top-luxe\/#breadcrumb\"},\"inLanguage\":\"es\",\"potentialAction\":[{\"@type\":\"ReadAction\",\"target\":[\"https:\/\/www.erresse-shop.it\/es\/shop\/pequenos-electrodomesticos\/hervidores-electricos\/sage-the-soft-top-luxe\/\"]}]},{\"@type\":\"BreadcrumbList\",\"@id\":\"https:\/\/www.erresse-shop.it\/es\/shop\/pequenos-electrodomesticos\/hervidores-electricos\/sage-the-soft-top-luxe\/#breadcrumb\",\"itemListElement\":[{\"@type\":\"ListItem\",\"position\":1,\"name\":\"Home\",\"item\":\"https:\/\/www.erresse-shop.it\/es\/\"},{\"@type\":\"ListItem\",\"position\":2,\"name\":\"Shop\",\"item\":\"https:\/\/www.erresse-shop.it\/es\/shop\/\"},{\"@type\":\"ListItem\",\"position\":3,\"name\":\"SAGE The Soft Top Luxe\"}]},{\"@type\":\"WebSite\",\"@id\":\"https:\/\/www.erresse-shop.it\/es\/#website\",\"url\":\"https:\/\/www.erresse-shop.it\/es\/\",\"name\":\"Erresse Shop\",\"description\":\"Articoli di qualit\u00e0 per la casa\",\"potentialAction\":[{\"@type\":\"SearchAction\",\"target\":{\"@type\":\"EntryPoint\",\"urlTemplate\":\"https:\/\/www.erresse-shop.it\/es\/?s={search_term_string}\"},\"query-input\":\"required name=search_term_string\"}],\"inLanguage\":\"es\"}]}<\/script>\n<!-- \/ Yoast SEO Premium plugin. -->","yoast_head_json":{"title":"SAGE The Soft Top Luxe - Erresse Shop","description":"TAPA DE APERTURA SUAVE QUE LIBERA VAPOR LENTAMENTE Soft Top Luxe cuenta con una tapa de apertura suave para liberar lentamente el vapor y evitar","robots":{"index":"index","follow":"follow","max-snippet":"max-snippet:-1","max-image-preview":"max-image-preview:large","max-video-preview":"max-video-preview:-1"},"canonical":"https:\/\/www.erresse-shop.it\/es\/shop\/pequenos-electrodomesticos\/hervidores-electricos\/sage-the-soft-top-luxe\/","og_locale":"es_ES","og_type":"article","og_title":"SAGE The Soft Top Luxe","og_description":"TAPA DE APERTURA SUAVE QUE LIBERA VAPOR LENTAMENTE Soft Top Luxe cuenta con una tapa de apertura suave para liberar lentamente el vapor y evitar","og_url":"https:\/\/www.erresse-shop.it\/es\/shop\/pequenos-electrodomesticos\/hervidores-electricos\/sage-the-soft-top-luxe\/","og_site_name":"Erresse Shop","article_modified_time":"2024-06-11T00:03:04+00:00","og_image":[{"width":992,"height":992,"url":"https:\/\/www.erresse-shop.it\/wp-content\/uploads\/2021\/06\/SKE735BSS.jpg","type":"image\/jpeg"}],"twitter_card":"summary_large_image","schema":{"@context":"https:\/\/schema.org","@graph":[{"@type":"WebPage","@id":"https:\/\/www.erresse-shop.it\/es\/shop\/pequenos-electrodomesticos\/hervidores-electricos\/sage-the-soft-top-luxe\/","url":"https:\/\/www.erresse-shop.it\/es\/shop\/pequenos-electrodomesticos\/hervidores-electricos\/sage-the-soft-top-luxe\/","name":"SAGE The Soft Top Luxe - Erresse Shop","isPartOf":{"@id":"https:\/\/www.erresse-shop.it\/es\/#website"},"datePublished":"2021-06-29T13:31:59+00:00","dateModified":"2024-06-11T00:03:04+00:00","description":"TAPA DE APERTURA SUAVE QUE LIBERA VAPOR LENTAMENTE Soft Top Luxe cuenta con una tapa de apertura suave para liberar lentamente el vapor y evitar","breadcrumb":{"@id":"https:\/\/www.erresse-shop.it\/es\/shop\/pequenos-electrodomesticos\/hervidores-electricos\/sage-the-soft-top-luxe\/#breadcrumb"},"inLanguage":"es","potentialAction":[{"@type":"ReadAction","target":["https:\/\/www.erresse-shop.it\/es\/shop\/pequenos-electrodomesticos\/hervidores-electricos\/sage-the-soft-top-luxe\/"]}]},{"@type":"BreadcrumbList","@id":"https:\/\/www.erresse-shop.it\/es\/shop\/pequenos-electrodomesticos\/hervidores-electricos\/sage-the-soft-top-luxe\/#breadcrumb","itemListElement":[{"@type":"ListItem","position":1,"name":"Home","item":"https:\/\/www.erresse-shop.it\/es\/"},{"@type":"ListItem","position":2,"name":"Shop","item":"https:\/\/www.erresse-shop.it\/es\/shop\/"},{"@type":"ListItem","position":3,"name":"SAGE The Soft Top Luxe"}]},{"@type":"WebSite","@id":"https:\/\/www.erresse-shop.it\/es\/#website","url":"https:\/\/www.erresse-shop.it\/es\/","name":"Erresse Shop","description":"Articoli di qualit\u00e0 per la casa","potentialAction":[{"@type":"SearchAction","target":{"@type":"EntryPoint","urlTemplate":"https:\/\/www.erresse-shop.it\/es\/?s={search_term_string}"},"query-input":"required name=search_term_string"}],"inLanguage":"es"}]}},"df_price":159.9,"df_sale_price":159.9,"df_regular_price":159.9,"df_image_link":"https:\/\/www.erresse-shop.it\/wp-content\/uploads\/2021\/06\/SKE735BSS-300x300.jpg","_links":{"self":[{"href":"https:\/\/www.erresse-shop.it\/es\/wp-json\/wp\/v2\/product\/406965"}],"collection":[{"href":"https:\/\/www.erresse-shop.it\/es\/wp-json\/wp\/v2\/product"}],"about":[{"href":"https:\/\/www.erresse-shop.it\/es\/wp-json\/wp\/v2\/types\/product"}],"wp:featuredmedia":[{"embeddable":true,"href":"https:\/\/www.erresse-shop.it\/es\/wp-json\/wp\/v2\/media\/406966"}],"wp:attachment":[{"href":"https:\/\/www.erresse-shop.it\/es\/wp-json\/wp\/v2\/media?parent=406965"}],"wp:term":[{"taxonomy":"product_cat","embeddable":true,"href":"https:\/\/www.erresse-shop.it\/es\/wp-json\/wp\/v2\/product_cat?post=406965"},{"taxonomy":"product_tag","embeddable":true,"href":"https:\/\/www.erresse-shop.it\/es\/wp-json\/wp\/v2\/product_tag?post=406965"}],"curies":[{"name":"wp","href":"https:\/\/api.w.org\/{rel}","templated":true}]}}