{"id":406943,"date":"2020-10-20T12:30:21","date_gmt":"2020-10-20T12:30:21","guid":{"rendered":"https:\/\/www.erresse-shop.it\/shop\/sin categor\u00eda\/zwilling-enfinigy-batidora-power-pro\/"},"modified":"2020-10-20T12:30:21","modified_gmt":"2020-10-20T12:30:21","slug":"zwilling-enfinigy-batidora-power-pro","status":"publish","type":"product","link":"https:\/\/www.erresse-shop.it\/es\/shop\/pequenos-electrodomesticos\/licuadoras\/zwilling-enfinigy-batidora-power-pro\/","title":{"rendered":"ZWILLING Enfinigy Batidora Power Pro"},"content":{"rendered":"<p>Los componentes m\u00e1s importantes de una licuadora son la cuchilla y el motor. Por eso, todas las batidoras ZWILLING est\u00e1n equipadas con cuchillas de acero inoxidable originales ZWILLING. El motor, el vaso y las cuchillas est\u00e1n perfectamente calibrados entre s\u00ed. \u00bfEl efecto? Un resultado de mezcla digno de la marca ZWILLING.<\/p>\n<p>LOS DETALLES HACEN LA DIFERENCIA<br \/>\nHoja ZWILLING con dentado especial Piranha<br \/>\nCuchilla ZWILLING que destaca por su excelente resistencia y filo.<br \/>\nHoja ZWILLING &#8211; desarrollada en Solingen, Alemania<\/p>\n<p>REDUCIR CUALQUIER TAMA\u00d1O.<br \/>\nIntuitivo, como un cuchillo. Hasta siete programas autom\u00e1ticos y 12 configuraciones de velocidad le permiten encontrar sin esfuerzo la configuraci\u00f3n adecuada para cualquier ocasi\u00f3n, con solo girar una perilla.<\/p>\n<p>ELECTRODOM\u00c9STICOS PREMIUM PARA COCINAS MODERNAS: FUNCIONES<br \/>\n&#8211; Pulso: La batidora funciona a velocidad m\u00ednima y m\u00e1xima. Adecuado para mezclas manuales breves y para mezclas adicionales, para obtener resultados a\u00fan m\u00e1s refinados.<br \/>\n&#8211; Smoothie: Transforma frutas y verduras en deliciosos batidos cremosos.<br \/>\n&#8211; C\u00f3cteles: Adecuado para bebidas como c\u00f3cteles a base de hielo como Margaritas, as\u00ed como batidos verdes ricos en clorofila y bebidas caseras de frutos secos.<br \/>\n&#8211; Helado: Para preparar tus especialidades de helado de forma r\u00e1pida y sencilla. Estos pueden incluir sorbetes de frutas frescas o congeladas combinados con cubitos de hielo. O prueba el delicioso helado con productos l\u00e1cteos.<br \/>\n&#8211; Picadora de Hielo: Transforma cualquier tipo de cubito de hielo en hielo finamente triturado.<br \/>\n&#8211; Sopa: Picar y calentar los ingredientes, con el calor del giro de la cuchilla. En tan solo 10 minutos, las sopas y pur\u00e9s se calientan y est\u00e1n inmediatamente listos para servir.<br \/>\n&#8211; Limpieza: La forma m\u00e1s sencilla de limpiar tu batidora: basta con a\u00f1adir un poco de agua y una gota de detergente, iniciar el programa de limpieza y luego enjuagar.<\/p>\n<p>VIDA \u00daTIL AMPLIADA.<br \/>\nNo s\u00f3lo el dise\u00f1o de las batidoras ZWILLING es atemporal, sino que los propios aparatos tambi\u00e9n son incre\u00edblemente duraderos. Las cuchillas son de acero inoxidable y las jarras de Tritan resistente. Tritan es un material de alta calidad que pesa la mitad que el vidrio y es mucho m\u00e1s robusto. Es resistente tanto al calor como al fr\u00edo y tiene una gran resistencia a la rotura.<\/p>\n<p>CORTAR CUALQUIER COSA. EXCEPTO TU DEDO.<br \/>\nEl bloqueo de seguridad de la licuadora y el dentado especial Piranha garantizan una mezcla segura.<br \/>\nBloqueo de seguridad: el aparato s\u00f3lo se pone en marcha cuando la tapa est\u00e1 correctamente insertada.<br \/>\nFunci\u00f3n de apagado autom\u00e1tico: La licuadora se apaga autom\u00e1ticamente cada vez que se abre durante el licuado.<br \/>\nDentado especial Pira\u00f1a: S\u00f3lo el peque\u00f1o dentado en el interior de la hoja est\u00e1 afilado. Esto garantiza una limpieza de manos segura.<\/p>\n<p>LICUADORA DE POTENCIA PRO<br \/>\nLa Power Blender Pro tope de gama est\u00e1 equipada con un motor especialmente silencioso y de bajo consumo que ofrece 1200 W de potencia. Velocidad constante de la cuchilla, apagado autom\u00e1tico de seguridad. Hay 7 funciones seleccionables: batido, c\u00f3ctel, heladera, trituradora de hielo, sopa, limpieza y pulso, mientras que la velocidad de rotaci\u00f3n de las cuchillas se puede ajustar en 12 niveles continuamente variables. La robusta y espaciosa jarra de 1,8 litros est\u00e1 fabricada en Tritan, el innovador pol\u00edmero reciclable libre de componentes potencialmente nocivos (BPA Free). Adem\u00e1s, Power Blender Pro est\u00e1 equipado con una b\u00e1scula integrada con funci\u00f3n de tara.<\/p>\n<p><span style=\"text-decoration: underline;\"><strong>No est\u00e1 a la venta fuera de Europa<\/strong><\/span><\/p>\n","protected":false},"excerpt":{"rendered":"<p>Los componentes m\u00e1s importantes de una licuadora son la cuchilla y el motor. Por eso, todas las batidoras ZWILLING est\u00e1n<\/p>\n","protected":false},"featured_media":117536,"template":"","meta":{"_acf_changed":false,"inline_featured_image":false},"product_cat":[16075,16073],"product_tag":[16554,16259,16178,16553],"acf":[],"yoast_head":"<!-- This site is optimized with the Yoast SEO Premium plugin v18.6 (Yoast SEO v19.13) - https:\/\/yoast.com\/wordpress\/plugins\/seo\/ -->\n<title>ZWILLING Enfinigy Batidora Power Pro - Erresse Shop<\/title>\n<meta name=\"description\" content=\"Los componentes m\u00e1s importantes de una licuadora son la cuchilla y el motor. Por eso, todas las batidoras ZWILLING est\u00e1n equipadas con cuchillas de acero\" \/>\n<meta name=\"robots\" content=\"index, follow, max-snippet:-1, max-image-preview:large, max-video-preview:-1\" \/>\n<link rel=\"canonical\" href=\"https:\/\/www.erresse-shop.it\/es\/shop\/pequenos-electrodomesticos\/licuadoras\/zwilling-enfinigy-batidora-power-pro\/\" \/>\n<meta property=\"og:locale\" content=\"es_ES\" \/>\n<meta property=\"og:type\" content=\"article\" \/>\n<meta property=\"og:title\" content=\"ZWILLING Enfinigy Batidora Power Pro\" \/>\n<meta property=\"og:description\" content=\"Los componentes m\u00e1s importantes de una licuadora son la cuchilla y el motor. Por eso, todas las batidoras ZWILLING est\u00e1n equipadas con cuchillas de acero\" \/>\n<meta property=\"og:url\" content=\"https:\/\/www.erresse-shop.it\/es\/shop\/pequenos-electrodomesticos\/licuadoras\/zwilling-enfinigy-batidora-power-pro\/\" \/>\n<meta property=\"og:site_name\" content=\"Erresse Shop\" \/>\n<meta property=\"og:image\" content=\"https:\/\/www.erresse-shop.it\/wp-content\/uploads\/2020\/10\/53001-000.jpg\" \/>\n\t<meta property=\"og:image:width\" content=\"1350\" \/>\n\t<meta property=\"og:image:height\" content=\"1350\" \/>\n\t<meta property=\"og:image:type\" content=\"image\/jpeg\" \/>\n<meta name=\"twitter:card\" content=\"summary_large_image\" \/>\n<script type=\"application\/ld+json\" class=\"yoast-schema-graph\">{\"@context\":\"https:\/\/schema.org\",\"@graph\":[{\"@type\":\"WebPage\",\"@id\":\"https:\/\/www.erresse-shop.it\/es\/shop\/pequenos-electrodomesticos\/licuadoras\/zwilling-enfinigy-batidora-power-pro\/\",\"url\":\"https:\/\/www.erresse-shop.it\/es\/shop\/pequenos-electrodomesticos\/licuadoras\/zwilling-enfinigy-batidora-power-pro\/\",\"name\":\"ZWILLING Enfinigy Batidora Power Pro - Erresse Shop\",\"isPartOf\":{\"@id\":\"https:\/\/www.erresse-shop.it\/es\/#website\"},\"datePublished\":\"2020-10-20T12:30:21+00:00\",\"dateModified\":\"2020-10-20T12:30:21+00:00\",\"description\":\"Los componentes m\u00e1s importantes de una licuadora son la cuchilla y el motor. Por eso, todas las batidoras ZWILLING est\u00e1n equipadas con cuchillas de acero\",\"breadcrumb\":{\"@id\":\"https:\/\/www.erresse-shop.it\/es\/shop\/pequenos-electrodomesticos\/licuadoras\/zwilling-enfinigy-batidora-power-pro\/#breadcrumb\"},\"inLanguage\":\"es\",\"potentialAction\":[{\"@type\":\"ReadAction\",\"target\":[\"https:\/\/www.erresse-shop.it\/es\/shop\/pequenos-electrodomesticos\/licuadoras\/zwilling-enfinigy-batidora-power-pro\/\"]}]},{\"@type\":\"BreadcrumbList\",\"@id\":\"https:\/\/www.erresse-shop.it\/es\/shop\/pequenos-electrodomesticos\/licuadoras\/zwilling-enfinigy-batidora-power-pro\/#breadcrumb\",\"itemListElement\":[{\"@type\":\"ListItem\",\"position\":1,\"name\":\"Home\",\"item\":\"https:\/\/www.erresse-shop.it\/es\/\"},{\"@type\":\"ListItem\",\"position\":2,\"name\":\"Shop\",\"item\":\"https:\/\/www.erresse-shop.it\/es\/shop\/\"},{\"@type\":\"ListItem\",\"position\":3,\"name\":\"ZWILLING Enfinigy Batidora Power Pro\"}]},{\"@type\":\"WebSite\",\"@id\":\"https:\/\/www.erresse-shop.it\/es\/#website\",\"url\":\"https:\/\/www.erresse-shop.it\/es\/\",\"name\":\"Erresse Shop\",\"description\":\"Articoli di qualit\u00e0 per la casa\",\"potentialAction\":[{\"@type\":\"SearchAction\",\"target\":{\"@type\":\"EntryPoint\",\"urlTemplate\":\"https:\/\/www.erresse-shop.it\/es\/?s={search_term_string}\"},\"query-input\":\"required name=search_term_string\"}],\"inLanguage\":\"es\"}]}<\/script>\n<!-- \/ Yoast SEO Premium plugin. -->","yoast_head_json":{"title":"ZWILLING Enfinigy Batidora Power Pro - Erresse Shop","description":"Los componentes m\u00e1s importantes de una licuadora son la cuchilla y el motor. Por eso, todas las batidoras ZWILLING est\u00e1n equipadas con cuchillas de acero","robots":{"index":"index","follow":"follow","max-snippet":"max-snippet:-1","max-image-preview":"max-image-preview:large","max-video-preview":"max-video-preview:-1"},"canonical":"https:\/\/www.erresse-shop.it\/es\/shop\/pequenos-electrodomesticos\/licuadoras\/zwilling-enfinigy-batidora-power-pro\/","og_locale":"es_ES","og_type":"article","og_title":"ZWILLING Enfinigy Batidora Power Pro","og_description":"Los componentes m\u00e1s importantes de una licuadora son la cuchilla y el motor. Por eso, todas las batidoras ZWILLING est\u00e1n equipadas con cuchillas de acero","og_url":"https:\/\/www.erresse-shop.it\/es\/shop\/pequenos-electrodomesticos\/licuadoras\/zwilling-enfinigy-batidora-power-pro\/","og_site_name":"Erresse Shop","og_image":[{"width":1350,"height":1350,"url":"https:\/\/www.erresse-shop.it\/wp-content\/uploads\/2020\/10\/53001-000.jpg","type":"image\/jpeg"}],"twitter_card":"summary_large_image","schema":{"@context":"https:\/\/schema.org","@graph":[{"@type":"WebPage","@id":"https:\/\/www.erresse-shop.it\/es\/shop\/pequenos-electrodomesticos\/licuadoras\/zwilling-enfinigy-batidora-power-pro\/","url":"https:\/\/www.erresse-shop.it\/es\/shop\/pequenos-electrodomesticos\/licuadoras\/zwilling-enfinigy-batidora-power-pro\/","name":"ZWILLING Enfinigy Batidora Power Pro - Erresse Shop","isPartOf":{"@id":"https:\/\/www.erresse-shop.it\/es\/#website"},"datePublished":"2020-10-20T12:30:21+00:00","dateModified":"2020-10-20T12:30:21+00:00","description":"Los componentes m\u00e1s importantes de una licuadora son la cuchilla y el motor. Por eso, todas las batidoras ZWILLING est\u00e1n equipadas con cuchillas de acero","breadcrumb":{"@id":"https:\/\/www.erresse-shop.it\/es\/shop\/pequenos-electrodomesticos\/licuadoras\/zwilling-enfinigy-batidora-power-pro\/#breadcrumb"},"inLanguage":"es","potentialAction":[{"@type":"ReadAction","target":["https:\/\/www.erresse-shop.it\/es\/shop\/pequenos-electrodomesticos\/licuadoras\/zwilling-enfinigy-batidora-power-pro\/"]}]},{"@type":"BreadcrumbList","@id":"https:\/\/www.erresse-shop.it\/es\/shop\/pequenos-electrodomesticos\/licuadoras\/zwilling-enfinigy-batidora-power-pro\/#breadcrumb","itemListElement":[{"@type":"ListItem","position":1,"name":"Home","item":"https:\/\/www.erresse-shop.it\/es\/"},{"@type":"ListItem","position":2,"name":"Shop","item":"https:\/\/www.erresse-shop.it\/es\/shop\/"},{"@type":"ListItem","position":3,"name":"ZWILLING Enfinigy Batidora Power Pro"}]},{"@type":"WebSite","@id":"https:\/\/www.erresse-shop.it\/es\/#website","url":"https:\/\/www.erresse-shop.it\/es\/","name":"Erresse Shop","description":"Articoli di qualit\u00e0 per la casa","potentialAction":[{"@type":"SearchAction","target":{"@type":"EntryPoint","urlTemplate":"https:\/\/www.erresse-shop.it\/es\/?s={search_term_string}"},"query-input":"required name=search_term_string"}],"inLanguage":"es"}]}},"df_price":219,"df_sale_price":219,"df_regular_price":699,"df_image_link":"https:\/\/www.erresse-shop.it\/wp-content\/uploads\/2020\/10\/53001-000-300x300.jpg","_links":{"self":[{"href":"https:\/\/www.erresse-shop.it\/es\/wp-json\/wp\/v2\/product\/406943"}],"collection":[{"href":"https:\/\/www.erresse-shop.it\/es\/wp-json\/wp\/v2\/product"}],"about":[{"href":"https:\/\/www.erresse-shop.it\/es\/wp-json\/wp\/v2\/types\/product"}],"wp:featuredmedia":[{"embeddable":true,"href":"https:\/\/www.erresse-shop.it\/es\/wp-json\/wp\/v2\/media\/117536"}],"wp:attachment":[{"href":"https:\/\/www.erresse-shop.it\/es\/wp-json\/wp\/v2\/media?parent=406943"}],"wp:term":[{"taxonomy":"product_cat","embeddable":true,"href":"https:\/\/www.erresse-shop.it\/es\/wp-json\/wp\/v2\/product_cat?post=406943"},{"taxonomy":"product_tag","embeddable":true,"href":"https:\/\/www.erresse-shop.it\/es\/wp-json\/wp\/v2\/product_tag?post=406943"}],"curies":[{"name":"wp","href":"https:\/\/api.w.org\/{rel}","templated":true}]}}