{"id":406924,"date":"2012-02-11T18:35:36","date_gmt":"2012-02-11T18:35:36","guid":{"rendered":"https:\/\/www.erresse-shop.it\/shop\/sin categor\u00eda\/staub-cocotte-redonda-de-hierro-fundido-24-cm-azul\/"},"modified":"2012-02-11T18:35:36","modified_gmt":"2012-02-11T18:35:36","slug":"staub-cocotte-redonda-de-hierro-fundido-24-cm-azul","status":"publish","type":"product","link":"https:\/\/www.erresse-shop.it\/es\/shop\/sartenes-y-ollas\/marmitas-y-cocottes\/staub-cocotte-redonda-de-hierro-fundido-24-cm-azul\/","title":{"rendered":"STAUB Cocotte Redonda de Hierro Fundido 24 cm Azul"},"content":{"rendered":"<p>Los utensilios de cocina de hierro fundido Staub son la marca preferida de muchos chefs profesionales, incluido Paul Bocuse. Son aptas para todas las cocinas, incluida la de inducci\u00f3n, y se pueden llevar directamente a la mesa nada m\u00e1s sacarlas del fuego. De esta manera los platos se mantienen calientes durante mucho tiempo y se pueden servir con estilo. Gracias a la innovadora estructura de la parte inferior de la tapa, durante el proceso de cocci\u00f3n se forma condensaci\u00f3n que luego gotea uniformemente con los aromas sobre el plato. Son sartenes dise\u00f1adas para cocineros profesionales y no profesionales, pero tambi\u00e9n para principiantes curiosos que quieren descubrir las ventajas de una cocina sana y sabrosa.<\/p>\n<p>El hierro fundido es un material superior que retiene el calor m\u00e1s que cualquier otro material, lo difunde gradualmente y lo distribuye de forma perfectamente homog\u00e9nea, permitiendo una cocci\u00f3n perfecta. Staub ofrece todas las ventajas de una cocina moderna.<br \/>\nFabricaci\u00f3n francesa: artesan\u00eda francesa tradicional y aut\u00e9ntica con conocimientos de colores innovadores.<br \/>\nInnovaci\u00f3n: Gracias al perfecto cierre de la tapa de la cocotte, hay menos p\u00e9rdida de humedad durante la cocci\u00f3n.<br \/>\nSe ha comprobado que en el interior de una cocotte Staub queda un 10% m\u00e1s de humedad despu\u00e9s de 55 minutos de cocci\u00f3n, en comparaci\u00f3n con los productos de la competencia.<br \/>\nAdem\u00e1s, el sistema de pulverizaci\u00f3n formado por numerosas semiesferas distribuidas sobre la superficie plana interna de la tapa, determina un efecto de &#8220;gotas de agua&#8221; que caen continuamente sobre los alimentos contenidos en la cocotte. El ciclo de pulverizaci\u00f3n permite conservar todos los sabores y valores nutricionales de los ingredientes.<br \/>\nMaterial: Interior de esmalte negro mate para estofar y asar sin que se pegue. Otras ventajas importantes son la facilidad de limpieza y la inalterabilidad en el tiempo, gracias a la alta resistencia al rayado y a las altas temperaturas.<\/p>\n<p>Soluci\u00f3n ideal para todas las fuentes de calor: Perfecto para todas las fuentes de calor. Cada cocotte est\u00e1 recubierta con un esmalte de calidad superior que permite una mayor resistencia al choque t\u00e9rmico y a los rayones.<\/p>\n","protected":false},"excerpt":{"rendered":"<p>Los utensilios de cocina de hierro fundido Staub son la marca preferida de muchos chefs profesionales, incluido Paul Bocuse. Son<\/p>\n","protected":false},"featured_media":406925,"template":"","meta":{"_acf_changed":false,"inline_featured_image":false},"product_cat":[16065,16058],"product_tag":[24367],"acf":[],"yoast_head":"<!-- This site is optimized with the Yoast SEO Premium plugin v18.6 (Yoast SEO v19.13) - https:\/\/yoast.com\/wordpress\/plugins\/seo\/ -->\n<title>STAUB Cocotte Redonda de Hierro Fundido 24 cm Azul - Erresse Shop<\/title>\n<meta name=\"description\" content=\"Los utensilios de cocina de hierro fundido Staub son la marca preferida de muchos chefs profesionales, incluido Paul Bocuse. Son aptas para todas las\" \/>\n<meta name=\"robots\" content=\"index, follow, max-snippet:-1, max-image-preview:large, max-video-preview:-1\" \/>\n<link rel=\"canonical\" href=\"https:\/\/www.erresse-shop.it\/es\/shop\/sartenes-y-ollas\/marmitas-y-cocottes\/staub-cocotte-redonda-de-hierro-fundido-24-cm-azul\/\" \/>\n<meta property=\"og:locale\" content=\"es_ES\" \/>\n<meta property=\"og:type\" content=\"article\" \/>\n<meta property=\"og:title\" content=\"STAUB Cocotte Redonda de Hierro Fundido 24 cm Azul\" \/>\n<meta property=\"og:description\" content=\"Los utensilios de cocina de hierro fundido Staub son la marca preferida de muchos chefs profesionales, incluido Paul Bocuse. Son aptas para todas las\" \/>\n<meta property=\"og:url\" content=\"https:\/\/www.erresse-shop.it\/es\/shop\/sartenes-y-ollas\/marmitas-y-cocottes\/staub-cocotte-redonda-de-hierro-fundido-24-cm-azul\/\" \/>\n<meta property=\"og:site_name\" content=\"Erresse Shop\" \/>\n<meta property=\"og:image\" content=\"https:\/\/www.erresse-shop.it\/wp-content\/uploads\/2015\/01\/products-staub-newblu-tonda24.jpg\" \/>\n\t<meta property=\"og:image:width\" content=\"550\" \/>\n\t<meta property=\"og:image:height\" content=\"417\" \/>\n\t<meta property=\"og:image:type\" content=\"image\/jpeg\" \/>\n<meta name=\"twitter:card\" content=\"summary_large_image\" \/>\n<script type=\"application\/ld+json\" class=\"yoast-schema-graph\">{\"@context\":\"https:\/\/schema.org\",\"@graph\":[{\"@type\":\"WebPage\",\"@id\":\"https:\/\/www.erresse-shop.it\/es\/shop\/sartenes-y-ollas\/marmitas-y-cocottes\/staub-cocotte-redonda-de-hierro-fundido-24-cm-azul\/\",\"url\":\"https:\/\/www.erresse-shop.it\/es\/shop\/sartenes-y-ollas\/marmitas-y-cocottes\/staub-cocotte-redonda-de-hierro-fundido-24-cm-azul\/\",\"name\":\"STAUB Cocotte Redonda de Hierro Fundido 24 cm Azul - Erresse Shop\",\"isPartOf\":{\"@id\":\"https:\/\/www.erresse-shop.it\/es\/#website\"},\"datePublished\":\"2012-02-11T18:35:36+00:00\",\"dateModified\":\"2012-02-11T18:35:36+00:00\",\"description\":\"Los utensilios de cocina de hierro fundido Staub son la marca preferida de muchos chefs profesionales, incluido Paul Bocuse. Son aptas para todas las\",\"breadcrumb\":{\"@id\":\"https:\/\/www.erresse-shop.it\/es\/shop\/sartenes-y-ollas\/marmitas-y-cocottes\/staub-cocotte-redonda-de-hierro-fundido-24-cm-azul\/#breadcrumb\"},\"inLanguage\":\"es\",\"potentialAction\":[{\"@type\":\"ReadAction\",\"target\":[\"https:\/\/www.erresse-shop.it\/es\/shop\/sartenes-y-ollas\/marmitas-y-cocottes\/staub-cocotte-redonda-de-hierro-fundido-24-cm-azul\/\"]}]},{\"@type\":\"BreadcrumbList\",\"@id\":\"https:\/\/www.erresse-shop.it\/es\/shop\/sartenes-y-ollas\/marmitas-y-cocottes\/staub-cocotte-redonda-de-hierro-fundido-24-cm-azul\/#breadcrumb\",\"itemListElement\":[{\"@type\":\"ListItem\",\"position\":1,\"name\":\"Home\",\"item\":\"https:\/\/www.erresse-shop.it\/es\/\"},{\"@type\":\"ListItem\",\"position\":2,\"name\":\"Shop\",\"item\":\"https:\/\/www.erresse-shop.it\/es\/shop\/\"},{\"@type\":\"ListItem\",\"position\":3,\"name\":\"STAUB Cocotte Redonda de Hierro Fundido 24 cm Azul\"}]},{\"@type\":\"WebSite\",\"@id\":\"https:\/\/www.erresse-shop.it\/es\/#website\",\"url\":\"https:\/\/www.erresse-shop.it\/es\/\",\"name\":\"Erresse Shop\",\"description\":\"Articoli di qualit\u00e0 per la casa\",\"potentialAction\":[{\"@type\":\"SearchAction\",\"target\":{\"@type\":\"EntryPoint\",\"urlTemplate\":\"https:\/\/www.erresse-shop.it\/es\/?s={search_term_string}\"},\"query-input\":\"required name=search_term_string\"}],\"inLanguage\":\"es\"}]}<\/script>\n<!-- \/ Yoast SEO Premium plugin. -->","yoast_head_json":{"title":"STAUB Cocotte Redonda de Hierro Fundido 24 cm Azul - Erresse Shop","description":"Los utensilios de cocina de hierro fundido Staub son la marca preferida de muchos chefs profesionales, incluido Paul Bocuse. Son aptas para todas las","robots":{"index":"index","follow":"follow","max-snippet":"max-snippet:-1","max-image-preview":"max-image-preview:large","max-video-preview":"max-video-preview:-1"},"canonical":"https:\/\/www.erresse-shop.it\/es\/shop\/sartenes-y-ollas\/marmitas-y-cocottes\/staub-cocotte-redonda-de-hierro-fundido-24-cm-azul\/","og_locale":"es_ES","og_type":"article","og_title":"STAUB Cocotte Redonda de Hierro Fundido 24 cm Azul","og_description":"Los utensilios de cocina de hierro fundido Staub son la marca preferida de muchos chefs profesionales, incluido Paul Bocuse. Son aptas para todas las","og_url":"https:\/\/www.erresse-shop.it\/es\/shop\/sartenes-y-ollas\/marmitas-y-cocottes\/staub-cocotte-redonda-de-hierro-fundido-24-cm-azul\/","og_site_name":"Erresse Shop","og_image":[{"width":550,"height":417,"url":"https:\/\/www.erresse-shop.it\/wp-content\/uploads\/2015\/01\/products-staub-newblu-tonda24.jpg","type":"image\/jpeg"}],"twitter_card":"summary_large_image","schema":{"@context":"https:\/\/schema.org","@graph":[{"@type":"WebPage","@id":"https:\/\/www.erresse-shop.it\/es\/shop\/sartenes-y-ollas\/marmitas-y-cocottes\/staub-cocotte-redonda-de-hierro-fundido-24-cm-azul\/","url":"https:\/\/www.erresse-shop.it\/es\/shop\/sartenes-y-ollas\/marmitas-y-cocottes\/staub-cocotte-redonda-de-hierro-fundido-24-cm-azul\/","name":"STAUB Cocotte Redonda de Hierro Fundido 24 cm Azul - Erresse Shop","isPartOf":{"@id":"https:\/\/www.erresse-shop.it\/es\/#website"},"datePublished":"2012-02-11T18:35:36+00:00","dateModified":"2012-02-11T18:35:36+00:00","description":"Los utensilios de cocina de hierro fundido Staub son la marca preferida de muchos chefs profesionales, incluido Paul Bocuse. Son aptas para todas las","breadcrumb":{"@id":"https:\/\/www.erresse-shop.it\/es\/shop\/sartenes-y-ollas\/marmitas-y-cocottes\/staub-cocotte-redonda-de-hierro-fundido-24-cm-azul\/#breadcrumb"},"inLanguage":"es","potentialAction":[{"@type":"ReadAction","target":["https:\/\/www.erresse-shop.it\/es\/shop\/sartenes-y-ollas\/marmitas-y-cocottes\/staub-cocotte-redonda-de-hierro-fundido-24-cm-azul\/"]}]},{"@type":"BreadcrumbList","@id":"https:\/\/www.erresse-shop.it\/es\/shop\/sartenes-y-ollas\/marmitas-y-cocottes\/staub-cocotte-redonda-de-hierro-fundido-24-cm-azul\/#breadcrumb","itemListElement":[{"@type":"ListItem","position":1,"name":"Home","item":"https:\/\/www.erresse-shop.it\/es\/"},{"@type":"ListItem","position":2,"name":"Shop","item":"https:\/\/www.erresse-shop.it\/es\/shop\/"},{"@type":"ListItem","position":3,"name":"STAUB Cocotte Redonda de Hierro Fundido 24 cm Azul"}]},{"@type":"WebSite","@id":"https:\/\/www.erresse-shop.it\/es\/#website","url":"https:\/\/www.erresse-shop.it\/es\/","name":"Erresse Shop","description":"Articoli di qualit\u00e0 per la casa","potentialAction":[{"@type":"SearchAction","target":{"@type":"EntryPoint","urlTemplate":"https:\/\/www.erresse-shop.it\/es\/?s={search_term_string}"},"query-input":"required name=search_term_string"}],"inLanguage":"es"}]}},"df_price":139.5,"df_sale_price":139.5,"df_regular_price":279,"df_image_link":"https:\/\/www.erresse-shop.it\/wp-content\/uploads\/2015\/01\/products-staub-newblu-tonda24-300x227.jpg","_links":{"self":[{"href":"https:\/\/www.erresse-shop.it\/es\/wp-json\/wp\/v2\/product\/406924"}],"collection":[{"href":"https:\/\/www.erresse-shop.it\/es\/wp-json\/wp\/v2\/product"}],"about":[{"href":"https:\/\/www.erresse-shop.it\/es\/wp-json\/wp\/v2\/types\/product"}],"wp:featuredmedia":[{"embeddable":true,"href":"https:\/\/www.erresse-shop.it\/es\/wp-json\/wp\/v2\/media\/406925"}],"wp:attachment":[{"href":"https:\/\/www.erresse-shop.it\/es\/wp-json\/wp\/v2\/media?parent=406924"}],"wp:term":[{"taxonomy":"product_cat","embeddable":true,"href":"https:\/\/www.erresse-shop.it\/es\/wp-json\/wp\/v2\/product_cat?post=406924"},{"taxonomy":"product_tag","embeddable":true,"href":"https:\/\/www.erresse-shop.it\/es\/wp-json\/wp\/v2\/product_tag?post=406924"}],"curies":[{"name":"wp","href":"https:\/\/api.w.org\/{rel}","templated":true}]}}