{"id":406433,"date":"2024-05-14T13:23:52","date_gmt":"2024-05-14T13:23:56","guid":{"rendered":"https:\/\/www.erresse-shop.it\/?post_type=product&#038;p=406433"},"modified":"2024-07-23T07:42:55","modified_gmt":"2024-07-23T07:42:55","slug":"instant-pot-multicooker-duo-plus-silenciosa-57-l-negro","status":"publish","type":"product","link":"https:\/\/www.erresse-shop.it\/es\/shop\/pequenos-electrodomesticos\/procesadores-de-alimentos\/instant-pot-multicooker-duo-plus-silenciosa-57-l-negro\/","title":{"rendered":"INSTANT POT Multicooker Duo Plus Silenciosa 5,7 L Negro"},"content":{"rendered":"<p>La olla Instant Pot Duo Plus Whisper Quiet son 9 aparatos en 1: cocci\u00f3n a presi\u00f3n, olla de cocci\u00f3n lenta, arroz, vapor, salteado, yogur, sous vide, pasteles y mantener caliente con cocci\u00f3n guiada con 25 funciones inteligentes que se pueden personalizar con instrucciones paso a paso para simplificar las recetas.<\/p>\n<p>La olla Instant Pot\u00ae Duo\u2122 Plus est\u00e1 dise\u00f1ada para cocinar de forma sencilla, f\u00e1cil y c\u00f3moda sin preocupaciones, gracias a una liberaci\u00f3n de vapor silenciosa, un pr\u00e1ctico aviso cuando es seguro abrir la tapa y un interruptor de liberaci\u00f3n de vapor remoto que mantiene tus manos seguras.<\/p>\n<p><strong>La Duo Plus Whisper Quiet es 9 aparatos en 1:<\/strong><br \/>\ncocci\u00f3n a presi\u00f3n, cocci\u00f3n lenta, arroz, vapor, saltear, yogur, sous vide, postres y mantener caliente con opciones de cocci\u00f3n guiadas<\/p>\n<p><strong>9 programas est\u00e1ndar Smart one-touch:<\/strong><br \/>\n&#8211; arroz\/grano<br \/>\n&#8211; cocci\u00f3n a presi\u00f3n<br \/>\n&#8211; salteado\/parrilla<br \/>\n&#8211; cocci\u00f3n lenta<br \/>\n&#8211; cocci\u00f3n al vapor<br \/>\n&#8211; yogur<br \/>\n&#8211; al vac\u00edo<br \/>\n&#8211; tartas<br \/>\n&#8211; mantener caliente<\/p>\n<p><strong>CARACTER\u00cdSTICAS T\u00c9CNICAS<\/strong><\/p>\n<ul>\n<li>Capacidad: 5,7 litros<\/li>\n<li>Potencia: 1000W<\/li>\n<li>Alimentaci\u00f3n: 220V<\/li>\n<li>Material Tapa y olla interior acero inoxidable, olla exterior acero inoxidable cepillado<\/li>\n<\/ul>\n<p><strong>No a la venta fuera de Europa<\/strong><\/p>\n","protected":false},"excerpt":{"rendered":"<p>La olla Instant Pot Duo Plus Whisper Quiet son 9 aparatos en 1: cocci\u00f3n a presi\u00f3n, olla de cocci\u00f3n lenta,<\/p>\n","protected":false},"featured_media":463406,"template":"","meta":{"_acf_changed":false,"inline_featured_image":false},"product_cat":[16073,16077],"product_tag":[17935,16211,16644,17940,16655,16160],"acf":[],"yoast_head":"<!-- This site is optimized with the Yoast SEO Premium plugin v18.6 (Yoast SEO v19.13) - https:\/\/yoast.com\/wordpress\/plugins\/seo\/ -->\n<title>INSTANT POT Multicooker Duo Plus Silenciosa 5,7 L Negro - Erresse Shop<\/title>\n<meta name=\"description\" content=\"La olla Instant Pot Duo Plus Whisper Quiet son 9 aparatos en 1: cocci\u00f3n a presi\u00f3n, olla de cocci\u00f3n lenta, arroz, vapor, salteado, yogur, sous vide,\" \/>\n<meta name=\"robots\" content=\"index, follow, max-snippet:-1, max-image-preview:large, max-video-preview:-1\" \/>\n<link rel=\"canonical\" href=\"https:\/\/www.erresse-shop.it\/es\/shop\/pequenos-electrodomesticos\/procesadores-de-alimentos\/instant-pot-multicooker-duo-plus-silenciosa-57-l-negro\/\" \/>\n<meta property=\"og:locale\" content=\"es_ES\" \/>\n<meta property=\"og:type\" content=\"article\" \/>\n<meta property=\"og:title\" content=\"INSTANT POT Multicooker Duo Plus Silenciosa 5,7 L Negro\" \/>\n<meta property=\"og:description\" content=\"La olla Instant Pot Duo Plus Whisper Quiet son 9 aparatos en 1: cocci\u00f3n a presi\u00f3n, olla de cocci\u00f3n lenta, arroz, vapor, salteado, yogur, sous vide,\" \/>\n<meta property=\"og:url\" content=\"https:\/\/www.erresse-shop.it\/es\/shop\/pequenos-electrodomesticos\/procesadores-de-alimentos\/instant-pot-multicooker-duo-plus-silenciosa-57-l-negro\/\" \/>\n<meta property=\"og:site_name\" content=\"Erresse Shop\" \/>\n<meta property=\"article:modified_time\" content=\"2024-07-23T07:42:55+00:00\" \/>\n<meta property=\"og:image\" content=\"https:\/\/www.erresse-shop.it\/wp-content\/uploads\/2024\/05\/INSTANT-POT-Multicooker-Duo-Plus-Whisper-Quiet-57-L.png\" \/>\n\t<meta property=\"og:image:width\" content=\"800\" \/>\n\t<meta property=\"og:image:height\" content=\"800\" \/>\n\t<meta property=\"og:image:type\" content=\"image\/png\" \/>\n<meta name=\"twitter:card\" content=\"summary_large_image\" \/>\n<script type=\"application\/ld+json\" class=\"yoast-schema-graph\">{\"@context\":\"https:\/\/schema.org\",\"@graph\":[{\"@type\":\"WebPage\",\"@id\":\"https:\/\/www.erresse-shop.it\/es\/shop\/pequenos-electrodomesticos\/procesadores-de-alimentos\/instant-pot-multicooker-duo-plus-silenciosa-57-l-negro\/\",\"url\":\"https:\/\/www.erresse-shop.it\/es\/shop\/pequenos-electrodomesticos\/procesadores-de-alimentos\/instant-pot-multicooker-duo-plus-silenciosa-57-l-negro\/\",\"name\":\"INSTANT POT Multicooker Duo Plus Silenciosa 5,7 L Negro - Erresse Shop\",\"isPartOf\":{\"@id\":\"https:\/\/www.erresse-shop.it\/es\/#website\"},\"datePublished\":\"2024-05-14T13:23:56+00:00\",\"dateModified\":\"2024-07-23T07:42:55+00:00\",\"description\":\"La olla Instant Pot Duo Plus Whisper Quiet son 9 aparatos en 1: cocci\u00f3n a presi\u00f3n, olla de cocci\u00f3n lenta, arroz, vapor, salteado, yogur, sous vide,\",\"breadcrumb\":{\"@id\":\"https:\/\/www.erresse-shop.it\/es\/shop\/pequenos-electrodomesticos\/procesadores-de-alimentos\/instant-pot-multicooker-duo-plus-silenciosa-57-l-negro\/#breadcrumb\"},\"inLanguage\":\"es\",\"potentialAction\":[{\"@type\":\"ReadAction\",\"target\":[\"https:\/\/www.erresse-shop.it\/es\/shop\/pequenos-electrodomesticos\/procesadores-de-alimentos\/instant-pot-multicooker-duo-plus-silenciosa-57-l-negro\/\"]}]},{\"@type\":\"BreadcrumbList\",\"@id\":\"https:\/\/www.erresse-shop.it\/es\/shop\/pequenos-electrodomesticos\/procesadores-de-alimentos\/instant-pot-multicooker-duo-plus-silenciosa-57-l-negro\/#breadcrumb\",\"itemListElement\":[{\"@type\":\"ListItem\",\"position\":1,\"name\":\"Home\",\"item\":\"https:\/\/www.erresse-shop.it\/es\/\"},{\"@type\":\"ListItem\",\"position\":2,\"name\":\"Shop\",\"item\":\"https:\/\/www.erresse-shop.it\/es\/shop\/\"},{\"@type\":\"ListItem\",\"position\":3,\"name\":\"INSTANT POT Multicooker Duo Plus Silenciosa 5,7 L Negro\"}]},{\"@type\":\"WebSite\",\"@id\":\"https:\/\/www.erresse-shop.it\/es\/#website\",\"url\":\"https:\/\/www.erresse-shop.it\/es\/\",\"name\":\"Erresse Shop\",\"description\":\"Articoli di qualit\u00e0 per la casa\",\"potentialAction\":[{\"@type\":\"SearchAction\",\"target\":{\"@type\":\"EntryPoint\",\"urlTemplate\":\"https:\/\/www.erresse-shop.it\/es\/?s={search_term_string}\"},\"query-input\":\"required name=search_term_string\"}],\"inLanguage\":\"es\"}]}<\/script>\n<!-- \/ Yoast SEO Premium plugin. -->","yoast_head_json":{"title":"INSTANT POT Multicooker Duo Plus Silenciosa 5,7 L Negro - Erresse Shop","description":"La olla Instant Pot Duo Plus Whisper Quiet son 9 aparatos en 1: cocci\u00f3n a presi\u00f3n, olla de cocci\u00f3n lenta, arroz, vapor, salteado, yogur, sous vide,","robots":{"index":"index","follow":"follow","max-snippet":"max-snippet:-1","max-image-preview":"max-image-preview:large","max-video-preview":"max-video-preview:-1"},"canonical":"https:\/\/www.erresse-shop.it\/es\/shop\/pequenos-electrodomesticos\/procesadores-de-alimentos\/instant-pot-multicooker-duo-plus-silenciosa-57-l-negro\/","og_locale":"es_ES","og_type":"article","og_title":"INSTANT POT Multicooker Duo Plus Silenciosa 5,7 L Negro","og_description":"La olla Instant Pot Duo Plus Whisper Quiet son 9 aparatos en 1: cocci\u00f3n a presi\u00f3n, olla de cocci\u00f3n lenta, arroz, vapor, salteado, yogur, sous vide,","og_url":"https:\/\/www.erresse-shop.it\/es\/shop\/pequenos-electrodomesticos\/procesadores-de-alimentos\/instant-pot-multicooker-duo-plus-silenciosa-57-l-negro\/","og_site_name":"Erresse Shop","article_modified_time":"2024-07-23T07:42:55+00:00","og_image":[{"width":800,"height":800,"url":"https:\/\/www.erresse-shop.it\/wp-content\/uploads\/2024\/05\/INSTANT-POT-Multicooker-Duo-Plus-Whisper-Quiet-57-L.png","type":"image\/png"}],"twitter_card":"summary_large_image","schema":{"@context":"https:\/\/schema.org","@graph":[{"@type":"WebPage","@id":"https:\/\/www.erresse-shop.it\/es\/shop\/pequenos-electrodomesticos\/procesadores-de-alimentos\/instant-pot-multicooker-duo-plus-silenciosa-57-l-negro\/","url":"https:\/\/www.erresse-shop.it\/es\/shop\/pequenos-electrodomesticos\/procesadores-de-alimentos\/instant-pot-multicooker-duo-plus-silenciosa-57-l-negro\/","name":"INSTANT POT Multicooker Duo Plus Silenciosa 5,7 L Negro - Erresse Shop","isPartOf":{"@id":"https:\/\/www.erresse-shop.it\/es\/#website"},"datePublished":"2024-05-14T13:23:56+00:00","dateModified":"2024-07-23T07:42:55+00:00","description":"La olla Instant Pot Duo Plus Whisper Quiet son 9 aparatos en 1: cocci\u00f3n a presi\u00f3n, olla de cocci\u00f3n lenta, arroz, vapor, salteado, yogur, sous vide,","breadcrumb":{"@id":"https:\/\/www.erresse-shop.it\/es\/shop\/pequenos-electrodomesticos\/procesadores-de-alimentos\/instant-pot-multicooker-duo-plus-silenciosa-57-l-negro\/#breadcrumb"},"inLanguage":"es","potentialAction":[{"@type":"ReadAction","target":["https:\/\/www.erresse-shop.it\/es\/shop\/pequenos-electrodomesticos\/procesadores-de-alimentos\/instant-pot-multicooker-duo-plus-silenciosa-57-l-negro\/"]}]},{"@type":"BreadcrumbList","@id":"https:\/\/www.erresse-shop.it\/es\/shop\/pequenos-electrodomesticos\/procesadores-de-alimentos\/instant-pot-multicooker-duo-plus-silenciosa-57-l-negro\/#breadcrumb","itemListElement":[{"@type":"ListItem","position":1,"name":"Home","item":"https:\/\/www.erresse-shop.it\/es\/"},{"@type":"ListItem","position":2,"name":"Shop","item":"https:\/\/www.erresse-shop.it\/es\/shop\/"},{"@type":"ListItem","position":3,"name":"INSTANT POT Multicooker Duo Plus Silenciosa 5,7 L Negro"}]},{"@type":"WebSite","@id":"https:\/\/www.erresse-shop.it\/es\/#website","url":"https:\/\/www.erresse-shop.it\/es\/","name":"Erresse Shop","description":"Articoli di qualit\u00e0 per la casa","potentialAction":[{"@type":"SearchAction","target":{"@type":"EntryPoint","urlTemplate":"https:\/\/www.erresse-shop.it\/es\/?s={search_term_string}"},"query-input":"required name=search_term_string"}],"inLanguage":"es"}]}},"df_price":112.4925,"df_sale_price":112.4925,"df_regular_price":149.99,"df_image_link":"https:\/\/www.erresse-shop.it\/wp-content\/uploads\/2024\/05\/INSTANT-POT-Multicooker-Duo-Plus-Whisper-Quiet-57-L-Nero-300x300.jpg","_links":{"self":[{"href":"https:\/\/www.erresse-shop.it\/es\/wp-json\/wp\/v2\/product\/406433"}],"collection":[{"href":"https:\/\/www.erresse-shop.it\/es\/wp-json\/wp\/v2\/product"}],"about":[{"href":"https:\/\/www.erresse-shop.it\/es\/wp-json\/wp\/v2\/types\/product"}],"wp:featuredmedia":[{"embeddable":true,"href":"https:\/\/www.erresse-shop.it\/es\/wp-json\/wp\/v2\/media\/463406"}],"wp:attachment":[{"href":"https:\/\/www.erresse-shop.it\/es\/wp-json\/wp\/v2\/media?parent=406433"}],"wp:term":[{"taxonomy":"product_cat","embeddable":true,"href":"https:\/\/www.erresse-shop.it\/es\/wp-json\/wp\/v2\/product_cat?post=406433"},{"taxonomy":"product_tag","embeddable":true,"href":"https:\/\/www.erresse-shop.it\/es\/wp-json\/wp\/v2\/product_tag?post=406433"}],"curies":[{"name":"wp","href":"https:\/\/api.w.org\/{rel}","templated":true}]}}