{"id":406340,"date":"2024-05-14T10:29:05","date_gmt":"2024-05-14T10:29:10","guid":{"rendered":"https:\/\/www.erresse-shop.it\/?post_type=product&#038;p=406340"},"modified":"2024-10-29T08:01:48","modified_gmt":"2024-10-29T08:01:48","slug":"victorinox-cuchillo-de-cocina-swiss-classic-19-cm","status":"publish","type":"product","link":"https:\/\/www.erresse-shop.it\/es\/shop\/cocina\/cuchillos\/cuchillos-de-cocina\/victorinox-cuchillo-de-cocina-swiss-classic-19-cm\/","title":{"rendered":"VICTORINOX Cuchillo de cocina Swiss Classic 19 cm"},"content":{"rendered":"<p><strong>Navaja de cocina Swiss Classic con mango negro<\/strong><\/p>\n<p>La colecci\u00f3n de cuchillos Swiss Classic de Victorinox est\u00e1 dise\u00f1ada para hacer frente a todo lo que se puede hacer en la cocina, desde la tarea m\u00e1s peque\u00f1a hasta la m\u00e1s exigente. Son cuchillos ligeros con mangos de colores aptos para el lavavajillas, 100% Swiss Made. En una colecci\u00f3n en la que la funcionalidad se une a la alegr\u00eda, no pod\u00edan faltar los \u00fatiles bloques de cuchillos y varios sets de regalo.<br \/>\nEn esta colecci\u00f3n no falta de nada. La funcionalidad se une al color para un uso cotidiano con alegr\u00eda.<\/p>\n<p>&#8211; Mango negro de material sint\u00e9tico (TPE)<br \/>\n&#8211; Longitud de la hoja: 19 cm<br \/>\n&#8211; Fabricado en Suiza<\/p>\n<p>Longitud de la hoja 19 cm<br \/>\nGarant\u00eda de por vida contra defectos de fabricaci\u00f3n<br \/>\nDimensiones 31,5 x 1,7 x 4,8 cm<br \/>\nPeso 92 g<\/p>\n","protected":false},"excerpt":{"rendered":"<p>Navaja de cocina Swiss Classic con mango negro La colecci\u00f3n de cuchillos Swiss Classic de Victorinox est\u00e1 dise\u00f1ada para hacer<\/p>\n","protected":false},"featured_media":0,"template":"","meta":{"_acf_changed":false,"inline_featured_image":false},"product_cat":[16040,16043,16047],"product_tag":[25039,24605,25023],"acf":[],"yoast_head":"<!-- This site is optimized with the Yoast SEO Premium plugin v18.6 (Yoast SEO v19.13) - https:\/\/yoast.com\/wordpress\/plugins\/seo\/ -->\n<title>VICTORINOX Cuchillo de cocina Swiss Classic 19 cm - Erresse Shop<\/title>\n<meta name=\"description\" content=\"Navaja de cocina Swiss Classic con mango negro La colecci\u00f3n de cuchillos Swiss Classic de Victorinox est\u00e1 dise\u00f1ada para hacer frente a todo lo que se\" \/>\n<meta name=\"robots\" content=\"index, follow, max-snippet:-1, max-image-preview:large, max-video-preview:-1\" \/>\n<link rel=\"canonical\" href=\"https:\/\/www.erresse-shop.it\/es\/shop\/cocina\/cuchillos\/cuchillos-de-cocina\/victorinox-cuchillo-de-cocina-swiss-classic-19-cm\/\" \/>\n<meta property=\"og:locale\" content=\"es_ES\" \/>\n<meta property=\"og:type\" content=\"article\" \/>\n<meta property=\"og:title\" content=\"VICTORINOX Cuchillo de cocina Swiss Classic 19 cm\" \/>\n<meta property=\"og:description\" content=\"Navaja de cocina Swiss Classic con mango negro La colecci\u00f3n de cuchillos Swiss Classic de Victorinox est\u00e1 dise\u00f1ada para hacer frente a todo lo que se\" \/>\n<meta property=\"og:url\" content=\"https:\/\/www.erresse-shop.it\/es\/shop\/cocina\/cuchillos\/cuchillos-de-cocina\/victorinox-cuchillo-de-cocina-swiss-classic-19-cm\/\" \/>\n<meta property=\"og:site_name\" content=\"Erresse Shop\" \/>\n<meta property=\"article:modified_time\" content=\"2024-10-29T08:01:48+00:00\" \/>\n<meta property=\"og:image\" content=\"https:\/\/www.erresse-shop.it\/wp-content\/uploads\/2024\/05\/VICTORINOX-Coltello-Da-Cucina-Swiss-Classic-19-cm.png\" \/>\n\t<meta property=\"og:image:width\" content=\"800\" \/>\n\t<meta property=\"og:image:height\" content=\"800\" \/>\n\t<meta property=\"og:image:type\" content=\"image\/png\" \/>\n<meta name=\"twitter:card\" content=\"summary_large_image\" \/>\n<script type=\"application\/ld+json\" class=\"yoast-schema-graph\">{\"@context\":\"https:\/\/schema.org\",\"@graph\":[{\"@type\":\"WebPage\",\"@id\":\"https:\/\/www.erresse-shop.it\/es\/shop\/cocina\/cuchillos\/cuchillos-de-cocina\/victorinox-cuchillo-de-cocina-swiss-classic-19-cm\/\",\"url\":\"https:\/\/www.erresse-shop.it\/es\/shop\/cocina\/cuchillos\/cuchillos-de-cocina\/victorinox-cuchillo-de-cocina-swiss-classic-19-cm\/\",\"name\":\"VICTORINOX Cuchillo de cocina Swiss Classic 19 cm - Erresse Shop\",\"isPartOf\":{\"@id\":\"https:\/\/www.erresse-shop.it\/es\/#website\"},\"datePublished\":\"2024-05-14T10:29:10+00:00\",\"dateModified\":\"2024-10-29T08:01:48+00:00\",\"description\":\"Navaja de cocina Swiss Classic con mango negro La colecci\u00f3n de cuchillos Swiss Classic de Victorinox est\u00e1 dise\u00f1ada para hacer frente a todo lo que se\",\"breadcrumb\":{\"@id\":\"https:\/\/www.erresse-shop.it\/es\/shop\/cocina\/cuchillos\/cuchillos-de-cocina\/victorinox-cuchillo-de-cocina-swiss-classic-19-cm\/#breadcrumb\"},\"inLanguage\":\"es\",\"potentialAction\":[{\"@type\":\"ReadAction\",\"target\":[\"https:\/\/www.erresse-shop.it\/es\/shop\/cocina\/cuchillos\/cuchillos-de-cocina\/victorinox-cuchillo-de-cocina-swiss-classic-19-cm\/\"]}]},{\"@type\":\"BreadcrumbList\",\"@id\":\"https:\/\/www.erresse-shop.it\/es\/shop\/cocina\/cuchillos\/cuchillos-de-cocina\/victorinox-cuchillo-de-cocina-swiss-classic-19-cm\/#breadcrumb\",\"itemListElement\":[{\"@type\":\"ListItem\",\"position\":1,\"name\":\"Home\",\"item\":\"https:\/\/www.erresse-shop.it\/es\/\"},{\"@type\":\"ListItem\",\"position\":2,\"name\":\"Shop\",\"item\":\"https:\/\/www.erresse-shop.it\/es\/shop\/\"},{\"@type\":\"ListItem\",\"position\":3,\"name\":\"VICTORINOX Cuchillo de cocina Swiss Classic 19 cm\"}]},{\"@type\":\"WebSite\",\"@id\":\"https:\/\/www.erresse-shop.it\/es\/#website\",\"url\":\"https:\/\/www.erresse-shop.it\/es\/\",\"name\":\"Erresse Shop\",\"description\":\"Articoli di qualit\u00e0 per la casa\",\"potentialAction\":[{\"@type\":\"SearchAction\",\"target\":{\"@type\":\"EntryPoint\",\"urlTemplate\":\"https:\/\/www.erresse-shop.it\/es\/?s={search_term_string}\"},\"query-input\":\"required name=search_term_string\"}],\"inLanguage\":\"es\"}]}<\/script>\n<!-- \/ Yoast SEO Premium plugin. -->","yoast_head_json":{"title":"VICTORINOX Cuchillo de cocina Swiss Classic 19 cm - Erresse Shop","description":"Navaja de cocina Swiss Classic con mango negro La colecci\u00f3n de cuchillos Swiss Classic de Victorinox est\u00e1 dise\u00f1ada para hacer frente a todo lo que se","robots":{"index":"index","follow":"follow","max-snippet":"max-snippet:-1","max-image-preview":"max-image-preview:large","max-video-preview":"max-video-preview:-1"},"canonical":"https:\/\/www.erresse-shop.it\/es\/shop\/cocina\/cuchillos\/cuchillos-de-cocina\/victorinox-cuchillo-de-cocina-swiss-classic-19-cm\/","og_locale":"es_ES","og_type":"article","og_title":"VICTORINOX Cuchillo de cocina Swiss Classic 19 cm","og_description":"Navaja de cocina Swiss Classic con mango negro La colecci\u00f3n de cuchillos Swiss Classic de Victorinox est\u00e1 dise\u00f1ada para hacer frente a todo lo que se","og_url":"https:\/\/www.erresse-shop.it\/es\/shop\/cocina\/cuchillos\/cuchillos-de-cocina\/victorinox-cuchillo-de-cocina-swiss-classic-19-cm\/","og_site_name":"Erresse Shop","article_modified_time":"2024-10-29T08:01:48+00:00","og_image":[{"width":800,"height":800,"url":"https:\/\/www.erresse-shop.it\/wp-content\/uploads\/2024\/05\/VICTORINOX-Coltello-Da-Cucina-Swiss-Classic-19-cm.png","type":"image\/png"}],"twitter_card":"summary_large_image","schema":{"@context":"https:\/\/schema.org","@graph":[{"@type":"WebPage","@id":"https:\/\/www.erresse-shop.it\/es\/shop\/cocina\/cuchillos\/cuchillos-de-cocina\/victorinox-cuchillo-de-cocina-swiss-classic-19-cm\/","url":"https:\/\/www.erresse-shop.it\/es\/shop\/cocina\/cuchillos\/cuchillos-de-cocina\/victorinox-cuchillo-de-cocina-swiss-classic-19-cm\/","name":"VICTORINOX Cuchillo de cocina Swiss Classic 19 cm - Erresse Shop","isPartOf":{"@id":"https:\/\/www.erresse-shop.it\/es\/#website"},"datePublished":"2024-05-14T10:29:10+00:00","dateModified":"2024-10-29T08:01:48+00:00","description":"Navaja de cocina Swiss Classic con mango negro La colecci\u00f3n de cuchillos Swiss Classic de Victorinox est\u00e1 dise\u00f1ada para hacer frente a todo lo que se","breadcrumb":{"@id":"https:\/\/www.erresse-shop.it\/es\/shop\/cocina\/cuchillos\/cuchillos-de-cocina\/victorinox-cuchillo-de-cocina-swiss-classic-19-cm\/#breadcrumb"},"inLanguage":"es","potentialAction":[{"@type":"ReadAction","target":["https:\/\/www.erresse-shop.it\/es\/shop\/cocina\/cuchillos\/cuchillos-de-cocina\/victorinox-cuchillo-de-cocina-swiss-classic-19-cm\/"]}]},{"@type":"BreadcrumbList","@id":"https:\/\/www.erresse-shop.it\/es\/shop\/cocina\/cuchillos\/cuchillos-de-cocina\/victorinox-cuchillo-de-cocina-swiss-classic-19-cm\/#breadcrumb","itemListElement":[{"@type":"ListItem","position":1,"name":"Home","item":"https:\/\/www.erresse-shop.it\/es\/"},{"@type":"ListItem","position":2,"name":"Shop","item":"https:\/\/www.erresse-shop.it\/es\/shop\/"},{"@type":"ListItem","position":3,"name":"VICTORINOX Cuchillo de cocina Swiss Classic 19 cm"}]},{"@type":"WebSite","@id":"https:\/\/www.erresse-shop.it\/es\/#website","url":"https:\/\/www.erresse-shop.it\/es\/","name":"Erresse Shop","description":"Articoli di qualit\u00e0 per la casa","potentialAction":[{"@type":"SearchAction","target":{"@type":"EntryPoint","urlTemplate":"https:\/\/www.erresse-shop.it\/es\/?s={search_term_string}"},"query-input":"required name=search_term_string"}],"inLanguage":"es"}]}},"df_price":17.45,"df_sale_price":17.45,"df_regular_price":34.9,"df_image_link":"https:\/\/www.erresse-shop.it\/wp-content\/uploads\/woocommerce-placeholder-300x300.png","_links":{"self":[{"href":"https:\/\/www.erresse-shop.it\/es\/wp-json\/wp\/v2\/product\/406340"}],"collection":[{"href":"https:\/\/www.erresse-shop.it\/es\/wp-json\/wp\/v2\/product"}],"about":[{"href":"https:\/\/www.erresse-shop.it\/es\/wp-json\/wp\/v2\/types\/product"}],"wp:attachment":[{"href":"https:\/\/www.erresse-shop.it\/es\/wp-json\/wp\/v2\/media?parent=406340"}],"wp:term":[{"taxonomy":"product_cat","embeddable":true,"href":"https:\/\/www.erresse-shop.it\/es\/wp-json\/wp\/v2\/product_cat?post=406340"},{"taxonomy":"product_tag","embeddable":true,"href":"https:\/\/www.erresse-shop.it\/es\/wp-json\/wp\/v2\/product_tag?post=406340"}],"curies":[{"name":"wp","href":"https:\/\/api.w.org\/{rel}","templated":true}]}}