{"id":406295,"date":"2024-05-13T14:34:30","date_gmt":"2024-05-13T14:34:33","guid":{"rendered":"https:\/\/www.erresse-shop.it\/?post_type=product&#038;p=406295"},"modified":"2024-05-22T13:13:42","modified_gmt":"2024-05-22T13:13:42","slug":"bordallo-pinheiro-pieza-de-pared-hoja-de-arce-rojo-gudrun-copia","status":"publish","type":"product","link":"https:\/\/www.erresse-shop.it\/es\/shop\/mobiliario\/articulos-de-decoracion\/bordallo-pinheiro-pieza-de-pared-hoja-de-arce-rojo-gudrun-copia\/","title":{"rendered":"BORDALLO PINHEIRO Elemento de Pared Hoja de Arce Amarillo GUDRUN"},"content":{"rendered":"<p>La colecci\u00f3n Gudrun de Claudia Schiffer se inspira en el oto\u00f1o, con sus hojas ca\u00eddas y bellotas, y ocupa un lugar especial en su coraz\u00f3n. De ni\u00f1a, a Claudia le encantaba observar la transformaci\u00f3n de los colores y saltar sobre los montones de hojas que su madre recog\u00eda meticulosamente en su jard\u00edn. Despu\u00e9s, al secarlas, esas hojas creaban hermosas obras de arte.<\/p>\n<p>&#8220;Las cer\u00e1micas que hice est\u00e1n dise\u00f1adas para mis mesas de madera de mediados de siglo y ayudan a infundir a mi casa los tonos c\u00e1lidos del oto\u00f1o. Tambi\u00e9n tienen cabida en mis retiros campestres de fin de semana, donde aportan colores acogedores junto a un fuego crepitante. Me regocijo en la forma en que estas cer\u00e1micas introducen un toque sutil en el espacio vital, combinando maravillosamente con hortensias verdes, un cl\u00e1sico del oto\u00f1o&#8221;. Dice Claudia Schiffer sobre esta hermosa y original colecci\u00f3n.<\/p>\n<p><strong>Dimensiones<\/strong>: 21 cm x 17,5 cm x 4,8 cm<br \/>\n<strong>Material<\/strong>: terracota<\/p>\n","protected":false},"excerpt":{"rendered":"<p>La colecci\u00f3n Gudrun de Claudia Schiffer se inspira en el oto\u00f1o, con sus hojas ca\u00eddas y bellotas, y ocupa un<\/p>\n","protected":false},"featured_media":461777,"template":"","meta":{"_acf_changed":false,"inline_featured_image":false},"product_cat":[16026,16016],"product_tag":[25039,23912,22592,25023],"acf":[],"yoast_head":"<!-- This site is optimized with the Yoast SEO Premium plugin v18.6 (Yoast SEO v19.13) - https:\/\/yoast.com\/wordpress\/plugins\/seo\/ -->\n<title>BORDALLO PINHEIRO Elemento de Pared Hoja de Arce Amarillo GUDRUN - Erresse Shop<\/title>\n<meta name=\"description\" content=\"La colecci\u00f3n Gudrun de Claudia Schiffer se inspira en el oto\u00f1o, con sus hojas ca\u00eddas y bellotas, y ocupa un lugar especial en su coraz\u00f3n. De ni\u00f1a, a\" \/>\n<meta name=\"robots\" content=\"index, follow, max-snippet:-1, max-image-preview:large, max-video-preview:-1\" \/>\n<link rel=\"canonical\" href=\"https:\/\/www.erresse-shop.it\/es\/shop\/mobiliario\/articulos-de-decoracion\/bordallo-pinheiro-pieza-de-pared-hoja-de-arce-rojo-gudrun-copia\/\" \/>\n<meta property=\"og:locale\" content=\"es_ES\" \/>\n<meta property=\"og:type\" content=\"article\" \/>\n<meta property=\"og:title\" content=\"BORDALLO PINHEIRO Elemento de Pared Hoja de Arce Amarillo GUDRUN\" \/>\n<meta property=\"og:description\" content=\"La colecci\u00f3n Gudrun de Claudia Schiffer se inspira en el oto\u00f1o, con sus hojas ca\u00eddas y bellotas, y ocupa un lugar especial en su coraz\u00f3n. De ni\u00f1a, a\" \/>\n<meta property=\"og:url\" content=\"https:\/\/www.erresse-shop.it\/es\/shop\/mobiliario\/articulos-de-decoracion\/bordallo-pinheiro-pieza-de-pared-hoja-de-arce-rojo-gudrun-copia\/\" \/>\n<meta property=\"og:site_name\" content=\"Erresse Shop\" \/>\n<meta property=\"article:modified_time\" content=\"2024-05-22T13:13:42+00:00\" \/>\n<meta property=\"og:image\" content=\"https:\/\/www.erresse-shop.it\/wp-content\/uploads\/2024\/05\/BORDALLO-PINHEIRO-Pezzo-Da-Parete-Foglia-Foglia-Dacero-Giallo-GUDRUN.png\" \/>\n\t<meta property=\"og:image:width\" content=\"800\" \/>\n\t<meta property=\"og:image:height\" content=\"800\" \/>\n\t<meta property=\"og:image:type\" content=\"image\/png\" \/>\n<meta name=\"twitter:card\" content=\"summary_large_image\" \/>\n<script type=\"application\/ld+json\" class=\"yoast-schema-graph\">{\"@context\":\"https:\/\/schema.org\",\"@graph\":[{\"@type\":\"WebPage\",\"@id\":\"https:\/\/www.erresse-shop.it\/es\/shop\/mobiliario\/articulos-de-decoracion\/bordallo-pinheiro-pieza-de-pared-hoja-de-arce-rojo-gudrun-copia\/\",\"url\":\"https:\/\/www.erresse-shop.it\/es\/shop\/mobiliario\/articulos-de-decoracion\/bordallo-pinheiro-pieza-de-pared-hoja-de-arce-rojo-gudrun-copia\/\",\"name\":\"BORDALLO PINHEIRO Elemento de Pared Hoja de Arce Amarillo GUDRUN - Erresse Shop\",\"isPartOf\":{\"@id\":\"https:\/\/www.erresse-shop.it\/es\/#website\"},\"datePublished\":\"2024-05-13T14:34:33+00:00\",\"dateModified\":\"2024-05-22T13:13:42+00:00\",\"description\":\"La colecci\u00f3n Gudrun de Claudia Schiffer se inspira en el oto\u00f1o, con sus hojas ca\u00eddas y bellotas, y ocupa un lugar especial en su coraz\u00f3n. De ni\u00f1a, a\",\"breadcrumb\":{\"@id\":\"https:\/\/www.erresse-shop.it\/es\/shop\/mobiliario\/articulos-de-decoracion\/bordallo-pinheiro-pieza-de-pared-hoja-de-arce-rojo-gudrun-copia\/#breadcrumb\"},\"inLanguage\":\"es\",\"potentialAction\":[{\"@type\":\"ReadAction\",\"target\":[\"https:\/\/www.erresse-shop.it\/es\/shop\/mobiliario\/articulos-de-decoracion\/bordallo-pinheiro-pieza-de-pared-hoja-de-arce-rojo-gudrun-copia\/\"]}]},{\"@type\":\"BreadcrumbList\",\"@id\":\"https:\/\/www.erresse-shop.it\/es\/shop\/mobiliario\/articulos-de-decoracion\/bordallo-pinheiro-pieza-de-pared-hoja-de-arce-rojo-gudrun-copia\/#breadcrumb\",\"itemListElement\":[{\"@type\":\"ListItem\",\"position\":1,\"name\":\"Home\",\"item\":\"https:\/\/www.erresse-shop.it\/es\/\"},{\"@type\":\"ListItem\",\"position\":2,\"name\":\"Shop\",\"item\":\"https:\/\/www.erresse-shop.it\/es\/shop\/\"},{\"@type\":\"ListItem\",\"position\":3,\"name\":\"BORDALLO PINHEIRO Elemento de Pared Hoja de Arce Amarillo GUDRUN\"}]},{\"@type\":\"WebSite\",\"@id\":\"https:\/\/www.erresse-shop.it\/es\/#website\",\"url\":\"https:\/\/www.erresse-shop.it\/es\/\",\"name\":\"Erresse Shop\",\"description\":\"Articoli di qualit\u00e0 per la casa\",\"potentialAction\":[{\"@type\":\"SearchAction\",\"target\":{\"@type\":\"EntryPoint\",\"urlTemplate\":\"https:\/\/www.erresse-shop.it\/es\/?s={search_term_string}\"},\"query-input\":\"required name=search_term_string\"}],\"inLanguage\":\"es\"}]}<\/script>\n<!-- \/ Yoast SEO Premium plugin. -->","yoast_head_json":{"title":"BORDALLO PINHEIRO Elemento de Pared Hoja de Arce Amarillo GUDRUN - Erresse Shop","description":"La colecci\u00f3n Gudrun de Claudia Schiffer se inspira en el oto\u00f1o, con sus hojas ca\u00eddas y bellotas, y ocupa un lugar especial en su coraz\u00f3n. De ni\u00f1a, a","robots":{"index":"index","follow":"follow","max-snippet":"max-snippet:-1","max-image-preview":"max-image-preview:large","max-video-preview":"max-video-preview:-1"},"canonical":"https:\/\/www.erresse-shop.it\/es\/shop\/mobiliario\/articulos-de-decoracion\/bordallo-pinheiro-pieza-de-pared-hoja-de-arce-rojo-gudrun-copia\/","og_locale":"es_ES","og_type":"article","og_title":"BORDALLO PINHEIRO Elemento de Pared Hoja de Arce Amarillo GUDRUN","og_description":"La colecci\u00f3n Gudrun de Claudia Schiffer se inspira en el oto\u00f1o, con sus hojas ca\u00eddas y bellotas, y ocupa un lugar especial en su coraz\u00f3n. De ni\u00f1a, a","og_url":"https:\/\/www.erresse-shop.it\/es\/shop\/mobiliario\/articulos-de-decoracion\/bordallo-pinheiro-pieza-de-pared-hoja-de-arce-rojo-gudrun-copia\/","og_site_name":"Erresse Shop","article_modified_time":"2024-05-22T13:13:42+00:00","og_image":[{"width":800,"height":800,"url":"https:\/\/www.erresse-shop.it\/wp-content\/uploads\/2024\/05\/BORDALLO-PINHEIRO-Pezzo-Da-Parete-Foglia-Foglia-Dacero-Giallo-GUDRUN.png","type":"image\/png"}],"twitter_card":"summary_large_image","schema":{"@context":"https:\/\/schema.org","@graph":[{"@type":"WebPage","@id":"https:\/\/www.erresse-shop.it\/es\/shop\/mobiliario\/articulos-de-decoracion\/bordallo-pinheiro-pieza-de-pared-hoja-de-arce-rojo-gudrun-copia\/","url":"https:\/\/www.erresse-shop.it\/es\/shop\/mobiliario\/articulos-de-decoracion\/bordallo-pinheiro-pieza-de-pared-hoja-de-arce-rojo-gudrun-copia\/","name":"BORDALLO PINHEIRO Elemento de Pared Hoja de Arce Amarillo GUDRUN - Erresse Shop","isPartOf":{"@id":"https:\/\/www.erresse-shop.it\/es\/#website"},"datePublished":"2024-05-13T14:34:33+00:00","dateModified":"2024-05-22T13:13:42+00:00","description":"La colecci\u00f3n Gudrun de Claudia Schiffer se inspira en el oto\u00f1o, con sus hojas ca\u00eddas y bellotas, y ocupa un lugar especial en su coraz\u00f3n. De ni\u00f1a, a","breadcrumb":{"@id":"https:\/\/www.erresse-shop.it\/es\/shop\/mobiliario\/articulos-de-decoracion\/bordallo-pinheiro-pieza-de-pared-hoja-de-arce-rojo-gudrun-copia\/#breadcrumb"},"inLanguage":"es","potentialAction":[{"@type":"ReadAction","target":["https:\/\/www.erresse-shop.it\/es\/shop\/mobiliario\/articulos-de-decoracion\/bordallo-pinheiro-pieza-de-pared-hoja-de-arce-rojo-gudrun-copia\/"]}]},{"@type":"BreadcrumbList","@id":"https:\/\/www.erresse-shop.it\/es\/shop\/mobiliario\/articulos-de-decoracion\/bordallo-pinheiro-pieza-de-pared-hoja-de-arce-rojo-gudrun-copia\/#breadcrumb","itemListElement":[{"@type":"ListItem","position":1,"name":"Home","item":"https:\/\/www.erresse-shop.it\/es\/"},{"@type":"ListItem","position":2,"name":"Shop","item":"https:\/\/www.erresse-shop.it\/es\/shop\/"},{"@type":"ListItem","position":3,"name":"BORDALLO PINHEIRO Elemento de Pared Hoja de Arce Amarillo GUDRUN"}]},{"@type":"WebSite","@id":"https:\/\/www.erresse-shop.it\/es\/#website","url":"https:\/\/www.erresse-shop.it\/es\/","name":"Erresse Shop","description":"Articoli di qualit\u00e0 per la casa","potentialAction":[{"@type":"SearchAction","target":{"@type":"EntryPoint","urlTemplate":"https:\/\/www.erresse-shop.it\/es\/?s={search_term_string}"},"query-input":"required name=search_term_string"}],"inLanguage":"es"}]}},"df_price":35.95,"df_sale_price":35.95,"df_regular_price":46,"df_image_link":"https:\/\/www.erresse-shop.it\/wp-content\/uploads\/2024\/05\/BORDALLO-PINHEIRO-GUDRUN-Pezzo-Da-Parete-Foglia-Acero-Giallo-300x300.jpg","_links":{"self":[{"href":"https:\/\/www.erresse-shop.it\/es\/wp-json\/wp\/v2\/product\/406295"}],"collection":[{"href":"https:\/\/www.erresse-shop.it\/es\/wp-json\/wp\/v2\/product"}],"about":[{"href":"https:\/\/www.erresse-shop.it\/es\/wp-json\/wp\/v2\/types\/product"}],"wp:featuredmedia":[{"embeddable":true,"href":"https:\/\/www.erresse-shop.it\/es\/wp-json\/wp\/v2\/media\/461777"}],"wp:attachment":[{"href":"https:\/\/www.erresse-shop.it\/es\/wp-json\/wp\/v2\/media?parent=406295"}],"wp:term":[{"taxonomy":"product_cat","embeddable":true,"href":"https:\/\/www.erresse-shop.it\/es\/wp-json\/wp\/v2\/product_cat?post=406295"},{"taxonomy":"product_tag","embeddable":true,"href":"https:\/\/www.erresse-shop.it\/es\/wp-json\/wp\/v2\/product_tag?post=406295"}],"curies":[{"name":"wp","href":"https:\/\/api.w.org\/{rel}","templated":true}]}}