{"id":406269,"date":"2024-05-13T14:04:02","date_gmt":"2024-05-13T14:04:09","guid":{"rendered":"https:\/\/www.erresse-shop.it\/?post_type=product&#038;p=406269"},"modified":"2024-05-22T13:23:44","modified_gmt":"2024-05-22T13:23:44","slug":"bordallo-pinheiro-plato-decorativo-gudrun-copia-2","status":"publish","type":"product","link":"https:\/\/www.erresse-shop.it\/es\/shop\/tabla\/platos-para-servir\/bordallo-pinheiro-plato-decorativo-gudrun-copia-2\/","title":{"rendered":"BORDALLO PINHEIRO GUDRUN Plato de servir ovalado"},"content":{"rendered":"<p>La colecci\u00f3n Gudrun de Claudia Schiffer se inspir\u00f3 en el oto\u00f1o, con las hojas que caen y las bellotas, y ocupa un lugar especial en su coraz\u00f3n. Mientras crec\u00eda, a Claudia le encantaba ver c\u00f3mo se transformaban los colores y saltar sobre los montones de hojas que su madre recog\u00eda meticulosamente de su jard\u00edn. Luego, al secarlas, esas hojas crearon hermosas obras de arte.<\/p>\n<p>\u201cLas cer\u00e1micas que hice est\u00e1n dise\u00f1adas para mis mesas de madera de mediados de siglo y ayudan a infundir a mi hogar tonos c\u00e1lidos oto\u00f1ales. Tambi\u00e9n encuentran un lugar en mis retiros campestres de fin de semana, donde aportan colores acogedores junto a un fuego crepitante. Me alegro de la forma en que estas cer\u00e1micas introducen un toque sutil en el espacio habitable, combin\u00e1ndose maravillosamente con hortensias verdes, un cl\u00e1sico del oto\u00f1o&#8221;, dice Claudia Schiffer sobre esta hermosa y original colecci\u00f3n.<\/p>\n<p><strong>Dimensiones<\/strong>: 40 cm x 25,4 cm x 7,5 cm<br \/>\n<strong>Material<\/strong>: terracota<\/p>\n","protected":false},"excerpt":{"rendered":"<p>La colecci\u00f3n Gudrun de Claudia Schiffer se inspir\u00f3 en el oto\u00f1o, con las hojas que caen y las bellotas, y<\/p>\n","protected":false},"featured_media":461746,"template":"","meta":{"_acf_changed":false,"inline_featured_image":false},"product_cat":[16032,16027],"product_tag":[25039,23912,19362,24605,25023],"acf":[],"yoast_head":"<!-- This site is optimized with the Yoast SEO Premium plugin v18.6 (Yoast SEO v19.13) - https:\/\/yoast.com\/wordpress\/plugins\/seo\/ -->\n<title>BORDALLO PINHEIRO GUDRUN Plato de servir ovalado - Erresse Shop<\/title>\n<meta name=\"description\" content=\"La colecci\u00f3n Gudrun de Claudia Schiffer se inspir\u00f3 en el oto\u00f1o, con las hojas que caen y las bellotas, y ocupa un lugar especial en su coraz\u00f3n. Mientras\" \/>\n<meta name=\"robots\" content=\"index, follow, max-snippet:-1, max-image-preview:large, max-video-preview:-1\" \/>\n<link rel=\"canonical\" href=\"https:\/\/www.erresse-shop.it\/es\/shop\/tabla\/platos-para-servir\/bordallo-pinheiro-plato-decorativo-gudrun-copia-2\/\" \/>\n<meta property=\"og:locale\" content=\"es_ES\" \/>\n<meta property=\"og:type\" content=\"article\" \/>\n<meta property=\"og:title\" content=\"BORDALLO PINHEIRO GUDRUN Plato de servir ovalado\" \/>\n<meta property=\"og:description\" content=\"La colecci\u00f3n Gudrun de Claudia Schiffer se inspir\u00f3 en el oto\u00f1o, con las hojas que caen y las bellotas, y ocupa un lugar especial en su coraz\u00f3n. Mientras\" \/>\n<meta property=\"og:url\" content=\"https:\/\/www.erresse-shop.it\/es\/shop\/tabla\/platos-para-servir\/bordallo-pinheiro-plato-decorativo-gudrun-copia-2\/\" \/>\n<meta property=\"og:site_name\" content=\"Erresse Shop\" \/>\n<meta property=\"article:modified_time\" content=\"2024-05-22T13:23:44+00:00\" \/>\n<meta property=\"og:image\" content=\"https:\/\/www.erresse-shop.it\/wp-content\/uploads\/2024\/05\/BORDALLO-PINHEIRO-Piatto-da-Portata-Ovale-GUDRUN.png\" \/>\n\t<meta property=\"og:image:width\" content=\"800\" \/>\n\t<meta property=\"og:image:height\" content=\"800\" \/>\n\t<meta property=\"og:image:type\" content=\"image\/png\" \/>\n<meta name=\"twitter:card\" content=\"summary_large_image\" \/>\n<script type=\"application\/ld+json\" class=\"yoast-schema-graph\">{\"@context\":\"https:\/\/schema.org\",\"@graph\":[{\"@type\":\"WebPage\",\"@id\":\"https:\/\/www.erresse-shop.it\/es\/shop\/tabla\/platos-para-servir\/bordallo-pinheiro-plato-decorativo-gudrun-copia-2\/\",\"url\":\"https:\/\/www.erresse-shop.it\/es\/shop\/tabla\/platos-para-servir\/bordallo-pinheiro-plato-decorativo-gudrun-copia-2\/\",\"name\":\"BORDALLO PINHEIRO GUDRUN Plato de servir ovalado - Erresse Shop\",\"isPartOf\":{\"@id\":\"https:\/\/www.erresse-shop.it\/es\/#website\"},\"datePublished\":\"2024-05-13T14:04:09+00:00\",\"dateModified\":\"2024-05-22T13:23:44+00:00\",\"description\":\"La colecci\u00f3n Gudrun de Claudia Schiffer se inspir\u00f3 en el oto\u00f1o, con las hojas que caen y las bellotas, y ocupa un lugar especial en su coraz\u00f3n. Mientras\",\"breadcrumb\":{\"@id\":\"https:\/\/www.erresse-shop.it\/es\/shop\/tabla\/platos-para-servir\/bordallo-pinheiro-plato-decorativo-gudrun-copia-2\/#breadcrumb\"},\"inLanguage\":\"es\",\"potentialAction\":[{\"@type\":\"ReadAction\",\"target\":[\"https:\/\/www.erresse-shop.it\/es\/shop\/tabla\/platos-para-servir\/bordallo-pinheiro-plato-decorativo-gudrun-copia-2\/\"]}]},{\"@type\":\"BreadcrumbList\",\"@id\":\"https:\/\/www.erresse-shop.it\/es\/shop\/tabla\/platos-para-servir\/bordallo-pinheiro-plato-decorativo-gudrun-copia-2\/#breadcrumb\",\"itemListElement\":[{\"@type\":\"ListItem\",\"position\":1,\"name\":\"Home\",\"item\":\"https:\/\/www.erresse-shop.it\/es\/\"},{\"@type\":\"ListItem\",\"position\":2,\"name\":\"Shop\",\"item\":\"https:\/\/www.erresse-shop.it\/es\/shop\/\"},{\"@type\":\"ListItem\",\"position\":3,\"name\":\"BORDALLO PINHEIRO GUDRUN Plato de servir ovalado\"}]},{\"@type\":\"WebSite\",\"@id\":\"https:\/\/www.erresse-shop.it\/es\/#website\",\"url\":\"https:\/\/www.erresse-shop.it\/es\/\",\"name\":\"Erresse Shop\",\"description\":\"Articoli di qualit\u00e0 per la casa\",\"potentialAction\":[{\"@type\":\"SearchAction\",\"target\":{\"@type\":\"EntryPoint\",\"urlTemplate\":\"https:\/\/www.erresse-shop.it\/es\/?s={search_term_string}\"},\"query-input\":\"required name=search_term_string\"}],\"inLanguage\":\"es\"}]}<\/script>\n<!-- \/ Yoast SEO Premium plugin. -->","yoast_head_json":{"title":"BORDALLO PINHEIRO GUDRUN Plato de servir ovalado - Erresse Shop","description":"La colecci\u00f3n Gudrun de Claudia Schiffer se inspir\u00f3 en el oto\u00f1o, con las hojas que caen y las bellotas, y ocupa un lugar especial en su coraz\u00f3n. Mientras","robots":{"index":"index","follow":"follow","max-snippet":"max-snippet:-1","max-image-preview":"max-image-preview:large","max-video-preview":"max-video-preview:-1"},"canonical":"https:\/\/www.erresse-shop.it\/es\/shop\/tabla\/platos-para-servir\/bordallo-pinheiro-plato-decorativo-gudrun-copia-2\/","og_locale":"es_ES","og_type":"article","og_title":"BORDALLO PINHEIRO GUDRUN Plato de servir ovalado","og_description":"La colecci\u00f3n Gudrun de Claudia Schiffer se inspir\u00f3 en el oto\u00f1o, con las hojas que caen y las bellotas, y ocupa un lugar especial en su coraz\u00f3n. Mientras","og_url":"https:\/\/www.erresse-shop.it\/es\/shop\/tabla\/platos-para-servir\/bordallo-pinheiro-plato-decorativo-gudrun-copia-2\/","og_site_name":"Erresse Shop","article_modified_time":"2024-05-22T13:23:44+00:00","og_image":[{"width":800,"height":800,"url":"https:\/\/www.erresse-shop.it\/wp-content\/uploads\/2024\/05\/BORDALLO-PINHEIRO-Piatto-da-Portata-Ovale-GUDRUN.png","type":"image\/png"}],"twitter_card":"summary_large_image","schema":{"@context":"https:\/\/schema.org","@graph":[{"@type":"WebPage","@id":"https:\/\/www.erresse-shop.it\/es\/shop\/tabla\/platos-para-servir\/bordallo-pinheiro-plato-decorativo-gudrun-copia-2\/","url":"https:\/\/www.erresse-shop.it\/es\/shop\/tabla\/platos-para-servir\/bordallo-pinheiro-plato-decorativo-gudrun-copia-2\/","name":"BORDALLO PINHEIRO GUDRUN Plato de servir ovalado - Erresse Shop","isPartOf":{"@id":"https:\/\/www.erresse-shop.it\/es\/#website"},"datePublished":"2024-05-13T14:04:09+00:00","dateModified":"2024-05-22T13:23:44+00:00","description":"La colecci\u00f3n Gudrun de Claudia Schiffer se inspir\u00f3 en el oto\u00f1o, con las hojas que caen y las bellotas, y ocupa un lugar especial en su coraz\u00f3n. Mientras","breadcrumb":{"@id":"https:\/\/www.erresse-shop.it\/es\/shop\/tabla\/platos-para-servir\/bordallo-pinheiro-plato-decorativo-gudrun-copia-2\/#breadcrumb"},"inLanguage":"es","potentialAction":[{"@type":"ReadAction","target":["https:\/\/www.erresse-shop.it\/es\/shop\/tabla\/platos-para-servir\/bordallo-pinheiro-plato-decorativo-gudrun-copia-2\/"]}]},{"@type":"BreadcrumbList","@id":"https:\/\/www.erresse-shop.it\/es\/shop\/tabla\/platos-para-servir\/bordallo-pinheiro-plato-decorativo-gudrun-copia-2\/#breadcrumb","itemListElement":[{"@type":"ListItem","position":1,"name":"Home","item":"https:\/\/www.erresse-shop.it\/es\/"},{"@type":"ListItem","position":2,"name":"Shop","item":"https:\/\/www.erresse-shop.it\/es\/shop\/"},{"@type":"ListItem","position":3,"name":"BORDALLO PINHEIRO GUDRUN Plato de servir ovalado"}]},{"@type":"WebSite","@id":"https:\/\/www.erresse-shop.it\/es\/#website","url":"https:\/\/www.erresse-shop.it\/es\/","name":"Erresse Shop","description":"Articoli di qualit\u00e0 per la casa","potentialAction":[{"@type":"SearchAction","target":{"@type":"EntryPoint","urlTemplate":"https:\/\/www.erresse-shop.it\/es\/?s={search_term_string}"},"query-input":"required name=search_term_string"}],"inLanguage":"es"}]}},"df_price":40.050000000000004,"df_sale_price":40.050000000000004,"df_regular_price":89,"df_image_link":"https:\/\/www.erresse-shop.it\/wp-content\/uploads\/2024\/05\/BORDALLO-PINHEIRO-GUDRUN-Piatto-da-Portata-Ovale-300x300.jpg","_links":{"self":[{"href":"https:\/\/www.erresse-shop.it\/es\/wp-json\/wp\/v2\/product\/406269"}],"collection":[{"href":"https:\/\/www.erresse-shop.it\/es\/wp-json\/wp\/v2\/product"}],"about":[{"href":"https:\/\/www.erresse-shop.it\/es\/wp-json\/wp\/v2\/types\/product"}],"wp:featuredmedia":[{"embeddable":true,"href":"https:\/\/www.erresse-shop.it\/es\/wp-json\/wp\/v2\/media\/461746"}],"wp:attachment":[{"href":"https:\/\/www.erresse-shop.it\/es\/wp-json\/wp\/v2\/media?parent=406269"}],"wp:term":[{"taxonomy":"product_cat","embeddable":true,"href":"https:\/\/www.erresse-shop.it\/es\/wp-json\/wp\/v2\/product_cat?post=406269"},{"taxonomy":"product_tag","embeddable":true,"href":"https:\/\/www.erresse-shop.it\/es\/wp-json\/wp\/v2\/product_tag?post=406269"}],"curies":[{"name":"wp","href":"https:\/\/api.w.org\/{rel}","templated":true}]}}