{"id":406029,"date":"2024-05-13T08:48:59","date_gmt":"2024-05-13T08:49:02","guid":{"rendered":"https:\/\/www.erresse-shop.it\/?post_type=product&#038;p=406029"},"modified":"2024-08-21T12:08:33","modified_gmt":"2024-08-21T12:08:33","slug":"plato-weber-premium-43-cm","status":"publish","type":"product","link":"https:\/\/www.erresse-shop.it\/es\/shop\/pequenos-electrodomesticos\/parrillas-y-barbacoas\/plato-weber-premium-43-cm\/","title":{"rendered":"WEBER Plato Premium 43 cm"},"content":{"rendered":"<p>Descubra cocinar en la plancha fuera de casa con la plancha Weber\u00ae SLATE GP Premium de 43 cm que alcanza una temperatura de m\u00e1s de 260 \u00b0C y calienta toda la superficie de manera uniforme para cocinar los alimentos de manera uniforme en cualquier lugar de la plancha. La superficie de cocci\u00f3n con acabado esmaltado antiadherente est\u00e1 lista inmediatamente para cocinar, por lo que podr\u00e1s preparar deliciosas hamburguesas, saltear sabrosos platos, cocinar mariscos y verduras a la perfecci\u00f3n y mucho m\u00e1s. Gracias a los pies regulables que permiten nivelar la placa en superficies irregulares y a la posibilidad de a\u00f1adir un soporte ampliable, la Placa Premium Weber\u00ae SLATE es perfecta para picnics, en el jard\u00edn o en cualquier superficie.<\/p>\n<p>\u2022 Calor uniforme en toda la superficie de cocci\u00f3n para una cocci\u00f3n uniforme en toda la placa<br \/>\n\u2022 La plancha alcanza una temperatura de m\u00e1s de 260 \u00b0C para una cocci\u00f3n a alta temperatura y bordes crujientes.<br \/>\n\u2022 Superficie de cocci\u00f3n con acabado esmaltado antiadherente para cocinar sin problemas<br \/>\n\u2022 Eliminaci\u00f3n de grasa del frente para una limpieza r\u00e1pida y f\u00e1cil<br \/>\n\u2022 Cuatro pies ajustables para nivelar la placa en superficies irregulares<\/p>\n<p><strong>ESPECIFICACIONES T\u00c9CNICAS<\/strong><\/p>\n<p>POTENCIA QUEMADORES: (KW)3.7<\/p>\n<p>Dimensiones: tapa abierta (cent\u00edmetros) 72,50 cm de alto x 71,50 cm de ancho x 60,50 cm de profundidad<\/p>\n<p>Dimensiones &#8211; tapa cerrada (cent\u00edmetros) 25,00 cm de alto x 71,50 cm de ancho x 57,50 cm de profundidad<\/p>\n<p>\u00c1rea de cocci\u00f3n (cent\u00edmetros) 41,88&#215;41,88<\/p>\n<p>Peso (kg)19,5<\/p>\n<p>Quemadores de acero inoxidable1<br \/>\nTipo de combustible: GAS LPG (el cartucho desechable se vende por separado)<\/p>\n","protected":false},"excerpt":{"rendered":"<p>Descubra cocinar en la plancha fuera de casa con la plancha Weber\u00ae SLATE GP Premium de 43 cm que alcanza<\/p>\n","protected":false},"featured_media":507876,"template":"","meta":{"_acf_changed":false,"inline_featured_image":false},"product_cat":[16083,16073],"product_tag":[25183,16167,23633,16138,24605,16168,25023,22518],"acf":[],"yoast_head":"<!-- This site is optimized with the Yoast SEO Premium plugin v18.6 (Yoast SEO v19.13) - https:\/\/yoast.com\/wordpress\/plugins\/seo\/ -->\n<title>WEBER Plato Premium 43 cm - Erresse Shop<\/title>\n<meta name=\"description\" content=\"Descubra cocinar en la plancha fuera de casa con la plancha Weber\u00ae SLATE GP Premium de 43 cm que alcanza una temperatura de m\u00e1s de 260 \u00b0C y calienta toda\" \/>\n<meta name=\"robots\" content=\"index, follow, max-snippet:-1, max-image-preview:large, max-video-preview:-1\" \/>\n<link rel=\"canonical\" href=\"https:\/\/www.erresse-shop.it\/es\/shop\/pequenos-electrodomesticos\/parrillas-y-barbacoas\/plato-weber-premium-43-cm\/\" \/>\n<meta property=\"og:locale\" content=\"es_ES\" \/>\n<meta property=\"og:type\" content=\"article\" \/>\n<meta property=\"og:title\" content=\"WEBER Plato Premium 43 cm\" \/>\n<meta property=\"og:description\" content=\"Descubra cocinar en la plancha fuera de casa con la plancha Weber\u00ae SLATE GP Premium de 43 cm que alcanza una temperatura de m\u00e1s de 260 \u00b0C y calienta toda\" \/>\n<meta property=\"og:url\" content=\"https:\/\/www.erresse-shop.it\/es\/shop\/pequenos-electrodomesticos\/parrillas-y-barbacoas\/plato-weber-premium-43-cm\/\" \/>\n<meta property=\"og:site_name\" content=\"Erresse Shop\" \/>\n<meta property=\"article:modified_time\" content=\"2024-08-21T12:08:33+00:00\" \/>\n<meta property=\"og:image\" content=\"https:\/\/www.erresse-shop.it\/wp-content\/uploads\/2024\/05\/WEBER-Piastra-Premium-43cm.png\" \/>\n\t<meta property=\"og:image:width\" content=\"800\" \/>\n\t<meta property=\"og:image:height\" content=\"800\" \/>\n\t<meta property=\"og:image:type\" content=\"image\/png\" \/>\n<meta name=\"twitter:card\" content=\"summary_large_image\" \/>\n<script type=\"application\/ld+json\" class=\"yoast-schema-graph\">{\"@context\":\"https:\/\/schema.org\",\"@graph\":[{\"@type\":\"WebPage\",\"@id\":\"https:\/\/www.erresse-shop.it\/es\/shop\/pequenos-electrodomesticos\/parrillas-y-barbacoas\/plato-weber-premium-43-cm\/\",\"url\":\"https:\/\/www.erresse-shop.it\/es\/shop\/pequenos-electrodomesticos\/parrillas-y-barbacoas\/plato-weber-premium-43-cm\/\",\"name\":\"WEBER Plato Premium 43 cm - Erresse Shop\",\"isPartOf\":{\"@id\":\"https:\/\/www.erresse-shop.it\/es\/#website\"},\"datePublished\":\"2024-05-13T08:49:02+00:00\",\"dateModified\":\"2024-08-21T12:08:33+00:00\",\"description\":\"Descubra cocinar en la plancha fuera de casa con la plancha Weber\u00ae SLATE GP Premium de 43 cm que alcanza una temperatura de m\u00e1s de 260 \u00b0C y calienta toda\",\"breadcrumb\":{\"@id\":\"https:\/\/www.erresse-shop.it\/es\/shop\/pequenos-electrodomesticos\/parrillas-y-barbacoas\/plato-weber-premium-43-cm\/#breadcrumb\"},\"inLanguage\":\"es\",\"potentialAction\":[{\"@type\":\"ReadAction\",\"target\":[\"https:\/\/www.erresse-shop.it\/es\/shop\/pequenos-electrodomesticos\/parrillas-y-barbacoas\/plato-weber-premium-43-cm\/\"]}]},{\"@type\":\"BreadcrumbList\",\"@id\":\"https:\/\/www.erresse-shop.it\/es\/shop\/pequenos-electrodomesticos\/parrillas-y-barbacoas\/plato-weber-premium-43-cm\/#breadcrumb\",\"itemListElement\":[{\"@type\":\"ListItem\",\"position\":1,\"name\":\"Home\",\"item\":\"https:\/\/www.erresse-shop.it\/es\/\"},{\"@type\":\"ListItem\",\"position\":2,\"name\":\"Shop\",\"item\":\"https:\/\/www.erresse-shop.it\/es\/shop\/\"},{\"@type\":\"ListItem\",\"position\":3,\"name\":\"WEBER Plato Premium 43 cm\"}]},{\"@type\":\"WebSite\",\"@id\":\"https:\/\/www.erresse-shop.it\/es\/#website\",\"url\":\"https:\/\/www.erresse-shop.it\/es\/\",\"name\":\"Erresse Shop\",\"description\":\"Articoli di qualit\u00e0 per la casa\",\"potentialAction\":[{\"@type\":\"SearchAction\",\"target\":{\"@type\":\"EntryPoint\",\"urlTemplate\":\"https:\/\/www.erresse-shop.it\/es\/?s={search_term_string}\"},\"query-input\":\"required name=search_term_string\"}],\"inLanguage\":\"es\"}]}<\/script>\n<!-- \/ Yoast SEO Premium plugin. -->","yoast_head_json":{"title":"WEBER Plato Premium 43 cm - Erresse Shop","description":"Descubra cocinar en la plancha fuera de casa con la plancha Weber\u00ae SLATE GP Premium de 43 cm que alcanza una temperatura de m\u00e1s de 260 \u00b0C y calienta toda","robots":{"index":"index","follow":"follow","max-snippet":"max-snippet:-1","max-image-preview":"max-image-preview:large","max-video-preview":"max-video-preview:-1"},"canonical":"https:\/\/www.erresse-shop.it\/es\/shop\/pequenos-electrodomesticos\/parrillas-y-barbacoas\/plato-weber-premium-43-cm\/","og_locale":"es_ES","og_type":"article","og_title":"WEBER Plato Premium 43 cm","og_description":"Descubra cocinar en la plancha fuera de casa con la plancha Weber\u00ae SLATE GP Premium de 43 cm que alcanza una temperatura de m\u00e1s de 260 \u00b0C y calienta toda","og_url":"https:\/\/www.erresse-shop.it\/es\/shop\/pequenos-electrodomesticos\/parrillas-y-barbacoas\/plato-weber-premium-43-cm\/","og_site_name":"Erresse Shop","article_modified_time":"2024-08-21T12:08:33+00:00","og_image":[{"width":800,"height":800,"url":"https:\/\/www.erresse-shop.it\/wp-content\/uploads\/2024\/05\/WEBER-Piastra-Premium-43cm.png","type":"image\/png"}],"twitter_card":"summary_large_image","schema":{"@context":"https:\/\/schema.org","@graph":[{"@type":"WebPage","@id":"https:\/\/www.erresse-shop.it\/es\/shop\/pequenos-electrodomesticos\/parrillas-y-barbacoas\/plato-weber-premium-43-cm\/","url":"https:\/\/www.erresse-shop.it\/es\/shop\/pequenos-electrodomesticos\/parrillas-y-barbacoas\/plato-weber-premium-43-cm\/","name":"WEBER Plato Premium 43 cm - Erresse Shop","isPartOf":{"@id":"https:\/\/www.erresse-shop.it\/es\/#website"},"datePublished":"2024-05-13T08:49:02+00:00","dateModified":"2024-08-21T12:08:33+00:00","description":"Descubra cocinar en la plancha fuera de casa con la plancha Weber\u00ae SLATE GP Premium de 43 cm que alcanza una temperatura de m\u00e1s de 260 \u00b0C y calienta toda","breadcrumb":{"@id":"https:\/\/www.erresse-shop.it\/es\/shop\/pequenos-electrodomesticos\/parrillas-y-barbacoas\/plato-weber-premium-43-cm\/#breadcrumb"},"inLanguage":"es","potentialAction":[{"@type":"ReadAction","target":["https:\/\/www.erresse-shop.it\/es\/shop\/pequenos-electrodomesticos\/parrillas-y-barbacoas\/plato-weber-premium-43-cm\/"]}]},{"@type":"BreadcrumbList","@id":"https:\/\/www.erresse-shop.it\/es\/shop\/pequenos-electrodomesticos\/parrillas-y-barbacoas\/plato-weber-premium-43-cm\/#breadcrumb","itemListElement":[{"@type":"ListItem","position":1,"name":"Home","item":"https:\/\/www.erresse-shop.it\/es\/"},{"@type":"ListItem","position":2,"name":"Shop","item":"https:\/\/www.erresse-shop.it\/es\/shop\/"},{"@type":"ListItem","position":3,"name":"WEBER Plato Premium 43 cm"}]},{"@type":"WebSite","@id":"https:\/\/www.erresse-shop.it\/es\/#website","url":"https:\/\/www.erresse-shop.it\/es\/","name":"Erresse Shop","description":"Articoli di qualit\u00e0 per la casa","potentialAction":[{"@type":"SearchAction","target":{"@type":"EntryPoint","urlTemplate":"https:\/\/www.erresse-shop.it\/es\/?s={search_term_string}"},"query-input":"required name=search_term_string"}],"inLanguage":"es"}]}},"df_price":359.99100000000004,"df_sale_price":359.99100000000004,"df_regular_price":399.99,"df_image_link":"https:\/\/www.erresse-shop.it\/wp-content\/uploads\/2024\/05\/WEBER-Piastra-Premium-43-cm-300x300.jpg","_links":{"self":[{"href":"https:\/\/www.erresse-shop.it\/es\/wp-json\/wp\/v2\/product\/406029"}],"collection":[{"href":"https:\/\/www.erresse-shop.it\/es\/wp-json\/wp\/v2\/product"}],"about":[{"href":"https:\/\/www.erresse-shop.it\/es\/wp-json\/wp\/v2\/types\/product"}],"wp:featuredmedia":[{"embeddable":true,"href":"https:\/\/www.erresse-shop.it\/es\/wp-json\/wp\/v2\/media\/507876"}],"wp:attachment":[{"href":"https:\/\/www.erresse-shop.it\/es\/wp-json\/wp\/v2\/media?parent=406029"}],"wp:term":[{"taxonomy":"product_cat","embeddable":true,"href":"https:\/\/www.erresse-shop.it\/es\/wp-json\/wp\/v2\/product_cat?post=406029"},{"taxonomy":"product_tag","embeddable":true,"href":"https:\/\/www.erresse-shop.it\/es\/wp-json\/wp\/v2\/product_tag?post=406029"}],"curies":[{"name":"wp","href":"https:\/\/api.w.org\/{rel}","templated":true}]}}