{"id":405999,"date":"2024-05-13T08:29:32","date_gmt":"2024-05-13T08:29:33","guid":{"rendered":"https:\/\/www.erresse-shop.it\/?post_type=product&#038;p=405999"},"modified":"2024-10-29T08:14:14","modified_gmt":"2024-10-29T08:14:14","slug":"weber-barbacoa-electrica-pulse-1000-negro","status":"publish","type":"product","link":"https:\/\/www.erresse-shop.it\/es\/shop\/pequenos-electrodomesticos\/parrillas-y-barbacoas\/weber-barbacoa-electrica-pulse-1000-negro\/","title":{"rendered":"WEBER Barbacoa El\u00e9ctrica Pulse 1000 Negro"},"content":{"rendered":"<p>Hemos reinventado la barbacoa el\u00e9ctrica, el futuro de la nueva cocina urbana, garant\u00eda de resultados siempre aut\u00e9nticos. La barbacoa el\u00e9ctrica Pulse 1000 es la primera de su clase que combina tecnolog\u00eda inteligente con rendimiento digital de vanguardia, revolucionando la cocci\u00f3n en la parrilla tradicional, c\u00f3modamente sentado en su balc\u00f3n.<\/p>\n<p><strong>ESPECIFICACIONES T\u00c9CNICAS<\/strong><\/p>\n<p>Dimensiones &#8211; tapa abierta: 68 cm alto x 61 cm ancho x 65 cm profundidad<br \/>\nDimensiones &#8211; tapa cerrada: 33 cm alto x 61 cm ancho x 54 cm profundidad<br \/>\n\u00c1rea total de cocci\u00f3n: 41&#215;31 cm<br \/>\nTipo de combustible: el\u00e9ctrico<br \/>\nPeso: 13,92 kg<\/p>\n","protected":false},"excerpt":{"rendered":"<p>Hemos reinventado la barbacoa el\u00e9ctrica, el futuro de la nueva cocina urbana, garant\u00eda de resultados siempre aut\u00e9nticos. La barbacoa el\u00e9ctrica<\/p>\n","protected":false},"featured_media":496134,"template":"","meta":{"_acf_changed":false,"inline_featured_image":false},"product_cat":[16083,16073],"product_tag":[25183,16167,22533,16138,24605,16168,25023,22518],"acf":[],"yoast_head":"<!-- This site is optimized with the Yoast SEO Premium plugin v18.6 (Yoast SEO v19.13) - https:\/\/yoast.com\/wordpress\/plugins\/seo\/ -->\n<title>WEBER Barbacoa El\u00e9ctrica Pulse 1000 Negro - Erresse Shop<\/title>\n<meta name=\"description\" content=\"Hemos reinventado la barbacoa el\u00e9ctrica, el futuro de la nueva cocina urbana, garant\u00eda de resultados siempre aut\u00e9nticos. La barbacoa el\u00e9ctrica Pulse 1000\" \/>\n<meta name=\"robots\" content=\"index, follow, max-snippet:-1, max-image-preview:large, max-video-preview:-1\" \/>\n<link rel=\"canonical\" href=\"https:\/\/www.erresse-shop.it\/es\/shop\/pequenos-electrodomesticos\/parrillas-y-barbacoas\/weber-barbacoa-electrica-pulse-1000-negro\/\" \/>\n<meta property=\"og:locale\" content=\"es_ES\" \/>\n<meta property=\"og:type\" content=\"article\" \/>\n<meta property=\"og:title\" content=\"WEBER Barbacoa El\u00e9ctrica Pulse 1000 Negro\" \/>\n<meta property=\"og:description\" content=\"Hemos reinventado la barbacoa el\u00e9ctrica, el futuro de la nueva cocina urbana, garant\u00eda de resultados siempre aut\u00e9nticos. La barbacoa el\u00e9ctrica Pulse 1000\" \/>\n<meta property=\"og:url\" content=\"https:\/\/www.erresse-shop.it\/es\/shop\/pequenos-electrodomesticos\/parrillas-y-barbacoas\/weber-barbacoa-electrica-pulse-1000-negro\/\" \/>\n<meta property=\"og:site_name\" content=\"Erresse Shop\" \/>\n<meta property=\"article:modified_time\" content=\"2024-10-29T08:14:14+00:00\" \/>\n<meta property=\"og:image\" content=\"https:\/\/www.erresse-shop.it\/wp-content\/uploads\/2024\/05\/WEBER-Barbecue-Elettrico-Pulse-1000-Nero.png\" \/>\n\t<meta property=\"og:image:width\" content=\"800\" \/>\n\t<meta property=\"og:image:height\" content=\"800\" \/>\n\t<meta property=\"og:image:type\" content=\"image\/png\" \/>\n<meta name=\"twitter:card\" content=\"summary_large_image\" \/>\n<script type=\"application\/ld+json\" class=\"yoast-schema-graph\">{\"@context\":\"https:\/\/schema.org\",\"@graph\":[{\"@type\":\"WebPage\",\"@id\":\"https:\/\/www.erresse-shop.it\/es\/shop\/pequenos-electrodomesticos\/parrillas-y-barbacoas\/weber-barbacoa-electrica-pulse-1000-negro\/\",\"url\":\"https:\/\/www.erresse-shop.it\/es\/shop\/pequenos-electrodomesticos\/parrillas-y-barbacoas\/weber-barbacoa-electrica-pulse-1000-negro\/\",\"name\":\"WEBER Barbacoa El\u00e9ctrica Pulse 1000 Negro - Erresse Shop\",\"isPartOf\":{\"@id\":\"https:\/\/www.erresse-shop.it\/es\/#website\"},\"datePublished\":\"2024-05-13T08:29:33+00:00\",\"dateModified\":\"2024-10-29T08:14:14+00:00\",\"description\":\"Hemos reinventado la barbacoa el\u00e9ctrica, el futuro de la nueva cocina urbana, garant\u00eda de resultados siempre aut\u00e9nticos. La barbacoa el\u00e9ctrica Pulse 1000\",\"breadcrumb\":{\"@id\":\"https:\/\/www.erresse-shop.it\/es\/shop\/pequenos-electrodomesticos\/parrillas-y-barbacoas\/weber-barbacoa-electrica-pulse-1000-negro\/#breadcrumb\"},\"inLanguage\":\"es\",\"potentialAction\":[{\"@type\":\"ReadAction\",\"target\":[\"https:\/\/www.erresse-shop.it\/es\/shop\/pequenos-electrodomesticos\/parrillas-y-barbacoas\/weber-barbacoa-electrica-pulse-1000-negro\/\"]}]},{\"@type\":\"BreadcrumbList\",\"@id\":\"https:\/\/www.erresse-shop.it\/es\/shop\/pequenos-electrodomesticos\/parrillas-y-barbacoas\/weber-barbacoa-electrica-pulse-1000-negro\/#breadcrumb\",\"itemListElement\":[{\"@type\":\"ListItem\",\"position\":1,\"name\":\"Home\",\"item\":\"https:\/\/www.erresse-shop.it\/es\/\"},{\"@type\":\"ListItem\",\"position\":2,\"name\":\"Shop\",\"item\":\"https:\/\/www.erresse-shop.it\/es\/shop\/\"},{\"@type\":\"ListItem\",\"position\":3,\"name\":\"WEBER Barbacoa El\u00e9ctrica Pulse 1000 Negro\"}]},{\"@type\":\"WebSite\",\"@id\":\"https:\/\/www.erresse-shop.it\/es\/#website\",\"url\":\"https:\/\/www.erresse-shop.it\/es\/\",\"name\":\"Erresse Shop\",\"description\":\"Articoli di qualit\u00e0 per la casa\",\"potentialAction\":[{\"@type\":\"SearchAction\",\"target\":{\"@type\":\"EntryPoint\",\"urlTemplate\":\"https:\/\/www.erresse-shop.it\/es\/?s={search_term_string}\"},\"query-input\":\"required name=search_term_string\"}],\"inLanguage\":\"es\"}]}<\/script>\n<!-- \/ Yoast SEO Premium plugin. -->","yoast_head_json":{"title":"WEBER Barbacoa El\u00e9ctrica Pulse 1000 Negro - Erresse Shop","description":"Hemos reinventado la barbacoa el\u00e9ctrica, el futuro de la nueva cocina urbana, garant\u00eda de resultados siempre aut\u00e9nticos. La barbacoa el\u00e9ctrica Pulse 1000","robots":{"index":"index","follow":"follow","max-snippet":"max-snippet:-1","max-image-preview":"max-image-preview:large","max-video-preview":"max-video-preview:-1"},"canonical":"https:\/\/www.erresse-shop.it\/es\/shop\/pequenos-electrodomesticos\/parrillas-y-barbacoas\/weber-barbacoa-electrica-pulse-1000-negro\/","og_locale":"es_ES","og_type":"article","og_title":"WEBER Barbacoa El\u00e9ctrica Pulse 1000 Negro","og_description":"Hemos reinventado la barbacoa el\u00e9ctrica, el futuro de la nueva cocina urbana, garant\u00eda de resultados siempre aut\u00e9nticos. La barbacoa el\u00e9ctrica Pulse 1000","og_url":"https:\/\/www.erresse-shop.it\/es\/shop\/pequenos-electrodomesticos\/parrillas-y-barbacoas\/weber-barbacoa-electrica-pulse-1000-negro\/","og_site_name":"Erresse Shop","article_modified_time":"2024-10-29T08:14:14+00:00","og_image":[{"width":800,"height":800,"url":"https:\/\/www.erresse-shop.it\/wp-content\/uploads\/2024\/05\/WEBER-Barbecue-Elettrico-Pulse-1000-Nero.png","type":"image\/png"}],"twitter_card":"summary_large_image","schema":{"@context":"https:\/\/schema.org","@graph":[{"@type":"WebPage","@id":"https:\/\/www.erresse-shop.it\/es\/shop\/pequenos-electrodomesticos\/parrillas-y-barbacoas\/weber-barbacoa-electrica-pulse-1000-negro\/","url":"https:\/\/www.erresse-shop.it\/es\/shop\/pequenos-electrodomesticos\/parrillas-y-barbacoas\/weber-barbacoa-electrica-pulse-1000-negro\/","name":"WEBER Barbacoa El\u00e9ctrica Pulse 1000 Negro - Erresse Shop","isPartOf":{"@id":"https:\/\/www.erresse-shop.it\/es\/#website"},"datePublished":"2024-05-13T08:29:33+00:00","dateModified":"2024-10-29T08:14:14+00:00","description":"Hemos reinventado la barbacoa el\u00e9ctrica, el futuro de la nueva cocina urbana, garant\u00eda de resultados siempre aut\u00e9nticos. La barbacoa el\u00e9ctrica Pulse 1000","breadcrumb":{"@id":"https:\/\/www.erresse-shop.it\/es\/shop\/pequenos-electrodomesticos\/parrillas-y-barbacoas\/weber-barbacoa-electrica-pulse-1000-negro\/#breadcrumb"},"inLanguage":"es","potentialAction":[{"@type":"ReadAction","target":["https:\/\/www.erresse-shop.it\/es\/shop\/pequenos-electrodomesticos\/parrillas-y-barbacoas\/weber-barbacoa-electrica-pulse-1000-negro\/"]}]},{"@type":"BreadcrumbList","@id":"https:\/\/www.erresse-shop.it\/es\/shop\/pequenos-electrodomesticos\/parrillas-y-barbacoas\/weber-barbacoa-electrica-pulse-1000-negro\/#breadcrumb","itemListElement":[{"@type":"ListItem","position":1,"name":"Home","item":"https:\/\/www.erresse-shop.it\/es\/"},{"@type":"ListItem","position":2,"name":"Shop","item":"https:\/\/www.erresse-shop.it\/es\/shop\/"},{"@type":"ListItem","position":3,"name":"WEBER Barbacoa El\u00e9ctrica Pulse 1000 Negro"}]},{"@type":"WebSite","@id":"https:\/\/www.erresse-shop.it\/es\/#website","url":"https:\/\/www.erresse-shop.it\/es\/","name":"Erresse Shop","description":"Articoli di qualit\u00e0 per la casa","potentialAction":[{"@type":"SearchAction","target":{"@type":"EntryPoint","urlTemplate":"https:\/\/www.erresse-shop.it\/es\/?s={search_term_string}"},"query-input":"required name=search_term_string"}],"inLanguage":"es"}]}},"df_price":719.991,"df_sale_price":719.991,"df_regular_price":799.99,"df_image_link":"https:\/\/www.erresse-shop.it\/wp-content\/uploads\/2024\/05\/WEBER-Barbecue-Elettrico-Pulse-1000-Nero-300x300.jpg","_links":{"self":[{"href":"https:\/\/www.erresse-shop.it\/es\/wp-json\/wp\/v2\/product\/405999"}],"collection":[{"href":"https:\/\/www.erresse-shop.it\/es\/wp-json\/wp\/v2\/product"}],"about":[{"href":"https:\/\/www.erresse-shop.it\/es\/wp-json\/wp\/v2\/types\/product"}],"wp:featuredmedia":[{"embeddable":true,"href":"https:\/\/www.erresse-shop.it\/es\/wp-json\/wp\/v2\/media\/496134"}],"wp:attachment":[{"href":"https:\/\/www.erresse-shop.it\/es\/wp-json\/wp\/v2\/media?parent=405999"}],"wp:term":[{"taxonomy":"product_cat","embeddable":true,"href":"https:\/\/www.erresse-shop.it\/es\/wp-json\/wp\/v2\/product_cat?post=405999"},{"taxonomy":"product_tag","embeddable":true,"href":"https:\/\/www.erresse-shop.it\/es\/wp-json\/wp\/v2\/product_tag?post=405999"}],"curies":[{"name":"wp","href":"https:\/\/api.w.org\/{rel}","templated":true}]}}