{"id":405578,"date":"2024-05-08T14:17:27","date_gmt":"2024-05-08T14:17:31","guid":{"rendered":"https:\/\/www.erresse-shop.it\/?post_type=product&#038;p=405578"},"modified":"2024-05-09T08:18:50","modified_gmt":"2024-05-09T08:18:50","slug":"tenderflame-tulip-14-porcelana-reactiva-ambar-copia","status":"publish","type":"product","link":"https:\/\/www.erresse-shop.it\/es\/shop\/mobiliario\/articulos-de-decoracion\/tenderflame-tulip-14-porcelana-reactiva-ambar-copia\/","title":{"rendered":"TENDERFLAME Tenderfuel Org\u00e1nico 1 Litro"},"content":{"rendered":"<p>Una de las principales ventajas de Tenderfuel es su seguridad. Est\u00e1 dise\u00f1ado para no encenderse por s\u00ed solo, lo que reduce el riesgo de incendios accidentales. Esta caracter\u00edstica lo hace particularmente adecuado para ambientes interiores donde la seguridad es una preocupaci\u00f3n clave. Tenderfuel no es t\u00f3xico, lo que resulta beneficioso tanto para la salud humana como para el medio ambiente. Al ser ecol\u00f3gico, Tenderfuel se alinea con la creciente demanda de productos sostenibles por parte de los consumidores. Es una elecci\u00f3n responsable para quienes est\u00e1n atentos al medio ambiente. Combinado con nuestra mecha de acero inoxidable patentada, arde a temperaturas superiores a los 100 grados, creando una combusti\u00f3n completa. Esto da como resultado que no se emita holl\u00edn, humo ni olores, lo que convierte a Tenderflame en la llama ambiental m\u00e1s limpia del mundo.<\/p>\n<p>\u2022 <strong>Capacidad<\/strong>: 1 litro<br \/>\n\u2022 <strong>Dimensiones<\/strong>: 8 cm x 8 cm x 25 cm<\/p>\n","protected":false},"excerpt":{"rendered":"<p>Una de las principales ventajas de Tenderfuel es su seguridad. Est\u00e1 dise\u00f1ado para no encenderse por s\u00ed solo, lo que<\/p>\n","protected":false},"featured_media":520666,"template":"","meta":{"_acf_changed":false,"inline_featured_image":false},"product_cat":[16026,16016],"product_tag":[23912],"acf":[],"yoast_head":"<!-- This site is optimized with the Yoast SEO Premium plugin v18.6 (Yoast SEO v19.13) - https:\/\/yoast.com\/wordpress\/plugins\/seo\/ -->\n<title>TENDERFLAME Tenderfuel Org\u00e1nico 1 Litro - Erresse Shop<\/title>\n<meta name=\"description\" content=\"Una de las principales ventajas de Tenderfuel es su seguridad. Est\u00e1 dise\u00f1ado para no encenderse por s\u00ed solo, lo que reduce el riesgo de incendios\" \/>\n<meta name=\"robots\" content=\"index, follow, max-snippet:-1, max-image-preview:large, max-video-preview:-1\" \/>\n<link rel=\"canonical\" href=\"https:\/\/www.erresse-shop.it\/es\/shop\/mobiliario\/articulos-de-decoracion\/tenderflame-tulip-14-porcelana-reactiva-ambar-copia\/\" \/>\n<meta property=\"og:locale\" content=\"es_ES\" \/>\n<meta property=\"og:type\" content=\"article\" \/>\n<meta property=\"og:title\" content=\"TENDERFLAME Tenderfuel Org\u00e1nico 1 Litro\" \/>\n<meta property=\"og:description\" content=\"Una de las principales ventajas de Tenderfuel es su seguridad. Est\u00e1 dise\u00f1ado para no encenderse por s\u00ed solo, lo que reduce el riesgo de incendios\" \/>\n<meta property=\"og:url\" content=\"https:\/\/www.erresse-shop.it\/es\/shop\/mobiliario\/articulos-de-decoracion\/tenderflame-tulip-14-porcelana-reactiva-ambar-copia\/\" \/>\n<meta property=\"og:site_name\" content=\"Erresse Shop\" \/>\n<meta property=\"article:modified_time\" content=\"2024-05-09T08:18:50+00:00\" \/>\n<meta property=\"og:image\" content=\"https:\/\/www.erresse-shop.it\/wp-content\/uploads\/2024\/05\/Tenderflame-Tenderfuel-Biologico-1-Litro.png\" \/>\n\t<meta property=\"og:image:width\" content=\"800\" \/>\n\t<meta property=\"og:image:height\" content=\"800\" \/>\n\t<meta property=\"og:image:type\" content=\"image\/png\" \/>\n<meta name=\"twitter:card\" content=\"summary_large_image\" \/>\n<script type=\"application\/ld+json\" class=\"yoast-schema-graph\">{\"@context\":\"https:\/\/schema.org\",\"@graph\":[{\"@type\":\"WebPage\",\"@id\":\"https:\/\/www.erresse-shop.it\/es\/shop\/mobiliario\/articulos-de-decoracion\/tenderflame-tulip-14-porcelana-reactiva-ambar-copia\/\",\"url\":\"https:\/\/www.erresse-shop.it\/es\/shop\/mobiliario\/articulos-de-decoracion\/tenderflame-tulip-14-porcelana-reactiva-ambar-copia\/\",\"name\":\"TENDERFLAME Tenderfuel Org\u00e1nico 1 Litro - Erresse Shop\",\"isPartOf\":{\"@id\":\"https:\/\/www.erresse-shop.it\/es\/#website\"},\"datePublished\":\"2024-05-08T14:17:31+00:00\",\"dateModified\":\"2024-05-09T08:18:50+00:00\",\"description\":\"Una de las principales ventajas de Tenderfuel es su seguridad. Est\u00e1 dise\u00f1ado para no encenderse por s\u00ed solo, lo que reduce el riesgo de incendios\",\"breadcrumb\":{\"@id\":\"https:\/\/www.erresse-shop.it\/es\/shop\/mobiliario\/articulos-de-decoracion\/tenderflame-tulip-14-porcelana-reactiva-ambar-copia\/#breadcrumb\"},\"inLanguage\":\"es\",\"potentialAction\":[{\"@type\":\"ReadAction\",\"target\":[\"https:\/\/www.erresse-shop.it\/es\/shop\/mobiliario\/articulos-de-decoracion\/tenderflame-tulip-14-porcelana-reactiva-ambar-copia\/\"]}]},{\"@type\":\"BreadcrumbList\",\"@id\":\"https:\/\/www.erresse-shop.it\/es\/shop\/mobiliario\/articulos-de-decoracion\/tenderflame-tulip-14-porcelana-reactiva-ambar-copia\/#breadcrumb\",\"itemListElement\":[{\"@type\":\"ListItem\",\"position\":1,\"name\":\"Home\",\"item\":\"https:\/\/www.erresse-shop.it\/es\/\"},{\"@type\":\"ListItem\",\"position\":2,\"name\":\"Shop\",\"item\":\"https:\/\/www.erresse-shop.it\/es\/shop\/\"},{\"@type\":\"ListItem\",\"position\":3,\"name\":\"TENDERFLAME Tenderfuel Org\u00e1nico 1 Litro\"}]},{\"@type\":\"WebSite\",\"@id\":\"https:\/\/www.erresse-shop.it\/es\/#website\",\"url\":\"https:\/\/www.erresse-shop.it\/es\/\",\"name\":\"Erresse Shop\",\"description\":\"Articoli di qualit\u00e0 per la casa\",\"potentialAction\":[{\"@type\":\"SearchAction\",\"target\":{\"@type\":\"EntryPoint\",\"urlTemplate\":\"https:\/\/www.erresse-shop.it\/es\/?s={search_term_string}\"},\"query-input\":\"required name=search_term_string\"}],\"inLanguage\":\"es\"}]}<\/script>\n<!-- \/ Yoast SEO Premium plugin. -->","yoast_head_json":{"title":"TENDERFLAME Tenderfuel Org\u00e1nico 1 Litro - Erresse Shop","description":"Una de las principales ventajas de Tenderfuel es su seguridad. Est\u00e1 dise\u00f1ado para no encenderse por s\u00ed solo, lo que reduce el riesgo de incendios","robots":{"index":"index","follow":"follow","max-snippet":"max-snippet:-1","max-image-preview":"max-image-preview:large","max-video-preview":"max-video-preview:-1"},"canonical":"https:\/\/www.erresse-shop.it\/es\/shop\/mobiliario\/articulos-de-decoracion\/tenderflame-tulip-14-porcelana-reactiva-ambar-copia\/","og_locale":"es_ES","og_type":"article","og_title":"TENDERFLAME Tenderfuel Org\u00e1nico 1 Litro","og_description":"Una de las principales ventajas de Tenderfuel es su seguridad. Est\u00e1 dise\u00f1ado para no encenderse por s\u00ed solo, lo que reduce el riesgo de incendios","og_url":"https:\/\/www.erresse-shop.it\/es\/shop\/mobiliario\/articulos-de-decoracion\/tenderflame-tulip-14-porcelana-reactiva-ambar-copia\/","og_site_name":"Erresse Shop","article_modified_time":"2024-05-09T08:18:50+00:00","og_image":[{"width":800,"height":800,"url":"https:\/\/www.erresse-shop.it\/wp-content\/uploads\/2024\/05\/Tenderflame-Tenderfuel-Biologico-1-Litro.png","type":"image\/png"}],"twitter_card":"summary_large_image","schema":{"@context":"https:\/\/schema.org","@graph":[{"@type":"WebPage","@id":"https:\/\/www.erresse-shop.it\/es\/shop\/mobiliario\/articulos-de-decoracion\/tenderflame-tulip-14-porcelana-reactiva-ambar-copia\/","url":"https:\/\/www.erresse-shop.it\/es\/shop\/mobiliario\/articulos-de-decoracion\/tenderflame-tulip-14-porcelana-reactiva-ambar-copia\/","name":"TENDERFLAME Tenderfuel Org\u00e1nico 1 Litro - Erresse Shop","isPartOf":{"@id":"https:\/\/www.erresse-shop.it\/es\/#website"},"datePublished":"2024-05-08T14:17:31+00:00","dateModified":"2024-05-09T08:18:50+00:00","description":"Una de las principales ventajas de Tenderfuel es su seguridad. Est\u00e1 dise\u00f1ado para no encenderse por s\u00ed solo, lo que reduce el riesgo de incendios","breadcrumb":{"@id":"https:\/\/www.erresse-shop.it\/es\/shop\/mobiliario\/articulos-de-decoracion\/tenderflame-tulip-14-porcelana-reactiva-ambar-copia\/#breadcrumb"},"inLanguage":"es","potentialAction":[{"@type":"ReadAction","target":["https:\/\/www.erresse-shop.it\/es\/shop\/mobiliario\/articulos-de-decoracion\/tenderflame-tulip-14-porcelana-reactiva-ambar-copia\/"]}]},{"@type":"BreadcrumbList","@id":"https:\/\/www.erresse-shop.it\/es\/shop\/mobiliario\/articulos-de-decoracion\/tenderflame-tulip-14-porcelana-reactiva-ambar-copia\/#breadcrumb","itemListElement":[{"@type":"ListItem","position":1,"name":"Home","item":"https:\/\/www.erresse-shop.it\/es\/"},{"@type":"ListItem","position":2,"name":"Shop","item":"https:\/\/www.erresse-shop.it\/es\/shop\/"},{"@type":"ListItem","position":3,"name":"TENDERFLAME Tenderfuel Org\u00e1nico 1 Litro"}]},{"@type":"WebSite","@id":"https:\/\/www.erresse-shop.it\/es\/#website","url":"https:\/\/www.erresse-shop.it\/es\/","name":"Erresse Shop","description":"Articoli di qualit\u00e0 per la casa","potentialAction":[{"@type":"SearchAction","target":{"@type":"EntryPoint","urlTemplate":"https:\/\/www.erresse-shop.it\/es\/?s={search_term_string}"},"query-input":"required name=search_term_string"}],"inLanguage":"es"}]}},"df_price":12.99,"df_sale_price":12.99,"df_regular_price":12.99,"df_image_link":"https:\/\/www.erresse-shop.it\/wp-content\/uploads\/2024\/05\/TENDERFLAME-Tenderfuel-Biologico-1-Litro-300x300.jpg","_links":{"self":[{"href":"https:\/\/www.erresse-shop.it\/es\/wp-json\/wp\/v2\/product\/405578"}],"collection":[{"href":"https:\/\/www.erresse-shop.it\/es\/wp-json\/wp\/v2\/product"}],"about":[{"href":"https:\/\/www.erresse-shop.it\/es\/wp-json\/wp\/v2\/types\/product"}],"wp:featuredmedia":[{"embeddable":true,"href":"https:\/\/www.erresse-shop.it\/es\/wp-json\/wp\/v2\/media\/520666"}],"wp:attachment":[{"href":"https:\/\/www.erresse-shop.it\/es\/wp-json\/wp\/v2\/media?parent=405578"}],"wp:term":[{"taxonomy":"product_cat","embeddable":true,"href":"https:\/\/www.erresse-shop.it\/es\/wp-json\/wp\/v2\/product_cat?post=405578"},{"taxonomy":"product_tag","embeddable":true,"href":"https:\/\/www.erresse-shop.it\/es\/wp-json\/wp\/v2\/product_tag?post=405578"}],"curies":[{"name":"wp","href":"https:\/\/api.w.org\/{rel}","templated":true}]}}