{"id":405084,"date":"2024-05-07T13:22:31","date_gmt":"2024-05-07T13:22:35","guid":{"rendered":"https:\/\/www.erresse-shop.it\/?post_type=product&#038;p=405084"},"modified":"2024-10-11T08:30:31","modified_gmt":"2024-10-11T08:30:31","slug":"bordallo-pinheiro-juego-de-2-platos-de-postre-de-coco","status":"publish","type":"product","link":"https:\/\/www.erresse-shop.it\/es\/shop\/tabla\/platos\/bordallo-pinheiro-juego-de-2-platos-de-postre-de-coco\/","title":{"rendered":"BORDALLO PINHEIRO Juego de 2 platos de postre de coco"},"content":{"rendered":"<p>La colecci\u00f3n Tropical Fruit es un canto a la exuberancia y los detalles de la naturaleza en estado puro. Kiwi, Pitaya, Maracuy\u00e1, Papaya, Annona, Coco y Aguacate han sido recreados mediante diversas t\u00e9cnicas manuales que dan colores, texturas y relieves tan reales que nos dan la sensaci\u00f3n de estar en medio de la selva tropical.<\/p>\n<p><strong>Dimensiones<\/strong>: 21,1 cm x 21 cm x 3 cm<br \/>\n<strong>Material<\/strong>: terracota<\/p>\n","protected":false},"excerpt":{"rendered":"<p>La colecci\u00f3n Tropical Fruit es un canto a la exuberancia y los detalles de la naturaleza en estado puro. Kiwi,<\/p>\n","protected":false},"featured_media":507758,"template":"","meta":{"_acf_changed":false,"inline_featured_image":false},"product_cat":[16031,16027],"product_tag":[25039,23912,24605,25023],"acf":[],"yoast_head":"<!-- This site is optimized with the Yoast SEO Premium plugin v18.6 (Yoast SEO v19.13) - https:\/\/yoast.com\/wordpress\/plugins\/seo\/ -->\n<title>BORDALLO PINHEIRO Juego de 2 platos de postre de coco - Erresse Shop<\/title>\n<meta name=\"description\" content=\"La colecci\u00f3n Tropical Fruit es un canto a la exuberancia y los detalles de la naturaleza en estado puro. Kiwi, Pitaya, Maracuy\u00e1, Papaya, Annona, Coco y\" \/>\n<meta name=\"robots\" content=\"index, follow, max-snippet:-1, max-image-preview:large, max-video-preview:-1\" \/>\n<link rel=\"canonical\" href=\"https:\/\/www.erresse-shop.it\/es\/shop\/tabla\/platos\/bordallo-pinheiro-juego-de-2-platos-de-postre-de-coco\/\" \/>\n<meta property=\"og:locale\" content=\"es_ES\" \/>\n<meta property=\"og:type\" content=\"article\" \/>\n<meta property=\"og:title\" content=\"BORDALLO PINHEIRO Juego de 2 platos de postre de coco\" \/>\n<meta property=\"og:description\" content=\"La colecci\u00f3n Tropical Fruit es un canto a la exuberancia y los detalles de la naturaleza en estado puro. Kiwi, Pitaya, Maracuy\u00e1, Papaya, Annona, Coco y\" \/>\n<meta property=\"og:url\" content=\"https:\/\/www.erresse-shop.it\/es\/shop\/tabla\/platos\/bordallo-pinheiro-juego-de-2-platos-de-postre-de-coco\/\" \/>\n<meta property=\"og:site_name\" content=\"Erresse Shop\" \/>\n<meta property=\"article:modified_time\" content=\"2024-10-11T08:30:31+00:00\" \/>\n<meta property=\"og:image\" content=\"https:\/\/www.erresse-shop.it\/wp-content\/uploads\/2024\/05\/BORDALLO-PINHEIRO-Set-2-Piatti-Dessert-Cocco.png\" \/>\n\t<meta property=\"og:image:width\" content=\"800\" \/>\n\t<meta property=\"og:image:height\" content=\"800\" \/>\n\t<meta property=\"og:image:type\" content=\"image\/png\" \/>\n<meta name=\"twitter:card\" content=\"summary_large_image\" \/>\n<script type=\"application\/ld+json\" class=\"yoast-schema-graph\">{\"@context\":\"https:\/\/schema.org\",\"@graph\":[{\"@type\":\"WebPage\",\"@id\":\"https:\/\/www.erresse-shop.it\/es\/shop\/tabla\/platos\/bordallo-pinheiro-juego-de-2-platos-de-postre-de-coco\/\",\"url\":\"https:\/\/www.erresse-shop.it\/es\/shop\/tabla\/platos\/bordallo-pinheiro-juego-de-2-platos-de-postre-de-coco\/\",\"name\":\"BORDALLO PINHEIRO Juego de 2 platos de postre de coco - Erresse Shop\",\"isPartOf\":{\"@id\":\"https:\/\/www.erresse-shop.it\/es\/#website\"},\"datePublished\":\"2024-05-07T13:22:35+00:00\",\"dateModified\":\"2024-10-11T08:30:31+00:00\",\"description\":\"La colecci\u00f3n Tropical Fruit es un canto a la exuberancia y los detalles de la naturaleza en estado puro. Kiwi, Pitaya, Maracuy\u00e1, Papaya, Annona, Coco y\",\"breadcrumb\":{\"@id\":\"https:\/\/www.erresse-shop.it\/es\/shop\/tabla\/platos\/bordallo-pinheiro-juego-de-2-platos-de-postre-de-coco\/#breadcrumb\"},\"inLanguage\":\"es\",\"potentialAction\":[{\"@type\":\"ReadAction\",\"target\":[\"https:\/\/www.erresse-shop.it\/es\/shop\/tabla\/platos\/bordallo-pinheiro-juego-de-2-platos-de-postre-de-coco\/\"]}]},{\"@type\":\"BreadcrumbList\",\"@id\":\"https:\/\/www.erresse-shop.it\/es\/shop\/tabla\/platos\/bordallo-pinheiro-juego-de-2-platos-de-postre-de-coco\/#breadcrumb\",\"itemListElement\":[{\"@type\":\"ListItem\",\"position\":1,\"name\":\"Home\",\"item\":\"https:\/\/www.erresse-shop.it\/es\/\"},{\"@type\":\"ListItem\",\"position\":2,\"name\":\"Shop\",\"item\":\"https:\/\/www.erresse-shop.it\/es\/shop\/\"},{\"@type\":\"ListItem\",\"position\":3,\"name\":\"BORDALLO PINHEIRO Juego de 2 platos de postre de coco\"}]},{\"@type\":\"WebSite\",\"@id\":\"https:\/\/www.erresse-shop.it\/es\/#website\",\"url\":\"https:\/\/www.erresse-shop.it\/es\/\",\"name\":\"Erresse Shop\",\"description\":\"Articoli di qualit\u00e0 per la casa\",\"potentialAction\":[{\"@type\":\"SearchAction\",\"target\":{\"@type\":\"EntryPoint\",\"urlTemplate\":\"https:\/\/www.erresse-shop.it\/es\/?s={search_term_string}\"},\"query-input\":\"required name=search_term_string\"}],\"inLanguage\":\"es\"}]}<\/script>\n<!-- \/ Yoast SEO Premium plugin. -->","yoast_head_json":{"title":"BORDALLO PINHEIRO Juego de 2 platos de postre de coco - Erresse Shop","description":"La colecci\u00f3n Tropical Fruit es un canto a la exuberancia y los detalles de la naturaleza en estado puro. Kiwi, Pitaya, Maracuy\u00e1, Papaya, Annona, Coco y","robots":{"index":"index","follow":"follow","max-snippet":"max-snippet:-1","max-image-preview":"max-image-preview:large","max-video-preview":"max-video-preview:-1"},"canonical":"https:\/\/www.erresse-shop.it\/es\/shop\/tabla\/platos\/bordallo-pinheiro-juego-de-2-platos-de-postre-de-coco\/","og_locale":"es_ES","og_type":"article","og_title":"BORDALLO PINHEIRO Juego de 2 platos de postre de coco","og_description":"La colecci\u00f3n Tropical Fruit es un canto a la exuberancia y los detalles de la naturaleza en estado puro. Kiwi, Pitaya, Maracuy\u00e1, Papaya, Annona, Coco y","og_url":"https:\/\/www.erresse-shop.it\/es\/shop\/tabla\/platos\/bordallo-pinheiro-juego-de-2-platos-de-postre-de-coco\/","og_site_name":"Erresse Shop","article_modified_time":"2024-10-11T08:30:31+00:00","og_image":[{"width":800,"height":800,"url":"https:\/\/www.erresse-shop.it\/wp-content\/uploads\/2024\/05\/BORDALLO-PINHEIRO-Set-2-Piatti-Dessert-Cocco.png","type":"image\/png"}],"twitter_card":"summary_large_image","schema":{"@context":"https:\/\/schema.org","@graph":[{"@type":"WebPage","@id":"https:\/\/www.erresse-shop.it\/es\/shop\/tabla\/platos\/bordallo-pinheiro-juego-de-2-platos-de-postre-de-coco\/","url":"https:\/\/www.erresse-shop.it\/es\/shop\/tabla\/platos\/bordallo-pinheiro-juego-de-2-platos-de-postre-de-coco\/","name":"BORDALLO PINHEIRO Juego de 2 platos de postre de coco - Erresse Shop","isPartOf":{"@id":"https:\/\/www.erresse-shop.it\/es\/#website"},"datePublished":"2024-05-07T13:22:35+00:00","dateModified":"2024-10-11T08:30:31+00:00","description":"La colecci\u00f3n Tropical Fruit es un canto a la exuberancia y los detalles de la naturaleza en estado puro. Kiwi, Pitaya, Maracuy\u00e1, Papaya, Annona, Coco y","breadcrumb":{"@id":"https:\/\/www.erresse-shop.it\/es\/shop\/tabla\/platos\/bordallo-pinheiro-juego-de-2-platos-de-postre-de-coco\/#breadcrumb"},"inLanguage":"es","potentialAction":[{"@type":"ReadAction","target":["https:\/\/www.erresse-shop.it\/es\/shop\/tabla\/platos\/bordallo-pinheiro-juego-de-2-platos-de-postre-de-coco\/"]}]},{"@type":"BreadcrumbList","@id":"https:\/\/www.erresse-shop.it\/es\/shop\/tabla\/platos\/bordallo-pinheiro-juego-de-2-platos-de-postre-de-coco\/#breadcrumb","itemListElement":[{"@type":"ListItem","position":1,"name":"Home","item":"https:\/\/www.erresse-shop.it\/es\/"},{"@type":"ListItem","position":2,"name":"Shop","item":"https:\/\/www.erresse-shop.it\/es\/shop\/"},{"@type":"ListItem","position":3,"name":"BORDALLO PINHEIRO Juego de 2 platos de postre de coco"}]},{"@type":"WebSite","@id":"https:\/\/www.erresse-shop.it\/es\/#website","url":"https:\/\/www.erresse-shop.it\/es\/","name":"Erresse Shop","description":"Articoli di qualit\u00e0 per la casa","potentialAction":[{"@type":"SearchAction","target":{"@type":"EntryPoint","urlTemplate":"https:\/\/www.erresse-shop.it\/es\/?s={search_term_string}"},"query-input":"required name=search_term_string"}],"inLanguage":"es"}]}},"df_price":47.95,"df_sale_price":47.95,"df_regular_price":69,"df_image_link":"https:\/\/www.erresse-shop.it\/wp-content\/uploads\/2024\/05\/BORDALLO-PINHEIRO-Set-2-Piatti-Dessert-Cocco-300x300.jpg","_links":{"self":[{"href":"https:\/\/www.erresse-shop.it\/es\/wp-json\/wp\/v2\/product\/405084"}],"collection":[{"href":"https:\/\/www.erresse-shop.it\/es\/wp-json\/wp\/v2\/product"}],"about":[{"href":"https:\/\/www.erresse-shop.it\/es\/wp-json\/wp\/v2\/types\/product"}],"wp:featuredmedia":[{"embeddable":true,"href":"https:\/\/www.erresse-shop.it\/es\/wp-json\/wp\/v2\/media\/507758"}],"wp:attachment":[{"href":"https:\/\/www.erresse-shop.it\/es\/wp-json\/wp\/v2\/media?parent=405084"}],"wp:term":[{"taxonomy":"product_cat","embeddable":true,"href":"https:\/\/www.erresse-shop.it\/es\/wp-json\/wp\/v2\/product_cat?post=405084"},{"taxonomy":"product_tag","embeddable":true,"href":"https:\/\/www.erresse-shop.it\/es\/wp-json\/wp\/v2\/product_tag?post=405084"}],"curies":[{"name":"wp","href":"https:\/\/api.w.org\/{rel}","templated":true}]}}