{"id":404947,"date":"2024-05-07T10:43:06","date_gmt":"2024-05-07T10:43:11","guid":{"rendered":"https:\/\/www.erresse-shop.it\/?post_type=product&#038;p=404947"},"modified":"2024-05-07T10:56:09","modified_gmt":"2024-05-07T10:56:09","slug":"victorinox-cuchillo-de-bolsillo-multiusos-classic-sd-style-icon","status":"publish","type":"product","link":"https:\/\/www.erresse-shop.it\/es\/shop\/cocina\/cuchillos\/cuchillos-multiusos\/victorinox-cuchillo-de-bolsillo-multiusos-classic-sd-style-icon\/","title":{"rendered":"VICTORINOX Cuchillo de bolsillo multiusos Classic SD Style Icon"},"content":{"rendered":"<p>Inspir\u00e1ndose en la rueda de colores, Victorinox ha creado la nueva y vibrante colecci\u00f3n Classic Colors de navajas de bolsillo para a\u00f1adir un toque de color a su d\u00eda a d\u00eda.<br \/>\nEl color tiene el poder de cambiar su estado de \u00e1nimo e influir en sus emociones, aportando una sensaci\u00f3n de diversi\u00f3n y energ\u00eda a sus aventuras diarias.<br \/>\nDesde el \u00f3palo de fuego hasta el algod\u00f3n de az\u00facar, \u00a1seguro que encuentras el color que mejor te representa!<br \/>\nY para completar el look, tienes las elegantes fundas de piel y silicona en una gama de colores brillantes, \u00a1perfectas para combinar con las nuevas fundas multiusos!<\/p>\n<p><strong>Herramientas<\/strong><br \/>\n1. cuchilla peque\u00f1a<br \/>\n2. tijeras<br \/>\n3. lima de u\u00f1as<br \/>\n4. destornillador 2,5 mm<br \/>\n5. llavero<br \/>\n6. palillo de dientes<br \/>\n7. pinzas<\/p>\n<p><strong>ESPECIFICACIONES<\/strong><\/p>\n<p>Funciones 7<br \/>\nMaterial Cellidor<br \/>\nGarant\u00eda de por vida por defectos de fabricaci\u00f3n o materiales<br \/>\nDimensiones 5,80 x 1,80 x 0,90 cm<\/p>\n","protected":false},"excerpt":{"rendered":"<p>Inspir\u00e1ndose en la rueda de colores, Victorinox ha creado la nueva y vibrante colecci\u00f3n Classic Colors de navajas de bolsillo<\/p>\n","protected":false},"featured_media":404964,"template":"","meta":{"_acf_changed":false,"inline_featured_image":false},"product_cat":[16040,16043,19216],"product_tag":[25039,24605,25023],"acf":[],"yoast_head":"<!-- This site is optimized with the Yoast SEO Premium plugin v18.6 (Yoast SEO v19.13) - https:\/\/yoast.com\/wordpress\/plugins\/seo\/ -->\n<title>VICTORINOX Cuchillo de bolsillo multiusos Classic SD Style Icon - Erresse Shop<\/title>\n<meta name=\"description\" content=\"Inspir\u00e1ndose en la rueda de colores, Victorinox ha creado la nueva y vibrante colecci\u00f3n Classic Colors de navajas de bolsillo para a\u00f1adir un toque de\" \/>\n<meta name=\"robots\" content=\"index, follow, max-snippet:-1, max-image-preview:large, max-video-preview:-1\" \/>\n<link rel=\"canonical\" href=\"https:\/\/www.erresse-shop.it\/es\/shop\/cocina\/cuchillos\/cuchillos-multiusos\/victorinox-cuchillo-de-bolsillo-multiusos-classic-sd-style-icon\/\" \/>\n<meta property=\"og:locale\" content=\"es_ES\" \/>\n<meta property=\"og:type\" content=\"article\" \/>\n<meta property=\"og:title\" content=\"VICTORINOX Cuchillo de bolsillo multiusos Classic SD Style Icon\" \/>\n<meta property=\"og:description\" content=\"Inspir\u00e1ndose en la rueda de colores, Victorinox ha creado la nueva y vibrante colecci\u00f3n Classic Colors de navajas de bolsillo para a\u00f1adir un toque de\" \/>\n<meta property=\"og:url\" content=\"https:\/\/www.erresse-shop.it\/es\/shop\/cocina\/cuchillos\/cuchillos-multiusos\/victorinox-cuchillo-de-bolsillo-multiusos-classic-sd-style-icon\/\" \/>\n<meta property=\"og:site_name\" content=\"Erresse Shop\" \/>\n<meta property=\"article:modified_time\" content=\"2024-05-07T10:56:09+00:00\" \/>\n<meta property=\"og:image\" content=\"https:\/\/www.erresse-shop.it\/wp-content\/uploads\/2024\/05\/victorinox-multiuso-classic-sd-stule.jpg\" \/>\n\t<meta property=\"og:image:width\" content=\"800\" \/>\n\t<meta property=\"og:image:height\" content=\"800\" \/>\n\t<meta property=\"og:image:type\" content=\"image\/jpeg\" \/>\n<meta name=\"twitter:card\" content=\"summary_large_image\" \/>\n<script type=\"application\/ld+json\" class=\"yoast-schema-graph\">{\"@context\":\"https:\/\/schema.org\",\"@graph\":[{\"@type\":\"WebPage\",\"@id\":\"https:\/\/www.erresse-shop.it\/es\/shop\/cocina\/cuchillos\/cuchillos-multiusos\/victorinox-cuchillo-de-bolsillo-multiusos-classic-sd-style-icon\/\",\"url\":\"https:\/\/www.erresse-shop.it\/es\/shop\/cocina\/cuchillos\/cuchillos-multiusos\/victorinox-cuchillo-de-bolsillo-multiusos-classic-sd-style-icon\/\",\"name\":\"VICTORINOX Cuchillo de bolsillo multiusos Classic SD Style Icon - Erresse Shop\",\"isPartOf\":{\"@id\":\"https:\/\/www.erresse-shop.it\/es\/#website\"},\"datePublished\":\"2024-05-07T10:43:11+00:00\",\"dateModified\":\"2024-05-07T10:56:09+00:00\",\"description\":\"Inspir\u00e1ndose en la rueda de colores, Victorinox ha creado la nueva y vibrante colecci\u00f3n Classic Colors de navajas de bolsillo para a\u00f1adir un toque de\",\"breadcrumb\":{\"@id\":\"https:\/\/www.erresse-shop.it\/es\/shop\/cocina\/cuchillos\/cuchillos-multiusos\/victorinox-cuchillo-de-bolsillo-multiusos-classic-sd-style-icon\/#breadcrumb\"},\"inLanguage\":\"es\",\"potentialAction\":[{\"@type\":\"ReadAction\",\"target\":[\"https:\/\/www.erresse-shop.it\/es\/shop\/cocina\/cuchillos\/cuchillos-multiusos\/victorinox-cuchillo-de-bolsillo-multiusos-classic-sd-style-icon\/\"]}]},{\"@type\":\"BreadcrumbList\",\"@id\":\"https:\/\/www.erresse-shop.it\/es\/shop\/cocina\/cuchillos\/cuchillos-multiusos\/victorinox-cuchillo-de-bolsillo-multiusos-classic-sd-style-icon\/#breadcrumb\",\"itemListElement\":[{\"@type\":\"ListItem\",\"position\":1,\"name\":\"Home\",\"item\":\"https:\/\/www.erresse-shop.it\/es\/\"},{\"@type\":\"ListItem\",\"position\":2,\"name\":\"Shop\",\"item\":\"https:\/\/www.erresse-shop.it\/es\/shop\/\"},{\"@type\":\"ListItem\",\"position\":3,\"name\":\"VICTORINOX Cuchillo de bolsillo multiusos Classic SD Style Icon\"}]},{\"@type\":\"WebSite\",\"@id\":\"https:\/\/www.erresse-shop.it\/es\/#website\",\"url\":\"https:\/\/www.erresse-shop.it\/es\/\",\"name\":\"Erresse Shop\",\"description\":\"Articoli di qualit\u00e0 per la casa\",\"potentialAction\":[{\"@type\":\"SearchAction\",\"target\":{\"@type\":\"EntryPoint\",\"urlTemplate\":\"https:\/\/www.erresse-shop.it\/es\/?s={search_term_string}\"},\"query-input\":\"required name=search_term_string\"}],\"inLanguage\":\"es\"}]}<\/script>\n<!-- \/ Yoast SEO Premium plugin. -->","yoast_head_json":{"title":"VICTORINOX Cuchillo de bolsillo multiusos Classic SD Style Icon - Erresse Shop","description":"Inspir\u00e1ndose en la rueda de colores, Victorinox ha creado la nueva y vibrante colecci\u00f3n Classic Colors de navajas de bolsillo para a\u00f1adir un toque de","robots":{"index":"index","follow":"follow","max-snippet":"max-snippet:-1","max-image-preview":"max-image-preview:large","max-video-preview":"max-video-preview:-1"},"canonical":"https:\/\/www.erresse-shop.it\/es\/shop\/cocina\/cuchillos\/cuchillos-multiusos\/victorinox-cuchillo-de-bolsillo-multiusos-classic-sd-style-icon\/","og_locale":"es_ES","og_type":"article","og_title":"VICTORINOX Cuchillo de bolsillo multiusos Classic SD Style Icon","og_description":"Inspir\u00e1ndose en la rueda de colores, Victorinox ha creado la nueva y vibrante colecci\u00f3n Classic Colors de navajas de bolsillo para a\u00f1adir un toque de","og_url":"https:\/\/www.erresse-shop.it\/es\/shop\/cocina\/cuchillos\/cuchillos-multiusos\/victorinox-cuchillo-de-bolsillo-multiusos-classic-sd-style-icon\/","og_site_name":"Erresse Shop","article_modified_time":"2024-05-07T10:56:09+00:00","og_image":[{"width":800,"height":800,"url":"https:\/\/www.erresse-shop.it\/wp-content\/uploads\/2024\/05\/victorinox-multiuso-classic-sd-stule.jpg","type":"image\/jpeg"}],"twitter_card":"summary_large_image","schema":{"@context":"https:\/\/schema.org","@graph":[{"@type":"WebPage","@id":"https:\/\/www.erresse-shop.it\/es\/shop\/cocina\/cuchillos\/cuchillos-multiusos\/victorinox-cuchillo-de-bolsillo-multiusos-classic-sd-style-icon\/","url":"https:\/\/www.erresse-shop.it\/es\/shop\/cocina\/cuchillos\/cuchillos-multiusos\/victorinox-cuchillo-de-bolsillo-multiusos-classic-sd-style-icon\/","name":"VICTORINOX Cuchillo de bolsillo multiusos Classic SD Style Icon - Erresse Shop","isPartOf":{"@id":"https:\/\/www.erresse-shop.it\/es\/#website"},"datePublished":"2024-05-07T10:43:11+00:00","dateModified":"2024-05-07T10:56:09+00:00","description":"Inspir\u00e1ndose en la rueda de colores, Victorinox ha creado la nueva y vibrante colecci\u00f3n Classic Colors de navajas de bolsillo para a\u00f1adir un toque de","breadcrumb":{"@id":"https:\/\/www.erresse-shop.it\/es\/shop\/cocina\/cuchillos\/cuchillos-multiusos\/victorinox-cuchillo-de-bolsillo-multiusos-classic-sd-style-icon\/#breadcrumb"},"inLanguage":"es","potentialAction":[{"@type":"ReadAction","target":["https:\/\/www.erresse-shop.it\/es\/shop\/cocina\/cuchillos\/cuchillos-multiusos\/victorinox-cuchillo-de-bolsillo-multiusos-classic-sd-style-icon\/"]}]},{"@type":"BreadcrumbList","@id":"https:\/\/www.erresse-shop.it\/es\/shop\/cocina\/cuchillos\/cuchillos-multiusos\/victorinox-cuchillo-de-bolsillo-multiusos-classic-sd-style-icon\/#breadcrumb","itemListElement":[{"@type":"ListItem","position":1,"name":"Home","item":"https:\/\/www.erresse-shop.it\/es\/"},{"@type":"ListItem","position":2,"name":"Shop","item":"https:\/\/www.erresse-shop.it\/es\/shop\/"},{"@type":"ListItem","position":3,"name":"VICTORINOX Cuchillo de bolsillo multiusos Classic SD Style Icon"}]},{"@type":"WebSite","@id":"https:\/\/www.erresse-shop.it\/es\/#website","url":"https:\/\/www.erresse-shop.it\/es\/","name":"Erresse Shop","description":"Articoli di qualit\u00e0 per la casa","potentialAction":[{"@type":"SearchAction","target":{"@type":"EntryPoint","urlTemplate":"https:\/\/www.erresse-shop.it\/es\/?s={search_term_string}"},"query-input":"required name=search_term_string"}],"inLanguage":"es"}]}},"df_price":13.15,"df_sale_price":13.15,"df_regular_price":26.3,"df_image_link":"https:\/\/www.erresse-shop.it\/wp-content\/uploads\/2024\/05\/victorinox-multiuso-classic-sd-stule-300x300.jpg","_links":{"self":[{"href":"https:\/\/www.erresse-shop.it\/es\/wp-json\/wp\/v2\/product\/404947"}],"collection":[{"href":"https:\/\/www.erresse-shop.it\/es\/wp-json\/wp\/v2\/product"}],"about":[{"href":"https:\/\/www.erresse-shop.it\/es\/wp-json\/wp\/v2\/types\/product"}],"wp:featuredmedia":[{"embeddable":true,"href":"https:\/\/www.erresse-shop.it\/es\/wp-json\/wp\/v2\/media\/404964"}],"wp:attachment":[{"href":"https:\/\/www.erresse-shop.it\/es\/wp-json\/wp\/v2\/media?parent=404947"}],"wp:term":[{"taxonomy":"product_cat","embeddable":true,"href":"https:\/\/www.erresse-shop.it\/es\/wp-json\/wp\/v2\/product_cat?post=404947"},{"taxonomy":"product_tag","embeddable":true,"href":"https:\/\/www.erresse-shop.it\/es\/wp-json\/wp\/v2\/product_tag?post=404947"}],"curies":[{"name":"wp","href":"https:\/\/api.w.org\/{rel}","templated":true}]}}