{"id":404751,"date":"2024-05-07T08:34:59","date_gmt":"2024-05-07T08:35:04","guid":{"rendered":"https:\/\/www.erresse-shop.it\/?post_type=product&#038;p=404751"},"modified":"2024-05-07T08:46:51","modified_gmt":"2024-05-07T08:46:51","slug":"victorinox-juego-de-6-cuchillos-de-mesa-clasicos","status":"publish","type":"product","link":"https:\/\/www.erresse-shop.it\/es\/shop\/cocina\/cuchillos\/cuchillos-de-mesa\/victorinox-juego-de-6-cuchillos-de-mesa-clasicos\/","title":{"rendered":"VICTORINOX Juego de 6 cuchillos de mesa cl\u00e1sicos"},"content":{"rendered":"<p><strong>Juego de 6 cuchillos Swiss Classic con hoja ondulada y mango negro.<\/strong><\/p>\n<p>La colecci\u00f3n de cuchillos Swiss Classic de Victorinox est\u00e1 dise\u00f1ada para hacer frente a todo lo que se puede hacer en la cocina, desde la tarea m\u00e1s peque\u00f1a a la m\u00e1s exigente. Son cuchillos ligeros con mangos de colores aptos para lavavajillas, 100%<br \/>\nde fabricaci\u00f3n suiza. En una colecci\u00f3n en la que la funcionalidad se une a la alegr\u00eda, no pod\u00edan faltar los \u00fatiles bloques de cuchillos y varios sets de regalo.<br \/>\nEn esta colecci\u00f3n no falta de nada.<\/p>\n<p>&#8211; Mango de polipropileno negro<br \/>\n&#8211; Longitud de la hoja: 11 cm<br \/>\n&#8211; Swiss Made<\/p>\n<p>Longitud de la hoja 11 cm<br \/>\nGarant\u00eda de por vida contra defectos de fabricaci\u00f3n<br \/>\nDimensiones 24.90 x 2.70 x 5.20 cm<br \/>\nPeso 184 g<\/p>\n","protected":false},"excerpt":{"rendered":"<p>Juego de 6 cuchillos Swiss Classic con hoja ondulada y mango negro. La colecci\u00f3n de cuchillos Swiss Classic de Victorinox<\/p>\n","protected":false},"featured_media":404762,"template":"","meta":{"_acf_changed":false,"inline_featured_image":false},"product_cat":[16040,16043,16046],"product_tag":[25039,24605,25023],"acf":[],"yoast_head":"<!-- This site is optimized with the Yoast SEO Premium plugin v18.6 (Yoast SEO v19.13) - https:\/\/yoast.com\/wordpress\/plugins\/seo\/ -->\n<title>VICTORINOX Juego de 6 cuchillos de mesa cl\u00e1sicos - Erresse Shop<\/title>\n<meta name=\"description\" content=\"Juego de 6 cuchillos Swiss Classic con hoja ondulada y mango negro. La colecci\u00f3n de cuchillos Swiss Classic de Victorinox est\u00e1 dise\u00f1ada para hacer frente\" \/>\n<meta name=\"robots\" content=\"index, follow, max-snippet:-1, max-image-preview:large, max-video-preview:-1\" \/>\n<link rel=\"canonical\" href=\"https:\/\/www.erresse-shop.it\/es\/shop\/cocina\/cuchillos\/cuchillos-de-mesa\/victorinox-juego-de-6-cuchillos-de-mesa-clasicos\/\" \/>\n<meta property=\"og:locale\" content=\"es_ES\" \/>\n<meta property=\"og:type\" content=\"article\" \/>\n<meta property=\"og:title\" content=\"VICTORINOX Juego de 6 cuchillos de mesa cl\u00e1sicos\" \/>\n<meta property=\"og:description\" content=\"Juego de 6 cuchillos Swiss Classic con hoja ondulada y mango negro. La colecci\u00f3n de cuchillos Swiss Classic de Victorinox est\u00e1 dise\u00f1ada para hacer frente\" \/>\n<meta property=\"og:url\" content=\"https:\/\/www.erresse-shop.it\/es\/shop\/cocina\/cuchillos\/cuchillos-de-mesa\/victorinox-juego-de-6-cuchillos-de-mesa-clasicos\/\" \/>\n<meta property=\"og:site_name\" content=\"Erresse Shop\" \/>\n<meta property=\"article:modified_time\" content=\"2024-05-07T08:46:51+00:00\" \/>\n<meta property=\"og:image\" content=\"https:\/\/www.erresse-shop.it\/wp-content\/uploads\/2024\/05\/victorinox-set-6-colt.jpg\" \/>\n\t<meta property=\"og:image:width\" content=\"800\" \/>\n\t<meta property=\"og:image:height\" content=\"800\" \/>\n\t<meta property=\"og:image:type\" content=\"image\/jpeg\" \/>\n<meta name=\"twitter:card\" content=\"summary_large_image\" \/>\n<script type=\"application\/ld+json\" class=\"yoast-schema-graph\">{\"@context\":\"https:\/\/schema.org\",\"@graph\":[{\"@type\":\"WebPage\",\"@id\":\"https:\/\/www.erresse-shop.it\/es\/shop\/cocina\/cuchillos\/cuchillos-de-mesa\/victorinox-juego-de-6-cuchillos-de-mesa-clasicos\/\",\"url\":\"https:\/\/www.erresse-shop.it\/es\/shop\/cocina\/cuchillos\/cuchillos-de-mesa\/victorinox-juego-de-6-cuchillos-de-mesa-clasicos\/\",\"name\":\"VICTORINOX Juego de 6 cuchillos de mesa cl\u00e1sicos - Erresse Shop\",\"isPartOf\":{\"@id\":\"https:\/\/www.erresse-shop.it\/es\/#website\"},\"datePublished\":\"2024-05-07T08:35:04+00:00\",\"dateModified\":\"2024-05-07T08:46:51+00:00\",\"description\":\"Juego de 6 cuchillos Swiss Classic con hoja ondulada y mango negro. La colecci\u00f3n de cuchillos Swiss Classic de Victorinox est\u00e1 dise\u00f1ada para hacer frente\",\"breadcrumb\":{\"@id\":\"https:\/\/www.erresse-shop.it\/es\/shop\/cocina\/cuchillos\/cuchillos-de-mesa\/victorinox-juego-de-6-cuchillos-de-mesa-clasicos\/#breadcrumb\"},\"inLanguage\":\"es\",\"potentialAction\":[{\"@type\":\"ReadAction\",\"target\":[\"https:\/\/www.erresse-shop.it\/es\/shop\/cocina\/cuchillos\/cuchillos-de-mesa\/victorinox-juego-de-6-cuchillos-de-mesa-clasicos\/\"]}]},{\"@type\":\"BreadcrumbList\",\"@id\":\"https:\/\/www.erresse-shop.it\/es\/shop\/cocina\/cuchillos\/cuchillos-de-mesa\/victorinox-juego-de-6-cuchillos-de-mesa-clasicos\/#breadcrumb\",\"itemListElement\":[{\"@type\":\"ListItem\",\"position\":1,\"name\":\"Home\",\"item\":\"https:\/\/www.erresse-shop.it\/es\/\"},{\"@type\":\"ListItem\",\"position\":2,\"name\":\"Shop\",\"item\":\"https:\/\/www.erresse-shop.it\/es\/shop\/\"},{\"@type\":\"ListItem\",\"position\":3,\"name\":\"VICTORINOX Juego de 6 cuchillos de mesa cl\u00e1sicos\"}]},{\"@type\":\"WebSite\",\"@id\":\"https:\/\/www.erresse-shop.it\/es\/#website\",\"url\":\"https:\/\/www.erresse-shop.it\/es\/\",\"name\":\"Erresse Shop\",\"description\":\"Articoli di qualit\u00e0 per la casa\",\"potentialAction\":[{\"@type\":\"SearchAction\",\"target\":{\"@type\":\"EntryPoint\",\"urlTemplate\":\"https:\/\/www.erresse-shop.it\/es\/?s={search_term_string}\"},\"query-input\":\"required name=search_term_string\"}],\"inLanguage\":\"es\"}]}<\/script>\n<!-- \/ Yoast SEO Premium plugin. -->","yoast_head_json":{"title":"VICTORINOX Juego de 6 cuchillos de mesa cl\u00e1sicos - Erresse Shop","description":"Juego de 6 cuchillos Swiss Classic con hoja ondulada y mango negro. La colecci\u00f3n de cuchillos Swiss Classic de Victorinox est\u00e1 dise\u00f1ada para hacer frente","robots":{"index":"index","follow":"follow","max-snippet":"max-snippet:-1","max-image-preview":"max-image-preview:large","max-video-preview":"max-video-preview:-1"},"canonical":"https:\/\/www.erresse-shop.it\/es\/shop\/cocina\/cuchillos\/cuchillos-de-mesa\/victorinox-juego-de-6-cuchillos-de-mesa-clasicos\/","og_locale":"es_ES","og_type":"article","og_title":"VICTORINOX Juego de 6 cuchillos de mesa cl\u00e1sicos","og_description":"Juego de 6 cuchillos Swiss Classic con hoja ondulada y mango negro. La colecci\u00f3n de cuchillos Swiss Classic de Victorinox est\u00e1 dise\u00f1ada para hacer frente","og_url":"https:\/\/www.erresse-shop.it\/es\/shop\/cocina\/cuchillos\/cuchillos-de-mesa\/victorinox-juego-de-6-cuchillos-de-mesa-clasicos\/","og_site_name":"Erresse Shop","article_modified_time":"2024-05-07T08:46:51+00:00","og_image":[{"width":800,"height":800,"url":"https:\/\/www.erresse-shop.it\/wp-content\/uploads\/2024\/05\/victorinox-set-6-colt.jpg","type":"image\/jpeg"}],"twitter_card":"summary_large_image","schema":{"@context":"https:\/\/schema.org","@graph":[{"@type":"WebPage","@id":"https:\/\/www.erresse-shop.it\/es\/shop\/cocina\/cuchillos\/cuchillos-de-mesa\/victorinox-juego-de-6-cuchillos-de-mesa-clasicos\/","url":"https:\/\/www.erresse-shop.it\/es\/shop\/cocina\/cuchillos\/cuchillos-de-mesa\/victorinox-juego-de-6-cuchillos-de-mesa-clasicos\/","name":"VICTORINOX Juego de 6 cuchillos de mesa cl\u00e1sicos - Erresse Shop","isPartOf":{"@id":"https:\/\/www.erresse-shop.it\/es\/#website"},"datePublished":"2024-05-07T08:35:04+00:00","dateModified":"2024-05-07T08:46:51+00:00","description":"Juego de 6 cuchillos Swiss Classic con hoja ondulada y mango negro. La colecci\u00f3n de cuchillos Swiss Classic de Victorinox est\u00e1 dise\u00f1ada para hacer frente","breadcrumb":{"@id":"https:\/\/www.erresse-shop.it\/es\/shop\/cocina\/cuchillos\/cuchillos-de-mesa\/victorinox-juego-de-6-cuchillos-de-mesa-clasicos\/#breadcrumb"},"inLanguage":"es","potentialAction":[{"@type":"ReadAction","target":["https:\/\/www.erresse-shop.it\/es\/shop\/cocina\/cuchillos\/cuchillos-de-mesa\/victorinox-juego-de-6-cuchillos-de-mesa-clasicos\/"]}]},{"@type":"BreadcrumbList","@id":"https:\/\/www.erresse-shop.it\/es\/shop\/cocina\/cuchillos\/cuchillos-de-mesa\/victorinox-juego-de-6-cuchillos-de-mesa-clasicos\/#breadcrumb","itemListElement":[{"@type":"ListItem","position":1,"name":"Home","item":"https:\/\/www.erresse-shop.it\/es\/"},{"@type":"ListItem","position":2,"name":"Shop","item":"https:\/\/www.erresse-shop.it\/es\/shop\/"},{"@type":"ListItem","position":3,"name":"VICTORINOX Juego de 6 cuchillos de mesa cl\u00e1sicos"}]},{"@type":"WebSite","@id":"https:\/\/www.erresse-shop.it\/es\/#website","url":"https:\/\/www.erresse-shop.it\/es\/","name":"Erresse Shop","description":"Articoli di qualit\u00e0 per la casa","potentialAction":[{"@type":"SearchAction","target":{"@type":"EntryPoint","urlTemplate":"https:\/\/www.erresse-shop.it\/es\/?s={search_term_string}"},"query-input":"required name=search_term_string"}],"inLanguage":"es"}]}},"df_price":19.45,"df_sale_price":19.45,"df_regular_price":38.9,"df_image_link":"https:\/\/www.erresse-shop.it\/wp-content\/uploads\/2024\/05\/victorinox-set-6-colt-300x300.jpg","_links":{"self":[{"href":"https:\/\/www.erresse-shop.it\/es\/wp-json\/wp\/v2\/product\/404751"}],"collection":[{"href":"https:\/\/www.erresse-shop.it\/es\/wp-json\/wp\/v2\/product"}],"about":[{"href":"https:\/\/www.erresse-shop.it\/es\/wp-json\/wp\/v2\/types\/product"}],"wp:featuredmedia":[{"embeddable":true,"href":"https:\/\/www.erresse-shop.it\/es\/wp-json\/wp\/v2\/media\/404762"}],"wp:attachment":[{"href":"https:\/\/www.erresse-shop.it\/es\/wp-json\/wp\/v2\/media?parent=404751"}],"wp:term":[{"taxonomy":"product_cat","embeddable":true,"href":"https:\/\/www.erresse-shop.it\/es\/wp-json\/wp\/v2\/product_cat?post=404751"},{"taxonomy":"product_tag","embeddable":true,"href":"https:\/\/www.erresse-shop.it\/es\/wp-json\/wp\/v2\/product_tag?post=404751"}],"curies":[{"name":"wp","href":"https:\/\/api.w.org\/{rel}","templated":true}]}}