{"id":404687,"date":"2021-06-29T12:26:18","date_gmt":"2021-06-29T12:26:18","guid":{"rendered":"https:\/\/www.erresse-shop.it\/shop\/sin categor\u00eda\/sage-the-crystal-clear\/"},"modified":"2021-06-29T12:26:18","modified_gmt":"2021-06-29T12:26:18","slug":"sage-the-crystal-clear","status":"publish","type":"product","link":"https:\/\/www.erresse-shop.it\/es\/shop\/pequenos-electrodomesticos\/hervidores-electricos\/sage-the-crystal-clear\/","title":{"rendered":"SAGE The Crystal Clear"},"content":{"rendered":"<p><strong>ELEGANTE HERVIDOR DE CRISTAL CON TAPA DE APERTURA SUAVE<\/strong><br \/>\nEl sistema de calentamiento de 2000 vatios le permite alcanzar el punto de ebullici\u00f3n m\u00e1s r\u00e1pidamente y, gracias al recipiente de cristal resistente al calor, puede ver el momento en que el agua empieza a hervir. La jarra grande y la tapa de apertura suave facilitan todo el proceso.<\/p>\n<p><strong>HERVIDOR DE CRISTAL CON DISE\u00d1O MODERNO<\/strong><br \/>\nPuedes ver c\u00f3mo hierve el agua en el hervidor fabricado con Duraglass\u2122 resistente a las manchas, duradero y transparente.<\/p>\n<p><strong>TAPA SOFT TOP<\/strong><br \/>\nEsta tapa especial libera lentamente el vapor y elimina el riesgo de salpicaduras.<\/p>\n<p><strong>APAGADO AUTOM\u00c1TICO<\/strong><br \/>\nEl Crystal Clear se apaga autom\u00e1ticamente cuando alcanza el punto de ebullici\u00f3n.<\/p>\n<p><strong>COMODIDAD SIN CABLE<\/strong><br \/>\nJarra sin cable con base multidireccional de 360 grados y enrollador de cable.<\/p>\n<p><strong>ESPECIFICACIONES DEL PRODUCTO<\/strong><br \/>\n&#8211; Dimensiones (AnxPrxAl): 23,2 x 14,8 x 27,3 cm<br \/>\n&#8211; Garant\u00eda: 2 a\u00f1os para reparaci\u00f3n, sustituci\u00f3n o reembolso (a discreci\u00f3n exclusiva de Sage Appliances)<br \/>\n&#8211; Materiales de construcci\u00f3n: Jarra de cristal, Base de acero inoxidable cepillado<br \/>\n&#8211; Capacidad: 1,7 L<\/p>\n<p><strong>No a la venta fuera de Europa<\/strong><\/p>\n","protected":false},"excerpt":{"rendered":"<p>ELEGANTE HERVIDOR DE CRISTAL CON TAPA DE APERTURA SUAVE El sistema de calentamiento de 2000 vatios le permite alcanzar el<\/p>\n","protected":false},"featured_media":266934,"template":"","meta":{"_acf_changed":false,"inline_featured_image":false},"product_cat":[16074,16073],"product_tag":[23912,16258,16383],"acf":[],"yoast_head":"<!-- This site is optimized with the Yoast SEO Premium plugin v18.6 (Yoast SEO v19.13) - https:\/\/yoast.com\/wordpress\/plugins\/seo\/ -->\n<title>SAGE The Crystal Clear - Erresse Shop<\/title>\n<meta name=\"description\" content=\"ELEGANTE HERVIDOR DE CRISTAL CON TAPA DE APERTURA SUAVE El sistema de calentamiento de 2000 vatios le permite alcanzar el punto de ebullici\u00f3n m\u00e1s\" \/>\n<meta name=\"robots\" content=\"index, follow, max-snippet:-1, max-image-preview:large, max-video-preview:-1\" \/>\n<link rel=\"canonical\" href=\"https:\/\/www.erresse-shop.it\/es\/shop\/pequenos-electrodomesticos\/hervidores-electricos\/sage-the-crystal-clear\/\" \/>\n<meta property=\"og:locale\" content=\"es_ES\" \/>\n<meta property=\"og:type\" content=\"article\" \/>\n<meta property=\"og:title\" content=\"SAGE The Crystal Clear\" \/>\n<meta property=\"og:description\" content=\"ELEGANTE HERVIDOR DE CRISTAL CON TAPA DE APERTURA SUAVE El sistema de calentamiento de 2000 vatios le permite alcanzar el punto de ebullici\u00f3n m\u00e1s\" \/>\n<meta property=\"og:url\" content=\"https:\/\/www.erresse-shop.it\/es\/shop\/pequenos-electrodomesticos\/hervidores-electricos\/sage-the-crystal-clear\/\" \/>\n<meta property=\"og:site_name\" content=\"Erresse Shop\" \/>\n<meta property=\"og:image\" content=\"https:\/\/www.erresse-shop.it\/wp-content\/uploads\/2021\/06\/SKE750CLR.jpg\" \/>\n\t<meta property=\"og:image:width\" content=\"992\" \/>\n\t<meta property=\"og:image:height\" content=\"992\" \/>\n\t<meta property=\"og:image:type\" content=\"image\/jpeg\" \/>\n<meta name=\"twitter:card\" content=\"summary_large_image\" \/>\n<script type=\"application\/ld+json\" class=\"yoast-schema-graph\">{\"@context\":\"https:\/\/schema.org\",\"@graph\":[{\"@type\":\"WebPage\",\"@id\":\"https:\/\/www.erresse-shop.it\/es\/shop\/pequenos-electrodomesticos\/hervidores-electricos\/sage-the-crystal-clear\/\",\"url\":\"https:\/\/www.erresse-shop.it\/es\/shop\/pequenos-electrodomesticos\/hervidores-electricos\/sage-the-crystal-clear\/\",\"name\":\"SAGE The Crystal Clear - Erresse Shop\",\"isPartOf\":{\"@id\":\"https:\/\/www.erresse-shop.it\/es\/#website\"},\"datePublished\":\"2021-06-29T12:26:18+00:00\",\"dateModified\":\"2021-06-29T12:26:18+00:00\",\"description\":\"ELEGANTE HERVIDOR DE CRISTAL CON TAPA DE APERTURA SUAVE El sistema de calentamiento de 2000 vatios le permite alcanzar el punto de ebullici\u00f3n m\u00e1s\",\"breadcrumb\":{\"@id\":\"https:\/\/www.erresse-shop.it\/es\/shop\/pequenos-electrodomesticos\/hervidores-electricos\/sage-the-crystal-clear\/#breadcrumb\"},\"inLanguage\":\"es\",\"potentialAction\":[{\"@type\":\"ReadAction\",\"target\":[\"https:\/\/www.erresse-shop.it\/es\/shop\/pequenos-electrodomesticos\/hervidores-electricos\/sage-the-crystal-clear\/\"]}]},{\"@type\":\"BreadcrumbList\",\"@id\":\"https:\/\/www.erresse-shop.it\/es\/shop\/pequenos-electrodomesticos\/hervidores-electricos\/sage-the-crystal-clear\/#breadcrumb\",\"itemListElement\":[{\"@type\":\"ListItem\",\"position\":1,\"name\":\"Home\",\"item\":\"https:\/\/www.erresse-shop.it\/es\/\"},{\"@type\":\"ListItem\",\"position\":2,\"name\":\"Shop\",\"item\":\"https:\/\/www.erresse-shop.it\/es\/shop\/\"},{\"@type\":\"ListItem\",\"position\":3,\"name\":\"SAGE The Crystal Clear\"}]},{\"@type\":\"WebSite\",\"@id\":\"https:\/\/www.erresse-shop.it\/es\/#website\",\"url\":\"https:\/\/www.erresse-shop.it\/es\/\",\"name\":\"Erresse Shop\",\"description\":\"Articoli di qualit\u00e0 per la casa\",\"potentialAction\":[{\"@type\":\"SearchAction\",\"target\":{\"@type\":\"EntryPoint\",\"urlTemplate\":\"https:\/\/www.erresse-shop.it\/es\/?s={search_term_string}\"},\"query-input\":\"required name=search_term_string\"}],\"inLanguage\":\"es\"}]}<\/script>\n<!-- \/ Yoast SEO Premium plugin. -->","yoast_head_json":{"title":"SAGE The Crystal Clear - Erresse Shop","description":"ELEGANTE HERVIDOR DE CRISTAL CON TAPA DE APERTURA SUAVE El sistema de calentamiento de 2000 vatios le permite alcanzar el punto de ebullici\u00f3n m\u00e1s","robots":{"index":"index","follow":"follow","max-snippet":"max-snippet:-1","max-image-preview":"max-image-preview:large","max-video-preview":"max-video-preview:-1"},"canonical":"https:\/\/www.erresse-shop.it\/es\/shop\/pequenos-electrodomesticos\/hervidores-electricos\/sage-the-crystal-clear\/","og_locale":"es_ES","og_type":"article","og_title":"SAGE The Crystal Clear","og_description":"ELEGANTE HERVIDOR DE CRISTAL CON TAPA DE APERTURA SUAVE El sistema de calentamiento de 2000 vatios le permite alcanzar el punto de ebullici\u00f3n m\u00e1s","og_url":"https:\/\/www.erresse-shop.it\/es\/shop\/pequenos-electrodomesticos\/hervidores-electricos\/sage-the-crystal-clear\/","og_site_name":"Erresse Shop","og_image":[{"width":992,"height":992,"url":"https:\/\/www.erresse-shop.it\/wp-content\/uploads\/2021\/06\/SKE750CLR.jpg","type":"image\/jpeg"}],"twitter_card":"summary_large_image","schema":{"@context":"https:\/\/schema.org","@graph":[{"@type":"WebPage","@id":"https:\/\/www.erresse-shop.it\/es\/shop\/pequenos-electrodomesticos\/hervidores-electricos\/sage-the-crystal-clear\/","url":"https:\/\/www.erresse-shop.it\/es\/shop\/pequenos-electrodomesticos\/hervidores-electricos\/sage-the-crystal-clear\/","name":"SAGE The Crystal Clear - Erresse Shop","isPartOf":{"@id":"https:\/\/www.erresse-shop.it\/es\/#website"},"datePublished":"2021-06-29T12:26:18+00:00","dateModified":"2021-06-29T12:26:18+00:00","description":"ELEGANTE HERVIDOR DE CRISTAL CON TAPA DE APERTURA SUAVE El sistema de calentamiento de 2000 vatios le permite alcanzar el punto de ebullici\u00f3n m\u00e1s","breadcrumb":{"@id":"https:\/\/www.erresse-shop.it\/es\/shop\/pequenos-electrodomesticos\/hervidores-electricos\/sage-the-crystal-clear\/#breadcrumb"},"inLanguage":"es","potentialAction":[{"@type":"ReadAction","target":["https:\/\/www.erresse-shop.it\/es\/shop\/pequenos-electrodomesticos\/hervidores-electricos\/sage-the-crystal-clear\/"]}]},{"@type":"BreadcrumbList","@id":"https:\/\/www.erresse-shop.it\/es\/shop\/pequenos-electrodomesticos\/hervidores-electricos\/sage-the-crystal-clear\/#breadcrumb","itemListElement":[{"@type":"ListItem","position":1,"name":"Home","item":"https:\/\/www.erresse-shop.it\/es\/"},{"@type":"ListItem","position":2,"name":"Shop","item":"https:\/\/www.erresse-shop.it\/es\/shop\/"},{"@type":"ListItem","position":3,"name":"SAGE The Crystal Clear"}]},{"@type":"WebSite","@id":"https:\/\/www.erresse-shop.it\/es\/#website","url":"https:\/\/www.erresse-shop.it\/es\/","name":"Erresse Shop","description":"Articoli di qualit\u00e0 per la casa","potentialAction":[{"@type":"SearchAction","target":{"@type":"EntryPoint","urlTemplate":"https:\/\/www.erresse-shop.it\/es\/?s={search_term_string}"},"query-input":"required name=search_term_string"}],"inLanguage":"es"}]}},"df_price":129.9,"df_sale_price":129.9,"df_regular_price":129.9,"df_image_link":"https:\/\/www.erresse-shop.it\/wp-content\/uploads\/2021\/06\/SKE750CLR-300x300.jpg","_links":{"self":[{"href":"https:\/\/www.erresse-shop.it\/es\/wp-json\/wp\/v2\/product\/404687"}],"collection":[{"href":"https:\/\/www.erresse-shop.it\/es\/wp-json\/wp\/v2\/product"}],"about":[{"href":"https:\/\/www.erresse-shop.it\/es\/wp-json\/wp\/v2\/types\/product"}],"wp:featuredmedia":[{"embeddable":true,"href":"https:\/\/www.erresse-shop.it\/es\/wp-json\/wp\/v2\/media\/266934"}],"wp:attachment":[{"href":"https:\/\/www.erresse-shop.it\/es\/wp-json\/wp\/v2\/media?parent=404687"}],"wp:term":[{"taxonomy":"product_cat","embeddable":true,"href":"https:\/\/www.erresse-shop.it\/es\/wp-json\/wp\/v2\/product_cat?post=404687"},{"taxonomy":"product_tag","embeddable":true,"href":"https:\/\/www.erresse-shop.it\/es\/wp-json\/wp\/v2\/product_tag?post=404687"}],"curies":[{"name":"wp","href":"https:\/\/api.w.org\/{rel}","templated":true}]}}