{"id":404193,"date":"2024-05-02T08:40:22","date_gmt":"2024-05-02T08:40:27","guid":{"rendered":"https:\/\/www.erresse-shop.it\/?post_type=product&#038;p=404193"},"modified":"2024-11-11T00:01:06","modified_gmt":"2024-11-11T00:01:06","slug":"venini-jarron-ballonton-luce-azul","status":"publish","type":"product","link":"https:\/\/www.erresse-shop.it\/es\/shop\/mobiliario\/lamparas\/venini-jarron-ballonton-luce-azul\/","title":{"rendered":"VENINI Balloton L\u00e1mpara Azul Claro"},"content":{"rendered":"<p>Se une a la colecci\u00f3n y renueva el concepto con su tecnolog\u00eda LED regulable al tacto. Al encender la nueva l\u00e1mpara de sobremesa Balloton, el efecto caleidosc\u00f3pico que se crea a trav\u00e9s del cristal es sencillamente encantador. La luz se difunde de forma m\u00e1gica, transformando.<\/p>\n<p>FABRICADA EN ITALIA<br \/>\nAltura 19 CM<br \/>\nDi\u00e1metro 17,50 CM<br \/>\nA\u00f1o 2023<br \/>\nColecci\u00f3n BALLOTON LIGHT<br \/>\nT\u00e9cnica Balloton, arenado, soplado<br \/>\nFuente de luz 1 x max 1,5W LED 5V &#8211; Dimmer<\/p>\n","protected":false},"excerpt":{"rendered":"<p>Se une a la colecci\u00f3n y renueva el concepto con su tecnolog\u00eda LED regulable al tacto. Al encender la nueva<\/p>\n","protected":false},"featured_media":404201,"template":"","meta":{"_acf_changed":false,"inline_featured_image":false},"product_cat":[16017,16016],"product_tag":[25183,17267,16119,16122,16121,24682,16307,17367,25023],"acf":[],"yoast_head":"<!-- This site is optimized with the Yoast SEO Premium plugin v18.6 (Yoast SEO v19.13) - https:\/\/yoast.com\/wordpress\/plugins\/seo\/ -->\n<title>VENINI Balloton L\u00e1mpara Azul Claro - Erresse Shop<\/title>\n<meta name=\"description\" content=\"Se une a la colecci\u00f3n y renueva el concepto con su tecnolog\u00eda LED regulable al tacto. Al encender la nueva l\u00e1mpara de sobremesa Balloton, el efecto\" \/>\n<meta name=\"robots\" content=\"index, follow, max-snippet:-1, max-image-preview:large, max-video-preview:-1\" \/>\n<link rel=\"canonical\" href=\"https:\/\/www.erresse-shop.it\/es\/shop\/mobiliario\/lamparas\/venini-jarron-ballonton-luce-azul\/\" \/>\n<meta property=\"og:locale\" content=\"es_ES\" \/>\n<meta property=\"og:type\" content=\"article\" \/>\n<meta property=\"og:title\" content=\"VENINI Balloton L\u00e1mpara Azul Claro\" \/>\n<meta property=\"og:description\" content=\"Se une a la colecci\u00f3n y renueva el concepto con su tecnolog\u00eda LED regulable al tacto. Al encender la nueva l\u00e1mpara de sobremesa Balloton, el efecto\" \/>\n<meta property=\"og:url\" content=\"https:\/\/www.erresse-shop.it\/es\/shop\/mobiliario\/lamparas\/venini-jarron-ballonton-luce-azul\/\" \/>\n<meta property=\"og:site_name\" content=\"Erresse Shop\" \/>\n<meta property=\"article:modified_time\" content=\"2024-11-11T00:01:06+00:00\" \/>\n<meta property=\"og:image\" content=\"https:\/\/www.erresse-shop.it\/wp-content\/uploads\/2024\/05\/venini-balloton-lamp.jpg\" \/>\n\t<meta property=\"og:image:width\" content=\"800\" \/>\n\t<meta property=\"og:image:height\" content=\"800\" \/>\n\t<meta property=\"og:image:type\" content=\"image\/jpeg\" \/>\n<meta name=\"twitter:card\" content=\"summary_large_image\" \/>\n<script type=\"application\/ld+json\" class=\"yoast-schema-graph\">{\"@context\":\"https:\/\/schema.org\",\"@graph\":[{\"@type\":\"WebPage\",\"@id\":\"https:\/\/www.erresse-shop.it\/es\/shop\/mobiliario\/lamparas\/venini-jarron-ballonton-luce-azul\/\",\"url\":\"https:\/\/www.erresse-shop.it\/es\/shop\/mobiliario\/lamparas\/venini-jarron-ballonton-luce-azul\/\",\"name\":\"VENINI Balloton L\u00e1mpara Azul Claro - Erresse Shop\",\"isPartOf\":{\"@id\":\"https:\/\/www.erresse-shop.it\/es\/#website\"},\"datePublished\":\"2024-05-02T08:40:27+00:00\",\"dateModified\":\"2024-11-11T00:01:06+00:00\",\"description\":\"Se une a la colecci\u00f3n y renueva el concepto con su tecnolog\u00eda LED regulable al tacto. Al encender la nueva l\u00e1mpara de sobremesa Balloton, el efecto\",\"breadcrumb\":{\"@id\":\"https:\/\/www.erresse-shop.it\/es\/shop\/mobiliario\/lamparas\/venini-jarron-ballonton-luce-azul\/#breadcrumb\"},\"inLanguage\":\"es\",\"potentialAction\":[{\"@type\":\"ReadAction\",\"target\":[\"https:\/\/www.erresse-shop.it\/es\/shop\/mobiliario\/lamparas\/venini-jarron-ballonton-luce-azul\/\"]}]},{\"@type\":\"BreadcrumbList\",\"@id\":\"https:\/\/www.erresse-shop.it\/es\/shop\/mobiliario\/lamparas\/venini-jarron-ballonton-luce-azul\/#breadcrumb\",\"itemListElement\":[{\"@type\":\"ListItem\",\"position\":1,\"name\":\"Home\",\"item\":\"https:\/\/www.erresse-shop.it\/es\/\"},{\"@type\":\"ListItem\",\"position\":2,\"name\":\"Shop\",\"item\":\"https:\/\/www.erresse-shop.it\/es\/shop\/\"},{\"@type\":\"ListItem\",\"position\":3,\"name\":\"VENINI Balloton L\u00e1mpara Azul Claro\"}]},{\"@type\":\"WebSite\",\"@id\":\"https:\/\/www.erresse-shop.it\/es\/#website\",\"url\":\"https:\/\/www.erresse-shop.it\/es\/\",\"name\":\"Erresse Shop\",\"description\":\"Articoli di qualit\u00e0 per la casa\",\"potentialAction\":[{\"@type\":\"SearchAction\",\"target\":{\"@type\":\"EntryPoint\",\"urlTemplate\":\"https:\/\/www.erresse-shop.it\/es\/?s={search_term_string}\"},\"query-input\":\"required name=search_term_string\"}],\"inLanguage\":\"es\"}]}<\/script>\n<!-- \/ Yoast SEO Premium plugin. -->","yoast_head_json":{"title":"VENINI Balloton L\u00e1mpara Azul Claro - Erresse Shop","description":"Se une a la colecci\u00f3n y renueva el concepto con su tecnolog\u00eda LED regulable al tacto. Al encender la nueva l\u00e1mpara de sobremesa Balloton, el efecto","robots":{"index":"index","follow":"follow","max-snippet":"max-snippet:-1","max-image-preview":"max-image-preview:large","max-video-preview":"max-video-preview:-1"},"canonical":"https:\/\/www.erresse-shop.it\/es\/shop\/mobiliario\/lamparas\/venini-jarron-ballonton-luce-azul\/","og_locale":"es_ES","og_type":"article","og_title":"VENINI Balloton L\u00e1mpara Azul Claro","og_description":"Se une a la colecci\u00f3n y renueva el concepto con su tecnolog\u00eda LED regulable al tacto. Al encender la nueva l\u00e1mpara de sobremesa Balloton, el efecto","og_url":"https:\/\/www.erresse-shop.it\/es\/shop\/mobiliario\/lamparas\/venini-jarron-ballonton-luce-azul\/","og_site_name":"Erresse Shop","article_modified_time":"2024-11-11T00:01:06+00:00","og_image":[{"width":800,"height":800,"url":"https:\/\/www.erresse-shop.it\/wp-content\/uploads\/2024\/05\/venini-balloton-lamp.jpg","type":"image\/jpeg"}],"twitter_card":"summary_large_image","schema":{"@context":"https:\/\/schema.org","@graph":[{"@type":"WebPage","@id":"https:\/\/www.erresse-shop.it\/es\/shop\/mobiliario\/lamparas\/venini-jarron-ballonton-luce-azul\/","url":"https:\/\/www.erresse-shop.it\/es\/shop\/mobiliario\/lamparas\/venini-jarron-ballonton-luce-azul\/","name":"VENINI Balloton L\u00e1mpara Azul Claro - Erresse Shop","isPartOf":{"@id":"https:\/\/www.erresse-shop.it\/es\/#website"},"datePublished":"2024-05-02T08:40:27+00:00","dateModified":"2024-11-11T00:01:06+00:00","description":"Se une a la colecci\u00f3n y renueva el concepto con su tecnolog\u00eda LED regulable al tacto. Al encender la nueva l\u00e1mpara de sobremesa Balloton, el efecto","breadcrumb":{"@id":"https:\/\/www.erresse-shop.it\/es\/shop\/mobiliario\/lamparas\/venini-jarron-ballonton-luce-azul\/#breadcrumb"},"inLanguage":"es","potentialAction":[{"@type":"ReadAction","target":["https:\/\/www.erresse-shop.it\/es\/shop\/mobiliario\/lamparas\/venini-jarron-ballonton-luce-azul\/"]}]},{"@type":"BreadcrumbList","@id":"https:\/\/www.erresse-shop.it\/es\/shop\/mobiliario\/lamparas\/venini-jarron-ballonton-luce-azul\/#breadcrumb","itemListElement":[{"@type":"ListItem","position":1,"name":"Home","item":"https:\/\/www.erresse-shop.it\/es\/"},{"@type":"ListItem","position":2,"name":"Shop","item":"https:\/\/www.erresse-shop.it\/es\/shop\/"},{"@type":"ListItem","position":3,"name":"VENINI Balloton L\u00e1mpara Azul Claro"}]},{"@type":"WebSite","@id":"https:\/\/www.erresse-shop.it\/es\/#website","url":"https:\/\/www.erresse-shop.it\/es\/","name":"Erresse Shop","description":"Articoli di qualit\u00e0 per la casa","potentialAction":[{"@type":"SearchAction","target":{"@type":"EntryPoint","urlTemplate":"https:\/\/www.erresse-shop.it\/es\/?s={search_term_string}"},"query-input":"required name=search_term_string"}],"inLanguage":"es"}]}},"df_price":489.95,"df_sale_price":489.95,"df_regular_price":640,"df_image_link":"https:\/\/www.erresse-shop.it\/wp-content\/uploads\/2024\/05\/venini-balloton-lamp-300x300.jpg","_links":{"self":[{"href":"https:\/\/www.erresse-shop.it\/es\/wp-json\/wp\/v2\/product\/404193"}],"collection":[{"href":"https:\/\/www.erresse-shop.it\/es\/wp-json\/wp\/v2\/product"}],"about":[{"href":"https:\/\/www.erresse-shop.it\/es\/wp-json\/wp\/v2\/types\/product"}],"wp:featuredmedia":[{"embeddable":true,"href":"https:\/\/www.erresse-shop.it\/es\/wp-json\/wp\/v2\/media\/404201"}],"wp:attachment":[{"href":"https:\/\/www.erresse-shop.it\/es\/wp-json\/wp\/v2\/media?parent=404193"}],"wp:term":[{"taxonomy":"product_cat","embeddable":true,"href":"https:\/\/www.erresse-shop.it\/es\/wp-json\/wp\/v2\/product_cat?post=404193"},{"taxonomy":"product_tag","embeddable":true,"href":"https:\/\/www.erresse-shop.it\/es\/wp-json\/wp\/v2\/product_tag?post=404193"}],"curies":[{"name":"wp","href":"https:\/\/api.w.org\/{rel}","templated":true}]}}