{"id":403290,"date":"2024-04-23T08:13:36","date_gmt":"2024-04-23T08:13:43","guid":{"rendered":"https:\/\/www.erresse-shop.it\/?post_type=product&#038;p=403290"},"modified":"2024-07-30T00:00:08","modified_gmt":"2024-07-30T00:00:08","slug":"blendtec-professional-800-batidora-copia","status":"publish","type":"product","link":"https:\/\/www.erresse-shop.it\/es\/shop\/pequenos-electrodomesticos\/licuadoras\/blendtec-professional-800-batidora-copia\/","title":{"rendered":"BLENDTEC Batidora de dise\u00f1o 650 Negra"},"content":{"rendered":"<p>Es la batidora que lo hace todo, incluso completar la decoraci\u00f3n de su cocina. La Designer 650 incorpora tecnolog\u00eda de mezclado y control de \u00faltima generaci\u00f3n junto con una impresionante paleta de siete colores entre los que elegir.<\/p>\n<p>La Designer 650 est\u00e1 dise\u00f1ada no s\u00f3lo para ofrecer un alto rendimiento, sino tambi\u00e9n para adaptarse a su sentido de la moda.<\/p>\n<p><strong>CARACTER\u00cdSTICAS<\/strong>:<\/p>\n<p>Motor de 3,0 caballos de potencia m\u00e1xima<br \/>\nInterfaz t\u00e1ctil capacitiva iluminada<br \/>\n6 ciclos preprogramados: salsas\/patatas fritas, triturador de hielo\/margarita, batido, helado, zumo entero, sopa caliente y fondue<br \/>\nControl deslizante t\u00e1ctil capacitivo de 8 velocidades + Pulse<br \/>\nPantalla iluminada que indica el tiempo de mezcla restante<br \/>\nAcabado impreso<br \/>\nColores: Negro, Rojo, Chartreuse, Seafoam, Orqu\u00eddea, Gris Pizarra, Blanco Polar<br \/>\nDimensiones: 18 x 24 x 38 cm (7\u2033 de ancho x 9,25\u2033 de fondo x 15,5\u2033 de alto)<br \/>\nPeso: 4,2 kg (9,25 lbs)<br \/>\n1560 vatios, 230 voltios<br \/>\nCable de alimentaci\u00f3n: enchufe UK o EU<br \/>\n8 a\u00f1os de garant\u00eda<\/p>\n<p><strong>EL PAQUETE INCLUYE<\/strong><br \/>\n-Base de motor 650 de dise\u00f1o<br \/>\n-Lata WildSide+ sin BPA con tapa ventilada<br \/>\n-8 VELOCIDADES MANUALES + PULSO<\/p>\n<p>Ahora tiene el control total de la velocidad de mezcla literalmente al alcance de la mano. Encontrar\u00e1 nuestra interfaz deslizante de control total. Simplemente tocando o deslizando la punta del dedo tendr\u00e1 el control total de la velocidad de mezcla. Puede seleccionar cualquier velocidad o deslizar el dedo de izquierda a derecha para aumentar o disminuir la velocidad. Junto a la barra de desplazamiento se encuentran los controles de parada e impulso.<\/p>\n<p><strong>JARRA WILDSIDE<\/strong><br \/>\nEsta es la jarra que ha revolucionado la mezcla a alta velocidad. La jarra WildSide+ cuenta con una base extra ancha y un quinto lado estrecho &#8220;salvaje&#8221; que ayuda a crear una mezcla m\u00e1s r\u00e1pida y suave. El tarro WildSide+ tambi\u00e9n presenta dos rebordes verticales en las paredes interiores para romper a\u00fan m\u00e1s el patr\u00f3n de mezcla y acelerar el mezclado. \u00bfEl resultado? Las mezclas m\u00e1s r\u00e1pidas y suaves.<\/p>\n<p><strong>INCRE\u00cdBLE GARANT\u00cdA DE 8 A\u00d1OS<\/strong><br \/>\nLa Designer 650 est\u00e1 cubierta por una garant\u00eda de 8 a\u00f1os, la m\u00e1s larga de su clase. Pero est\u00e1 dise\u00f1ada para durar mucho m\u00e1s, convirti\u00e9ndola en un electrodom\u00e9stico que amar\u00e1 toda la vida.<\/p>\n<p><strong>Controles t\u00e1ctiles iluminados<\/strong><br \/>\nUna pantalla t\u00e1ctil intuitiva con iconos f\u00e1ciles de ver hace que la Designer 650 sea m\u00e1s vers\u00e1til y f\u00e1cil de usar. Se enciende con un solo toque, se apaga autom\u00e1ticamente y es completamente plana, por lo que limpiarla es tan f\u00e1cil como pasar un pa\u00f1o.<\/p>\n<p><strong>CICLOS DE MEZCLA PREPROGRAMADOS Y OPTIMIZADOS<\/strong><br \/>\n\u00a1Se acabaron las conjeturas! La serie Designer cuenta con seis ciclos preprogramados personalizados: batidos, picado, batido, helado, zumo entero, sopa caliente. Esta exclusiva tecnolog\u00eda de ciclos de mezcla crea mezclas perfectas con s\u00f3lo pulsar un bot\u00f3n.<\/p>\n<p>Jarra apta para lavavajillas: S\u00ed<\/p>\n<p><span style=\"text-decoration: underline;\"><strong>No a la venta fuera de Europa<\/strong><\/span><\/p>\n","protected":false},"excerpt":{"rendered":"<p>Es la batidora que lo hace todo, incluso completar la decoraci\u00f3n de su cocina. La Designer 650 incorpora tecnolog\u00eda de<\/p>\n","protected":false},"featured_media":403303,"template":"","meta":{"_acf_changed":false,"inline_featured_image":false},"product_cat":[16075,16073],"product_tag":[16554],"acf":[],"yoast_head":"<!-- This site is optimized with the Yoast SEO Premium plugin v18.6 (Yoast SEO v19.13) - https:\/\/yoast.com\/wordpress\/plugins\/seo\/ -->\n<title>BLENDTEC Batidora de dise\u00f1o 650 Negra - Erresse Shop<\/title>\n<meta name=\"description\" content=\"Es la batidora que lo hace todo, incluso completar la decoraci\u00f3n de su cocina. La Designer 650 incorpora tecnolog\u00eda de mezclado y control de \u00faltima\" \/>\n<meta name=\"robots\" content=\"index, follow, max-snippet:-1, max-image-preview:large, max-video-preview:-1\" \/>\n<link rel=\"canonical\" href=\"https:\/\/www.erresse-shop.it\/es\/shop\/pequenos-electrodomesticos\/licuadoras\/blendtec-professional-800-batidora-copia\/\" \/>\n<meta property=\"og:locale\" content=\"es_ES\" \/>\n<meta property=\"og:type\" content=\"article\" \/>\n<meta property=\"og:title\" content=\"BLENDTEC Batidora de dise\u00f1o 650 Negra\" \/>\n<meta property=\"og:description\" content=\"Es la batidora que lo hace todo, incluso completar la decoraci\u00f3n de su cocina. La Designer 650 incorpora tecnolog\u00eda de mezclado y control de \u00faltima\" \/>\n<meta property=\"og:url\" content=\"https:\/\/www.erresse-shop.it\/es\/shop\/pequenos-electrodomesticos\/licuadoras\/blendtec-professional-800-batidora-copia\/\" \/>\n<meta property=\"og:site_name\" content=\"Erresse Shop\" \/>\n<meta property=\"article:modified_time\" content=\"2024-07-30T00:00:08+00:00\" \/>\n<meta property=\"og:image\" content=\"https:\/\/www.erresse-shop.it\/wp-content\/uploads\/2024\/04\/blendtec-designer-650-nero.jpg\" \/>\n\t<meta property=\"og:image:width\" content=\"800\" \/>\n\t<meta property=\"og:image:height\" content=\"800\" \/>\n\t<meta property=\"og:image:type\" content=\"image\/jpeg\" \/>\n<meta name=\"twitter:card\" content=\"summary_large_image\" \/>\n<script type=\"application\/ld+json\" class=\"yoast-schema-graph\">{\"@context\":\"https:\/\/schema.org\",\"@graph\":[{\"@type\":\"WebPage\",\"@id\":\"https:\/\/www.erresse-shop.it\/es\/shop\/pequenos-electrodomesticos\/licuadoras\/blendtec-professional-800-batidora-copia\/\",\"url\":\"https:\/\/www.erresse-shop.it\/es\/shop\/pequenos-electrodomesticos\/licuadoras\/blendtec-professional-800-batidora-copia\/\",\"name\":\"BLENDTEC Batidora de dise\u00f1o 650 Negra - Erresse Shop\",\"isPartOf\":{\"@id\":\"https:\/\/www.erresse-shop.it\/es\/#website\"},\"datePublished\":\"2024-04-23T08:13:43+00:00\",\"dateModified\":\"2024-07-30T00:00:08+00:00\",\"description\":\"Es la batidora que lo hace todo, incluso completar la decoraci\u00f3n de su cocina. La Designer 650 incorpora tecnolog\u00eda de mezclado y control de \u00faltima\",\"breadcrumb\":{\"@id\":\"https:\/\/www.erresse-shop.it\/es\/shop\/pequenos-electrodomesticos\/licuadoras\/blendtec-professional-800-batidora-copia\/#breadcrumb\"},\"inLanguage\":\"es\",\"potentialAction\":[{\"@type\":\"ReadAction\",\"target\":[\"https:\/\/www.erresse-shop.it\/es\/shop\/pequenos-electrodomesticos\/licuadoras\/blendtec-professional-800-batidora-copia\/\"]}]},{\"@type\":\"BreadcrumbList\",\"@id\":\"https:\/\/www.erresse-shop.it\/es\/shop\/pequenos-electrodomesticos\/licuadoras\/blendtec-professional-800-batidora-copia\/#breadcrumb\",\"itemListElement\":[{\"@type\":\"ListItem\",\"position\":1,\"name\":\"Home\",\"item\":\"https:\/\/www.erresse-shop.it\/es\/\"},{\"@type\":\"ListItem\",\"position\":2,\"name\":\"Shop\",\"item\":\"https:\/\/www.erresse-shop.it\/es\/shop\/\"},{\"@type\":\"ListItem\",\"position\":3,\"name\":\"BLENDTEC Batidora de dise\u00f1o 650 Negra\"}]},{\"@type\":\"WebSite\",\"@id\":\"https:\/\/www.erresse-shop.it\/es\/#website\",\"url\":\"https:\/\/www.erresse-shop.it\/es\/\",\"name\":\"Erresse Shop\",\"description\":\"Articoli di qualit\u00e0 per la casa\",\"potentialAction\":[{\"@type\":\"SearchAction\",\"target\":{\"@type\":\"EntryPoint\",\"urlTemplate\":\"https:\/\/www.erresse-shop.it\/es\/?s={search_term_string}\"},\"query-input\":\"required name=search_term_string\"}],\"inLanguage\":\"es\"}]}<\/script>\n<!-- \/ Yoast SEO Premium plugin. -->","yoast_head_json":{"title":"BLENDTEC Batidora de dise\u00f1o 650 Negra - Erresse Shop","description":"Es la batidora que lo hace todo, incluso completar la decoraci\u00f3n de su cocina. La Designer 650 incorpora tecnolog\u00eda de mezclado y control de \u00faltima","robots":{"index":"index","follow":"follow","max-snippet":"max-snippet:-1","max-image-preview":"max-image-preview:large","max-video-preview":"max-video-preview:-1"},"canonical":"https:\/\/www.erresse-shop.it\/es\/shop\/pequenos-electrodomesticos\/licuadoras\/blendtec-professional-800-batidora-copia\/","og_locale":"es_ES","og_type":"article","og_title":"BLENDTEC Batidora de dise\u00f1o 650 Negra","og_description":"Es la batidora que lo hace todo, incluso completar la decoraci\u00f3n de su cocina. La Designer 650 incorpora tecnolog\u00eda de mezclado y control de \u00faltima","og_url":"https:\/\/www.erresse-shop.it\/es\/shop\/pequenos-electrodomesticos\/licuadoras\/blendtec-professional-800-batidora-copia\/","og_site_name":"Erresse Shop","article_modified_time":"2024-07-30T00:00:08+00:00","og_image":[{"width":800,"height":800,"url":"https:\/\/www.erresse-shop.it\/wp-content\/uploads\/2024\/04\/blendtec-designer-650-nero.jpg","type":"image\/jpeg"}],"twitter_card":"summary_large_image","schema":{"@context":"https:\/\/schema.org","@graph":[{"@type":"WebPage","@id":"https:\/\/www.erresse-shop.it\/es\/shop\/pequenos-electrodomesticos\/licuadoras\/blendtec-professional-800-batidora-copia\/","url":"https:\/\/www.erresse-shop.it\/es\/shop\/pequenos-electrodomesticos\/licuadoras\/blendtec-professional-800-batidora-copia\/","name":"BLENDTEC Batidora de dise\u00f1o 650 Negra - Erresse Shop","isPartOf":{"@id":"https:\/\/www.erresse-shop.it\/es\/#website"},"datePublished":"2024-04-23T08:13:43+00:00","dateModified":"2024-07-30T00:00:08+00:00","description":"Es la batidora que lo hace todo, incluso completar la decoraci\u00f3n de su cocina. La Designer 650 incorpora tecnolog\u00eda de mezclado y control de \u00faltima","breadcrumb":{"@id":"https:\/\/www.erresse-shop.it\/es\/shop\/pequenos-electrodomesticos\/licuadoras\/blendtec-professional-800-batidora-copia\/#breadcrumb"},"inLanguage":"es","potentialAction":[{"@type":"ReadAction","target":["https:\/\/www.erresse-shop.it\/es\/shop\/pequenos-electrodomesticos\/licuadoras\/blendtec-professional-800-batidora-copia\/"]}]},{"@type":"BreadcrumbList","@id":"https:\/\/www.erresse-shop.it\/es\/shop\/pequenos-electrodomesticos\/licuadoras\/blendtec-professional-800-batidora-copia\/#breadcrumb","itemListElement":[{"@type":"ListItem","position":1,"name":"Home","item":"https:\/\/www.erresse-shop.it\/es\/"},{"@type":"ListItem","position":2,"name":"Shop","item":"https:\/\/www.erresse-shop.it\/es\/shop\/"},{"@type":"ListItem","position":3,"name":"BLENDTEC Batidora de dise\u00f1o 650 Negra"}]},{"@type":"WebSite","@id":"https:\/\/www.erresse-shop.it\/es\/#website","url":"https:\/\/www.erresse-shop.it\/es\/","name":"Erresse Shop","description":"Articoli di qualit\u00e0 per la casa","potentialAction":[{"@type":"SearchAction","target":{"@type":"EntryPoint","urlTemplate":"https:\/\/www.erresse-shop.it\/es\/?s={search_term_string}"},"query-input":"required name=search_term_string"}],"inLanguage":"es"}]}},"df_price":729.95,"df_sale_price":729.95,"df_regular_price":849,"df_image_link":"https:\/\/www.erresse-shop.it\/wp-content\/uploads\/2024\/04\/blendtec-designer-650-nero-300x300.jpg","_links":{"self":[{"href":"https:\/\/www.erresse-shop.it\/es\/wp-json\/wp\/v2\/product\/403290"}],"collection":[{"href":"https:\/\/www.erresse-shop.it\/es\/wp-json\/wp\/v2\/product"}],"about":[{"href":"https:\/\/www.erresse-shop.it\/es\/wp-json\/wp\/v2\/types\/product"}],"wp:featuredmedia":[{"embeddable":true,"href":"https:\/\/www.erresse-shop.it\/es\/wp-json\/wp\/v2\/media\/403303"}],"wp:attachment":[{"href":"https:\/\/www.erresse-shop.it\/es\/wp-json\/wp\/v2\/media?parent=403290"}],"wp:term":[{"taxonomy":"product_cat","embeddable":true,"href":"https:\/\/www.erresse-shop.it\/es\/wp-json\/wp\/v2\/product_cat?post=403290"},{"taxonomy":"product_tag","embeddable":true,"href":"https:\/\/www.erresse-shop.it\/es\/wp-json\/wp\/v2\/product_tag?post=403290"}],"curies":[{"name":"wp","href":"https:\/\/api.w.org\/{rel}","templated":true}]}}