{"id":402512,"date":"2024-04-16T09:15:55","date_gmt":"2024-04-16T09:16:00","guid":{"rendered":"https:\/\/www.erresse-shop.it\/?post_type=product&#038;p=402512"},"modified":"2024-05-09T07:58:40","modified_gmt":"2024-05-09T07:58:40","slug":"cilio-cesta-picnic-palermo-copia","status":"publish","type":"product","link":"https:\/\/www.erresse-shop.it\/es\/shop\/tabla\/cestas-de-picnic\/cilio-cesta-picnic-palermo-copia\/","title":{"rendered":"CILIO Plaid Picnic Weekend"},"content":{"rendered":"<p>\u00a1Llega el ambiente de fin de semana! La <strong>manta de picnic WEEKEND de cilio<\/strong> te invita a mirar las nubes, dejar vagar tus pensamientos y desconectar. La parte inferior repelente al agua mantiene la humedad fuera, mientras que la suave franela con un atractivo estampado de cuadros calienta la parte superior. Disfruta de tu tiempo lejos del ajetreo cotidiano en el bosque, en el jard\u00edn de la ciudad o en el lago. La superficie para tumbarse es suficientemente amplia e insensible a la suciedad, lo que tambi\u00e9n contribuye a la relajaci\u00f3n. Para el transporte, la cubierta se hace peque\u00f1a con la pr\u00e1ctica asa de transporte y el cierre de velcro y cabe en la bolsa de la bicicleta.<\/p>\n<p>Con asa de transporte y cierre de velcro.<\/p>\n<p><strong>Dimensiones<\/strong>: 145 x 130 cm<br \/>\n<strong>Material<\/strong>: Poli\u00e9ster, base engomada e hidr\u00f3fuga<\/p>\n<p><strong>Cilio<\/strong> se fund\u00f3 en <strong>1993 en Solingen<\/strong>, donde sigue teniendo su sede en la actualidad. Desde el principio, Cilio ha concedido gran importancia a la combinaci\u00f3n de materiales de alta calidad, dise\u00f1o distintivo, excelente artesan\u00eda y mano de obra industrial con una utilidad perfecta. Esta filosof\u00eda se extiende a todos los sectores.<\/p>\n","protected":false},"excerpt":{"rendered":"<p>\u00a1Llega el ambiente de fin de semana! La manta de picnic WEEKEND de cilio te invita a mirar las nubes,<\/p>\n","protected":false},"featured_media":431257,"template":"","meta":{"_acf_changed":false,"inline_featured_image":false},"product_cat":[16038,16027],"product_tag":[25029,16261,24605,25023],"acf":[],"yoast_head":"<!-- This site is optimized with the Yoast SEO Premium plugin v18.6 (Yoast SEO v19.13) - https:\/\/yoast.com\/wordpress\/plugins\/seo\/ -->\n<title>CILIO Plaid Picnic Weekend - Erresse Shop<\/title>\n<meta name=\"description\" content=\"\u00a1Llega el ambiente de fin de semana! La manta de picnic WEEKEND de cilio te invita a mirar las nubes, dejar vagar tus pensamientos y desconectar. La parte\" \/>\n<meta name=\"robots\" content=\"index, follow, max-snippet:-1, max-image-preview:large, max-video-preview:-1\" \/>\n<link rel=\"canonical\" href=\"https:\/\/www.erresse-shop.it\/es\/shop\/tabla\/cestas-de-picnic\/cilio-cesta-picnic-palermo-copia\/\" \/>\n<meta property=\"og:locale\" content=\"es_ES\" \/>\n<meta property=\"og:type\" content=\"article\" \/>\n<meta property=\"og:title\" content=\"CILIO Plaid Picnic Weekend\" \/>\n<meta property=\"og:description\" content=\"\u00a1Llega el ambiente de fin de semana! La manta de picnic WEEKEND de cilio te invita a mirar las nubes, dejar vagar tus pensamientos y desconectar. La parte\" \/>\n<meta property=\"og:url\" content=\"https:\/\/www.erresse-shop.it\/es\/shop\/tabla\/cestas-de-picnic\/cilio-cesta-picnic-palermo-copia\/\" \/>\n<meta property=\"og:site_name\" content=\"Erresse Shop\" \/>\n<meta property=\"article:modified_time\" content=\"2024-05-09T07:58:40+00:00\" \/>\n<meta property=\"og:image\" content=\"https:\/\/www.erresse-shop.it\/wp-content\/uploads\/2024\/04\/CILIO-Plaid-Picnic-Weekend.jpg\" \/>\n\t<meta property=\"og:image:width\" content=\"800\" \/>\n\t<meta property=\"og:image:height\" content=\"800\" \/>\n\t<meta property=\"og:image:type\" content=\"image\/jpeg\" \/>\n<meta name=\"twitter:card\" content=\"summary_large_image\" \/>\n<script type=\"application\/ld+json\" class=\"yoast-schema-graph\">{\"@context\":\"https:\/\/schema.org\",\"@graph\":[{\"@type\":\"WebPage\",\"@id\":\"https:\/\/www.erresse-shop.it\/es\/shop\/tabla\/cestas-de-picnic\/cilio-cesta-picnic-palermo-copia\/\",\"url\":\"https:\/\/www.erresse-shop.it\/es\/shop\/tabla\/cestas-de-picnic\/cilio-cesta-picnic-palermo-copia\/\",\"name\":\"CILIO Plaid Picnic Weekend - Erresse Shop\",\"isPartOf\":{\"@id\":\"https:\/\/www.erresse-shop.it\/es\/#website\"},\"datePublished\":\"2024-04-16T09:16:00+00:00\",\"dateModified\":\"2024-05-09T07:58:40+00:00\",\"description\":\"\u00a1Llega el ambiente de fin de semana! La manta de picnic WEEKEND de cilio te invita a mirar las nubes, dejar vagar tus pensamientos y desconectar. La parte\",\"breadcrumb\":{\"@id\":\"https:\/\/www.erresse-shop.it\/es\/shop\/tabla\/cestas-de-picnic\/cilio-cesta-picnic-palermo-copia\/#breadcrumb\"},\"inLanguage\":\"es\",\"potentialAction\":[{\"@type\":\"ReadAction\",\"target\":[\"https:\/\/www.erresse-shop.it\/es\/shop\/tabla\/cestas-de-picnic\/cilio-cesta-picnic-palermo-copia\/\"]}]},{\"@type\":\"BreadcrumbList\",\"@id\":\"https:\/\/www.erresse-shop.it\/es\/shop\/tabla\/cestas-de-picnic\/cilio-cesta-picnic-palermo-copia\/#breadcrumb\",\"itemListElement\":[{\"@type\":\"ListItem\",\"position\":1,\"name\":\"Home\",\"item\":\"https:\/\/www.erresse-shop.it\/es\/\"},{\"@type\":\"ListItem\",\"position\":2,\"name\":\"Shop\",\"item\":\"https:\/\/www.erresse-shop.it\/es\/shop\/\"},{\"@type\":\"ListItem\",\"position\":3,\"name\":\"CILIO Plaid Picnic Weekend\"}]},{\"@type\":\"WebSite\",\"@id\":\"https:\/\/www.erresse-shop.it\/es\/#website\",\"url\":\"https:\/\/www.erresse-shop.it\/es\/\",\"name\":\"Erresse Shop\",\"description\":\"Articoli di qualit\u00e0 per la casa\",\"potentialAction\":[{\"@type\":\"SearchAction\",\"target\":{\"@type\":\"EntryPoint\",\"urlTemplate\":\"https:\/\/www.erresse-shop.it\/es\/?s={search_term_string}\"},\"query-input\":\"required name=search_term_string\"}],\"inLanguage\":\"es\"}]}<\/script>\n<!-- \/ Yoast SEO Premium plugin. -->","yoast_head_json":{"title":"CILIO Plaid Picnic Weekend - Erresse Shop","description":"\u00a1Llega el ambiente de fin de semana! La manta de picnic WEEKEND de cilio te invita a mirar las nubes, dejar vagar tus pensamientos y desconectar. La parte","robots":{"index":"index","follow":"follow","max-snippet":"max-snippet:-1","max-image-preview":"max-image-preview:large","max-video-preview":"max-video-preview:-1"},"canonical":"https:\/\/www.erresse-shop.it\/es\/shop\/tabla\/cestas-de-picnic\/cilio-cesta-picnic-palermo-copia\/","og_locale":"es_ES","og_type":"article","og_title":"CILIO Plaid Picnic Weekend","og_description":"\u00a1Llega el ambiente de fin de semana! La manta de picnic WEEKEND de cilio te invita a mirar las nubes, dejar vagar tus pensamientos y desconectar. La parte","og_url":"https:\/\/www.erresse-shop.it\/es\/shop\/tabla\/cestas-de-picnic\/cilio-cesta-picnic-palermo-copia\/","og_site_name":"Erresse Shop","article_modified_time":"2024-05-09T07:58:40+00:00","og_image":[{"width":800,"height":800,"url":"https:\/\/www.erresse-shop.it\/wp-content\/uploads\/2024\/04\/CILIO-Plaid-Picnic-Weekend.jpg","type":"image\/jpeg"}],"twitter_card":"summary_large_image","schema":{"@context":"https:\/\/schema.org","@graph":[{"@type":"WebPage","@id":"https:\/\/www.erresse-shop.it\/es\/shop\/tabla\/cestas-de-picnic\/cilio-cesta-picnic-palermo-copia\/","url":"https:\/\/www.erresse-shop.it\/es\/shop\/tabla\/cestas-de-picnic\/cilio-cesta-picnic-palermo-copia\/","name":"CILIO Plaid Picnic Weekend - Erresse Shop","isPartOf":{"@id":"https:\/\/www.erresse-shop.it\/es\/#website"},"datePublished":"2024-04-16T09:16:00+00:00","dateModified":"2024-05-09T07:58:40+00:00","description":"\u00a1Llega el ambiente de fin de semana! La manta de picnic WEEKEND de cilio te invita a mirar las nubes, dejar vagar tus pensamientos y desconectar. La parte","breadcrumb":{"@id":"https:\/\/www.erresse-shop.it\/es\/shop\/tabla\/cestas-de-picnic\/cilio-cesta-picnic-palermo-copia\/#breadcrumb"},"inLanguage":"es","potentialAction":[{"@type":"ReadAction","target":["https:\/\/www.erresse-shop.it\/es\/shop\/tabla\/cestas-de-picnic\/cilio-cesta-picnic-palermo-copia\/"]}]},{"@type":"BreadcrumbList","@id":"https:\/\/www.erresse-shop.it\/es\/shop\/tabla\/cestas-de-picnic\/cilio-cesta-picnic-palermo-copia\/#breadcrumb","itemListElement":[{"@type":"ListItem","position":1,"name":"Home","item":"https:\/\/www.erresse-shop.it\/es\/"},{"@type":"ListItem","position":2,"name":"Shop","item":"https:\/\/www.erresse-shop.it\/es\/shop\/"},{"@type":"ListItem","position":3,"name":"CILIO Plaid Picnic Weekend"}]},{"@type":"WebSite","@id":"https:\/\/www.erresse-shop.it\/es\/#website","url":"https:\/\/www.erresse-shop.it\/es\/","name":"Erresse Shop","description":"Articoli di qualit\u00e0 per la casa","potentialAction":[{"@type":"SearchAction","target":{"@type":"EntryPoint","urlTemplate":"https:\/\/www.erresse-shop.it\/es\/?s={search_term_string}"},"query-input":"required name=search_term_string"}],"inLanguage":"es"}]}},"df_price":14.795,"df_sale_price":14.795,"df_regular_price":26.9,"df_image_link":"https:\/\/www.erresse-shop.it\/wp-content\/uploads\/2024\/04\/CILIO-Plaid-Picnic-Weekend-300x300.jpg","_links":{"self":[{"href":"https:\/\/www.erresse-shop.it\/es\/wp-json\/wp\/v2\/product\/402512"}],"collection":[{"href":"https:\/\/www.erresse-shop.it\/es\/wp-json\/wp\/v2\/product"}],"about":[{"href":"https:\/\/www.erresse-shop.it\/es\/wp-json\/wp\/v2\/types\/product"}],"wp:featuredmedia":[{"embeddable":true,"href":"https:\/\/www.erresse-shop.it\/es\/wp-json\/wp\/v2\/media\/431257"}],"wp:attachment":[{"href":"https:\/\/www.erresse-shop.it\/es\/wp-json\/wp\/v2\/media?parent=402512"}],"wp:term":[{"taxonomy":"product_cat","embeddable":true,"href":"https:\/\/www.erresse-shop.it\/es\/wp-json\/wp\/v2\/product_cat?post=402512"},{"taxonomy":"product_tag","embeddable":true,"href":"https:\/\/www.erresse-shop.it\/es\/wp-json\/wp\/v2\/product_tag?post=402512"}],"curies":[{"name":"wp","href":"https:\/\/api.w.org\/{rel}","templated":true}]}}