{"id":402489,"date":"2024-04-16T08:52:40","date_gmt":"2024-04-16T08:52:45","guid":{"rendered":"https:\/\/www.erresse-shop.it\/?post_type=product&#038;p=402489"},"modified":"2026-02-13T12:15:47","modified_gmt":"2026-02-13T12:15:47","slug":"cilio-cesta-picnic-salerno-copia","status":"publish","type":"product","link":"https:\/\/www.erresse-shop.it\/es\/shop\/tabla\/cestas-de-picnic\/cilio-cesta-picnic-salerno-copia\/","title":{"rendered":"CILIO Cesta Picnic Palermo"},"content":{"rendered":"<div class=\"n4sEPd\">\n<div class=\"QFw9Te BLojaf\">\n<div class=\"D5aOJc vJwDU\"><\/div>\n<div class=\"hlJJmd\">\n<div class=\"D5aOJc Hapztf\"><\/div>\n<div class=\"Bmcqed\" dir=\"ltr\">\n<div data-id=\"kvLWu\"><\/div>\n<\/div>\n<\/div>\n<div class=\"cEWAef\"><\/div>\n<div class=\"fXYY1b D5aOJc\"><\/div>\n<div id=\"ow13\" class=\"NQSJo\"><\/div>\n<\/div>\n<div class=\"DVHrxd\"><\/div>\n<div class=\"UdTY9 BwTYAc leDWne\" aria-hidden=\"true\" data-location=\"1\">\n<div class=\"kO6q6e\"><\/div>\n<\/div>\n<div>\n<div class=\"j1rqpc\"><i class=\"material-icons-extended notranslate VfPpkd-kBDsod ODAbH\" lang=\"\" aria-hidden=\"true\">auto_awesome<\/i><\/p>\n<div class=\"VhOj3e\">\n<div>Traduci da: <span class=\"mvqA2c\" tabindex=\"0\" role=\"button\" data-sl=\"en\">Inglese<\/span><\/div>\n<\/div>\n<\/div>\n<\/div>\n<div class=\"ebT7ne uE8p1 sMVRZe\">\n<div class=\"F0pQVc\"><\/div>\n<\/div>\n<div class=\"FFpbKc\">\n<div class=\"xMmqsf\">\n<div><\/div>\n<div class=\"r375lc\">\n<div class=\"aJIq1d\" dir=\"ltr\" data-language-code=\"it\" data-language-name=\"Italiano\" data-text=\"\" data-crosslingual-hint=\"undefined\" data-location=\"1\" data-enable-toggle-playback-speed=\"true\">\n<div class=\"m0Qfkd\"><\/div>\n<\/div>\n<\/div>\n<div class=\"sgoZQb\"><\/div>\n<p><span class=\"ZTPlmc\" dir=\"ltr\" role=\"img\" aria-label=\"542 caratteri utilizzati su 5.000\">542<\/span><\/p>\n<div class=\"nidPne\">\n<div data-show-delay-ms=\"250\" data-append-to-body=\"true\" data-propagate-tooltip-mouseover-events=\"true\" data-anchor-corner=\"bottom-left\" data-enable-skip-handler=\"true\" data-popup-corner=\"top-left\">\n<div class=\"dig2sb\">\n<div class=\"scLCMd\">\n<div id=\"itamenu\"><\/div>\n<\/div>\n<\/div>\n<\/div>\n<\/div>\n<\/div>\n<\/div>\n<\/div>\n<div class=\"QcsUad BDJ8fb BLojaf sMVRZe hCXDsb wneUed\">\n<div class=\"usGWQd\">\n<div class=\"KkbLmb\">\n<div class=\"lRu31\" dir=\"ltr\"><span class=\"HwtZe\" lang=\"es\"><span class=\"jCAhz\"><span class=\"ryNqvb\">\u00a1Sorpresa!<\/span><\/span> <span class=\"jCAhz\"><span class=\"ryNqvb\">Hoy almorzamos en familia en un oasis verde al aire libre para disfrutar de un d\u00eda relajante y divertido.<\/span><\/span><span class=\"jCAhz\"><span class=\"ryNqvb\"> O cenamos al aire libre a la luz de las velas.<\/span><\/span> <span class=\"jCAhz ChMk0b\"><span class=\"ryNqvb\">La cesta de picnic Cilio Palermo contiene todo lo necesario para un almuerzo familiar o una cena rom\u00e1ntica.<\/span><\/span><span class=\"jCAhz ChMk0b\"><span class=\"ryNqvb\"> Incluye cubiertos, vasos y platos para cuatro.<\/span><\/span> <span class=\"jCAhz ChMk0b\"><span class=\"ryNqvb\">Cada cesta tiene espacio de sobra para tus platos favoritos, velas de t\u00e9 y un compartimento t\u00e9rmico para mantener la comida caliente.<\/span><\/span><span class=\"jCAhz ChMk0b\"><span class=\"ryNqvb\"> Las correas internas evitan que se caiga nada al suelo;<\/span><\/span> <span class=\"jCAhz ChMk0b\"><span class=\"ryNqvb\">el asa de transporte resistente lo mantiene todo bajo control.<\/span><\/span><\/span><\/div>\n<\/div>\n<\/div>\n<\/div>\n<p>En el interior encontrar\u00e1s:<\/p>\n<ul>\n<li>4 platos de cer\u00e1mica de 18 cm<\/li>\n<li>4 vasos de cristal<\/li>\n<li>Cubiertos para 4 personas<\/li>\n<li>1 Tabla de cortar 14 x 14 cm<\/li>\n<li>Bandolera ajustable de poli\u00e9ster<\/li>\n<li>Compartimento t\u00e9rmico<\/li>\n<\/ul>\n<p><strong>Dimensiones<\/strong>: 65 x 34,5 x 26 cm<br \/>\n<strong>Material<\/strong>: mimbre y pino<\/p>\n<p><strong>Cilio<\/strong> se fund\u00f3 en <strong>1993 en Solingen<\/strong>, donde sigue teniendo su sede en la actualidad. Desde el principio, Cilio ha concedido gran importancia a la combinaci\u00f3n de materiales de alta calidad, dise\u00f1o distintivo, excelente artesan\u00eda y mano de obra industrial con una utilidad perfecta. Esta filosof\u00eda se extiende a todos los sectores.<\/p>\n","protected":false},"excerpt":{"rendered":"<p>auto_awesome Traduci da: Inglese 542 \u00a1Sorpresa! Hoy almorzamos en familia en un oasis verde al aire libre para disfrutar de<\/p>\n","protected":false},"featured_media":431269,"template":"","meta":{"_acf_changed":false,"inline_featured_image":false},"product_cat":[16038,16027],"product_tag":[25029,16261,24605,25023],"acf":[],"yoast_head":"<!-- This site is optimized with the Yoast SEO Premium plugin v18.6 (Yoast SEO v19.13) - https:\/\/yoast.com\/wordpress\/plugins\/seo\/ -->\n<title>CILIO Cesta Picnic Palermo - Erresse Shop<\/title>\n<meta name=\"description\" content=\"auto_awesome Traduci da: Inglese 542 \u00a1Sorpresa! Hoy almorzamos en familia en un oasis verde al aire libre para disfrutar de un d\u00eda relajante y divertido.\" \/>\n<meta name=\"robots\" content=\"index, follow, max-snippet:-1, max-image-preview:large, max-video-preview:-1\" \/>\n<link rel=\"canonical\" href=\"https:\/\/www.erresse-shop.it\/es\/shop\/tabla\/cestas-de-picnic\/cilio-cesta-picnic-salerno-copia\/\" \/>\n<meta property=\"og:locale\" content=\"es_ES\" \/>\n<meta property=\"og:type\" content=\"article\" \/>\n<meta property=\"og:title\" content=\"CILIO Cesta Picnic Palermo\" \/>\n<meta property=\"og:description\" content=\"auto_awesome Traduci da: Inglese 542 \u00a1Sorpresa! Hoy almorzamos en familia en un oasis verde al aire libre para disfrutar de un d\u00eda relajante y divertido.\" \/>\n<meta property=\"og:url\" content=\"https:\/\/www.erresse-shop.it\/es\/shop\/tabla\/cestas-de-picnic\/cilio-cesta-picnic-salerno-copia\/\" \/>\n<meta property=\"og:site_name\" content=\"Erresse Shop\" \/>\n<meta property=\"article:modified_time\" content=\"2026-02-13T12:15:47+00:00\" \/>\n<meta property=\"og:image\" content=\"https:\/\/www.erresse-shop.it\/wp-content\/uploads\/2024\/04\/CILIO-Cestino-Picnic-Palermo.jpg\" \/>\n\t<meta property=\"og:image:width\" content=\"800\" \/>\n\t<meta property=\"og:image:height\" content=\"800\" \/>\n\t<meta property=\"og:image:type\" content=\"image\/jpeg\" \/>\n<meta name=\"twitter:card\" content=\"summary_large_image\" \/>\n<script type=\"application\/ld+json\" class=\"yoast-schema-graph\">{\"@context\":\"https:\/\/schema.org\",\"@graph\":[{\"@type\":\"WebPage\",\"@id\":\"https:\/\/www.erresse-shop.it\/es\/shop\/tabla\/cestas-de-picnic\/cilio-cesta-picnic-salerno-copia\/\",\"url\":\"https:\/\/www.erresse-shop.it\/es\/shop\/tabla\/cestas-de-picnic\/cilio-cesta-picnic-salerno-copia\/\",\"name\":\"CILIO Cesta Picnic Palermo - Erresse Shop\",\"isPartOf\":{\"@id\":\"https:\/\/www.erresse-shop.it\/es\/#website\"},\"datePublished\":\"2024-04-16T08:52:45+00:00\",\"dateModified\":\"2026-02-13T12:15:47+00:00\",\"description\":\"auto_awesome Traduci da: Inglese 542 \u00a1Sorpresa! Hoy almorzamos en familia en un oasis verde al aire libre para disfrutar de un d\u00eda relajante y divertido.\",\"breadcrumb\":{\"@id\":\"https:\/\/www.erresse-shop.it\/es\/shop\/tabla\/cestas-de-picnic\/cilio-cesta-picnic-salerno-copia\/#breadcrumb\"},\"inLanguage\":\"es\",\"potentialAction\":[{\"@type\":\"ReadAction\",\"target\":[\"https:\/\/www.erresse-shop.it\/es\/shop\/tabla\/cestas-de-picnic\/cilio-cesta-picnic-salerno-copia\/\"]}]},{\"@type\":\"BreadcrumbList\",\"@id\":\"https:\/\/www.erresse-shop.it\/es\/shop\/tabla\/cestas-de-picnic\/cilio-cesta-picnic-salerno-copia\/#breadcrumb\",\"itemListElement\":[{\"@type\":\"ListItem\",\"position\":1,\"name\":\"Home\",\"item\":\"https:\/\/www.erresse-shop.it\/es\/\"},{\"@type\":\"ListItem\",\"position\":2,\"name\":\"Shop\",\"item\":\"https:\/\/www.erresse-shop.it\/es\/shop\/\"},{\"@type\":\"ListItem\",\"position\":3,\"name\":\"CILIO Cesta Picnic Palermo\"}]},{\"@type\":\"WebSite\",\"@id\":\"https:\/\/www.erresse-shop.it\/es\/#website\",\"url\":\"https:\/\/www.erresse-shop.it\/es\/\",\"name\":\"Erresse Shop\",\"description\":\"Articoli di qualit\u00e0 per la casa\",\"potentialAction\":[{\"@type\":\"SearchAction\",\"target\":{\"@type\":\"EntryPoint\",\"urlTemplate\":\"https:\/\/www.erresse-shop.it\/es\/?s={search_term_string}\"},\"query-input\":\"required name=search_term_string\"}],\"inLanguage\":\"es\"}]}<\/script>\n<!-- \/ Yoast SEO Premium plugin. -->","yoast_head_json":{"title":"CILIO Cesta Picnic Palermo - Erresse Shop","description":"auto_awesome Traduci da: Inglese 542 \u00a1Sorpresa! Hoy almorzamos en familia en un oasis verde al aire libre para disfrutar de un d\u00eda relajante y divertido.","robots":{"index":"index","follow":"follow","max-snippet":"max-snippet:-1","max-image-preview":"max-image-preview:large","max-video-preview":"max-video-preview:-1"},"canonical":"https:\/\/www.erresse-shop.it\/es\/shop\/tabla\/cestas-de-picnic\/cilio-cesta-picnic-salerno-copia\/","og_locale":"es_ES","og_type":"article","og_title":"CILIO Cesta Picnic Palermo","og_description":"auto_awesome Traduci da: Inglese 542 \u00a1Sorpresa! Hoy almorzamos en familia en un oasis verde al aire libre para disfrutar de un d\u00eda relajante y divertido.","og_url":"https:\/\/www.erresse-shop.it\/es\/shop\/tabla\/cestas-de-picnic\/cilio-cesta-picnic-salerno-copia\/","og_site_name":"Erresse Shop","article_modified_time":"2026-02-13T12:15:47+00:00","og_image":[{"width":800,"height":800,"url":"https:\/\/www.erresse-shop.it\/wp-content\/uploads\/2024\/04\/CILIO-Cestino-Picnic-Palermo.jpg","type":"image\/jpeg"}],"twitter_card":"summary_large_image","schema":{"@context":"https:\/\/schema.org","@graph":[{"@type":"WebPage","@id":"https:\/\/www.erresse-shop.it\/es\/shop\/tabla\/cestas-de-picnic\/cilio-cesta-picnic-salerno-copia\/","url":"https:\/\/www.erresse-shop.it\/es\/shop\/tabla\/cestas-de-picnic\/cilio-cesta-picnic-salerno-copia\/","name":"CILIO Cesta Picnic Palermo - Erresse Shop","isPartOf":{"@id":"https:\/\/www.erresse-shop.it\/es\/#website"},"datePublished":"2024-04-16T08:52:45+00:00","dateModified":"2026-02-13T12:15:47+00:00","description":"auto_awesome Traduci da: Inglese 542 \u00a1Sorpresa! Hoy almorzamos en familia en un oasis verde al aire libre para disfrutar de un d\u00eda relajante y divertido.","breadcrumb":{"@id":"https:\/\/www.erresse-shop.it\/es\/shop\/tabla\/cestas-de-picnic\/cilio-cesta-picnic-salerno-copia\/#breadcrumb"},"inLanguage":"es","potentialAction":[{"@type":"ReadAction","target":["https:\/\/www.erresse-shop.it\/es\/shop\/tabla\/cestas-de-picnic\/cilio-cesta-picnic-salerno-copia\/"]}]},{"@type":"BreadcrumbList","@id":"https:\/\/www.erresse-shop.it\/es\/shop\/tabla\/cestas-de-picnic\/cilio-cesta-picnic-salerno-copia\/#breadcrumb","itemListElement":[{"@type":"ListItem","position":1,"name":"Home","item":"https:\/\/www.erresse-shop.it\/es\/"},{"@type":"ListItem","position":2,"name":"Shop","item":"https:\/\/www.erresse-shop.it\/es\/shop\/"},{"@type":"ListItem","position":3,"name":"CILIO Cesta Picnic Palermo"}]},{"@type":"WebSite","@id":"https:\/\/www.erresse-shop.it\/es\/#website","url":"https:\/\/www.erresse-shop.it\/es\/","name":"Erresse Shop","description":"Articoli di qualit\u00e0 per la casa","potentialAction":[{"@type":"SearchAction","target":{"@type":"EntryPoint","urlTemplate":"https:\/\/www.erresse-shop.it\/es\/?s={search_term_string}"},"query-input":"required name=search_term_string"}],"inLanguage":"es"}]}},"df_price":149.95,"df_sale_price":149.95,"df_regular_price":209.9,"df_image_link":"https:\/\/www.erresse-shop.it\/wp-content\/uploads\/2024\/04\/CILIO-Cestino-Picnic-Palermo-300x300.jpg","_links":{"self":[{"href":"https:\/\/www.erresse-shop.it\/es\/wp-json\/wp\/v2\/product\/402489"}],"collection":[{"href":"https:\/\/www.erresse-shop.it\/es\/wp-json\/wp\/v2\/product"}],"about":[{"href":"https:\/\/www.erresse-shop.it\/es\/wp-json\/wp\/v2\/types\/product"}],"wp:featuredmedia":[{"embeddable":true,"href":"https:\/\/www.erresse-shop.it\/es\/wp-json\/wp\/v2\/media\/431269"}],"wp:attachment":[{"href":"https:\/\/www.erresse-shop.it\/es\/wp-json\/wp\/v2\/media?parent=402489"}],"wp:term":[{"taxonomy":"product_cat","embeddable":true,"href":"https:\/\/www.erresse-shop.it\/es\/wp-json\/wp\/v2\/product_cat?post=402489"},{"taxonomy":"product_tag","embeddable":true,"href":"https:\/\/www.erresse-shop.it\/es\/wp-json\/wp\/v2\/product_tag?post=402489"}],"curies":[{"name":"wp","href":"https:\/\/api.w.org\/{rel}","templated":true}]}}