{"id":402337,"date":"2024-04-16T07:02:37","date_gmt":"2024-04-16T07:02:41","guid":{"rendered":"https:\/\/www.erresse-shop.it\/?post_type=product&#038;p=402337"},"modified":"2024-07-05T14:54:15","modified_gmt":"2024-07-05T14:54:15","slug":"zwilling-focus-set-5-bateria-de-cocina-copia","status":"publish","type":"product","link":"https:\/\/www.erresse-shop.it\/es\/shop\/sartenes-y-ollas\/juegos-de-ollas\/zwilling-focus-set-5-bateria-de-cocina-copia\/","title":{"rendered":"ZWILLING Vitality Set 5 Bater\u00eda de cocina"},"content":{"rendered":"<p>Gracias al fondo s\u00e1ndwich SIGMA Classic+, es apta para cualquier tipo de placa, incluidas las de inducci\u00f3n. El calor se distribuye uniformemente por todo el fondo y se conserva durante mucho tiempo, mientras que las asas Stay Cool se mantienen fr\u00edas durante mucho tiempo. La olla est\u00e1 equipada con una pr\u00e1ctica tapa de cristal que permite controlar el proceso de cocci\u00f3n en todo momento sin necesidad de levantarla. De este modo, el vapor y el calor permanecen en la olla, ahorr\u00e1ndole energ\u00eda. La olla tambi\u00e9n le libera de otra tarea importante: lavarla. Porque los productos de la colecci\u00f3n Vitality son aptos para el lavavajillas. El dise\u00f1o creado por Stefan Sch\u00f6ning es maravillosamente sencillo y extremadamente funcional. Tanto en la cocina como en el aparador o en la mesa, esta bater\u00eda de cocina quedar\u00e1 bien en cualquier sitio.<\/p>\n<p>Superficie de acero inoxidable 18\/10 higi\u00e9nica y segura para el sabor<br \/>\nFondo s\u00e1ndwich SIGMA Classic+, apto para placas de inducci\u00f3n<br \/>\nExcelente acumulaci\u00f3n y distribuci\u00f3n del calor en todo el fondo<br \/>\nS\u00f3lidas asas Stay Cool de acero inoxidable<br \/>\nTapa con estructura interior de silicona, cubierta por una protecci\u00f3n de acero inoxidable, para cocinar ahorrando energ\u00eda y agua<br \/>\nApta para cualquier tipo de placa, incluidas las de inducci\u00f3n<\/p>\n<p><strong>En su interior encontrar\u00e1:<\/strong><\/p>\n<p>1 cazuela de 20 cm<br \/>\n1 cazuela de 16 cm<br \/>\n1 cacerola de 16 cm<br \/>\n1 cacerola de 20 cm<br \/>\n1 cacerola de 24 cm<\/p>\n<p><strong>Apta para lavavajillas. Tambi\u00e9n se puede utilizar en el horno.<\/strong><\/p>\n","protected":false},"excerpt":{"rendered":"<p>Gracias al fondo s\u00e1ndwich SIGMA Classic+, es apta para cualquier tipo de placa, incluidas las de inducci\u00f3n. El calor se<\/p>\n","protected":false},"featured_media":402345,"template":"","meta":{"_acf_changed":false,"inline_featured_image":false},"product_cat":[16064,16058],"product_tag":[25039,25023],"acf":[],"yoast_head":"<!-- This site is optimized with the Yoast SEO Premium plugin v18.6 (Yoast SEO v19.13) - https:\/\/yoast.com\/wordpress\/plugins\/seo\/ -->\n<title>ZWILLING Vitality Set 5 Bater\u00eda de cocina - Erresse Shop<\/title>\n<meta name=\"description\" content=\"Gracias al fondo s\u00e1ndwich SIGMA Classic+, es apta para cualquier tipo de placa, incluidas las de inducci\u00f3n. El calor se distribuye uniformemente por todo\" \/>\n<meta name=\"robots\" content=\"index, follow, max-snippet:-1, max-image-preview:large, max-video-preview:-1\" \/>\n<link rel=\"canonical\" href=\"https:\/\/www.erresse-shop.it\/es\/shop\/sartenes-y-ollas\/juegos-de-ollas\/zwilling-focus-set-5-bateria-de-cocina-copia\/\" \/>\n<meta property=\"og:locale\" content=\"es_ES\" \/>\n<meta property=\"og:type\" content=\"article\" \/>\n<meta property=\"og:title\" content=\"ZWILLING Vitality Set 5 Bater\u00eda de cocina\" \/>\n<meta property=\"og:description\" content=\"Gracias al fondo s\u00e1ndwich SIGMA Classic+, es apta para cualquier tipo de placa, incluidas las de inducci\u00f3n. El calor se distribuye uniformemente por todo\" \/>\n<meta property=\"og:url\" content=\"https:\/\/www.erresse-shop.it\/es\/shop\/sartenes-y-ollas\/juegos-de-ollas\/zwilling-focus-set-5-bateria-de-cocina-copia\/\" \/>\n<meta property=\"og:site_name\" content=\"Erresse Shop\" \/>\n<meta property=\"article:modified_time\" content=\"2024-07-05T14:54:15+00:00\" \/>\n<meta property=\"og:image\" content=\"https:\/\/www.erresse-shop.it\/wp-content\/uploads\/2024\/04\/zwilling-set-5-pentole-vitality.jpg\" \/>\n\t<meta property=\"og:image:width\" content=\"800\" \/>\n\t<meta property=\"og:image:height\" content=\"800\" \/>\n\t<meta property=\"og:image:type\" content=\"image\/jpeg\" \/>\n<meta name=\"twitter:card\" content=\"summary_large_image\" \/>\n<script type=\"application\/ld+json\" class=\"yoast-schema-graph\">{\"@context\":\"https:\/\/schema.org\",\"@graph\":[{\"@type\":\"WebPage\",\"@id\":\"https:\/\/www.erresse-shop.it\/es\/shop\/sartenes-y-ollas\/juegos-de-ollas\/zwilling-focus-set-5-bateria-de-cocina-copia\/\",\"url\":\"https:\/\/www.erresse-shop.it\/es\/shop\/sartenes-y-ollas\/juegos-de-ollas\/zwilling-focus-set-5-bateria-de-cocina-copia\/\",\"name\":\"ZWILLING Vitality Set 5 Bater\u00eda de cocina - Erresse Shop\",\"isPartOf\":{\"@id\":\"https:\/\/www.erresse-shop.it\/es\/#website\"},\"datePublished\":\"2024-04-16T07:02:41+00:00\",\"dateModified\":\"2024-07-05T14:54:15+00:00\",\"description\":\"Gracias al fondo s\u00e1ndwich SIGMA Classic+, es apta para cualquier tipo de placa, incluidas las de inducci\u00f3n. El calor se distribuye uniformemente por todo\",\"breadcrumb\":{\"@id\":\"https:\/\/www.erresse-shop.it\/es\/shop\/sartenes-y-ollas\/juegos-de-ollas\/zwilling-focus-set-5-bateria-de-cocina-copia\/#breadcrumb\"},\"inLanguage\":\"es\",\"potentialAction\":[{\"@type\":\"ReadAction\",\"target\":[\"https:\/\/www.erresse-shop.it\/es\/shop\/sartenes-y-ollas\/juegos-de-ollas\/zwilling-focus-set-5-bateria-de-cocina-copia\/\"]}]},{\"@type\":\"BreadcrumbList\",\"@id\":\"https:\/\/www.erresse-shop.it\/es\/shop\/sartenes-y-ollas\/juegos-de-ollas\/zwilling-focus-set-5-bateria-de-cocina-copia\/#breadcrumb\",\"itemListElement\":[{\"@type\":\"ListItem\",\"position\":1,\"name\":\"Home\",\"item\":\"https:\/\/www.erresse-shop.it\/es\/\"},{\"@type\":\"ListItem\",\"position\":2,\"name\":\"Shop\",\"item\":\"https:\/\/www.erresse-shop.it\/es\/shop\/\"},{\"@type\":\"ListItem\",\"position\":3,\"name\":\"ZWILLING Vitality Set 5 Bater\u00eda de cocina\"}]},{\"@type\":\"WebSite\",\"@id\":\"https:\/\/www.erresse-shop.it\/es\/#website\",\"url\":\"https:\/\/www.erresse-shop.it\/es\/\",\"name\":\"Erresse Shop\",\"description\":\"Articoli di qualit\u00e0 per la casa\",\"potentialAction\":[{\"@type\":\"SearchAction\",\"target\":{\"@type\":\"EntryPoint\",\"urlTemplate\":\"https:\/\/www.erresse-shop.it\/es\/?s={search_term_string}\"},\"query-input\":\"required name=search_term_string\"}],\"inLanguage\":\"es\"}]}<\/script>\n<!-- \/ Yoast SEO Premium plugin. -->","yoast_head_json":{"title":"ZWILLING Vitality Set 5 Bater\u00eda de cocina - Erresse Shop","description":"Gracias al fondo s\u00e1ndwich SIGMA Classic+, es apta para cualquier tipo de placa, incluidas las de inducci\u00f3n. El calor se distribuye uniformemente por todo","robots":{"index":"index","follow":"follow","max-snippet":"max-snippet:-1","max-image-preview":"max-image-preview:large","max-video-preview":"max-video-preview:-1"},"canonical":"https:\/\/www.erresse-shop.it\/es\/shop\/sartenes-y-ollas\/juegos-de-ollas\/zwilling-focus-set-5-bateria-de-cocina-copia\/","og_locale":"es_ES","og_type":"article","og_title":"ZWILLING Vitality Set 5 Bater\u00eda de cocina","og_description":"Gracias al fondo s\u00e1ndwich SIGMA Classic+, es apta para cualquier tipo de placa, incluidas las de inducci\u00f3n. El calor se distribuye uniformemente por todo","og_url":"https:\/\/www.erresse-shop.it\/es\/shop\/sartenes-y-ollas\/juegos-de-ollas\/zwilling-focus-set-5-bateria-de-cocina-copia\/","og_site_name":"Erresse Shop","article_modified_time":"2024-07-05T14:54:15+00:00","og_image":[{"width":800,"height":800,"url":"https:\/\/www.erresse-shop.it\/wp-content\/uploads\/2024\/04\/zwilling-set-5-pentole-vitality.jpg","type":"image\/jpeg"}],"twitter_card":"summary_large_image","schema":{"@context":"https:\/\/schema.org","@graph":[{"@type":"WebPage","@id":"https:\/\/www.erresse-shop.it\/es\/shop\/sartenes-y-ollas\/juegos-de-ollas\/zwilling-focus-set-5-bateria-de-cocina-copia\/","url":"https:\/\/www.erresse-shop.it\/es\/shop\/sartenes-y-ollas\/juegos-de-ollas\/zwilling-focus-set-5-bateria-de-cocina-copia\/","name":"ZWILLING Vitality Set 5 Bater\u00eda de cocina - Erresse Shop","isPartOf":{"@id":"https:\/\/www.erresse-shop.it\/es\/#website"},"datePublished":"2024-04-16T07:02:41+00:00","dateModified":"2024-07-05T14:54:15+00:00","description":"Gracias al fondo s\u00e1ndwich SIGMA Classic+, es apta para cualquier tipo de placa, incluidas las de inducci\u00f3n. El calor se distribuye uniformemente por todo","breadcrumb":{"@id":"https:\/\/www.erresse-shop.it\/es\/shop\/sartenes-y-ollas\/juegos-de-ollas\/zwilling-focus-set-5-bateria-de-cocina-copia\/#breadcrumb"},"inLanguage":"es","potentialAction":[{"@type":"ReadAction","target":["https:\/\/www.erresse-shop.it\/es\/shop\/sartenes-y-ollas\/juegos-de-ollas\/zwilling-focus-set-5-bateria-de-cocina-copia\/"]}]},{"@type":"BreadcrumbList","@id":"https:\/\/www.erresse-shop.it\/es\/shop\/sartenes-y-ollas\/juegos-de-ollas\/zwilling-focus-set-5-bateria-de-cocina-copia\/#breadcrumb","itemListElement":[{"@type":"ListItem","position":1,"name":"Home","item":"https:\/\/www.erresse-shop.it\/es\/"},{"@type":"ListItem","position":2,"name":"Shop","item":"https:\/\/www.erresse-shop.it\/es\/shop\/"},{"@type":"ListItem","position":3,"name":"ZWILLING Vitality Set 5 Bater\u00eda de cocina"}]},{"@type":"WebSite","@id":"https:\/\/www.erresse-shop.it\/es\/#website","url":"https:\/\/www.erresse-shop.it\/es\/","name":"Erresse Shop","description":"Articoli di qualit\u00e0 per la casa","potentialAction":[{"@type":"SearchAction","target":{"@type":"EntryPoint","urlTemplate":"https:\/\/www.erresse-shop.it\/es\/?s={search_term_string}"},"query-input":"required name=search_term_string"}],"inLanguage":"es"}]}},"df_price":149.975,"df_sale_price":149.975,"df_regular_price":299.95,"df_image_link":"https:\/\/www.erresse-shop.it\/wp-content\/uploads\/2024\/04\/zwilling-set-5-pentole-vitality-300x300.jpg","_links":{"self":[{"href":"https:\/\/www.erresse-shop.it\/es\/wp-json\/wp\/v2\/product\/402337"}],"collection":[{"href":"https:\/\/www.erresse-shop.it\/es\/wp-json\/wp\/v2\/product"}],"about":[{"href":"https:\/\/www.erresse-shop.it\/es\/wp-json\/wp\/v2\/types\/product"}],"wp:featuredmedia":[{"embeddable":true,"href":"https:\/\/www.erresse-shop.it\/es\/wp-json\/wp\/v2\/media\/402345"}],"wp:attachment":[{"href":"https:\/\/www.erresse-shop.it\/es\/wp-json\/wp\/v2\/media?parent=402337"}],"wp:term":[{"taxonomy":"product_cat","embeddable":true,"href":"https:\/\/www.erresse-shop.it\/es\/wp-json\/wp\/v2\/product_cat?post=402337"},{"taxonomy":"product_tag","embeddable":true,"href":"https:\/\/www.erresse-shop.it\/es\/wp-json\/wp\/v2\/product_tag?post=402337"}],"curies":[{"name":"wp","href":"https:\/\/api.w.org\/{rel}","templated":true}]}}