{"id":401241,"date":"2024-04-08T07:44:44","date_gmt":"2024-04-08T07:44:46","guid":{"rendered":"https:\/\/www.erresse-shop.it\/?post_type=product&#038;p=401241"},"modified":"2024-04-08T07:56:01","modified_gmt":"2024-04-08T07:56:01","slug":"shark-quitamanchas-portatil","status":"publish","type":"product","link":"https:\/\/www.erresse-shop.it\/es\/shop\/pequenos-electrodomesticos\/aspiradoras\/shark-quitamanchas-portatil\/","title":{"rendered":"SHARK Quitamanchas port\u00e1til"},"content":{"rendered":"<p>Quitamanchas de tibur\u00f3n port\u00e1til<br \/>\nDos f\u00f3rmulas de shark que se combinan y activan para eliminar las manchas con eficacia.<\/p>\n<p>Elimine las manchas dif\u00edciles y los olores persistentes de todos los rincones de su hogar con este limpiador compacto que aspira los restos de comida y l\u00edquidos.<br \/>\nLa combinaci\u00f3n de las dos f\u00f3rmulas, Shark CarpetXpert Deep Clean Pro y Shark StainStriker OXY Multiplier, activa 20 veces m\u00e1s la eficacia de eliminaci\u00f3n de manchas.<br \/>\nEl chorro de alta presi\u00f3n penetra profundamente en las fibras de alfombras y tapicer\u00edas sin dejar rastro de humedad.<br \/>\nLa potente succi\u00f3n de Shark extrae la suciedad y los l\u00edquidos para un secado r\u00e1pido.<br \/>\nLa limpiadora es ligera y f\u00e1cil de mover por la casa gracias a su c\u00f3moda asa y su largo cable de alimentaci\u00f3n.<br \/>\nLa manguera y los accesorios permiten limpiar a fondo todos los rincones.<\/p>\n<p><strong>Ficha t\u00e9cnica:<\/strong><\/p>\n<p>Elimina restos de comida y l\u00edquidos, manchas y olores causados por mascotas, barro y suciedad incrustada.<br \/>\nLa potente succi\u00f3n extrae la suciedad y los l\u00edquidos para un secado r\u00e1pido.<br \/>\nPerfecto para tapicer\u00edas, escaleras, alfombras e interiores de autom\u00f3viles.<\/p>\n<p><strong>Contenido de la caja<\/strong><\/p>\n<p>Accesorio manual para manchas dif\u00edciles<br \/>\nAccesorio atrapa manchas de mascotas<br \/>\nBoquilla para hendiduras<br \/>\nAccesorio de limpieza con manguera<br \/>\n177 ml Soluci\u00f3n Shark\u00ae CarpetXpert Deep Clean Pro<br \/>\n355 ml de soluci\u00f3n Shark\u00ae StainStriker OXY Multiplier<\/p>\n<p><b><u><strong>No a la venta fuera de Europa<\/strong><\/u><\/b><\/p>\n","protected":false},"excerpt":{"rendered":"<p>Quitamanchas de tibur\u00f3n port\u00e1til Dos f\u00f3rmulas de shark que se combinan y activan para eliminar las manchas con eficacia. Elimine<\/p>\n","protected":false},"featured_media":401267,"template":"","meta":{"_acf_changed":false,"inline_featured_image":false},"product_cat":[23772,16073],"product_tag":[23776],"acf":[],"yoast_head":"<!-- This site is optimized with the Yoast SEO Premium plugin v18.6 (Yoast SEO v19.13) - https:\/\/yoast.com\/wordpress\/plugins\/seo\/ -->\n<title>SHARK Quitamanchas port\u00e1til - Erresse Shop<\/title>\n<meta name=\"description\" content=\"Quitamanchas de tibur\u00f3n port\u00e1til Dos f\u00f3rmulas de shark que se combinan y activan para eliminar las manchas con eficacia. Elimine las manchas dif\u00edciles y\" \/>\n<meta name=\"robots\" content=\"index, follow, max-snippet:-1, max-image-preview:large, max-video-preview:-1\" \/>\n<link rel=\"canonical\" href=\"https:\/\/www.erresse-shop.it\/es\/shop\/pequenos-electrodomesticos\/aspiradoras\/shark-quitamanchas-portatil\/\" \/>\n<meta property=\"og:locale\" content=\"es_ES\" \/>\n<meta property=\"og:type\" content=\"article\" \/>\n<meta property=\"og:title\" content=\"SHARK Quitamanchas port\u00e1til\" \/>\n<meta property=\"og:description\" content=\"Quitamanchas de tibur\u00f3n port\u00e1til Dos f\u00f3rmulas de shark que se combinan y activan para eliminar las manchas con eficacia. Elimine las manchas dif\u00edciles y\" \/>\n<meta property=\"og:url\" content=\"https:\/\/www.erresse-shop.it\/es\/shop\/pequenos-electrodomesticos\/aspiradoras\/shark-quitamanchas-portatil\/\" \/>\n<meta property=\"og:site_name\" content=\"Erresse Shop\" \/>\n<meta property=\"article:modified_time\" content=\"2024-04-08T07:56:01+00:00\" \/>\n<meta property=\"og:image\" content=\"https:\/\/www.erresse-shop.it\/wp-content\/uploads\/2024\/04\/shark-smacchiatore-portatile-2.jpg\" \/>\n\t<meta property=\"og:image:width\" content=\"800\" \/>\n\t<meta property=\"og:image:height\" content=\"800\" \/>\n\t<meta property=\"og:image:type\" content=\"image\/jpeg\" \/>\n<meta name=\"twitter:card\" content=\"summary_large_image\" \/>\n<script type=\"application\/ld+json\" class=\"yoast-schema-graph\">{\"@context\":\"https:\/\/schema.org\",\"@graph\":[{\"@type\":\"WebPage\",\"@id\":\"https:\/\/www.erresse-shop.it\/es\/shop\/pequenos-electrodomesticos\/aspiradoras\/shark-quitamanchas-portatil\/\",\"url\":\"https:\/\/www.erresse-shop.it\/es\/shop\/pequenos-electrodomesticos\/aspiradoras\/shark-quitamanchas-portatil\/\",\"name\":\"SHARK Quitamanchas port\u00e1til - Erresse Shop\",\"isPartOf\":{\"@id\":\"https:\/\/www.erresse-shop.it\/es\/#website\"},\"datePublished\":\"2024-04-08T07:44:46+00:00\",\"dateModified\":\"2024-04-08T07:56:01+00:00\",\"description\":\"Quitamanchas de tibur\u00f3n port\u00e1til Dos f\u00f3rmulas de shark que se combinan y activan para eliminar las manchas con eficacia. Elimine las manchas dif\u00edciles y\",\"breadcrumb\":{\"@id\":\"https:\/\/www.erresse-shop.it\/es\/shop\/pequenos-electrodomesticos\/aspiradoras\/shark-quitamanchas-portatil\/#breadcrumb\"},\"inLanguage\":\"es\",\"potentialAction\":[{\"@type\":\"ReadAction\",\"target\":[\"https:\/\/www.erresse-shop.it\/es\/shop\/pequenos-electrodomesticos\/aspiradoras\/shark-quitamanchas-portatil\/\"]}]},{\"@type\":\"BreadcrumbList\",\"@id\":\"https:\/\/www.erresse-shop.it\/es\/shop\/pequenos-electrodomesticos\/aspiradoras\/shark-quitamanchas-portatil\/#breadcrumb\",\"itemListElement\":[{\"@type\":\"ListItem\",\"position\":1,\"name\":\"Home\",\"item\":\"https:\/\/www.erresse-shop.it\/es\/\"},{\"@type\":\"ListItem\",\"position\":2,\"name\":\"Shop\",\"item\":\"https:\/\/www.erresse-shop.it\/es\/shop\/\"},{\"@type\":\"ListItem\",\"position\":3,\"name\":\"SHARK Quitamanchas port\u00e1til\"}]},{\"@type\":\"WebSite\",\"@id\":\"https:\/\/www.erresse-shop.it\/es\/#website\",\"url\":\"https:\/\/www.erresse-shop.it\/es\/\",\"name\":\"Erresse Shop\",\"description\":\"Articoli di qualit\u00e0 per la casa\",\"potentialAction\":[{\"@type\":\"SearchAction\",\"target\":{\"@type\":\"EntryPoint\",\"urlTemplate\":\"https:\/\/www.erresse-shop.it\/es\/?s={search_term_string}\"},\"query-input\":\"required name=search_term_string\"}],\"inLanguage\":\"es\"}]}<\/script>\n<!-- \/ Yoast SEO Premium plugin. -->","yoast_head_json":{"title":"SHARK Quitamanchas port\u00e1til - Erresse Shop","description":"Quitamanchas de tibur\u00f3n port\u00e1til Dos f\u00f3rmulas de shark que se combinan y activan para eliminar las manchas con eficacia. Elimine las manchas dif\u00edciles y","robots":{"index":"index","follow":"follow","max-snippet":"max-snippet:-1","max-image-preview":"max-image-preview:large","max-video-preview":"max-video-preview:-1"},"canonical":"https:\/\/www.erresse-shop.it\/es\/shop\/pequenos-electrodomesticos\/aspiradoras\/shark-quitamanchas-portatil\/","og_locale":"es_ES","og_type":"article","og_title":"SHARK Quitamanchas port\u00e1til","og_description":"Quitamanchas de tibur\u00f3n port\u00e1til Dos f\u00f3rmulas de shark que se combinan y activan para eliminar las manchas con eficacia. Elimine las manchas dif\u00edciles y","og_url":"https:\/\/www.erresse-shop.it\/es\/shop\/pequenos-electrodomesticos\/aspiradoras\/shark-quitamanchas-portatil\/","og_site_name":"Erresse Shop","article_modified_time":"2024-04-08T07:56:01+00:00","og_image":[{"width":800,"height":800,"url":"https:\/\/www.erresse-shop.it\/wp-content\/uploads\/2024\/04\/shark-smacchiatore-portatile-2.jpg","type":"image\/jpeg"}],"twitter_card":"summary_large_image","schema":{"@context":"https:\/\/schema.org","@graph":[{"@type":"WebPage","@id":"https:\/\/www.erresse-shop.it\/es\/shop\/pequenos-electrodomesticos\/aspiradoras\/shark-quitamanchas-portatil\/","url":"https:\/\/www.erresse-shop.it\/es\/shop\/pequenos-electrodomesticos\/aspiradoras\/shark-quitamanchas-portatil\/","name":"SHARK Quitamanchas port\u00e1til - Erresse Shop","isPartOf":{"@id":"https:\/\/www.erresse-shop.it\/es\/#website"},"datePublished":"2024-04-08T07:44:46+00:00","dateModified":"2024-04-08T07:56:01+00:00","description":"Quitamanchas de tibur\u00f3n port\u00e1til Dos f\u00f3rmulas de shark que se combinan y activan para eliminar las manchas con eficacia. Elimine las manchas dif\u00edciles y","breadcrumb":{"@id":"https:\/\/www.erresse-shop.it\/es\/shop\/pequenos-electrodomesticos\/aspiradoras\/shark-quitamanchas-portatil\/#breadcrumb"},"inLanguage":"es","potentialAction":[{"@type":"ReadAction","target":["https:\/\/www.erresse-shop.it\/es\/shop\/pequenos-electrodomesticos\/aspiradoras\/shark-quitamanchas-portatil\/"]}]},{"@type":"BreadcrumbList","@id":"https:\/\/www.erresse-shop.it\/es\/shop\/pequenos-electrodomesticos\/aspiradoras\/shark-quitamanchas-portatil\/#breadcrumb","itemListElement":[{"@type":"ListItem","position":1,"name":"Home","item":"https:\/\/www.erresse-shop.it\/es\/"},{"@type":"ListItem","position":2,"name":"Shop","item":"https:\/\/www.erresse-shop.it\/es\/shop\/"},{"@type":"ListItem","position":3,"name":"SHARK Quitamanchas port\u00e1til"}]},{"@type":"WebSite","@id":"https:\/\/www.erresse-shop.it\/es\/#website","url":"https:\/\/www.erresse-shop.it\/es\/","name":"Erresse Shop","description":"Articoli di qualit\u00e0 per la casa","potentialAction":[{"@type":"SearchAction","target":{"@type":"EntryPoint","urlTemplate":"https:\/\/www.erresse-shop.it\/es\/?s={search_term_string}"},"query-input":"required name=search_term_string"}],"inLanguage":"es"}]}},"df_price":199.99,"df_sale_price":199.99,"df_regular_price":199.99,"df_image_link":"https:\/\/www.erresse-shop.it\/wp-content\/uploads\/2024\/04\/shark-smacchiatore-portatile-2-300x300.jpg","_links":{"self":[{"href":"https:\/\/www.erresse-shop.it\/es\/wp-json\/wp\/v2\/product\/401241"}],"collection":[{"href":"https:\/\/www.erresse-shop.it\/es\/wp-json\/wp\/v2\/product"}],"about":[{"href":"https:\/\/www.erresse-shop.it\/es\/wp-json\/wp\/v2\/types\/product"}],"wp:featuredmedia":[{"embeddable":true,"href":"https:\/\/www.erresse-shop.it\/es\/wp-json\/wp\/v2\/media\/401267"}],"wp:attachment":[{"href":"https:\/\/www.erresse-shop.it\/es\/wp-json\/wp\/v2\/media?parent=401241"}],"wp:term":[{"taxonomy":"product_cat","embeddable":true,"href":"https:\/\/www.erresse-shop.it\/es\/wp-json\/wp\/v2\/product_cat?post=401241"},{"taxonomy":"product_tag","embeddable":true,"href":"https:\/\/www.erresse-shop.it\/es\/wp-json\/wp\/v2\/product_tag?post=401241"}],"curies":[{"name":"wp","href":"https:\/\/api.w.org\/{rel}","templated":true}]}}