{"id":401203,"date":"2024-04-08T07:16:49","date_gmt":"2024-04-08T07:16:53","guid":{"rendered":"https:\/\/www.erresse-shop.it\/?post_type=product&#038;p=401203"},"modified":"2024-04-08T07:40:36","modified_gmt":"2024-04-08T07:40:36","slug":"ninja-combi-cooker","status":"publish","type":"product","link":"https:\/\/www.erresse-shop.it\/es\/shop\/pequenos-electrodomesticos\/hornos\/ninja-combi-cooker\/","title":{"rendered":"NINJA Combi Cooker"},"content":{"rendered":"<p>La Ninja Combi es una innovadora multicooker que revoluciona la cocina gracias a su versatilidad y practicidad. Con 12 programas diferentes, aprovecha el poder del vapor caliente para cocinar r\u00e1pidamente una gran variedad de platos, desde fre\u00edr al aire hasta cocinar alimentos congelados.<\/p>\n<p>Con una capacidad de 12,5 L, permite preparar comidas para toda la familia en s\u00f3lo 15 minutos, eliminando el estr\u00e9s de utilizar varios aparatos a la vez. Las tecnolog\u00edas HyperSteam y Air Fry garantizan una cocci\u00f3n r\u00e1pida y uniforme, permiti\u00e9ndole cocinar hasta un 50% m\u00e1s r\u00e1pido que en un horno convencional.<\/p>\n<p>El Ninja Combi ofrece un modo Combi Cooker para cocinar r\u00e1pidamente comidas completas, incluyendo asados y panes, y un modo Air Fry\/Hob para reproducir el horneado tradicional, la cocci\u00f3n en sart\u00e9n y la fritura al aire.<\/p>\n<p>F\u00e1cil de usar gracias al intuitivo panel de control y al mando SmartSwitch, la multicocina tambi\u00e9n cuenta con una pr\u00e1ctica ventana para supervisar la cocci\u00f3n y una garant\u00eda de 2 a\u00f1os para garantizar su tranquilidad.<\/p>\n<p>El paquete incluye una bandeja de horno Combi, una sart\u00e9n Combi, una plancha antiadherente y un libro de recetas creado por un chef, que le guiar\u00e1 en la preparaci\u00f3n de deliciosos platos para toda la familia.<\/p>\n<p><strong>FICHA T\u00c9CNICA:<\/strong><\/p>\n<p>Capacidad de 12,5 litros, ideal para comidas familiares<br \/>\nCombina multicocina, horno y freidora en un solo aparato<br \/>\n12 funciones de cocci\u00f3n que incluyen platos combinados, cocci\u00f3n al vapor y fritura con aire caliente<br \/>\nAjustes de temperatura vers\u00e1tiles para unos resultados perfectos<br \/>\nAccesorios f\u00e1ciles de limpiar y aptos para lavavajillas<br \/>\nPrepare comidas para toda la familia en s\u00f3lo 15 minutos<br \/>\nCombinaci\u00f3n de olla esmaltada y sart\u00e9n para cocinar de forma vers\u00e1til<br \/>\nFunci\u00f3n autom\u00e1tica de conservaci\u00f3n del calor para comidas siempre calientes<br \/>\nDimensiones (AlxAnxPr)\/Peso: 40 x 38 x 31 cm, 4,4 kg &#8211; Ahorra espacio y pesa poco<\/p>\n<p><strong>PAQUETE<\/strong><\/p>\n<p>Olla combinada<br \/>\nBandeja de cocci\u00f3n<br \/>\nOlla combinada<br \/>\nBandeja para verduras<br \/>\nLibro de cocina<\/p>\n","protected":false},"excerpt":{"rendered":"<p>La Ninja Combi es una innovadora multicooker que revoluciona la cocina gracias a su versatilidad y practicidad. Con 12 programas<\/p>\n","protected":false},"featured_media":401226,"template":"","meta":{"_acf_changed":false,"inline_featured_image":false},"product_cat":[16079,16073],"product_tag":[16402,24605],"acf":[],"yoast_head":"<!-- This site is optimized with the Yoast SEO Premium plugin v18.6 (Yoast SEO v19.13) - https:\/\/yoast.com\/wordpress\/plugins\/seo\/ -->\n<title>NINJA Combi Cooker - Erresse Shop<\/title>\n<meta name=\"description\" content=\"La Ninja Combi es una innovadora multicooker que revoluciona la cocina gracias a su versatilidad y practicidad. Con 12 programas diferentes, aprovecha el\" \/>\n<meta name=\"robots\" content=\"index, follow, max-snippet:-1, max-image-preview:large, max-video-preview:-1\" \/>\n<link rel=\"canonical\" href=\"https:\/\/www.erresse-shop.it\/es\/shop\/pequenos-electrodomesticos\/hornos\/ninja-combi-cooker\/\" \/>\n<meta property=\"og:locale\" content=\"es_ES\" \/>\n<meta property=\"og:type\" content=\"article\" \/>\n<meta property=\"og:title\" content=\"NINJA Combi Cooker\" \/>\n<meta property=\"og:description\" content=\"La Ninja Combi es una innovadora multicooker que revoluciona la cocina gracias a su versatilidad y practicidad. Con 12 programas diferentes, aprovecha el\" \/>\n<meta property=\"og:url\" content=\"https:\/\/www.erresse-shop.it\/es\/shop\/pequenos-electrodomesticos\/hornos\/ninja-combi-cooker\/\" \/>\n<meta property=\"og:site_name\" content=\"Erresse Shop\" \/>\n<meta property=\"article:modified_time\" content=\"2024-04-08T07:40:36+00:00\" \/>\n<meta property=\"og:image\" content=\"https:\/\/www.erresse-shop.it\/wp-content\/uploads\/2024\/04\/NINJA-combi-cooker.jpg\" \/>\n\t<meta property=\"og:image:width\" content=\"800\" \/>\n\t<meta property=\"og:image:height\" content=\"800\" \/>\n\t<meta property=\"og:image:type\" content=\"image\/jpeg\" \/>\n<meta name=\"twitter:card\" content=\"summary_large_image\" \/>\n<script type=\"application\/ld+json\" class=\"yoast-schema-graph\">{\"@context\":\"https:\/\/schema.org\",\"@graph\":[{\"@type\":\"WebPage\",\"@id\":\"https:\/\/www.erresse-shop.it\/es\/shop\/pequenos-electrodomesticos\/hornos\/ninja-combi-cooker\/\",\"url\":\"https:\/\/www.erresse-shop.it\/es\/shop\/pequenos-electrodomesticos\/hornos\/ninja-combi-cooker\/\",\"name\":\"NINJA Combi Cooker - Erresse Shop\",\"isPartOf\":{\"@id\":\"https:\/\/www.erresse-shop.it\/es\/#website\"},\"datePublished\":\"2024-04-08T07:16:53+00:00\",\"dateModified\":\"2024-04-08T07:40:36+00:00\",\"description\":\"La Ninja Combi es una innovadora multicooker que revoluciona la cocina gracias a su versatilidad y practicidad. Con 12 programas diferentes, aprovecha el\",\"breadcrumb\":{\"@id\":\"https:\/\/www.erresse-shop.it\/es\/shop\/pequenos-electrodomesticos\/hornos\/ninja-combi-cooker\/#breadcrumb\"},\"inLanguage\":\"es\",\"potentialAction\":[{\"@type\":\"ReadAction\",\"target\":[\"https:\/\/www.erresse-shop.it\/es\/shop\/pequenos-electrodomesticos\/hornos\/ninja-combi-cooker\/\"]}]},{\"@type\":\"BreadcrumbList\",\"@id\":\"https:\/\/www.erresse-shop.it\/es\/shop\/pequenos-electrodomesticos\/hornos\/ninja-combi-cooker\/#breadcrumb\",\"itemListElement\":[{\"@type\":\"ListItem\",\"position\":1,\"name\":\"Home\",\"item\":\"https:\/\/www.erresse-shop.it\/es\/\"},{\"@type\":\"ListItem\",\"position\":2,\"name\":\"Shop\",\"item\":\"https:\/\/www.erresse-shop.it\/es\/shop\/\"},{\"@type\":\"ListItem\",\"position\":3,\"name\":\"NINJA Combi Cooker\"}]},{\"@type\":\"WebSite\",\"@id\":\"https:\/\/www.erresse-shop.it\/es\/#website\",\"url\":\"https:\/\/www.erresse-shop.it\/es\/\",\"name\":\"Erresse Shop\",\"description\":\"Articoli di qualit\u00e0 per la casa\",\"potentialAction\":[{\"@type\":\"SearchAction\",\"target\":{\"@type\":\"EntryPoint\",\"urlTemplate\":\"https:\/\/www.erresse-shop.it\/es\/?s={search_term_string}\"},\"query-input\":\"required name=search_term_string\"}],\"inLanguage\":\"es\"}]}<\/script>\n<!-- \/ Yoast SEO Premium plugin. -->","yoast_head_json":{"title":"NINJA Combi Cooker - Erresse Shop","description":"La Ninja Combi es una innovadora multicooker que revoluciona la cocina gracias a su versatilidad y practicidad. Con 12 programas diferentes, aprovecha el","robots":{"index":"index","follow":"follow","max-snippet":"max-snippet:-1","max-image-preview":"max-image-preview:large","max-video-preview":"max-video-preview:-1"},"canonical":"https:\/\/www.erresse-shop.it\/es\/shop\/pequenos-electrodomesticos\/hornos\/ninja-combi-cooker\/","og_locale":"es_ES","og_type":"article","og_title":"NINJA Combi Cooker","og_description":"La Ninja Combi es una innovadora multicooker que revoluciona la cocina gracias a su versatilidad y practicidad. Con 12 programas diferentes, aprovecha el","og_url":"https:\/\/www.erresse-shop.it\/es\/shop\/pequenos-electrodomesticos\/hornos\/ninja-combi-cooker\/","og_site_name":"Erresse Shop","article_modified_time":"2024-04-08T07:40:36+00:00","og_image":[{"width":800,"height":800,"url":"https:\/\/www.erresse-shop.it\/wp-content\/uploads\/2024\/04\/NINJA-combi-cooker.jpg","type":"image\/jpeg"}],"twitter_card":"summary_large_image","schema":{"@context":"https:\/\/schema.org","@graph":[{"@type":"WebPage","@id":"https:\/\/www.erresse-shop.it\/es\/shop\/pequenos-electrodomesticos\/hornos\/ninja-combi-cooker\/","url":"https:\/\/www.erresse-shop.it\/es\/shop\/pequenos-electrodomesticos\/hornos\/ninja-combi-cooker\/","name":"NINJA Combi Cooker - Erresse Shop","isPartOf":{"@id":"https:\/\/www.erresse-shop.it\/es\/#website"},"datePublished":"2024-04-08T07:16:53+00:00","dateModified":"2024-04-08T07:40:36+00:00","description":"La Ninja Combi es una innovadora multicooker que revoluciona la cocina gracias a su versatilidad y practicidad. Con 12 programas diferentes, aprovecha el","breadcrumb":{"@id":"https:\/\/www.erresse-shop.it\/es\/shop\/pequenos-electrodomesticos\/hornos\/ninja-combi-cooker\/#breadcrumb"},"inLanguage":"es","potentialAction":[{"@type":"ReadAction","target":["https:\/\/www.erresse-shop.it\/es\/shop\/pequenos-electrodomesticos\/hornos\/ninja-combi-cooker\/"]}]},{"@type":"BreadcrumbList","@id":"https:\/\/www.erresse-shop.it\/es\/shop\/pequenos-electrodomesticos\/hornos\/ninja-combi-cooker\/#breadcrumb","itemListElement":[{"@type":"ListItem","position":1,"name":"Home","item":"https:\/\/www.erresse-shop.it\/es\/"},{"@type":"ListItem","position":2,"name":"Shop","item":"https:\/\/www.erresse-shop.it\/es\/shop\/"},{"@type":"ListItem","position":3,"name":"NINJA Combi Cooker"}]},{"@type":"WebSite","@id":"https:\/\/www.erresse-shop.it\/es\/#website","url":"https:\/\/www.erresse-shop.it\/es\/","name":"Erresse Shop","description":"Articoli di qualit\u00e0 per la casa","potentialAction":[{"@type":"SearchAction","target":{"@type":"EntryPoint","urlTemplate":"https:\/\/www.erresse-shop.it\/es\/?s={search_term_string}"},"query-input":"required name=search_term_string"}],"inLanguage":"es"}]}},"df_price":279.99,"df_sale_price":279.99,"df_regular_price":279.99,"df_image_link":"https:\/\/www.erresse-shop.it\/wp-content\/uploads\/2024\/04\/NINJA-combi-cooker-300x300.jpg","_links":{"self":[{"href":"https:\/\/www.erresse-shop.it\/es\/wp-json\/wp\/v2\/product\/401203"}],"collection":[{"href":"https:\/\/www.erresse-shop.it\/es\/wp-json\/wp\/v2\/product"}],"about":[{"href":"https:\/\/www.erresse-shop.it\/es\/wp-json\/wp\/v2\/types\/product"}],"wp:featuredmedia":[{"embeddable":true,"href":"https:\/\/www.erresse-shop.it\/es\/wp-json\/wp\/v2\/media\/401226"}],"wp:attachment":[{"href":"https:\/\/www.erresse-shop.it\/es\/wp-json\/wp\/v2\/media?parent=401203"}],"wp:term":[{"taxonomy":"product_cat","embeddable":true,"href":"https:\/\/www.erresse-shop.it\/es\/wp-json\/wp\/v2\/product_cat?post=401203"},{"taxonomy":"product_tag","embeddable":true,"href":"https:\/\/www.erresse-shop.it\/es\/wp-json\/wp\/v2\/product_tag?post=401203"}],"curies":[{"name":"wp","href":"https:\/\/api.w.org\/{rel}","templated":true}]}}