{"id":401152,"date":"2024-04-08T06:48:53","date_gmt":"2024-04-08T06:48:57","guid":{"rendered":"https:\/\/www.erresse-shop.it\/?post_type=product&#038;p=401152"},"modified":"2024-04-08T07:04:33","modified_gmt":"2024-04-08T07:04:33","slug":"ninja-freidora-9-5l","status":"publish","type":"product","link":"https:\/\/www.erresse-shop.it\/es\/shop\/pequenos-electrodomesticos\/procesadores-de-alimentos\/ninja-freidora-9-5l\/","title":{"rendered":"NINJA Freidora 9.5L"},"content":{"rendered":"<p>\u00bfLe gustar\u00eda tener una freidora de aire de doble capacidad, pero su cocina no tiene espacio suficiente? Entonces eche un vistazo a la freidora de aire Ninja Double Stack XL de 2 compartimentos.<br \/>\nEsta freidora vertical tiene dos compartimentos apilables y ocupa menos espacio en la encimera que una freidora horizontal.<br \/>\nDel\u00e9itese con recetas personalizadas gracias a los 6 programas de cocci\u00f3n: establezca diferentes tiempos y temperaturas en los 2 compartimentos ajustables de forma independiente y prepare platos completos para servir calientes, \u00a1incluso con poco espacio en la cocina! El<br \/>\n30% m\u00e1s compacta*, pero tan espaciosa como siempre:<br \/>\nEsta freidora de aire de 2 compartimentos puede contener un pollo asado entero de 1,4 kg en cada compartimento de 4,75 L y es perfecta para familias numerosas y cenas. Perfecta para hasta 8 personas.<br \/>\nCon una altura de 38,5 cm, se puede guardar debajo de los armarios altos y deja m\u00e1s espacio en la encimera.<br \/>\nDoble capacidad** con la tecnolog\u00eda Double Stack Air Fry:<br \/>\nCocina en 4 niveles simult\u00e1neamente con una cocci\u00f3n uniforme y crujiente. Basta con insertar las parrillas Double Stack en cada compartimento para duplicar la superficie de cocci\u00f3n.<\/p>\n<p>Cocci\u00f3n y dorado uniformes en los cuatro niveles: cada compartimento est\u00e1 equipado con una fuente de calor y un ventilador trasero que permiten que el aire circule a 360\u00b0 para un dorado uniforme. Distribuya los ingredientes sobre las parrillas para una cocci\u00f3n multinivel: perfecto para cocinar muslos de pollo con esp\u00e1rragos, filetes de salm\u00f3n con patatas nuevas, hamburguesas de ternera con patatas fritas, o darse el capricho de la cocina fusi\u00f3n.<br \/>\n2 compartimentos ajustables independientemente:<br \/>\najuste diferentes tiempos de cocci\u00f3n, temperaturas y programas en cada compartimento. La funci\u00f3n SYNC finaliza la cocci\u00f3n de ambos compartimentos al mismo tiempo, para que pueda disfrutar de platos y guarniciones juntos, servir un buffet con comida reci\u00e9n preparada o complacer los paladares de todos los comensales con un men\u00fa variado.<br \/>\nCocinando hasta un 55% m\u00e1s r\u00e1pido que los hornos ventilados*** podr\u00e1 tener los platos en la mesa en cuesti\u00f3n de minutos. \u00bfQuiere cocinar s\u00f3lo para usted? Para porciones m\u00e1s peque\u00f1as, cocine en un solo compartimento.<br \/>\nCada compartimento incluye una placa antiadherente que ayuda a que el aire caliente se extienda r\u00e1pidamente alrededor de los alimentos y proporciona una cocci\u00f3n perfecta.<\/p>\n<p><strong>6 programas de cocci\u00f3n:<\/strong><br \/>\nFre\u00edr con poco o nada de aceite: hasta un 75% menos de grasa que los m\u00e9todos de fritura tradicionales****. Adem\u00e1s de fre\u00edr, puede utilizar las funciones Asar, Hornear, Secar, Calentar; y para cocinar alimentos congelados y dejarlos m\u00e1s crujientes, utilice Max Crisp.<br \/>\nAdem\u00e1s, la freidora de aire le ahorra dinero en la factura de la luz, ya que consume menos energ\u00eda que los hornos convencionales.<br \/>\nF\u00e1cil de usar:<br \/>\nel elegante panel de control lateral permite seleccionar de forma m\u00e1s r\u00e1pida y sencilla los ajustes deseados en cada compartimento.<br \/>\n\u00bfEst\u00e1s ocupado y cocinar te lleva demasiado tiempo? No se preocupe, la freidora de aire Ninja se detiene autom\u00e1ticamente cuando termina la cocci\u00f3n.<br \/>\nEn el paquete encontrar\u00e1 un libro de recetas creado especialmente por un chef, lleno de ideas, consejos y tablas de cocina que le ayudar\u00e1n a sacar el m\u00e1ximo partido a su nuevo electrodom\u00e9stico.<\/p>\n<p><strong>F\u00e1cil de limpiar:<\/strong><br \/>\nLos compartimentos, las placas antiadherentes y las rejillas de acero se pueden lavar en el lavavajillas y limpiar f\u00e1cilmente con un pa\u00f1o.<br \/>\nEstamos deseando conocer la opini\u00f3n de nuestros clientes. Despl\u00e1cese hacia abajo para leer las opiniones de los clientes que han comprado la freidora de aire de 2 compartimentos Ninja.<br \/>\n*comparada con la AF400.<br \/>\n**con parrillas de acero desmontables.<br \/>\n***probada con palitos de pescado y salchichas.<br \/>\n****probada con patatas fritas cortadas a mano.<\/p>\n<p>\u2020pruebas y c\u00e1lculos basados en el tiempo de cocci\u00f3n recomendado para salchichas, comparando la funci\u00f3n de fritura al aire con los hornos convencionales.<\/p>\n<p><strong>FICHA T\u00c9CNICA:<\/strong><\/p>\n<p>Funcionalidad 6 en 1<br \/>\n6 programas de cocci\u00f3n vers\u00e1tiles:<br \/>\nFre\u00edr al aire<br \/>\nCrujiente m\u00e1ximo<br \/>\nAsado<br \/>\nHornear<br \/>\nRecalentar y deshidratar<\/p>\n<p><strong>CONTIENE<\/strong>:<\/p>\n<p>2 cajones antiadherentes de 4,75L<br \/>\n2 rejillas apilables<br \/>\n2 placas antiadherentes<br \/>\nGu\u00eda de recetas inspiradas por chefs<\/p>\n<p><b><u><strong>No se vende fuera de Europa<\/strong><\/u><\/b><\/p>\n","protected":false},"excerpt":{"rendered":"<p>\u00bfLe gustar\u00eda tener una freidora de aire de doble capacidad, pero su cocina no tiene espacio suficiente? Entonces eche un<\/p>\n","protected":false},"featured_media":401174,"template":"","meta":{"_acf_changed":false,"inline_featured_image":false},"product_cat":[21504,16073,16077],"product_tag":[20949,24605],"acf":[],"yoast_head":"<!-- This site is optimized with the Yoast SEO Premium plugin v18.6 (Yoast SEO v19.13) - https:\/\/yoast.com\/wordpress\/plugins\/seo\/ -->\n<title>NINJA Freidora 9.5L - Erresse Shop<\/title>\n<meta name=\"description\" content=\"\u00bfLe gustar\u00eda tener una freidora de aire de doble capacidad, pero su cocina no tiene espacio suficiente? Entonces eche un vistazo a la freidora de aire\" \/>\n<meta name=\"robots\" content=\"index, follow, max-snippet:-1, max-image-preview:large, max-video-preview:-1\" \/>\n<link rel=\"canonical\" href=\"https:\/\/www.erresse-shop.it\/es\/shop\/pequenos-electrodomesticos\/procesadores-de-alimentos\/ninja-freidora-9-5l\/\" \/>\n<meta property=\"og:locale\" content=\"es_ES\" \/>\n<meta property=\"og:type\" content=\"article\" \/>\n<meta property=\"og:title\" content=\"NINJA Freidora 9.5L\" \/>\n<meta property=\"og:description\" content=\"\u00bfLe gustar\u00eda tener una freidora de aire de doble capacidad, pero su cocina no tiene espacio suficiente? Entonces eche un vistazo a la freidora de aire\" \/>\n<meta property=\"og:url\" content=\"https:\/\/www.erresse-shop.it\/es\/shop\/pequenos-electrodomesticos\/procesadores-de-alimentos\/ninja-freidora-9-5l\/\" \/>\n<meta property=\"og:site_name\" content=\"Erresse Shop\" \/>\n<meta property=\"article:modified_time\" content=\"2024-04-08T07:04:33+00:00\" \/>\n<meta property=\"og:image\" content=\"https:\/\/www.erresse-shop.it\/wp-content\/uploads\/2024\/04\/ninja-friggitrice-ad-aria-1.jpg\" \/>\n\t<meta property=\"og:image:width\" content=\"800\" \/>\n\t<meta property=\"og:image:height\" content=\"800\" \/>\n\t<meta property=\"og:image:type\" content=\"image\/jpeg\" \/>\n<meta name=\"twitter:card\" content=\"summary_large_image\" \/>\n<script type=\"application\/ld+json\" class=\"yoast-schema-graph\">{\"@context\":\"https:\/\/schema.org\",\"@graph\":[{\"@type\":\"WebPage\",\"@id\":\"https:\/\/www.erresse-shop.it\/es\/shop\/pequenos-electrodomesticos\/procesadores-de-alimentos\/ninja-freidora-9-5l\/\",\"url\":\"https:\/\/www.erresse-shop.it\/es\/shop\/pequenos-electrodomesticos\/procesadores-de-alimentos\/ninja-freidora-9-5l\/\",\"name\":\"NINJA Freidora 9.5L - Erresse Shop\",\"isPartOf\":{\"@id\":\"https:\/\/www.erresse-shop.it\/es\/#website\"},\"datePublished\":\"2024-04-08T06:48:57+00:00\",\"dateModified\":\"2024-04-08T07:04:33+00:00\",\"description\":\"\u00bfLe gustar\u00eda tener una freidora de aire de doble capacidad, pero su cocina no tiene espacio suficiente? Entonces eche un vistazo a la freidora de aire\",\"breadcrumb\":{\"@id\":\"https:\/\/www.erresse-shop.it\/es\/shop\/pequenos-electrodomesticos\/procesadores-de-alimentos\/ninja-freidora-9-5l\/#breadcrumb\"},\"inLanguage\":\"es\",\"potentialAction\":[{\"@type\":\"ReadAction\",\"target\":[\"https:\/\/www.erresse-shop.it\/es\/shop\/pequenos-electrodomesticos\/procesadores-de-alimentos\/ninja-freidora-9-5l\/\"]}]},{\"@type\":\"BreadcrumbList\",\"@id\":\"https:\/\/www.erresse-shop.it\/es\/shop\/pequenos-electrodomesticos\/procesadores-de-alimentos\/ninja-freidora-9-5l\/#breadcrumb\",\"itemListElement\":[{\"@type\":\"ListItem\",\"position\":1,\"name\":\"Home\",\"item\":\"https:\/\/www.erresse-shop.it\/es\/\"},{\"@type\":\"ListItem\",\"position\":2,\"name\":\"Shop\",\"item\":\"https:\/\/www.erresse-shop.it\/es\/shop\/\"},{\"@type\":\"ListItem\",\"position\":3,\"name\":\"NINJA Freidora 9.5L\"}]},{\"@type\":\"WebSite\",\"@id\":\"https:\/\/www.erresse-shop.it\/es\/#website\",\"url\":\"https:\/\/www.erresse-shop.it\/es\/\",\"name\":\"Erresse Shop\",\"description\":\"Articoli di qualit\u00e0 per la casa\",\"potentialAction\":[{\"@type\":\"SearchAction\",\"target\":{\"@type\":\"EntryPoint\",\"urlTemplate\":\"https:\/\/www.erresse-shop.it\/es\/?s={search_term_string}\"},\"query-input\":\"required name=search_term_string\"}],\"inLanguage\":\"es\"}]}<\/script>\n<!-- \/ Yoast SEO Premium plugin. -->","yoast_head_json":{"title":"NINJA Freidora 9.5L - Erresse Shop","description":"\u00bfLe gustar\u00eda tener una freidora de aire de doble capacidad, pero su cocina no tiene espacio suficiente? Entonces eche un vistazo a la freidora de aire","robots":{"index":"index","follow":"follow","max-snippet":"max-snippet:-1","max-image-preview":"max-image-preview:large","max-video-preview":"max-video-preview:-1"},"canonical":"https:\/\/www.erresse-shop.it\/es\/shop\/pequenos-electrodomesticos\/procesadores-de-alimentos\/ninja-freidora-9-5l\/","og_locale":"es_ES","og_type":"article","og_title":"NINJA Freidora 9.5L","og_description":"\u00bfLe gustar\u00eda tener una freidora de aire de doble capacidad, pero su cocina no tiene espacio suficiente? Entonces eche un vistazo a la freidora de aire","og_url":"https:\/\/www.erresse-shop.it\/es\/shop\/pequenos-electrodomesticos\/procesadores-de-alimentos\/ninja-freidora-9-5l\/","og_site_name":"Erresse Shop","article_modified_time":"2024-04-08T07:04:33+00:00","og_image":[{"width":800,"height":800,"url":"https:\/\/www.erresse-shop.it\/wp-content\/uploads\/2024\/04\/ninja-friggitrice-ad-aria-1.jpg","type":"image\/jpeg"}],"twitter_card":"summary_large_image","schema":{"@context":"https:\/\/schema.org","@graph":[{"@type":"WebPage","@id":"https:\/\/www.erresse-shop.it\/es\/shop\/pequenos-electrodomesticos\/procesadores-de-alimentos\/ninja-freidora-9-5l\/","url":"https:\/\/www.erresse-shop.it\/es\/shop\/pequenos-electrodomesticos\/procesadores-de-alimentos\/ninja-freidora-9-5l\/","name":"NINJA Freidora 9.5L - Erresse Shop","isPartOf":{"@id":"https:\/\/www.erresse-shop.it\/es\/#website"},"datePublished":"2024-04-08T06:48:57+00:00","dateModified":"2024-04-08T07:04:33+00:00","description":"\u00bfLe gustar\u00eda tener una freidora de aire de doble capacidad, pero su cocina no tiene espacio suficiente? Entonces eche un vistazo a la freidora de aire","breadcrumb":{"@id":"https:\/\/www.erresse-shop.it\/es\/shop\/pequenos-electrodomesticos\/procesadores-de-alimentos\/ninja-freidora-9-5l\/#breadcrumb"},"inLanguage":"es","potentialAction":[{"@type":"ReadAction","target":["https:\/\/www.erresse-shop.it\/es\/shop\/pequenos-electrodomesticos\/procesadores-de-alimentos\/ninja-freidora-9-5l\/"]}]},{"@type":"BreadcrumbList","@id":"https:\/\/www.erresse-shop.it\/es\/shop\/pequenos-electrodomesticos\/procesadores-de-alimentos\/ninja-freidora-9-5l\/#breadcrumb","itemListElement":[{"@type":"ListItem","position":1,"name":"Home","item":"https:\/\/www.erresse-shop.it\/es\/"},{"@type":"ListItem","position":2,"name":"Shop","item":"https:\/\/www.erresse-shop.it\/es\/shop\/"},{"@type":"ListItem","position":3,"name":"NINJA Freidora 9.5L"}]},{"@type":"WebSite","@id":"https:\/\/www.erresse-shop.it\/es\/#website","url":"https:\/\/www.erresse-shop.it\/es\/","name":"Erresse Shop","description":"Articoli di qualit\u00e0 per la casa","potentialAction":[{"@type":"SearchAction","target":{"@type":"EntryPoint","urlTemplate":"https:\/\/www.erresse-shop.it\/es\/?s={search_term_string}"},"query-input":"required name=search_term_string"}],"inLanguage":"es"}]}},"df_price":269.99,"df_sale_price":269.99,"df_regular_price":269.99,"df_image_link":"https:\/\/www.erresse-shop.it\/wp-content\/uploads\/2024\/04\/ninja-friggitrice-ad-aria-1-300x300.jpg","_links":{"self":[{"href":"https:\/\/www.erresse-shop.it\/es\/wp-json\/wp\/v2\/product\/401152"}],"collection":[{"href":"https:\/\/www.erresse-shop.it\/es\/wp-json\/wp\/v2\/product"}],"about":[{"href":"https:\/\/www.erresse-shop.it\/es\/wp-json\/wp\/v2\/types\/product"}],"wp:featuredmedia":[{"embeddable":true,"href":"https:\/\/www.erresse-shop.it\/es\/wp-json\/wp\/v2\/media\/401174"}],"wp:attachment":[{"href":"https:\/\/www.erresse-shop.it\/es\/wp-json\/wp\/v2\/media?parent=401152"}],"wp:term":[{"taxonomy":"product_cat","embeddable":true,"href":"https:\/\/www.erresse-shop.it\/es\/wp-json\/wp\/v2\/product_cat?post=401152"},{"taxonomy":"product_tag","embeddable":true,"href":"https:\/\/www.erresse-shop.it\/es\/wp-json\/wp\/v2\/product_tag?post=401152"}],"curies":[{"name":"wp","href":"https:\/\/api.w.org\/{rel}","templated":true}]}}