{"id":401084,"date":"2024-04-08T06:23:42","date_gmt":"2024-04-08T06:23:46","guid":{"rendered":"https:\/\/www.erresse-shop.it\/?post_type=product&#038;p=401084"},"modified":"2024-04-08T06:36:30","modified_gmt":"2024-04-08T06:36:30","slug":"ninja-barbecue-electrico-con-ahumador-azul","status":"publish","type":"product","link":"https:\/\/www.erresse-shop.it\/es\/shop\/pequenos-electrodomesticos\/hornos\/ninja-barbecue-electrico-con-ahumador-azul\/","title":{"rendered":"NINJA Woodfire Barbecue El\u00e9ctrico con ahumador Azul"},"content":{"rendered":"<p>Ti presentiamo il nostro barbecue elettrico XL con sonda integrata per affumicare, friggere ad aria e cuocere il cibo come preferisci, conferendogli il sapore naturale dell\u2019affumicatura.<br \/>\nPrepara un barbecue domenicale, un pranzo informale o semplicemente un pasto veloce infrasettimanale: non c\u2019\u00e8 alcun bisogno di controllare ripetutamente la cottura.<\/p>\n<p>Il Barbecue Elettrico e Affumicatore Ninja Woodfire Pro Connect XL ti permette di scegliere il programma di cottura che preferisci e monitorare l\u2019avanzamento della cottura direttamente dal cellulare. Assapora la libert\u00e0 e passa del tempo prezioso con famigliari e amici. Basta brutte sorprese. Non avrai pi\u00f9 bisogno di controllare ripetutamente la cottura. La cottura \u00e8 tutta nelle tue mani.<\/p>\n<p><strong>Monitora ogni passaggio con l\u2019app Ninja Pro Connect: <\/strong><br \/>\n\u2022 Tabelle di cottura programmabili: tu scegli il tuo cibo preferito, il barbecue elettrico far\u00e0 tutto il resto grazie alla sonda digitale da cucina integrata che cuoce le pietanze alla perfezione. Al sangue o appena scottate? Sei tu a decidere!<br \/>\n\u2022 Telecomando: decidi tu tempo e temperatura di cottura, poi aggiungi il sapore dell\u2019affumicato con la tecnologia Woodfire Flavour direttamente dall\u2019app.<br \/>\n\u2022 Monitoraggio dal vivo: controlla quanto tempo rimane al termine della cottura.<br \/>\n\u2022 Notifiche in tempo reale: ricevi una notifica quando \u00e8 il momento di aggiungere ingredienti, girare le pietanze e molto altro ancora.<\/p>\n<p><strong>Espacio extra: <\/strong><br \/>\nesta gran barbacoa el\u00e9ctrica de exterior tiene un 30% m\u00e1s de espacio de cocci\u00f3n*, perfecta para cocinar m\u00e1s alimentos juntos.<br \/>\nLa gran parrilla de cocci\u00f3n (45 x 31 cm) es ideal para grandes cenas y puede albergar hasta 10 hamburguesas, 40 perritos calientes, 2 filas de costillas o dos pollos enteros de 3 kg. La cesta para fre\u00edr puede contener hasta 1,8 kg de comida, ideal para patatas fritas largas, cu\u00f1as y otros platos de acompa\u00f1amiento.<\/p>\n<p><strong>El sabor de la parrilla, la sencillez de un aparato el\u00e9ctrico, sin gas ni carb\u00f3n: <\/strong><br \/>\nConsiga el mismo acabado y dorado que cocinando con una barbacoa tradicional, pero con la comodidad de la energ\u00eda el\u00e9ctrica y ahora con un term\u00f3metro integrado, para unos resultados perfectos en todo momento. Adem\u00e1s, sea cual sea el programa de cocci\u00f3n que elija, la tecnolog\u00eda Woodfire le permite dar a sus alimentos el aut\u00e9ntico sabor ahumado con una sola cucharada de pellets de madera aut\u00e9ntica.<br \/>\nFunciona con electricidad y es f\u00e1cil de usar, se calienta r\u00e1pidamente y es segura para su uso en jardines, porches, campings, balcones y otros espacios al aire libre. Sin carb\u00f3n, gas ni llamas.<\/p>\n<p><strong>Ya no tendr\u00e1 que preocuparse por si cocina demasiado o poco:<\/strong><br \/>\nEl term\u00f3metro para barbacoas integrado le permite cocinar siempre a la perfecci\u00f3n tanto la carne como el pescado. Solo tienes que introducir la sonda digital en el alimento y utilizar la app o los botones de la barbacoa el\u00e9ctrica para seleccionar el tipo de alimento y el ajuste de cocci\u00f3n preferido, para platos poco hechos o muy hechos.<br \/>\nEl sistema Smart Cook controla continuamente la temperatura interna de los alimentos y te avisa cuando est\u00e1n listos. Esto le permite relajarse mientras cocina y disfrutar de su barbacoa sin preocupaciones.<\/p>\n<p><strong>M\u00e1s que una barbacoa, con 7 programas de cocci\u00f3n: <\/strong><br \/>\n&#8211; BBQ Grill: para las cl\u00e1sicas hamburguesas, salchichas, filetes, brochetas, halloumi a la parrilla, fajitas, mazorcas de ma\u00edz y mucho m\u00e1s, con un dorado digno de una barbacoa tradicional.<br \/>\nLa barbacoa el\u00e9ctrica alcanza altas temperaturas de hasta 260\u00b0C, mientras que los elementos calefactores de la parte superior e inferior est\u00e1n equipados con un ventilador para una cocci\u00f3n uniforme.<br \/>\n&#8211; Ahumador BBQ: el ahumador integrado funciona con pellets de madera aut\u00e9ntica y proporciona el aut\u00e9ntico e intenso sabor de los alimentos ahumados gracias al ventilador de convecci\u00f3n que hace circular el calor y el humo uniformemente.<br \/>\nEl ahumado lento es perfecto para cocinar una tierna falda, costillas, pollos enteros y grandes cortes de carne con el intenso sabor de los alimentos ahumados.<\/p>\n<p>&#8211; Air Fry: hasta un 75% menos de grasa que los m\u00e9todos de fritura tradicionales**. Haz que tus guarniciones como patatas fritas y mozzarella fritas sean m\u00e1s sabrosas. Si prefieres otros platos como hamburguesas veganas, a\u00f1ade m\u00e1s crujiente sin dejar a tus invitados solos para comprobar la cocci\u00f3n.<br \/>\nCompleta la comida con deliciosos postres como s&#8217;mores, pl\u00e1tanos rellenos de chocolate y pi\u00f1a caramelizada.<br \/>\n&#8211; Asado: mucho m\u00e1s que una barbacoa. Cocine un pollo entero al aire libre o acompa\u00f1e una comida con crujientes patatas asadas, pimientos rojos rellenos o filetes de coliflor asados con harissa.<br \/>\n&#8211; Hornear: para hornear pan, pasteles y postres sin dejar solos a sus comensales. Ideal para pan de ajo, focaccia de romero o un delicioso crumble de ar\u00e1ndanos.<br \/>\n&#8211; Deshidratar: ingredientes secos para carne deshidratada, aperitivos de frutos secos, hierbas secas caseras, guarniciones para c\u00f3cteles y mucho m\u00e1s.<br \/>\n&#8211; Recalentar: devuelve a las sobras el sabor de reci\u00e9n cocinadas.<\/p>\n<p>Tecnolog\u00eda Woodfire: funciona con electricidad, aromatizada con pellets de madera aut\u00e9ntica.<br \/>\nCocine los alimentos utilizando cualquier programa de cocci\u00f3n, con un sabor ahumado.<\/p>\n<p>Especialmente dise\u00f1ados para Ninja Woodfire y hechos 100% de madera maciza de alta calidad, nuestros pellets no se utilizan como combustible, sino \u00fanicamente para dar sabor a los alimentos. S\u00f3lo 1 cucharada es suficiente para llevar su barbacoa al siguiente nivel.<br \/>\nEl tama\u00f1o y la forma de los pellets est\u00e1n dise\u00f1ados para un paso \u00f3ptimo del aire y un ahumado uniforme. F\u00f3rmula de alta densidad y baja humedad: la combinaci\u00f3n perfecta para crear humo y realzar los sabores.<br \/>\n&#8211; Mezcla robusta: el rico sabor de la barbacoa cl\u00e1sica, perfecta para carne de vacuno, cerdo y pollo.<br \/>\n&#8211; Mezcla multiusos: un sabor equilibrado, suave y dulce, ideal para pescado y verduras.<br \/>\nLa barbacoa el\u00e9ctrica incluye un paquete de pellets Ninja Woodfire de cada sabor y un vaso medidor para una dosificaci\u00f3n perfecta. Se pueden adquirir paquetes adicionales de pellets directamente en el sitio web de Ninja.<\/p>\n<p><strong>Cocine a la parrilla alimentos congelados:<\/strong><br \/>\nCocina y asa alimentos congelados. Esta funci\u00f3n es ideal para una barbacoa de fin de semana de \u00faltima hora o para preparar f\u00e1cilmente salchichas y hamburguesas vegetales congeladas.<\/p>\n<p><strong>Resistente a la intemperie:<\/strong><br \/>\nDise\u00f1ada para los entornos exteriores m\u00e1s extremos, los materiales de la barbacoa Ninja Woodfire resisten los elementos y permiten su uso al aire libre durante todo el a\u00f1o. Grado de resistencia al agua IPX4.<\/p>\n<p><strong>F\u00e1cil de limpiar:<\/strong><br \/>\nLa rejilla de cocci\u00f3n antiadherente y la bandeja de goteo extra\u00edble son f\u00e1ciles de limpiar. Eche un vistazo al libro de recetas especialmente creado por un chef que se incluye en el paquete.<br \/>\nNota: el producto s\u00f3lo est\u00e1 dise\u00f1ado para uso en exteriores.<br \/>\nTambi\u00e9n disponible: el montaje perfecto de la barbacoa.<br \/>\nPerfeccione su barbacoa con nuestros accesorios especialmente dise\u00f1ados para la Ninja Woodfire Pro Connect. Elija entre nuestra plancha lisa para dorar y saltear, un impresionante set que incluye una parrilla y una plancha lisa, una parrilla de acero cromado para costillas, una parrilla de acero cromado para asar y ahumar, un malet\u00edn de barbacoa resistente a la intemperie, bandejas recogegotas, un carro de parrilla ajustable m\u00e1s una tabla lateral y bolsas de pellets Woodfire. (Todos pueden adquirirse por separado).<br \/>\n*Comparado con la serie OG700.<br \/>\n**Comprobado con patatas fritas a mano, fritas tradicionalmente en aceite espeso.<\/p>\n<p><strong>FICHA T\u00c9CNICA:<\/strong><\/p>\n<p>Aplicaci\u00f3n Pro Connect: controle su barbacoa y supervise el progreso de la cocci\u00f3n directamente desde su tel\u00e9fono m\u00f3vil<br \/>\nGran parrilla para cocinar hasta 10 hamburguesas, 6 filetes o 2 pollos enteros de 3 kg<br \/>\nSonda integrada y 7 programas: Asar, Ahumar, Fre\u00edr al aire, Hornear, Asar, Secar, Calentar<\/p>\n<p>Quema aut\u00e9nticos pellets de madera para conseguir un aut\u00e9ntico sabor ahumado<br \/>\nAlimentaci\u00f3n el\u00e9ctrica: perfecta para jardines, balcones, porches, campings y otros lugares<br \/>\nResistente a la intemperie<br \/>\nAlto: 41 cm x Ancho: 57 cm x Fondo: 51 cm<br \/>\nPeso: 18 kg<br \/>\nS\u00f3lo para uso en exteriores<br \/>\nClasificaci\u00f3n de resistencia al agua IPX4<\/p>\n<p><strong>PAQUETE<\/strong>:<\/p>\n<p>Parrilla de cocci\u00f3n: 45 cm x 31 cm<br \/>\nSonda + Jack para doble sonda<br \/>\nCesta para fre\u00edr<br \/>\nCuchara para pellets<br \/>\nLeccarda<br \/>\nMezcla multiusos y robusta de pellets<br \/>\nLibro de cocina<\/p>\n<p><strong>No se vende fuera de Europa<\/strong><\/p>\n","protected":false},"excerpt":{"rendered":"<p>Ti presentiamo il nostro barbecue elettrico XL con sonda integrata per affumicare, friggere ad aria e cuocere il cibo come<\/p>\n","protected":false},"featured_media":401106,"template":"","meta":{"_acf_changed":false,"inline_featured_image":false},"product_cat":[16079,16073],"product_tag":[16402,24605],"acf":[],"yoast_head":"<!-- This site is optimized with the Yoast SEO Premium plugin v18.6 (Yoast SEO v19.13) - https:\/\/yoast.com\/wordpress\/plugins\/seo\/ -->\n<title>NINJA Woodfire Barbecue El\u00e9ctrico con ahumador Azul - Erresse Shop<\/title>\n<meta name=\"description\" content=\"Ti presentiamo il nostro barbecue elettrico XL con sonda integrata per affumicare, friggere ad aria e cuocere il cibo come preferisci, conferendogli il\" \/>\n<meta name=\"robots\" content=\"index, follow, max-snippet:-1, max-image-preview:large, max-video-preview:-1\" \/>\n<link rel=\"canonical\" href=\"https:\/\/www.erresse-shop.it\/es\/shop\/pequenos-electrodomesticos\/hornos\/ninja-barbecue-electrico-con-ahumador-azul\/\" \/>\n<meta property=\"og:locale\" content=\"es_ES\" \/>\n<meta property=\"og:type\" content=\"article\" \/>\n<meta property=\"og:title\" content=\"NINJA Woodfire Barbecue El\u00e9ctrico con ahumador Azul\" \/>\n<meta property=\"og:description\" content=\"Ti presentiamo il nostro barbecue elettrico XL con sonda integrata per affumicare, friggere ad aria e cuocere il cibo come preferisci, conferendogli il\" \/>\n<meta property=\"og:url\" content=\"https:\/\/www.erresse-shop.it\/es\/shop\/pequenos-electrodomesticos\/hornos\/ninja-barbecue-electrico-con-ahumador-azul\/\" \/>\n<meta property=\"og:site_name\" content=\"Erresse Shop\" \/>\n<meta property=\"article:modified_time\" content=\"2024-04-08T06:36:30+00:00\" \/>\n<meta property=\"og:image\" content=\"https:\/\/www.erresse-shop.it\/wp-content\/uploads\/2024\/04\/Ninja-woodfire-barbecue-e-affumicatore-blu.jpg\" \/>\n\t<meta property=\"og:image:width\" content=\"800\" \/>\n\t<meta property=\"og:image:height\" content=\"800\" \/>\n\t<meta property=\"og:image:type\" content=\"image\/jpeg\" \/>\n<meta name=\"twitter:card\" content=\"summary_large_image\" \/>\n<script type=\"application\/ld+json\" class=\"yoast-schema-graph\">{\"@context\":\"https:\/\/schema.org\",\"@graph\":[{\"@type\":\"WebPage\",\"@id\":\"https:\/\/www.erresse-shop.it\/es\/shop\/pequenos-electrodomesticos\/hornos\/ninja-barbecue-electrico-con-ahumador-azul\/\",\"url\":\"https:\/\/www.erresse-shop.it\/es\/shop\/pequenos-electrodomesticos\/hornos\/ninja-barbecue-electrico-con-ahumador-azul\/\",\"name\":\"NINJA Woodfire Barbecue El\u00e9ctrico con ahumador Azul - Erresse Shop\",\"isPartOf\":{\"@id\":\"https:\/\/www.erresse-shop.it\/es\/#website\"},\"datePublished\":\"2024-04-08T06:23:46+00:00\",\"dateModified\":\"2024-04-08T06:36:30+00:00\",\"description\":\"Ti presentiamo il nostro barbecue elettrico XL con sonda integrata per affumicare, friggere ad aria e cuocere il cibo come preferisci, conferendogli il\",\"breadcrumb\":{\"@id\":\"https:\/\/www.erresse-shop.it\/es\/shop\/pequenos-electrodomesticos\/hornos\/ninja-barbecue-electrico-con-ahumador-azul\/#breadcrumb\"},\"inLanguage\":\"es\",\"potentialAction\":[{\"@type\":\"ReadAction\",\"target\":[\"https:\/\/www.erresse-shop.it\/es\/shop\/pequenos-electrodomesticos\/hornos\/ninja-barbecue-electrico-con-ahumador-azul\/\"]}]},{\"@type\":\"BreadcrumbList\",\"@id\":\"https:\/\/www.erresse-shop.it\/es\/shop\/pequenos-electrodomesticos\/hornos\/ninja-barbecue-electrico-con-ahumador-azul\/#breadcrumb\",\"itemListElement\":[{\"@type\":\"ListItem\",\"position\":1,\"name\":\"Home\",\"item\":\"https:\/\/www.erresse-shop.it\/es\/\"},{\"@type\":\"ListItem\",\"position\":2,\"name\":\"Shop\",\"item\":\"https:\/\/www.erresse-shop.it\/es\/shop\/\"},{\"@type\":\"ListItem\",\"position\":3,\"name\":\"NINJA Woodfire Barbecue El\u00e9ctrico con ahumador Azul\"}]},{\"@type\":\"WebSite\",\"@id\":\"https:\/\/www.erresse-shop.it\/es\/#website\",\"url\":\"https:\/\/www.erresse-shop.it\/es\/\",\"name\":\"Erresse Shop\",\"description\":\"Articoli di qualit\u00e0 per la casa\",\"potentialAction\":[{\"@type\":\"SearchAction\",\"target\":{\"@type\":\"EntryPoint\",\"urlTemplate\":\"https:\/\/www.erresse-shop.it\/es\/?s={search_term_string}\"},\"query-input\":\"required name=search_term_string\"}],\"inLanguage\":\"es\"}]}<\/script>\n<!-- \/ Yoast SEO Premium plugin. -->","yoast_head_json":{"title":"NINJA Woodfire Barbecue El\u00e9ctrico con ahumador Azul - Erresse Shop","description":"Ti presentiamo il nostro barbecue elettrico XL con sonda integrata per affumicare, friggere ad aria e cuocere il cibo come preferisci, conferendogli il","robots":{"index":"index","follow":"follow","max-snippet":"max-snippet:-1","max-image-preview":"max-image-preview:large","max-video-preview":"max-video-preview:-1"},"canonical":"https:\/\/www.erresse-shop.it\/es\/shop\/pequenos-electrodomesticos\/hornos\/ninja-barbecue-electrico-con-ahumador-azul\/","og_locale":"es_ES","og_type":"article","og_title":"NINJA Woodfire Barbecue El\u00e9ctrico con ahumador Azul","og_description":"Ti presentiamo il nostro barbecue elettrico XL con sonda integrata per affumicare, friggere ad aria e cuocere il cibo come preferisci, conferendogli il","og_url":"https:\/\/www.erresse-shop.it\/es\/shop\/pequenos-electrodomesticos\/hornos\/ninja-barbecue-electrico-con-ahumador-azul\/","og_site_name":"Erresse Shop","article_modified_time":"2024-04-08T06:36:30+00:00","og_image":[{"width":800,"height":800,"url":"https:\/\/www.erresse-shop.it\/wp-content\/uploads\/2024\/04\/Ninja-woodfire-barbecue-e-affumicatore-blu.jpg","type":"image\/jpeg"}],"twitter_card":"summary_large_image","schema":{"@context":"https:\/\/schema.org","@graph":[{"@type":"WebPage","@id":"https:\/\/www.erresse-shop.it\/es\/shop\/pequenos-electrodomesticos\/hornos\/ninja-barbecue-electrico-con-ahumador-azul\/","url":"https:\/\/www.erresse-shop.it\/es\/shop\/pequenos-electrodomesticos\/hornos\/ninja-barbecue-electrico-con-ahumador-azul\/","name":"NINJA Woodfire Barbecue El\u00e9ctrico con ahumador Azul - Erresse Shop","isPartOf":{"@id":"https:\/\/www.erresse-shop.it\/es\/#website"},"datePublished":"2024-04-08T06:23:46+00:00","dateModified":"2024-04-08T06:36:30+00:00","description":"Ti presentiamo il nostro barbecue elettrico XL con sonda integrata per affumicare, friggere ad aria e cuocere il cibo come preferisci, conferendogli il","breadcrumb":{"@id":"https:\/\/www.erresse-shop.it\/es\/shop\/pequenos-electrodomesticos\/hornos\/ninja-barbecue-electrico-con-ahumador-azul\/#breadcrumb"},"inLanguage":"es","potentialAction":[{"@type":"ReadAction","target":["https:\/\/www.erresse-shop.it\/es\/shop\/pequenos-electrodomesticos\/hornos\/ninja-barbecue-electrico-con-ahumador-azul\/"]}]},{"@type":"BreadcrumbList","@id":"https:\/\/www.erresse-shop.it\/es\/shop\/pequenos-electrodomesticos\/hornos\/ninja-barbecue-electrico-con-ahumador-azul\/#breadcrumb","itemListElement":[{"@type":"ListItem","position":1,"name":"Home","item":"https:\/\/www.erresse-shop.it\/es\/"},{"@type":"ListItem","position":2,"name":"Shop","item":"https:\/\/www.erresse-shop.it\/es\/shop\/"},{"@type":"ListItem","position":3,"name":"NINJA Woodfire Barbecue El\u00e9ctrico con ahumador Azul"}]},{"@type":"WebSite","@id":"https:\/\/www.erresse-shop.it\/es\/#website","url":"https:\/\/www.erresse-shop.it\/es\/","name":"Erresse Shop","description":"Articoli di qualit\u00e0 per la casa","potentialAction":[{"@type":"SearchAction","target":{"@type":"EntryPoint","urlTemplate":"https:\/\/www.erresse-shop.it\/es\/?s={search_term_string}"},"query-input":"required name=search_term_string"}],"inLanguage":"es"}]}},"df_price":449.99,"df_sale_price":449.99,"df_regular_price":449.99,"df_image_link":"https:\/\/www.erresse-shop.it\/wp-content\/uploads\/2024\/04\/Ninja-woodfire-barbecue-e-affumicatore-blu-300x300.jpg","_links":{"self":[{"href":"https:\/\/www.erresse-shop.it\/es\/wp-json\/wp\/v2\/product\/401084"}],"collection":[{"href":"https:\/\/www.erresse-shop.it\/es\/wp-json\/wp\/v2\/product"}],"about":[{"href":"https:\/\/www.erresse-shop.it\/es\/wp-json\/wp\/v2\/types\/product"}],"wp:featuredmedia":[{"embeddable":true,"href":"https:\/\/www.erresse-shop.it\/es\/wp-json\/wp\/v2\/media\/401106"}],"wp:attachment":[{"href":"https:\/\/www.erresse-shop.it\/es\/wp-json\/wp\/v2\/media?parent=401084"}],"wp:term":[{"taxonomy":"product_cat","embeddable":true,"href":"https:\/\/www.erresse-shop.it\/es\/wp-json\/wp\/v2\/product_cat?post=401084"},{"taxonomy":"product_tag","embeddable":true,"href":"https:\/\/www.erresse-shop.it\/es\/wp-json\/wp\/v2\/product_tag?post=401084"}],"curies":[{"name":"wp","href":"https:\/\/api.w.org\/{rel}","templated":true}]}}