{"id":400789,"date":"2024-04-05T07:58:56","date_gmt":"2024-04-05T07:59:01","guid":{"rendered":"https:\/\/www.erresse-shop.it\/?post_type=product&#038;p=400789"},"modified":"2024-04-29T00:02:04","modified_gmt":"2024-04-29T00:02:04","slug":"berkel-kit-de-restauracion-de-cortadoras-negro-copia","status":"publish","type":"product","link":"https:\/\/www.erresse-shop.it\/es\/shop\/cocina\/accesorios\/berkel-kit-de-restauracion-de-cortadoras-negro-copia\/","title":{"rendered":"BERKEL Pinza de Madera Para Jam\u00f3n"},"content":{"rendered":"<p><strong>BELLEZA Y SABOR DEL JAM\u00d3N CORTADO A MANO.<\/strong><br \/>\nEl prosciutto italiano expresa toda su fragancia cort\u00e1ndolo a mano con un cuchillo. Con el soporte Berkel, los embutidos con hueso pueden cortarse f\u00e1cilmente. Apretado en la mordaza, no sufrir\u00e1 ninguna oscilaci\u00f3n, permitiendo el corte perfecto de la carne con la sola ayuda de un cuchillo bien afilado. Berkel ofrece un objeto funcional con materiales f\u00e1cilmente lavables (acero y madera) y un dise\u00f1o moderno.<\/p>\n<p><strong>MORDAZA JAMONERA DE MADERA OSCURA<\/strong><br \/>\n<strong>Materiales<\/strong>: base de madera oscura, marco de acero inoxidable, embellecedor de madera<br \/>\n<strong>Dimensiones m\u00e1ximas totales:<\/strong> 24 x 56 x 16h cm<br \/>\n<strong>Peso<\/strong>: 4 kg<br \/>\n<strong>Caracter\u00edsticas<\/strong>: pies de goma de silicona<\/p>\n","protected":false},"excerpt":{"rendered":"<p>BELLEZA Y SABOR DEL JAM\u00d3N CORTADO A MANO. El prosciutto italiano expresa toda su fragancia cort\u00e1ndolo a mano con un<\/p>\n","protected":false},"featured_media":400796,"template":"","meta":{"_acf_changed":false,"inline_featured_image":false},"product_cat":[16041,16040],"product_tag":[16307,17556,17667],"acf":[],"yoast_head":"<!-- This site is optimized with the Yoast SEO Premium plugin v18.6 (Yoast SEO v19.13) - https:\/\/yoast.com\/wordpress\/plugins\/seo\/ -->\n<title>BERKEL Pinza de Madera Para Jam\u00f3n - Erresse Shop<\/title>\n<meta name=\"description\" content=\"BELLEZA Y SABOR DEL JAM\u00d3N CORTADO A MANO. El prosciutto italiano expresa toda su fragancia cort\u00e1ndolo a mano con un cuchillo. Con el soporte Berkel, los\" \/>\n<meta name=\"robots\" content=\"index, follow, max-snippet:-1, max-image-preview:large, max-video-preview:-1\" \/>\n<link rel=\"canonical\" href=\"https:\/\/www.erresse-shop.it\/es\/shop\/cocina\/accesorios\/berkel-kit-de-restauracion-de-cortadoras-negro-copia\/\" \/>\n<meta property=\"og:locale\" content=\"es_ES\" \/>\n<meta property=\"og:type\" content=\"article\" \/>\n<meta property=\"og:title\" content=\"BERKEL Pinza de Madera Para Jam\u00f3n\" \/>\n<meta property=\"og:description\" content=\"BELLEZA Y SABOR DEL JAM\u00d3N CORTADO A MANO. El prosciutto italiano expresa toda su fragancia cort\u00e1ndolo a mano con un cuchillo. Con el soporte Berkel, los\" \/>\n<meta property=\"og:url\" content=\"https:\/\/www.erresse-shop.it\/es\/shop\/cocina\/accesorios\/berkel-kit-de-restauracion-de-cortadoras-negro-copia\/\" \/>\n<meta property=\"og:site_name\" content=\"Erresse Shop\" \/>\n<meta property=\"article:modified_time\" content=\"2024-04-29T00:02:04+00:00\" \/>\n<meta property=\"og:image\" content=\"https:\/\/www.erresse-shop.it\/wp-content\/uploads\/2024\/04\/Berkel-morsa.jpg\" \/>\n\t<meta property=\"og:image:width\" content=\"800\" \/>\n\t<meta property=\"og:image:height\" content=\"800\" \/>\n\t<meta property=\"og:image:type\" content=\"image\/jpeg\" \/>\n<meta name=\"twitter:card\" content=\"summary_large_image\" \/>\n<script type=\"application\/ld+json\" class=\"yoast-schema-graph\">{\"@context\":\"https:\/\/schema.org\",\"@graph\":[{\"@type\":\"WebPage\",\"@id\":\"https:\/\/www.erresse-shop.it\/es\/shop\/cocina\/accesorios\/berkel-kit-de-restauracion-de-cortadoras-negro-copia\/\",\"url\":\"https:\/\/www.erresse-shop.it\/es\/shop\/cocina\/accesorios\/berkel-kit-de-restauracion-de-cortadoras-negro-copia\/\",\"name\":\"BERKEL Pinza de Madera Para Jam\u00f3n - Erresse Shop\",\"isPartOf\":{\"@id\":\"https:\/\/www.erresse-shop.it\/es\/#website\"},\"datePublished\":\"2024-04-05T07:59:01+00:00\",\"dateModified\":\"2024-04-29T00:02:04+00:00\",\"description\":\"BELLEZA Y SABOR DEL JAM\u00d3N CORTADO A MANO. El prosciutto italiano expresa toda su fragancia cort\u00e1ndolo a mano con un cuchillo. Con el soporte Berkel, los\",\"breadcrumb\":{\"@id\":\"https:\/\/www.erresse-shop.it\/es\/shop\/cocina\/accesorios\/berkel-kit-de-restauracion-de-cortadoras-negro-copia\/#breadcrumb\"},\"inLanguage\":\"es\",\"potentialAction\":[{\"@type\":\"ReadAction\",\"target\":[\"https:\/\/www.erresse-shop.it\/es\/shop\/cocina\/accesorios\/berkel-kit-de-restauracion-de-cortadoras-negro-copia\/\"]}]},{\"@type\":\"BreadcrumbList\",\"@id\":\"https:\/\/www.erresse-shop.it\/es\/shop\/cocina\/accesorios\/berkel-kit-de-restauracion-de-cortadoras-negro-copia\/#breadcrumb\",\"itemListElement\":[{\"@type\":\"ListItem\",\"position\":1,\"name\":\"Home\",\"item\":\"https:\/\/www.erresse-shop.it\/es\/\"},{\"@type\":\"ListItem\",\"position\":2,\"name\":\"Shop\",\"item\":\"https:\/\/www.erresse-shop.it\/es\/shop\/\"},{\"@type\":\"ListItem\",\"position\":3,\"name\":\"BERKEL Pinza de Madera Para Jam\u00f3n\"}]},{\"@type\":\"WebSite\",\"@id\":\"https:\/\/www.erresse-shop.it\/es\/#website\",\"url\":\"https:\/\/www.erresse-shop.it\/es\/\",\"name\":\"Erresse Shop\",\"description\":\"Articoli di qualit\u00e0 per la casa\",\"potentialAction\":[{\"@type\":\"SearchAction\",\"target\":{\"@type\":\"EntryPoint\",\"urlTemplate\":\"https:\/\/www.erresse-shop.it\/es\/?s={search_term_string}\"},\"query-input\":\"required name=search_term_string\"}],\"inLanguage\":\"es\"}]}<\/script>\n<!-- \/ Yoast SEO Premium plugin. -->","yoast_head_json":{"title":"BERKEL Pinza de Madera Para Jam\u00f3n - Erresse Shop","description":"BELLEZA Y SABOR DEL JAM\u00d3N CORTADO A MANO. El prosciutto italiano expresa toda su fragancia cort\u00e1ndolo a mano con un cuchillo. Con el soporte Berkel, los","robots":{"index":"index","follow":"follow","max-snippet":"max-snippet:-1","max-image-preview":"max-image-preview:large","max-video-preview":"max-video-preview:-1"},"canonical":"https:\/\/www.erresse-shop.it\/es\/shop\/cocina\/accesorios\/berkel-kit-de-restauracion-de-cortadoras-negro-copia\/","og_locale":"es_ES","og_type":"article","og_title":"BERKEL Pinza de Madera Para Jam\u00f3n","og_description":"BELLEZA Y SABOR DEL JAM\u00d3N CORTADO A MANO. El prosciutto italiano expresa toda su fragancia cort\u00e1ndolo a mano con un cuchillo. Con el soporte Berkel, los","og_url":"https:\/\/www.erresse-shop.it\/es\/shop\/cocina\/accesorios\/berkel-kit-de-restauracion-de-cortadoras-negro-copia\/","og_site_name":"Erresse Shop","article_modified_time":"2024-04-29T00:02:04+00:00","og_image":[{"width":800,"height":800,"url":"https:\/\/www.erresse-shop.it\/wp-content\/uploads\/2024\/04\/Berkel-morsa.jpg","type":"image\/jpeg"}],"twitter_card":"summary_large_image","schema":{"@context":"https:\/\/schema.org","@graph":[{"@type":"WebPage","@id":"https:\/\/www.erresse-shop.it\/es\/shop\/cocina\/accesorios\/berkel-kit-de-restauracion-de-cortadoras-negro-copia\/","url":"https:\/\/www.erresse-shop.it\/es\/shop\/cocina\/accesorios\/berkel-kit-de-restauracion-de-cortadoras-negro-copia\/","name":"BERKEL Pinza de Madera Para Jam\u00f3n - Erresse Shop","isPartOf":{"@id":"https:\/\/www.erresse-shop.it\/es\/#website"},"datePublished":"2024-04-05T07:59:01+00:00","dateModified":"2024-04-29T00:02:04+00:00","description":"BELLEZA Y SABOR DEL JAM\u00d3N CORTADO A MANO. El prosciutto italiano expresa toda su fragancia cort\u00e1ndolo a mano con un cuchillo. Con el soporte Berkel, los","breadcrumb":{"@id":"https:\/\/www.erresse-shop.it\/es\/shop\/cocina\/accesorios\/berkel-kit-de-restauracion-de-cortadoras-negro-copia\/#breadcrumb"},"inLanguage":"es","potentialAction":[{"@type":"ReadAction","target":["https:\/\/www.erresse-shop.it\/es\/shop\/cocina\/accesorios\/berkel-kit-de-restauracion-de-cortadoras-negro-copia\/"]}]},{"@type":"BreadcrumbList","@id":"https:\/\/www.erresse-shop.it\/es\/shop\/cocina\/accesorios\/berkel-kit-de-restauracion-de-cortadoras-negro-copia\/#breadcrumb","itemListElement":[{"@type":"ListItem","position":1,"name":"Home","item":"https:\/\/www.erresse-shop.it\/es\/"},{"@type":"ListItem","position":2,"name":"Shop","item":"https:\/\/www.erresse-shop.it\/es\/shop\/"},{"@type":"ListItem","position":3,"name":"BERKEL Pinza de Madera Para Jam\u00f3n"}]},{"@type":"WebSite","@id":"https:\/\/www.erresse-shop.it\/es\/#website","url":"https:\/\/www.erresse-shop.it\/es\/","name":"Erresse Shop","description":"Articoli di qualit\u00e0 per la casa","potentialAction":[{"@type":"SearchAction","target":{"@type":"EntryPoint","urlTemplate":"https:\/\/www.erresse-shop.it\/es\/?s={search_term_string}"},"query-input":"required name=search_term_string"}],"inLanguage":"es"}]}},"df_price":164.5,"df_sale_price":164.5,"df_regular_price":329,"df_image_link":"https:\/\/www.erresse-shop.it\/wp-content\/uploads\/2024\/04\/Berkel-morsa-300x300.jpg","_links":{"self":[{"href":"https:\/\/www.erresse-shop.it\/es\/wp-json\/wp\/v2\/product\/400789"}],"collection":[{"href":"https:\/\/www.erresse-shop.it\/es\/wp-json\/wp\/v2\/product"}],"about":[{"href":"https:\/\/www.erresse-shop.it\/es\/wp-json\/wp\/v2\/types\/product"}],"wp:featuredmedia":[{"embeddable":true,"href":"https:\/\/www.erresse-shop.it\/es\/wp-json\/wp\/v2\/media\/400796"}],"wp:attachment":[{"href":"https:\/\/www.erresse-shop.it\/es\/wp-json\/wp\/v2\/media?parent=400789"}],"wp:term":[{"taxonomy":"product_cat","embeddable":true,"href":"https:\/\/www.erresse-shop.it\/es\/wp-json\/wp\/v2\/product_cat?post=400789"},{"taxonomy":"product_tag","embeddable":true,"href":"https:\/\/www.erresse-shop.it\/es\/wp-json\/wp\/v2\/product_tag?post=400789"}],"curies":[{"name":"wp","href":"https:\/\/api.w.org\/{rel}","templated":true}]}}