{"id":400250,"date":"2024-04-02T06:26:22","date_gmt":"2024-04-02T06:26:26","guid":{"rendered":"https:\/\/www.erresse-shop.it\/?post_type=product&#038;p=400250"},"modified":"2024-04-02T06:35:50","modified_gmt":"2024-04-02T06:35:50","slug":"villeroy-boch-afina-ensaladera-25-cm","status":"publish","type":"product","link":"https:\/\/www.erresse-shop.it\/es\/shop\/tabla\/ensaladeras-y-soperas\/villeroy-boch-afina-ensaladera-25-cm\/","title":{"rendered":"VILLEROY &#038; BOCH Afina Ensaladera 25 cm"},"content":{"rendered":"<p><b><strong>Cuenco peque\u00f1o para ensaladas, sopas o guarniciones peque\u00f1as<\/strong><\/b><\/p>\n<p>En un mundo caracterizado por la b\u00fasqueda de la singularidad y al mismo tiempo de espacios de bienestar, presentamos la colecci\u00f3n de vajillas Afina, inspirada en la tendencia de estilo de vida de gusto refinado. La colecci\u00f3n se caracteriza por un concepto de dise\u00f1o \u00fanico, que combina formas minimalistas y detalles delicados y sofisticados.<\/p>\n<p>Las formas limpias se combinan h\u00e1bilmente con finos detalles, dando como resultado una moderna forma de cup\u00e9 con el borde elevado. Inspirada en los rayos de sol conc\u00e9ntricos, esta vajilla presenta un fascinante relieve anular que crea una exquisita experiencia t\u00e1ctil. Su distintivo aspecto flotante se ve acentuado por una base cuidadosamente disimulada. Nuestro bol peque\u00f1o es ideal para ensaladas, sopas o peque\u00f1as guarniciones D\u00e9 a sus comidas un toque de refinamiento y resalte con elegancia la variedad en la cocina. Descubra la perfecci\u00f3n del refinamiento minimalista con Afina y deje que sus cocinas y comedores brillen con impresionante esplendor.<\/p>\n<p><b><strong>Material:<\/strong><\/b> porcelana<br \/>\n<b><strong>Di\u00e1metro <\/strong><\/b>: aprox. 250 mm<br \/>\n<b><strong>Volumen <\/strong><\/b>: aprox. 750 ml<br \/>\n<strong>Apto para<\/strong> <b><strong>lavavajillas<\/strong><\/b>: s\u00ed<br \/>\n<strong>Apto<\/strong> <b><strong>para microondas<\/strong><\/b>: s\u00ed<\/p>\n","protected":false},"excerpt":{"rendered":"<p>Cuenco peque\u00f1o para ensaladas, sopas o guarniciones peque\u00f1as En un mundo caracterizado por la b\u00fasqueda de la singularidad y al<\/p>\n","protected":false},"featured_media":400262,"template":"","meta":{"_acf_changed":false,"inline_featured_image":false},"product_cat":[16030,16027],"product_tag":[25029,24399,21972,16133,16445,19362,25023],"acf":[],"yoast_head":"<!-- This site is optimized with the Yoast SEO Premium plugin v18.6 (Yoast SEO v19.13) - https:\/\/yoast.com\/wordpress\/plugins\/seo\/ -->\n<title>VILLEROY &amp; BOCH Afina Ensaladera 25 cm - Erresse Shop<\/title>\n<meta name=\"description\" content=\"Cuenco peque\u00f1o para ensaladas, sopas o guarniciones peque\u00f1as En un mundo caracterizado por la b\u00fasqueda de la singularidad y al mismo tiempo de espacios de\" \/>\n<meta name=\"robots\" content=\"index, follow, max-snippet:-1, max-image-preview:large, max-video-preview:-1\" \/>\n<link rel=\"canonical\" href=\"https:\/\/www.erresse-shop.it\/es\/shop\/tabla\/ensaladeras-y-soperas\/villeroy-boch-afina-ensaladera-25-cm\/\" \/>\n<meta property=\"og:locale\" content=\"es_ES\" \/>\n<meta property=\"og:type\" content=\"article\" \/>\n<meta property=\"og:title\" content=\"VILLEROY &amp; BOCH Afina Ensaladera 25 cm\" \/>\n<meta property=\"og:description\" content=\"Cuenco peque\u00f1o para ensaladas, sopas o guarniciones peque\u00f1as En un mundo caracterizado por la b\u00fasqueda de la singularidad y al mismo tiempo de espacios de\" \/>\n<meta property=\"og:url\" content=\"https:\/\/www.erresse-shop.it\/es\/shop\/tabla\/ensaladeras-y-soperas\/villeroy-boch-afina-ensaladera-25-cm\/\" \/>\n<meta property=\"og:site_name\" content=\"Erresse Shop\" \/>\n<meta property=\"article:modified_time\" content=\"2024-04-02T06:35:50+00:00\" \/>\n<meta property=\"og:image\" content=\"https:\/\/www.erresse-shop.it\/wp-content\/uploads\/2024\/04\/villeroy-e-boch-insalatiera.jpg\" \/>\n\t<meta property=\"og:image:width\" content=\"800\" \/>\n\t<meta property=\"og:image:height\" content=\"800\" \/>\n\t<meta property=\"og:image:type\" content=\"image\/jpeg\" \/>\n<meta name=\"twitter:card\" content=\"summary_large_image\" \/>\n<script type=\"application\/ld+json\" class=\"yoast-schema-graph\">{\"@context\":\"https:\/\/schema.org\",\"@graph\":[{\"@type\":\"WebPage\",\"@id\":\"https:\/\/www.erresse-shop.it\/es\/shop\/tabla\/ensaladeras-y-soperas\/villeroy-boch-afina-ensaladera-25-cm\/\",\"url\":\"https:\/\/www.erresse-shop.it\/es\/shop\/tabla\/ensaladeras-y-soperas\/villeroy-boch-afina-ensaladera-25-cm\/\",\"name\":\"VILLEROY & BOCH Afina Ensaladera 25 cm - Erresse Shop\",\"isPartOf\":{\"@id\":\"https:\/\/www.erresse-shop.it\/es\/#website\"},\"datePublished\":\"2024-04-02T06:26:26+00:00\",\"dateModified\":\"2024-04-02T06:35:50+00:00\",\"description\":\"Cuenco peque\u00f1o para ensaladas, sopas o guarniciones peque\u00f1as En un mundo caracterizado por la b\u00fasqueda de la singularidad y al mismo tiempo de espacios de\",\"breadcrumb\":{\"@id\":\"https:\/\/www.erresse-shop.it\/es\/shop\/tabla\/ensaladeras-y-soperas\/villeroy-boch-afina-ensaladera-25-cm\/#breadcrumb\"},\"inLanguage\":\"es\",\"potentialAction\":[{\"@type\":\"ReadAction\",\"target\":[\"https:\/\/www.erresse-shop.it\/es\/shop\/tabla\/ensaladeras-y-soperas\/villeroy-boch-afina-ensaladera-25-cm\/\"]}]},{\"@type\":\"BreadcrumbList\",\"@id\":\"https:\/\/www.erresse-shop.it\/es\/shop\/tabla\/ensaladeras-y-soperas\/villeroy-boch-afina-ensaladera-25-cm\/#breadcrumb\",\"itemListElement\":[{\"@type\":\"ListItem\",\"position\":1,\"name\":\"Home\",\"item\":\"https:\/\/www.erresse-shop.it\/es\/\"},{\"@type\":\"ListItem\",\"position\":2,\"name\":\"Shop\",\"item\":\"https:\/\/www.erresse-shop.it\/es\/shop\/\"},{\"@type\":\"ListItem\",\"position\":3,\"name\":\"VILLEROY &#038; BOCH Afina Ensaladera 25 cm\"}]},{\"@type\":\"WebSite\",\"@id\":\"https:\/\/www.erresse-shop.it\/es\/#website\",\"url\":\"https:\/\/www.erresse-shop.it\/es\/\",\"name\":\"Erresse Shop\",\"description\":\"Articoli di qualit\u00e0 per la casa\",\"potentialAction\":[{\"@type\":\"SearchAction\",\"target\":{\"@type\":\"EntryPoint\",\"urlTemplate\":\"https:\/\/www.erresse-shop.it\/es\/?s={search_term_string}\"},\"query-input\":\"required name=search_term_string\"}],\"inLanguage\":\"es\"}]}<\/script>\n<!-- \/ Yoast SEO Premium plugin. -->","yoast_head_json":{"title":"VILLEROY & BOCH Afina Ensaladera 25 cm - Erresse Shop","description":"Cuenco peque\u00f1o para ensaladas, sopas o guarniciones peque\u00f1as En un mundo caracterizado por la b\u00fasqueda de la singularidad y al mismo tiempo de espacios de","robots":{"index":"index","follow":"follow","max-snippet":"max-snippet:-1","max-image-preview":"max-image-preview:large","max-video-preview":"max-video-preview:-1"},"canonical":"https:\/\/www.erresse-shop.it\/es\/shop\/tabla\/ensaladeras-y-soperas\/villeroy-boch-afina-ensaladera-25-cm\/","og_locale":"es_ES","og_type":"article","og_title":"VILLEROY & BOCH Afina Ensaladera 25 cm","og_description":"Cuenco peque\u00f1o para ensaladas, sopas o guarniciones peque\u00f1as En un mundo caracterizado por la b\u00fasqueda de la singularidad y al mismo tiempo de espacios de","og_url":"https:\/\/www.erresse-shop.it\/es\/shop\/tabla\/ensaladeras-y-soperas\/villeroy-boch-afina-ensaladera-25-cm\/","og_site_name":"Erresse Shop","article_modified_time":"2024-04-02T06:35:50+00:00","og_image":[{"width":800,"height":800,"url":"https:\/\/www.erresse-shop.it\/wp-content\/uploads\/2024\/04\/villeroy-e-boch-insalatiera.jpg","type":"image\/jpeg"}],"twitter_card":"summary_large_image","schema":{"@context":"https:\/\/schema.org","@graph":[{"@type":"WebPage","@id":"https:\/\/www.erresse-shop.it\/es\/shop\/tabla\/ensaladeras-y-soperas\/villeroy-boch-afina-ensaladera-25-cm\/","url":"https:\/\/www.erresse-shop.it\/es\/shop\/tabla\/ensaladeras-y-soperas\/villeroy-boch-afina-ensaladera-25-cm\/","name":"VILLEROY & BOCH Afina Ensaladera 25 cm - Erresse Shop","isPartOf":{"@id":"https:\/\/www.erresse-shop.it\/es\/#website"},"datePublished":"2024-04-02T06:26:26+00:00","dateModified":"2024-04-02T06:35:50+00:00","description":"Cuenco peque\u00f1o para ensaladas, sopas o guarniciones peque\u00f1as En un mundo caracterizado por la b\u00fasqueda de la singularidad y al mismo tiempo de espacios de","breadcrumb":{"@id":"https:\/\/www.erresse-shop.it\/es\/shop\/tabla\/ensaladeras-y-soperas\/villeroy-boch-afina-ensaladera-25-cm\/#breadcrumb"},"inLanguage":"es","potentialAction":[{"@type":"ReadAction","target":["https:\/\/www.erresse-shop.it\/es\/shop\/tabla\/ensaladeras-y-soperas\/villeroy-boch-afina-ensaladera-25-cm\/"]}]},{"@type":"BreadcrumbList","@id":"https:\/\/www.erresse-shop.it\/es\/shop\/tabla\/ensaladeras-y-soperas\/villeroy-boch-afina-ensaladera-25-cm\/#breadcrumb","itemListElement":[{"@type":"ListItem","position":1,"name":"Home","item":"https:\/\/www.erresse-shop.it\/es\/"},{"@type":"ListItem","position":2,"name":"Shop","item":"https:\/\/www.erresse-shop.it\/es\/shop\/"},{"@type":"ListItem","position":3,"name":"VILLEROY &#038; BOCH Afina Ensaladera 25 cm"}]},{"@type":"WebSite","@id":"https:\/\/www.erresse-shop.it\/es\/#website","url":"https:\/\/www.erresse-shop.it\/es\/","name":"Erresse Shop","description":"Articoli di qualit\u00e0 per la casa","potentialAction":[{"@type":"SearchAction","target":{"@type":"EntryPoint","urlTemplate":"https:\/\/www.erresse-shop.it\/es\/?s={search_term_string}"},"query-input":"required name=search_term_string"}],"inLanguage":"es"}]}},"df_price":19.92,"df_sale_price":19.92,"df_regular_price":24.9,"df_image_link":"https:\/\/www.erresse-shop.it\/wp-content\/uploads\/2024\/04\/villeroy-e-boch-insalatiera-300x300.jpg","_links":{"self":[{"href":"https:\/\/www.erresse-shop.it\/es\/wp-json\/wp\/v2\/product\/400250"}],"collection":[{"href":"https:\/\/www.erresse-shop.it\/es\/wp-json\/wp\/v2\/product"}],"about":[{"href":"https:\/\/www.erresse-shop.it\/es\/wp-json\/wp\/v2\/types\/product"}],"wp:featuredmedia":[{"embeddable":true,"href":"https:\/\/www.erresse-shop.it\/es\/wp-json\/wp\/v2\/media\/400262"}],"wp:attachment":[{"href":"https:\/\/www.erresse-shop.it\/es\/wp-json\/wp\/v2\/media?parent=400250"}],"wp:term":[{"taxonomy":"product_cat","embeddable":true,"href":"https:\/\/www.erresse-shop.it\/es\/wp-json\/wp\/v2\/product_cat?post=400250"},{"taxonomy":"product_tag","embeddable":true,"href":"https:\/\/www.erresse-shop.it\/es\/wp-json\/wp\/v2\/product_tag?post=400250"}],"curies":[{"name":"wp","href":"https:\/\/api.w.org\/{rel}","templated":true}]}}