{"id":399909,"date":"2024-03-28T07:42:22","date_gmt":"2024-03-28T07:42:26","guid":{"rendered":"https:\/\/www.erresse-shop.it\/?post_type=product&#038;p=399909"},"modified":"2024-04-08T00:02:16","modified_gmt":"2024-04-08T00:02:16","slug":"villeroy-boch-afina-set-6-tazas-espresso-blanco","status":"publish","type":"product","link":"https:\/\/www.erresse-shop.it\/es\/shop\/tabla\/tazas\/villeroy-boch-afina-set-6-tazas-espresso-blanco\/","title":{"rendered":"VILLEROY &#038; BOCH Afina Set 6 Tazas Espresso Blanco"},"content":{"rendered":"<p><b><strong>Taza peque\u00f1a para un espresso o un moca rico en aroma<\/strong><\/b><\/p>\n<p>En un mundo caracterizado por la b\u00fasqueda de la singularidad y al mismo tiempo de espacios de bienestar, presentamos la colecci\u00f3n de vajillas Afina, inspirada en la tendencia de estilo de vida de gusto refinado. La colecci\u00f3n se caracteriza por un concepto de dise\u00f1o \u00fanico, que combina formas minimalistas y detalles delicados y sofisticados.<\/p>\n<p>Las formas limpias se combinan h\u00e1bilmente con finos detalles, dando como resultado una moderna forma de cup\u00e9 con borde elevado. Inspirada en los rayos de sol conc\u00e9ntricos, esta vajilla presenta un fascinante relieve anular que crea una exquisita experiencia t\u00e1ctil. Su distintivo aspecto flotante se ve acentuado por una base cuidadosamente disimulada. Esta taza est\u00e1 especialmente dise\u00f1ada para caf\u00e9 moca o espresso con el aroma m\u00e1s intenso. Con su tama\u00f1o compacto y atractivo dise\u00f1o, resalta la intensidad y los aromas de estas deliciosas especialidades de caf\u00e9. Cada sorbo de esta taza es un momento de placer para los sentidos, que resalta a la perfecci\u00f3n los ricos matices del sabor. Descubra la perfecci\u00f3n del refinamiento minimalista con Afina y deje que sus cocinas y comedores brillen con impresionante esplendor.<\/p>\n<p><b><strong>Material:<\/strong><\/b> porcelana<br \/>\n<b><strong>Volumen<\/strong><\/b>: aprox. 50 ml<br \/>\n<strong>Apto para<\/strong> <b><strong>lavavajillas<\/strong><\/b>: s\u00ed<br \/>\n<strong>Apto<\/strong> <b><strong>para microondas<\/strong><\/b>: s\u00ed<\/p>\n","protected":false},"excerpt":{"rendered":"<p>Taza peque\u00f1a para un espresso o un moca rico en aroma En un mundo caracterizado por la b\u00fasqueda de la<\/p>\n","protected":false},"featured_media":399942,"template":"","meta":{"_acf_changed":false,"inline_featured_image":false},"product_cat":[16027,16034],"product_tag":[25029,23574,24399,21941,16354,16355,16475,16909,21940,25023],"acf":[],"yoast_head":"<!-- This site is optimized with the Yoast SEO Premium plugin v18.6 (Yoast SEO v19.13) - https:\/\/yoast.com\/wordpress\/plugins\/seo\/ -->\n<title>VILLEROY &amp; BOCH Afina Set 6 Tazas Espresso Blanco - Erresse Shop<\/title>\n<meta name=\"description\" content=\"Taza peque\u00f1a para un espresso o un moca rico en aroma En un mundo caracterizado por la b\u00fasqueda de la singularidad y al mismo tiempo de espacios de\" \/>\n<meta name=\"robots\" content=\"index, follow, max-snippet:-1, max-image-preview:large, max-video-preview:-1\" \/>\n<link rel=\"canonical\" href=\"https:\/\/www.erresse-shop.it\/es\/shop\/tabla\/tazas\/villeroy-boch-afina-set-6-tazas-espresso-blanco\/\" \/>\n<meta property=\"og:locale\" content=\"es_ES\" \/>\n<meta property=\"og:type\" content=\"article\" \/>\n<meta property=\"og:title\" content=\"VILLEROY &amp; BOCH Afina Set 6 Tazas Espresso Blanco\" \/>\n<meta property=\"og:description\" content=\"Taza peque\u00f1a para un espresso o un moca rico en aroma En un mundo caracterizado por la b\u00fasqueda de la singularidad y al mismo tiempo de espacios de\" \/>\n<meta property=\"og:url\" content=\"https:\/\/www.erresse-shop.it\/es\/shop\/tabla\/tazas\/villeroy-boch-afina-set-6-tazas-espresso-blanco\/\" \/>\n<meta property=\"og:site_name\" content=\"Erresse Shop\" \/>\n<meta property=\"article:modified_time\" content=\"2024-04-08T00:02:16+00:00\" \/>\n<meta property=\"og:image\" content=\"https:\/\/www.erresse-shop.it\/wp-content\/uploads\/2024\/03\/villeroy-e-boch-set-6-tazzine.jpg\" \/>\n\t<meta property=\"og:image:width\" content=\"800\" \/>\n\t<meta property=\"og:image:height\" content=\"800\" \/>\n\t<meta property=\"og:image:type\" content=\"image\/jpeg\" \/>\n<meta name=\"twitter:card\" content=\"summary_large_image\" \/>\n<script type=\"application\/ld+json\" class=\"yoast-schema-graph\">{\"@context\":\"https:\/\/schema.org\",\"@graph\":[{\"@type\":\"WebPage\",\"@id\":\"https:\/\/www.erresse-shop.it\/es\/shop\/tabla\/tazas\/villeroy-boch-afina-set-6-tazas-espresso-blanco\/\",\"url\":\"https:\/\/www.erresse-shop.it\/es\/shop\/tabla\/tazas\/villeroy-boch-afina-set-6-tazas-espresso-blanco\/\",\"name\":\"VILLEROY & BOCH Afina Set 6 Tazas Espresso Blanco - Erresse Shop\",\"isPartOf\":{\"@id\":\"https:\/\/www.erresse-shop.it\/es\/#website\"},\"datePublished\":\"2024-03-28T07:42:26+00:00\",\"dateModified\":\"2024-04-08T00:02:16+00:00\",\"description\":\"Taza peque\u00f1a para un espresso o un moca rico en aroma En un mundo caracterizado por la b\u00fasqueda de la singularidad y al mismo tiempo de espacios de\",\"breadcrumb\":{\"@id\":\"https:\/\/www.erresse-shop.it\/es\/shop\/tabla\/tazas\/villeroy-boch-afina-set-6-tazas-espresso-blanco\/#breadcrumb\"},\"inLanguage\":\"es\",\"potentialAction\":[{\"@type\":\"ReadAction\",\"target\":[\"https:\/\/www.erresse-shop.it\/es\/shop\/tabla\/tazas\/villeroy-boch-afina-set-6-tazas-espresso-blanco\/\"]}]},{\"@type\":\"BreadcrumbList\",\"@id\":\"https:\/\/www.erresse-shop.it\/es\/shop\/tabla\/tazas\/villeroy-boch-afina-set-6-tazas-espresso-blanco\/#breadcrumb\",\"itemListElement\":[{\"@type\":\"ListItem\",\"position\":1,\"name\":\"Home\",\"item\":\"https:\/\/www.erresse-shop.it\/es\/\"},{\"@type\":\"ListItem\",\"position\":2,\"name\":\"Shop\",\"item\":\"https:\/\/www.erresse-shop.it\/es\/shop\/\"},{\"@type\":\"ListItem\",\"position\":3,\"name\":\"VILLEROY &#038; BOCH Afina Set 6 Tazas Espresso Blanco\"}]},{\"@type\":\"WebSite\",\"@id\":\"https:\/\/www.erresse-shop.it\/es\/#website\",\"url\":\"https:\/\/www.erresse-shop.it\/es\/\",\"name\":\"Erresse Shop\",\"description\":\"Articoli di qualit\u00e0 per la casa\",\"potentialAction\":[{\"@type\":\"SearchAction\",\"target\":{\"@type\":\"EntryPoint\",\"urlTemplate\":\"https:\/\/www.erresse-shop.it\/es\/?s={search_term_string}\"},\"query-input\":\"required name=search_term_string\"}],\"inLanguage\":\"es\"}]}<\/script>\n<!-- \/ Yoast SEO Premium plugin. -->","yoast_head_json":{"title":"VILLEROY & BOCH Afina Set 6 Tazas Espresso Blanco - Erresse Shop","description":"Taza peque\u00f1a para un espresso o un moca rico en aroma En un mundo caracterizado por la b\u00fasqueda de la singularidad y al mismo tiempo de espacios de","robots":{"index":"index","follow":"follow","max-snippet":"max-snippet:-1","max-image-preview":"max-image-preview:large","max-video-preview":"max-video-preview:-1"},"canonical":"https:\/\/www.erresse-shop.it\/es\/shop\/tabla\/tazas\/villeroy-boch-afina-set-6-tazas-espresso-blanco\/","og_locale":"es_ES","og_type":"article","og_title":"VILLEROY & BOCH Afina Set 6 Tazas Espresso Blanco","og_description":"Taza peque\u00f1a para un espresso o un moca rico en aroma En un mundo caracterizado por la b\u00fasqueda de la singularidad y al mismo tiempo de espacios de","og_url":"https:\/\/www.erresse-shop.it\/es\/shop\/tabla\/tazas\/villeroy-boch-afina-set-6-tazas-espresso-blanco\/","og_site_name":"Erresse Shop","article_modified_time":"2024-04-08T00:02:16+00:00","og_image":[{"width":800,"height":800,"url":"https:\/\/www.erresse-shop.it\/wp-content\/uploads\/2024\/03\/villeroy-e-boch-set-6-tazzine.jpg","type":"image\/jpeg"}],"twitter_card":"summary_large_image","schema":{"@context":"https:\/\/schema.org","@graph":[{"@type":"WebPage","@id":"https:\/\/www.erresse-shop.it\/es\/shop\/tabla\/tazas\/villeroy-boch-afina-set-6-tazas-espresso-blanco\/","url":"https:\/\/www.erresse-shop.it\/es\/shop\/tabla\/tazas\/villeroy-boch-afina-set-6-tazas-espresso-blanco\/","name":"VILLEROY & BOCH Afina Set 6 Tazas Espresso Blanco - Erresse Shop","isPartOf":{"@id":"https:\/\/www.erresse-shop.it\/es\/#website"},"datePublished":"2024-03-28T07:42:26+00:00","dateModified":"2024-04-08T00:02:16+00:00","description":"Taza peque\u00f1a para un espresso o un moca rico en aroma En un mundo caracterizado por la b\u00fasqueda de la singularidad y al mismo tiempo de espacios de","breadcrumb":{"@id":"https:\/\/www.erresse-shop.it\/es\/shop\/tabla\/tazas\/villeroy-boch-afina-set-6-tazas-espresso-blanco\/#breadcrumb"},"inLanguage":"es","potentialAction":[{"@type":"ReadAction","target":["https:\/\/www.erresse-shop.it\/es\/shop\/tabla\/tazas\/villeroy-boch-afina-set-6-tazas-espresso-blanco\/"]}]},{"@type":"BreadcrumbList","@id":"https:\/\/www.erresse-shop.it\/es\/shop\/tabla\/tazas\/villeroy-boch-afina-set-6-tazas-espresso-blanco\/#breadcrumb","itemListElement":[{"@type":"ListItem","position":1,"name":"Home","item":"https:\/\/www.erresse-shop.it\/es\/"},{"@type":"ListItem","position":2,"name":"Shop","item":"https:\/\/www.erresse-shop.it\/es\/shop\/"},{"@type":"ListItem","position":3,"name":"VILLEROY &#038; BOCH Afina Set 6 Tazas Espresso Blanco"}]},{"@type":"WebSite","@id":"https:\/\/www.erresse-shop.it\/es\/#website","url":"https:\/\/www.erresse-shop.it\/es\/","name":"Erresse Shop","description":"Articoli di qualit\u00e0 per la casa","potentialAction":[{"@type":"SearchAction","target":{"@type":"EntryPoint","urlTemplate":"https:\/\/www.erresse-shop.it\/es\/?s={search_term_string}"},"query-input":"required name=search_term_string"}],"inLanguage":"es"}]}},"df_price":50.7,"df_sale_price":50.7,"df_regular_price":101.4,"df_image_link":"https:\/\/www.erresse-shop.it\/wp-content\/uploads\/2024\/03\/villeroy-e-boch-set-6-tazzine-300x300.jpg","_links":{"self":[{"href":"https:\/\/www.erresse-shop.it\/es\/wp-json\/wp\/v2\/product\/399909"}],"collection":[{"href":"https:\/\/www.erresse-shop.it\/es\/wp-json\/wp\/v2\/product"}],"about":[{"href":"https:\/\/www.erresse-shop.it\/es\/wp-json\/wp\/v2\/types\/product"}],"wp:featuredmedia":[{"embeddable":true,"href":"https:\/\/www.erresse-shop.it\/es\/wp-json\/wp\/v2\/media\/399942"}],"wp:attachment":[{"href":"https:\/\/www.erresse-shop.it\/es\/wp-json\/wp\/v2\/media?parent=399909"}],"wp:term":[{"taxonomy":"product_cat","embeddable":true,"href":"https:\/\/www.erresse-shop.it\/es\/wp-json\/wp\/v2\/product_cat?post=399909"},{"taxonomy":"product_tag","embeddable":true,"href":"https:\/\/www.erresse-shop.it\/es\/wp-json\/wp\/v2\/product_tag?post=399909"}],"curies":[{"name":"wp","href":"https:\/\/api.w.org\/{rel}","templated":true}]}}