{"id":399680,"date":"2024-03-27T10:51:39","date_gmt":"2024-03-27T10:51:43","guid":{"rendered":"https:\/\/www.erresse-shop.it\/?post_type=product&#038;p=399680"},"modified":"2024-11-11T00:01:11","modified_gmt":"2024-11-11T00:01:11","slug":"villeroy-boch-iconic-platos-la-petite-boule-blanco-y-negro","status":"publish","type":"product","link":"https:\/\/www.erresse-shop.it\/es\/shop\/tabla\/platos\/villeroy-boch-iconic-platos-la-petite-boule-blanco-y-negro\/","title":{"rendered":"VILLEROY &#038; BOCH Iconic Platos La Petite Boule Blanco y Negro"},"content":{"rendered":"<p><b><strong>Snacks y muebles en una elegante combinaci\u00f3n<\/strong><\/b><\/p>\n<p>La Boule es un objeto de dise\u00f1o ya profundamente arraigado en el ADN de Villeroy &amp; Boch y combina la fuerza de la marca V&amp;B con el saber hacer cer\u00e1mico y un dise\u00f1o ic\u00f3nico. Continuamos la historia de \u00e9xito con una &#8216;Familia Ic\u00f3nica&#8217;: la petite Boule es la versi\u00f3n m\u00e1s peque\u00f1a de nuestros exitosos art\u00edculos La Boule Memphis, Black&amp;White, White and Black y Toy&#8217;s Delight. Al igual que La Boule, que combina comedor y decoraci\u00f3n, la versi\u00f3n petite combina peque\u00f1os aperitivos y decoraci\u00f3n. Adem\u00e1s de ser una exquisita pieza de coleccionista, La petite Boule White es tambi\u00e9n la elecci\u00f3n perfecta para los conocedores de gusto refinado que buscan un regalo ideal para diversas ocasiones.<\/p>\n<p>Esta sofisticada creaci\u00f3n combina una funcionalidad de primera clase con un dise\u00f1o ic\u00f3nico y, adem\u00e1s de atraer todas las miradas sobre la mesa, se convierte en un absoluto punto de atracci\u00f3n en cualquier decoraci\u00f3n elegante. La caracter\u00edstica especial de este juego de mesa es su f\u00e1cil transformaci\u00f3n en una esfera art\u00edstica.<\/p>\n<p>El juego consta de cinco piezas, incluidos cuatro cuencos y un plato central, y est\u00e1 fabricado en porcelana de alta calidad made in Germany. La petite Boule White encarna la elegancia atemporal y la calidad de primera clase. \u00a1Aseg\u00farese ya su innovador juego de merienda!<\/p>\n<p><b><strong>El juego se compone de:<\/strong><\/b><\/p>\n<p>2 cuencos<br \/>\n2 platos<br \/>\n1 platillo<\/p>\n<p><b><strong>Material: <\/strong><\/b>porcelana<br \/>\n<b><strong>Apto para lavavajillas<br \/>\n<\/strong><\/b><b><strong>Apto para microondas<\/strong><\/b><\/p>\n","protected":false},"excerpt":{"rendered":"<p>Snacks y muebles en una elegante combinaci\u00f3n La Boule es un objeto de dise\u00f1o ya profundamente arraigado en el ADN<\/p>\n","protected":false},"featured_media":399687,"template":"","meta":{"_acf_changed":false,"inline_featured_image":false},"product_cat":[16031,16027],"product_tag":[17528,16133,16407],"acf":[],"yoast_head":"<!-- This site is optimized with the Yoast SEO Premium plugin v18.6 (Yoast SEO v19.13) - https:\/\/yoast.com\/wordpress\/plugins\/seo\/ -->\n<title>VILLEROY &amp; BOCH Iconic Platos La Petite Boule Blanco y Negro - Erresse Shop<\/title>\n<meta name=\"description\" content=\"Snacks y muebles en una elegante combinaci\u00f3n La Boule es un objeto de dise\u00f1o ya profundamente arraigado en el ADN de Villeroy &amp; Boch y combina la\" \/>\n<meta name=\"robots\" content=\"index, follow, max-snippet:-1, max-image-preview:large, max-video-preview:-1\" \/>\n<link rel=\"canonical\" href=\"https:\/\/www.erresse-shop.it\/es\/shop\/tabla\/platos\/villeroy-boch-iconic-platos-la-petite-boule-blanco-y-negro\/\" \/>\n<meta property=\"og:locale\" content=\"es_ES\" \/>\n<meta property=\"og:type\" content=\"article\" \/>\n<meta property=\"og:title\" content=\"VILLEROY &amp; BOCH Iconic Platos La Petite Boule Blanco y Negro\" \/>\n<meta property=\"og:description\" content=\"Snacks y muebles en una elegante combinaci\u00f3n La Boule es un objeto de dise\u00f1o ya profundamente arraigado en el ADN de Villeroy &amp; Boch y combina la\" \/>\n<meta property=\"og:url\" content=\"https:\/\/www.erresse-shop.it\/es\/shop\/tabla\/platos\/villeroy-boch-iconic-platos-la-petite-boule-blanco-y-negro\/\" \/>\n<meta property=\"og:site_name\" content=\"Erresse Shop\" \/>\n<meta property=\"article:modified_time\" content=\"2024-11-11T00:01:11+00:00\" \/>\n<meta property=\"og:image\" content=\"https:\/\/www.erresse-shop.it\/wp-content\/uploads\/2024\/03\/villeroy-e-boch-la-petite-boule-nero-e-bianco.jpg\" \/>\n\t<meta property=\"og:image:width\" content=\"800\" \/>\n\t<meta property=\"og:image:height\" content=\"800\" \/>\n\t<meta property=\"og:image:type\" content=\"image\/jpeg\" \/>\n<meta name=\"twitter:card\" content=\"summary_large_image\" \/>\n<script type=\"application\/ld+json\" class=\"yoast-schema-graph\">{\"@context\":\"https:\/\/schema.org\",\"@graph\":[{\"@type\":\"WebPage\",\"@id\":\"https:\/\/www.erresse-shop.it\/es\/shop\/tabla\/platos\/villeroy-boch-iconic-platos-la-petite-boule-blanco-y-negro\/\",\"url\":\"https:\/\/www.erresse-shop.it\/es\/shop\/tabla\/platos\/villeroy-boch-iconic-platos-la-petite-boule-blanco-y-negro\/\",\"name\":\"VILLEROY & BOCH Iconic Platos La Petite Boule Blanco y Negro - Erresse Shop\",\"isPartOf\":{\"@id\":\"https:\/\/www.erresse-shop.it\/es\/#website\"},\"datePublished\":\"2024-03-27T10:51:43+00:00\",\"dateModified\":\"2024-11-11T00:01:11+00:00\",\"description\":\"Snacks y muebles en una elegante combinaci\u00f3n La Boule es un objeto de dise\u00f1o ya profundamente arraigado en el ADN de Villeroy &amp; Boch y combina la\",\"breadcrumb\":{\"@id\":\"https:\/\/www.erresse-shop.it\/es\/shop\/tabla\/platos\/villeroy-boch-iconic-platos-la-petite-boule-blanco-y-negro\/#breadcrumb\"},\"inLanguage\":\"es\",\"potentialAction\":[{\"@type\":\"ReadAction\",\"target\":[\"https:\/\/www.erresse-shop.it\/es\/shop\/tabla\/platos\/villeroy-boch-iconic-platos-la-petite-boule-blanco-y-negro\/\"]}]},{\"@type\":\"BreadcrumbList\",\"@id\":\"https:\/\/www.erresse-shop.it\/es\/shop\/tabla\/platos\/villeroy-boch-iconic-platos-la-petite-boule-blanco-y-negro\/#breadcrumb\",\"itemListElement\":[{\"@type\":\"ListItem\",\"position\":1,\"name\":\"Home\",\"item\":\"https:\/\/www.erresse-shop.it\/es\/\"},{\"@type\":\"ListItem\",\"position\":2,\"name\":\"Shop\",\"item\":\"https:\/\/www.erresse-shop.it\/es\/shop\/\"},{\"@type\":\"ListItem\",\"position\":3,\"name\":\"VILLEROY &#038; BOCH Iconic Platos La Petite Boule Blanco y Negro\"}]},{\"@type\":\"WebSite\",\"@id\":\"https:\/\/www.erresse-shop.it\/es\/#website\",\"url\":\"https:\/\/www.erresse-shop.it\/es\/\",\"name\":\"Erresse Shop\",\"description\":\"Articoli di qualit\u00e0 per la casa\",\"potentialAction\":[{\"@type\":\"SearchAction\",\"target\":{\"@type\":\"EntryPoint\",\"urlTemplate\":\"https:\/\/www.erresse-shop.it\/es\/?s={search_term_string}\"},\"query-input\":\"required name=search_term_string\"}],\"inLanguage\":\"es\"}]}<\/script>\n<!-- \/ Yoast SEO Premium plugin. -->","yoast_head_json":{"title":"VILLEROY & BOCH Iconic Platos La Petite Boule Blanco y Negro - Erresse Shop","description":"Snacks y muebles en una elegante combinaci\u00f3n La Boule es un objeto de dise\u00f1o ya profundamente arraigado en el ADN de Villeroy &amp; Boch y combina la","robots":{"index":"index","follow":"follow","max-snippet":"max-snippet:-1","max-image-preview":"max-image-preview:large","max-video-preview":"max-video-preview:-1"},"canonical":"https:\/\/www.erresse-shop.it\/es\/shop\/tabla\/platos\/villeroy-boch-iconic-platos-la-petite-boule-blanco-y-negro\/","og_locale":"es_ES","og_type":"article","og_title":"VILLEROY & BOCH Iconic Platos La Petite Boule Blanco y Negro","og_description":"Snacks y muebles en una elegante combinaci\u00f3n La Boule es un objeto de dise\u00f1o ya profundamente arraigado en el ADN de Villeroy &amp; Boch y combina la","og_url":"https:\/\/www.erresse-shop.it\/es\/shop\/tabla\/platos\/villeroy-boch-iconic-platos-la-petite-boule-blanco-y-negro\/","og_site_name":"Erresse Shop","article_modified_time":"2024-11-11T00:01:11+00:00","og_image":[{"width":800,"height":800,"url":"https:\/\/www.erresse-shop.it\/wp-content\/uploads\/2024\/03\/villeroy-e-boch-la-petite-boule-nero-e-bianco.jpg","type":"image\/jpeg"}],"twitter_card":"summary_large_image","schema":{"@context":"https:\/\/schema.org","@graph":[{"@type":"WebPage","@id":"https:\/\/www.erresse-shop.it\/es\/shop\/tabla\/platos\/villeroy-boch-iconic-platos-la-petite-boule-blanco-y-negro\/","url":"https:\/\/www.erresse-shop.it\/es\/shop\/tabla\/platos\/villeroy-boch-iconic-platos-la-petite-boule-blanco-y-negro\/","name":"VILLEROY & BOCH Iconic Platos La Petite Boule Blanco y Negro - Erresse Shop","isPartOf":{"@id":"https:\/\/www.erresse-shop.it\/es\/#website"},"datePublished":"2024-03-27T10:51:43+00:00","dateModified":"2024-11-11T00:01:11+00:00","description":"Snacks y muebles en una elegante combinaci\u00f3n La Boule es un objeto de dise\u00f1o ya profundamente arraigado en el ADN de Villeroy &amp; Boch y combina la","breadcrumb":{"@id":"https:\/\/www.erresse-shop.it\/es\/shop\/tabla\/platos\/villeroy-boch-iconic-platos-la-petite-boule-blanco-y-negro\/#breadcrumb"},"inLanguage":"es","potentialAction":[{"@type":"ReadAction","target":["https:\/\/www.erresse-shop.it\/es\/shop\/tabla\/platos\/villeroy-boch-iconic-platos-la-petite-boule-blanco-y-negro\/"]}]},{"@type":"BreadcrumbList","@id":"https:\/\/www.erresse-shop.it\/es\/shop\/tabla\/platos\/villeroy-boch-iconic-platos-la-petite-boule-blanco-y-negro\/#breadcrumb","itemListElement":[{"@type":"ListItem","position":1,"name":"Home","item":"https:\/\/www.erresse-shop.it\/es\/"},{"@type":"ListItem","position":2,"name":"Shop","item":"https:\/\/www.erresse-shop.it\/es\/shop\/"},{"@type":"ListItem","position":3,"name":"VILLEROY &#038; BOCH Iconic Platos La Petite Boule Blanco y Negro"}]},{"@type":"WebSite","@id":"https:\/\/www.erresse-shop.it\/es\/#website","url":"https:\/\/www.erresse-shop.it\/es\/","name":"Erresse Shop","description":"Articoli di qualit\u00e0 per la casa","potentialAction":[{"@type":"SearchAction","target":{"@type":"EntryPoint","urlTemplate":"https:\/\/www.erresse-shop.it\/es\/?s={search_term_string}"},"query-input":"required name=search_term_string"}],"inLanguage":"es"}]}},"df_price":125,"df_sale_price":125,"df_regular_price":139,"df_image_link":"https:\/\/www.erresse-shop.it\/wp-content\/uploads\/2024\/03\/villeroy-e-boch-la-petite-boule-nero-e-bianco-300x300.jpg","_links":{"self":[{"href":"https:\/\/www.erresse-shop.it\/es\/wp-json\/wp\/v2\/product\/399680"}],"collection":[{"href":"https:\/\/www.erresse-shop.it\/es\/wp-json\/wp\/v2\/product"}],"about":[{"href":"https:\/\/www.erresse-shop.it\/es\/wp-json\/wp\/v2\/types\/product"}],"wp:featuredmedia":[{"embeddable":true,"href":"https:\/\/www.erresse-shop.it\/es\/wp-json\/wp\/v2\/media\/399687"}],"wp:attachment":[{"href":"https:\/\/www.erresse-shop.it\/es\/wp-json\/wp\/v2\/media?parent=399680"}],"wp:term":[{"taxonomy":"product_cat","embeddable":true,"href":"https:\/\/www.erresse-shop.it\/es\/wp-json\/wp\/v2\/product_cat?post=399680"},{"taxonomy":"product_tag","embeddable":true,"href":"https:\/\/www.erresse-shop.it\/es\/wp-json\/wp\/v2\/product_tag?post=399680"}],"curies":[{"name":"wp","href":"https:\/\/api.w.org\/{rel}","templated":true}]}}