{"id":398150,"date":"2024-03-20T07:29:53","date_gmt":"2024-03-20T07:29:59","guid":{"rendered":"https:\/\/www.erresse-shop.it\/?post_type=product&#038;p=398150"},"modified":"2024-04-22T00:04:37","modified_gmt":"2024-04-22T00:04:37","slug":"berkel-cortafiambres-pro-line-xs25-rojo-copia","status":"publish","type":"product","link":"https:\/\/www.erresse-shop.it\/es\/shop\/pequenos-electrodomesticos\/cortadoras\/berkel-cortafiambres-pro-line-xs25-rojo-copia\/","title":{"rendered":"BERKEL Cortafiambres Pro Line XS30 Rojo"},"content":{"rendered":"<p>Pro Line XS 25-30 es la \u00faltima l\u00ednea de cortadoras de fiambres el\u00e9ctricas profesionales por gravedad de Berkel. Esta gama de productos combina unas dimensiones compactas con el refinado dise\u00f1o reconocible en todas nuestras cortadoras de fiambres, de l\u00edneas suaves, sin bordes afilados, materiales de alto rendimiento y todos los detalles en el caracter\u00edstico rojo Berkel.<\/p>\n<p>Dirigida principalmente al canal HO.RE.CA., Pro Line XS responde a las necesidades de un usuario que, con una inversi\u00f3n limitada, busca unas excelentes prestaciones de corte sin renunciar a los m\u00e1s altos est\u00e1ndares de seguridad y una facilidad de limpieza sin rival en su categor\u00eda.<\/p>\n<p>Algunos detalles pueden diferir de los mostrados en la foto<\/p>\n<p><b><strong>PRESTACIONES<\/strong><\/b><\/p>\n<p>&#8211; Banda inclinada 38\u00b0 para facilitar el prensado del producto y la ca\u00edda de las lonchas<\/p>\n<p>&#8211; Banda con apertura diagonal de 15\u00b0 para facilitar el desprendimiento del producto durante el corte<\/p>\n<p>&#8211; Cubierta de la cuchilla de perfil continuo para espesores de loncha uniformes<\/p>\n<p>&#8211; Espesor m\u00ednimo de la \u00faltima loncha para minimizar el desperdicio de producto<\/p>\n<p>&#8211; Empujador de gran tama\u00f1o para una mejor sujeci\u00f3n del producto en uso<\/p>\n<p>&#8211; Panel de control IP67 totalmente sellado y juntas de silicona alimentaria en todas las partes expuestas<\/p>\n<p>&#8211; Mando de apertura de la cuchilla con 14 posiciones milim\u00e9tricas para un ajuste perfecto<\/p>\n<p>&#8211; Protector de cuchilla de acero con f\u00e1cil fijaci\u00f3n magn\u00e9tica<\/p>\n<p>&#8211; Afilador extra\u00edble incluido<\/p>\n<p><b><strong>LIMPIEZA E HIGIENE<\/strong><\/b><\/p>\n<p>&#8211; Bandeja de goteo de vela inclinada para escurrir l\u00edquidos<\/p>\n<p>&#8211; Bandeja de recogida de l\u00edquidos integrada en la carcasa para una higiene y limpieza impecables<\/p>\n<p>&#8211; Gran separaci\u00f3n de 42 mm entre la cuchilla y el motor para una limpieza f\u00e1cil y r\u00e1pida<\/p>\n<p>&#8211; Sistema de extracci\u00f3n r\u00e1pida del protector de la cuchilla<\/p>\n<p>&#8211; Carcasa fabricada en una sola pieza de fundici\u00f3n que evita la formaci\u00f3n de huecos<\/p>\n<p><b><strong>SEGURIDAD<\/strong><\/b><\/p>\n<p>&#8211; Cierre total de la hoja para una m\u00e1xima seguridad durante las operaciones de limpieza y presencia del bloqueo CE para impedir la apertura una vez retirada la placa<\/p>\n<p>&#8211; Sistema de bloqueo del empujador para evitar que se suelte accidentalmente<\/p>\n<p>&#8211; Interruptor de encendido\/apagado con luz LED de alta visibilidad<\/p>\n<p>&#8211; Anillo de protecci\u00f3n de la cuchilla de aluminio para mayor seguridad<\/p>\n<p>&#8211; Protector de cubierta de tecnopol\u00edmero transparente para una perfecta visibilidad de las operaciones de corte<\/p>\n<p>&#8211; Mandos ergon\u00f3micos de f\u00e1cil posicionamiento para minimizar el esfuerzo del operador<\/p>\n<p><b><strong>CARACTER\u00cdSTICAS T\u00c9CNICAS<\/strong><\/b><\/p>\n<p><b><strong>Peso<\/strong><\/b> 29 kg<\/p>\n<p><b><strong>Di\u00e1metro de la cuch<\/strong><\/b> <strong>illa<\/strong> 300 mm<\/p>\n<p><b><strong>Enchufe<\/strong><\/b> Cable suministrado con enchufe UE<\/p>\n<p><b><strong>Especificaciones<\/strong><\/b> el\u00e9ctricas 230 V 50 Hz 1 PH<\/p>\n<p><b><strong>Potencia del motor<\/strong><\/b> 0,35 kW<\/p>\n<p><b><strong>Espesor de corte<\/strong><\/b> 0 &#8211; 14 mm<\/p>\n<p><b><strong>Capacidad<\/strong><\/b> de corte (circular) 230 mm<\/p>\n<p>Capacidad <b><strong>de<\/strong><\/b> corte (rectangular) 245X195 mm<\/p>\n<p><b><strong>Piezas desmontables<\/strong><\/b> Disco protector de la cuchilla, placa de corte, deflector de aletas<\/p>\n<p><b><strong>Afilador<\/strong><\/b> incluido, dos movimientos<\/p>\n<p><b><strong>Extractor de<\/strong><\/b> <b><strong>cuchillas<\/strong><\/b> Grandes espacios de limpieza: no es necesario<\/p>\n<p><strong>LIMPIEZA &amp; HIGIENE<\/strong><\/p>\n<ul>\n<li>Carcasa con protecci\u00f3n contra cuchillas: una carcasa en la parte posterior de la cuchilla limita los huecos para evitar la acumulaci\u00f3n de residuos<\/li>\n<li>Pantalla de perfil continuo de aluminio de grado alimenticio de eliminaci\u00f3n r\u00e1pida para una f\u00e1cil limpieza<\/li>\n<li>Plato abatible para la limpieza r\u00e1pida del cuerpo de la m\u00e1quina<\/li>\n<li>Prensadora f\u00e1cilmente extra\u00edble y lavable en lavavajillas<\/li>\n<li>Extractor de cuchilla incluido<\/li>\n<li>Base con placa de aluminio con lo que no hay espacio entre la m\u00e1quina y el banco<\/li>\n<\/ul>\n<p><span style=\"text-decoration: underline;\"><strong>No se vende fuera de Europa<\/strong><\/span><\/p>\n","protected":false},"excerpt":{"rendered":"<p>Pro Line XS 25-30 es la \u00faltima l\u00ednea de cortadoras de fiambres el\u00e9ctricas profesionales por gravedad de Berkel. Esta gama<\/p>\n","protected":false},"featured_media":398063,"template":"","meta":{"_acf_changed":false,"inline_featured_image":false},"product_cat":[17345,16073],"product_tag":[24185,17292,17356,16307,17357],"acf":[],"yoast_head":"<!-- This site is optimized with the Yoast SEO Premium plugin v18.6 (Yoast SEO v19.13) - https:\/\/yoast.com\/wordpress\/plugins\/seo\/ -->\n<title>BERKEL Cortafiambres Pro Line XS30 Rojo - Erresse Shop<\/title>\n<meta name=\"description\" content=\"Pro Line XS 25-30 es la \u00faltima l\u00ednea de cortadoras de fiambres el\u00e9ctricas profesionales por gravedad de Berkel. Esta gama de productos combina unas\" \/>\n<meta name=\"robots\" content=\"index, follow, max-snippet:-1, max-image-preview:large, max-video-preview:-1\" \/>\n<link rel=\"canonical\" href=\"https:\/\/www.erresse-shop.it\/es\/shop\/pequenos-electrodomesticos\/cortadoras\/berkel-cortafiambres-pro-line-xs25-rojo-copia\/\" \/>\n<meta property=\"og:locale\" content=\"es_ES\" \/>\n<meta property=\"og:type\" content=\"article\" \/>\n<meta property=\"og:title\" content=\"BERKEL Cortafiambres Pro Line XS30 Rojo\" \/>\n<meta property=\"og:description\" content=\"Pro Line XS 25-30 es la \u00faltima l\u00ednea de cortadoras de fiambres el\u00e9ctricas profesionales por gravedad de Berkel. Esta gama de productos combina unas\" \/>\n<meta property=\"og:url\" content=\"https:\/\/www.erresse-shop.it\/es\/shop\/pequenos-electrodomesticos\/cortadoras\/berkel-cortafiambres-pro-line-xs25-rojo-copia\/\" \/>\n<meta property=\"og:site_name\" content=\"Erresse Shop\" \/>\n<meta property=\"article:modified_time\" content=\"2024-04-22T00:04:37+00:00\" \/>\n<meta property=\"og:image\" content=\"https:\/\/www.erresse-shop.it\/wp-content\/uploads\/2024\/03\/Berkel-Affettatrice-pro-line-x25-red-5.jpg\" \/>\n\t<meta property=\"og:image:width\" content=\"800\" \/>\n\t<meta property=\"og:image:height\" content=\"800\" \/>\n\t<meta property=\"og:image:type\" content=\"image\/jpeg\" \/>\n<meta name=\"twitter:card\" content=\"summary_large_image\" \/>\n<script type=\"application\/ld+json\" class=\"yoast-schema-graph\">{\"@context\":\"https:\/\/schema.org\",\"@graph\":[{\"@type\":\"WebPage\",\"@id\":\"https:\/\/www.erresse-shop.it\/es\/shop\/pequenos-electrodomesticos\/cortadoras\/berkel-cortafiambres-pro-line-xs25-rojo-copia\/\",\"url\":\"https:\/\/www.erresse-shop.it\/es\/shop\/pequenos-electrodomesticos\/cortadoras\/berkel-cortafiambres-pro-line-xs25-rojo-copia\/\",\"name\":\"BERKEL Cortafiambres Pro Line XS30 Rojo - Erresse Shop\",\"isPartOf\":{\"@id\":\"https:\/\/www.erresse-shop.it\/es\/#website\"},\"datePublished\":\"2024-03-20T07:29:59+00:00\",\"dateModified\":\"2024-04-22T00:04:37+00:00\",\"description\":\"Pro Line XS 25-30 es la \u00faltima l\u00ednea de cortadoras de fiambres el\u00e9ctricas profesionales por gravedad de Berkel. Esta gama de productos combina unas\",\"breadcrumb\":{\"@id\":\"https:\/\/www.erresse-shop.it\/es\/shop\/pequenos-electrodomesticos\/cortadoras\/berkel-cortafiambres-pro-line-xs25-rojo-copia\/#breadcrumb\"},\"inLanguage\":\"es\",\"potentialAction\":[{\"@type\":\"ReadAction\",\"target\":[\"https:\/\/www.erresse-shop.it\/es\/shop\/pequenos-electrodomesticos\/cortadoras\/berkel-cortafiambres-pro-line-xs25-rojo-copia\/\"]}]},{\"@type\":\"BreadcrumbList\",\"@id\":\"https:\/\/www.erresse-shop.it\/es\/shop\/pequenos-electrodomesticos\/cortadoras\/berkel-cortafiambres-pro-line-xs25-rojo-copia\/#breadcrumb\",\"itemListElement\":[{\"@type\":\"ListItem\",\"position\":1,\"name\":\"Home\",\"item\":\"https:\/\/www.erresse-shop.it\/es\/\"},{\"@type\":\"ListItem\",\"position\":2,\"name\":\"Shop\",\"item\":\"https:\/\/www.erresse-shop.it\/es\/shop\/\"},{\"@type\":\"ListItem\",\"position\":3,\"name\":\"BERKEL Cortafiambres Pro Line XS30 Rojo\"}]},{\"@type\":\"WebSite\",\"@id\":\"https:\/\/www.erresse-shop.it\/es\/#website\",\"url\":\"https:\/\/www.erresse-shop.it\/es\/\",\"name\":\"Erresse Shop\",\"description\":\"Articoli di qualit\u00e0 per la casa\",\"potentialAction\":[{\"@type\":\"SearchAction\",\"target\":{\"@type\":\"EntryPoint\",\"urlTemplate\":\"https:\/\/www.erresse-shop.it\/es\/?s={search_term_string}\"},\"query-input\":\"required name=search_term_string\"}],\"inLanguage\":\"es\"}]}<\/script>\n<!-- \/ Yoast SEO Premium plugin. -->","yoast_head_json":{"title":"BERKEL Cortafiambres Pro Line XS30 Rojo - Erresse Shop","description":"Pro Line XS 25-30 es la \u00faltima l\u00ednea de cortadoras de fiambres el\u00e9ctricas profesionales por gravedad de Berkel. Esta gama de productos combina unas","robots":{"index":"index","follow":"follow","max-snippet":"max-snippet:-1","max-image-preview":"max-image-preview:large","max-video-preview":"max-video-preview:-1"},"canonical":"https:\/\/www.erresse-shop.it\/es\/shop\/pequenos-electrodomesticos\/cortadoras\/berkel-cortafiambres-pro-line-xs25-rojo-copia\/","og_locale":"es_ES","og_type":"article","og_title":"BERKEL Cortafiambres Pro Line XS30 Rojo","og_description":"Pro Line XS 25-30 es la \u00faltima l\u00ednea de cortadoras de fiambres el\u00e9ctricas profesionales por gravedad de Berkel. Esta gama de productos combina unas","og_url":"https:\/\/www.erresse-shop.it\/es\/shop\/pequenos-electrodomesticos\/cortadoras\/berkel-cortafiambres-pro-line-xs25-rojo-copia\/","og_site_name":"Erresse Shop","article_modified_time":"2024-04-22T00:04:37+00:00","og_image":[{"width":800,"height":800,"url":"https:\/\/www.erresse-shop.it\/wp-content\/uploads\/2024\/03\/Berkel-Affettatrice-pro-line-x25-red-5.jpg","type":"image\/jpeg"}],"twitter_card":"summary_large_image","schema":{"@context":"https:\/\/schema.org","@graph":[{"@type":"WebPage","@id":"https:\/\/www.erresse-shop.it\/es\/shop\/pequenos-electrodomesticos\/cortadoras\/berkel-cortafiambres-pro-line-xs25-rojo-copia\/","url":"https:\/\/www.erresse-shop.it\/es\/shop\/pequenos-electrodomesticos\/cortadoras\/berkel-cortafiambres-pro-line-xs25-rojo-copia\/","name":"BERKEL Cortafiambres Pro Line XS30 Rojo - Erresse Shop","isPartOf":{"@id":"https:\/\/www.erresse-shop.it\/es\/#website"},"datePublished":"2024-03-20T07:29:59+00:00","dateModified":"2024-04-22T00:04:37+00:00","description":"Pro Line XS 25-30 es la \u00faltima l\u00ednea de cortadoras de fiambres el\u00e9ctricas profesionales por gravedad de Berkel. Esta gama de productos combina unas","breadcrumb":{"@id":"https:\/\/www.erresse-shop.it\/es\/shop\/pequenos-electrodomesticos\/cortadoras\/berkel-cortafiambres-pro-line-xs25-rojo-copia\/#breadcrumb"},"inLanguage":"es","potentialAction":[{"@type":"ReadAction","target":["https:\/\/www.erresse-shop.it\/es\/shop\/pequenos-electrodomesticos\/cortadoras\/berkel-cortafiambres-pro-line-xs25-rojo-copia\/"]}]},{"@type":"BreadcrumbList","@id":"https:\/\/www.erresse-shop.it\/es\/shop\/pequenos-electrodomesticos\/cortadoras\/berkel-cortafiambres-pro-line-xs25-rojo-copia\/#breadcrumb","itemListElement":[{"@type":"ListItem","position":1,"name":"Home","item":"https:\/\/www.erresse-shop.it\/es\/"},{"@type":"ListItem","position":2,"name":"Shop","item":"https:\/\/www.erresse-shop.it\/es\/shop\/"},{"@type":"ListItem","position":3,"name":"BERKEL Cortafiambres Pro Line XS30 Rojo"}]},{"@type":"WebSite","@id":"https:\/\/www.erresse-shop.it\/es\/#website","url":"https:\/\/www.erresse-shop.it\/es\/","name":"Erresse Shop","description":"Articoli di qualit\u00e0 per la casa","potentialAction":[{"@type":"SearchAction","target":{"@type":"EntryPoint","urlTemplate":"https:\/\/www.erresse-shop.it\/es\/?s={search_term_string}"},"query-input":"required name=search_term_string"}],"inLanguage":"es"}]}},"df_price":869.5,"df_sale_price":869.5,"df_regular_price":1739,"df_image_link":"https:\/\/www.erresse-shop.it\/wp-content\/uploads\/2024\/03\/Berkel-Affettatrice-pro-line-x25-red-5-300x300.jpg","_links":{"self":[{"href":"https:\/\/www.erresse-shop.it\/es\/wp-json\/wp\/v2\/product\/398150"}],"collection":[{"href":"https:\/\/www.erresse-shop.it\/es\/wp-json\/wp\/v2\/product"}],"about":[{"href":"https:\/\/www.erresse-shop.it\/es\/wp-json\/wp\/v2\/types\/product"}],"wp:featuredmedia":[{"embeddable":true,"href":"https:\/\/www.erresse-shop.it\/es\/wp-json\/wp\/v2\/media\/398063"}],"wp:attachment":[{"href":"https:\/\/www.erresse-shop.it\/es\/wp-json\/wp\/v2\/media?parent=398150"}],"wp:term":[{"taxonomy":"product_cat","embeddable":true,"href":"https:\/\/www.erresse-shop.it\/es\/wp-json\/wp\/v2\/product_cat?post=398150"},{"taxonomy":"product_tag","embeddable":true,"href":"https:\/\/www.erresse-shop.it\/es\/wp-json\/wp\/v2\/product_tag?post=398150"}],"curies":[{"name":"wp","href":"https:\/\/api.w.org\/{rel}","templated":true}]}}