{"id":397920,"date":"2024-03-19T09:29:43","date_gmt":"2024-03-19T09:29:44","guid":{"rendered":"https:\/\/www.erresse-shop.it\/?post_type=product&#038;p=397920"},"modified":"2024-08-20T00:00:19","modified_gmt":"2024-08-20T00:00:19","slug":"shark-flexstyle-secador-de-pelo-negro-y-oro-rosa","status":"publish","type":"product","link":"https:\/\/www.erresse-shop.it\/es\/shop\/pequenos-electrodomesticos\/secadores-y-planchas-de-pelo\/shark-flexstyle-secador-de-pelo-negro-y-oro-rosa\/","title":{"rendered":"SHARK Flexstyle Secador de pelo negro y oro rosa"},"content":{"rendered":"<p><b><strong>Riza, alisa, da volumen, define y a\u00f1ade brillo con los 3 accesorios de peinado:<\/strong><\/b><\/p>\n<p><b><strong>Cilindros autom\u00e1ticos:<\/strong><\/b><\/p>\n<p>Cambia la forma de definir tus rizos. La tecnolog\u00eda Coanda enrolla, moldea y fija autom\u00e1ticamente el cabello utilizando s\u00f3lo la fuerza del aire para envolverlo alrededor del cilindro. Acerca el mech\u00f3n al cilindro y deja que el aire haga el resto: consigue rizos perfectos en segundos. Con dos accesorios para el cilindro, puedes enrollar f\u00e1cilmente mechones de pelo en cualquier direcci\u00f3n y crear el look perfecto para realzar tu rostro.<\/p>\n<p><b><strong>Ideal para cabello liso y ondulado.<\/strong><\/b><\/p>\n<p>Cepillo ovalado: aporta elasticidad y volumen a tu cabello. La combinaci\u00f3n de cerdas de jabal\u00ed y nylon suaviza y elimina el encrespamiento, proporcionando a tu cabello un nuevo nivel de brillo.<\/p>\n<p><b><strong>Ideal para cabellos lisos, ondulados, rizados y muy rizados.<\/strong><\/b><\/p>\n<p>Concentrador: Seca y alisa el cabello sin esfuerzo. La boquilla gira para facilitar el peinado en todos los \u00e1ngulos.<\/p>\n<p>Ll\u00e9vate tu FlexStyle a cualquier parte en el estuche incluido.<\/p>\n<p>Seca y peina sin da\u00f1ar el calor<\/p>\n<p>Desp\u00eddete del calor excesivo. Shark FlexStyle mide la temperatura 1.000 veces por segundo para garantizar un calor constante sin da\u00f1ar el cabello.<\/p>\n<p>Sin calor extremo: seca y peina suavemente todo tipo de cabellos con 3 ajustes de calor y flujo de aire para que tengas un control total.<\/p>\n<p><b><strong>Secado r\u00e1pido y potente<\/strong><\/b><\/p>\n<p>Sin renunciar a la potencia. Este secador de pelo mantiene un dise\u00f1o fino y elegante a la vez que ofrece una gran potencia para garantizar un secado r\u00e1pido sin tiempos de espera. Perfecto para acelerar tu rutina matutina.<\/p>\n<p>Seca tu cabello en el modo secador para eliminar r\u00e1pidamente el exceso de humedad y, a continuaci\u00f3n, coloca el accesorio de peinado para conseguir el look que deseas.<\/p>\n<p><b><strong>Resultados profesionales en casa<\/strong><\/b><\/p>\n<p>Cabello m\u00e1s suave y brillante, sin encrespamiento ni mechones rebeldes*. Fija el peinado con el ajuste Cool Shot para un look para todo el d\u00eda.<\/p>\n<p>El pack incluye una pr\u00e1ctica gu\u00eda de peinado llena de consejos, trucos e inspiraci\u00f3n para ayudarte a conseguir resultados perfectos.<\/p>\n<p><b><strong>Ultraligero<\/strong><\/b><\/p>\n<p>Peina y seca como nunca. Con un peso inferior a 700 g, Shark FlexStyle es ultraligera y muy c\u00f3moda de usar. Adem\u00e1s, su dise\u00f1o compacto la hace perfecta para llevar.<\/p>\n<p>Nos encantar\u00eda conocer tu opini\u00f3n: echa un vistazo a las opiniones sobre el secador y styler Shark FlexStyle a continuaci\u00f3n.<\/p>\n<p>*Comparado con el secado al aire.<\/p>\n<p>La configuraci\u00f3n Shark FlexStyle con cilindros autom\u00e1ticos no est\u00e1 disponible en Francia.<\/p>\n<p><b><strong>FICHA T\u00c9CNICA:<\/strong><\/b><\/p>\n<p>Color Negro y oro rosa<\/p>\n<p>Peso del producto 0,7 kg<\/p>\n<p>Garant\u00eda 2 a\u00f1os<\/p>\n<p>Longitud del cable 2,5 m<\/p>\n<p>Tensi\u00f3n (V) 230 V<\/p>\n<p><b><strong>CONTIENE<\/strong><\/b>:<\/p>\n<p>1 secador FlexStyle<\/p>\n<p>1 cepillo ovalado<\/p>\n<p>2 cilindros autom\u00e1ticos<\/p>\n<p>1 concentrador<\/p>\n<p>1 estuche<\/p>\n<p>Gu\u00eda de peinado<\/p>\n<p>Manual de instrucciones<\/p>\n<p><b><u><strong>No se vende fuera de Europa<\/strong><\/u><\/b><\/p>\n","protected":false},"excerpt":{"rendered":"<p>Riza, alisa, da volumen, define y a\u00f1ade brillo con los 3 accesorios de peinado: Cilindros autom\u00e1ticos: Cambia la forma de<\/p>\n","protected":false},"featured_media":458805,"template":"","meta":{"_acf_changed":false,"inline_featured_image":false},"product_cat":[16073,24044],"product_tag":[],"acf":[],"yoast_head":"<!-- This site is optimized with the Yoast SEO Premium plugin v18.6 (Yoast SEO v19.13) - https:\/\/yoast.com\/wordpress\/plugins\/seo\/ -->\n<title>SHARK Flexstyle Secador de pelo negro y oro rosa - Erresse Shop<\/title>\n<meta name=\"description\" content=\"Riza, alisa, da volumen, define y a\u00f1ade brillo con los 3 accesorios de peinado: Cilindros autom\u00e1ticos: Cambia la forma de definir tus rizos. La tecnolog\u00eda\" \/>\n<meta name=\"robots\" content=\"index, follow, max-snippet:-1, max-image-preview:large, max-video-preview:-1\" \/>\n<link rel=\"canonical\" href=\"https:\/\/www.erresse-shop.it\/es\/shop\/pequenos-electrodomesticos\/secadores-y-planchas-de-pelo\/shark-flexstyle-secador-de-pelo-negro-y-oro-rosa\/\" \/>\n<meta property=\"og:locale\" content=\"es_ES\" \/>\n<meta property=\"og:type\" content=\"article\" \/>\n<meta property=\"og:title\" content=\"SHARK Flexstyle Secador de pelo negro y oro rosa\" \/>\n<meta property=\"og:description\" content=\"Riza, alisa, da volumen, define y a\u00f1ade brillo con los 3 accesorios de peinado: Cilindros autom\u00e1ticos: Cambia la forma de definir tus rizos. La tecnolog\u00eda\" \/>\n<meta property=\"og:url\" content=\"https:\/\/www.erresse-shop.it\/es\/shop\/pequenos-electrodomesticos\/secadores-y-planchas-de-pelo\/shark-flexstyle-secador-de-pelo-negro-y-oro-rosa\/\" \/>\n<meta property=\"og:site_name\" content=\"Erresse Shop\" \/>\n<meta property=\"article:modified_time\" content=\"2024-08-20T00:00:19+00:00\" \/>\n<meta property=\"og:image\" content=\"https:\/\/www.erresse-shop.it\/wp-content\/uploads\/2024\/03\/SHARK-Styler-e-Asciugacapelli-Shark-FlexStyle-HD424EU.png\" \/>\n\t<meta property=\"og:image:width\" content=\"800\" \/>\n\t<meta property=\"og:image:height\" content=\"800\" \/>\n\t<meta property=\"og:image:type\" content=\"image\/png\" \/>\n<meta name=\"twitter:card\" content=\"summary_large_image\" \/>\n<script type=\"application\/ld+json\" class=\"yoast-schema-graph\">{\"@context\":\"https:\/\/schema.org\",\"@graph\":[{\"@type\":\"WebPage\",\"@id\":\"https:\/\/www.erresse-shop.it\/es\/shop\/pequenos-electrodomesticos\/secadores-y-planchas-de-pelo\/shark-flexstyle-secador-de-pelo-negro-y-oro-rosa\/\",\"url\":\"https:\/\/www.erresse-shop.it\/es\/shop\/pequenos-electrodomesticos\/secadores-y-planchas-de-pelo\/shark-flexstyle-secador-de-pelo-negro-y-oro-rosa\/\",\"name\":\"SHARK Flexstyle Secador de pelo negro y oro rosa - Erresse Shop\",\"isPartOf\":{\"@id\":\"https:\/\/www.erresse-shop.it\/es\/#website\"},\"datePublished\":\"2024-03-19T09:29:44+00:00\",\"dateModified\":\"2024-08-20T00:00:19+00:00\",\"description\":\"Riza, alisa, da volumen, define y a\u00f1ade brillo con los 3 accesorios de peinado: Cilindros autom\u00e1ticos: Cambia la forma de definir tus rizos. La tecnolog\u00eda\",\"breadcrumb\":{\"@id\":\"https:\/\/www.erresse-shop.it\/es\/shop\/pequenos-electrodomesticos\/secadores-y-planchas-de-pelo\/shark-flexstyle-secador-de-pelo-negro-y-oro-rosa\/#breadcrumb\"},\"inLanguage\":\"es\",\"potentialAction\":[{\"@type\":\"ReadAction\",\"target\":[\"https:\/\/www.erresse-shop.it\/es\/shop\/pequenos-electrodomesticos\/secadores-y-planchas-de-pelo\/shark-flexstyle-secador-de-pelo-negro-y-oro-rosa\/\"]}]},{\"@type\":\"BreadcrumbList\",\"@id\":\"https:\/\/www.erresse-shop.it\/es\/shop\/pequenos-electrodomesticos\/secadores-y-planchas-de-pelo\/shark-flexstyle-secador-de-pelo-negro-y-oro-rosa\/#breadcrumb\",\"itemListElement\":[{\"@type\":\"ListItem\",\"position\":1,\"name\":\"Home\",\"item\":\"https:\/\/www.erresse-shop.it\/es\/\"},{\"@type\":\"ListItem\",\"position\":2,\"name\":\"Shop\",\"item\":\"https:\/\/www.erresse-shop.it\/es\/shop\/\"},{\"@type\":\"ListItem\",\"position\":3,\"name\":\"SHARK Flexstyle Secador de pelo negro y oro rosa\"}]},{\"@type\":\"WebSite\",\"@id\":\"https:\/\/www.erresse-shop.it\/es\/#website\",\"url\":\"https:\/\/www.erresse-shop.it\/es\/\",\"name\":\"Erresse Shop\",\"description\":\"Articoli di qualit\u00e0 per la casa\",\"potentialAction\":[{\"@type\":\"SearchAction\",\"target\":{\"@type\":\"EntryPoint\",\"urlTemplate\":\"https:\/\/www.erresse-shop.it\/es\/?s={search_term_string}\"},\"query-input\":\"required name=search_term_string\"}],\"inLanguage\":\"es\"}]}<\/script>\n<!-- \/ Yoast SEO Premium plugin. -->","yoast_head_json":{"title":"SHARK Flexstyle Secador de pelo negro y oro rosa - Erresse Shop","description":"Riza, alisa, da volumen, define y a\u00f1ade brillo con los 3 accesorios de peinado: Cilindros autom\u00e1ticos: Cambia la forma de definir tus rizos. La tecnolog\u00eda","robots":{"index":"index","follow":"follow","max-snippet":"max-snippet:-1","max-image-preview":"max-image-preview:large","max-video-preview":"max-video-preview:-1"},"canonical":"https:\/\/www.erresse-shop.it\/es\/shop\/pequenos-electrodomesticos\/secadores-y-planchas-de-pelo\/shark-flexstyle-secador-de-pelo-negro-y-oro-rosa\/","og_locale":"es_ES","og_type":"article","og_title":"SHARK Flexstyle Secador de pelo negro y oro rosa","og_description":"Riza, alisa, da volumen, define y a\u00f1ade brillo con los 3 accesorios de peinado: Cilindros autom\u00e1ticos: Cambia la forma de definir tus rizos. La tecnolog\u00eda","og_url":"https:\/\/www.erresse-shop.it\/es\/shop\/pequenos-electrodomesticos\/secadores-y-planchas-de-pelo\/shark-flexstyle-secador-de-pelo-negro-y-oro-rosa\/","og_site_name":"Erresse Shop","article_modified_time":"2024-08-20T00:00:19+00:00","og_image":[{"width":800,"height":800,"url":"https:\/\/www.erresse-shop.it\/wp-content\/uploads\/2024\/03\/SHARK-Styler-e-Asciugacapelli-Shark-FlexStyle-HD424EU.png","type":"image\/png"}],"twitter_card":"summary_large_image","schema":{"@context":"https:\/\/schema.org","@graph":[{"@type":"WebPage","@id":"https:\/\/www.erresse-shop.it\/es\/shop\/pequenos-electrodomesticos\/secadores-y-planchas-de-pelo\/shark-flexstyle-secador-de-pelo-negro-y-oro-rosa\/","url":"https:\/\/www.erresse-shop.it\/es\/shop\/pequenos-electrodomesticos\/secadores-y-planchas-de-pelo\/shark-flexstyle-secador-de-pelo-negro-y-oro-rosa\/","name":"SHARK Flexstyle Secador de pelo negro y oro rosa - Erresse Shop","isPartOf":{"@id":"https:\/\/www.erresse-shop.it\/es\/#website"},"datePublished":"2024-03-19T09:29:44+00:00","dateModified":"2024-08-20T00:00:19+00:00","description":"Riza, alisa, da volumen, define y a\u00f1ade brillo con los 3 accesorios de peinado: Cilindros autom\u00e1ticos: Cambia la forma de definir tus rizos. La tecnolog\u00eda","breadcrumb":{"@id":"https:\/\/www.erresse-shop.it\/es\/shop\/pequenos-electrodomesticos\/secadores-y-planchas-de-pelo\/shark-flexstyle-secador-de-pelo-negro-y-oro-rosa\/#breadcrumb"},"inLanguage":"es","potentialAction":[{"@type":"ReadAction","target":["https:\/\/www.erresse-shop.it\/es\/shop\/pequenos-electrodomesticos\/secadores-y-planchas-de-pelo\/shark-flexstyle-secador-de-pelo-negro-y-oro-rosa\/"]}]},{"@type":"BreadcrumbList","@id":"https:\/\/www.erresse-shop.it\/es\/shop\/pequenos-electrodomesticos\/secadores-y-planchas-de-pelo\/shark-flexstyle-secador-de-pelo-negro-y-oro-rosa\/#breadcrumb","itemListElement":[{"@type":"ListItem","position":1,"name":"Home","item":"https:\/\/www.erresse-shop.it\/es\/"},{"@type":"ListItem","position":2,"name":"Shop","item":"https:\/\/www.erresse-shop.it\/es\/shop\/"},{"@type":"ListItem","position":3,"name":"SHARK Flexstyle Secador de pelo negro y oro rosa"}]},{"@type":"WebSite","@id":"https:\/\/www.erresse-shop.it\/es\/#website","url":"https:\/\/www.erresse-shop.it\/es\/","name":"Erresse Shop","description":"Articoli di qualit\u00e0 per la casa","potentialAction":[{"@type":"SearchAction","target":{"@type":"EntryPoint","urlTemplate":"https:\/\/www.erresse-shop.it\/es\/?s={search_term_string}"},"query-input":"required name=search_term_string"}],"inLanguage":"es"}]}},"df_price":219.95,"df_sale_price":219.95,"df_regular_price":279.99,"df_image_link":"https:\/\/www.erresse-shop.it\/wp-content\/uploads\/2024\/03\/SHARK-Flexstyle-Asciugacapelli-Nero-e-Oro-Rosa-300x300.jpg","_links":{"self":[{"href":"https:\/\/www.erresse-shop.it\/es\/wp-json\/wp\/v2\/product\/397920"}],"collection":[{"href":"https:\/\/www.erresse-shop.it\/es\/wp-json\/wp\/v2\/product"}],"about":[{"href":"https:\/\/www.erresse-shop.it\/es\/wp-json\/wp\/v2\/types\/product"}],"wp:featuredmedia":[{"embeddable":true,"href":"https:\/\/www.erresse-shop.it\/es\/wp-json\/wp\/v2\/media\/458805"}],"wp:attachment":[{"href":"https:\/\/www.erresse-shop.it\/es\/wp-json\/wp\/v2\/media?parent=397920"}],"wp:term":[{"taxonomy":"product_cat","embeddable":true,"href":"https:\/\/www.erresse-shop.it\/es\/wp-json\/wp\/v2\/product_cat?post=397920"},{"taxonomy":"product_tag","embeddable":true,"href":"https:\/\/www.erresse-shop.it\/es\/wp-json\/wp\/v2\/product_tag?post=397920"}],"curies":[{"name":"wp","href":"https:\/\/api.w.org\/{rel}","templated":true}]}}