{"id":397871,"date":"2024-03-19T08:48:59","date_gmt":"2024-03-19T08:49:00","guid":{"rendered":"https:\/\/www.erresse-shop.it\/?post_type=product&#038;p=397871"},"modified":"2024-08-21T00:00:09","modified_gmt":"2024-08-21T00:00:09","slug":"shark-aspirador-sin-cable-detect-pro-con-autovaciado","status":"publish","type":"product","link":"https:\/\/www.erresse-shop.it\/es\/shop\/pequenos-electrodomesticos\/aspiradoras\/shark-aspirador-sin-cable-detect-pro-con-autovaciado\/","title":{"rendered":"SHARK Aspirador sin cable Detect Pro con autovaciado"},"content":{"rendered":"<p>Presentamos Detect Pro, la gama de escobas el\u00e9ctricas m\u00e1s inteligente de Shark.<\/p>\n<p>La escoba el\u00e9ctrica ligera sin cable para una limpieza profunda que se vac\u00eda autom\u00e1ticamente<\/p>\n<p>La gran base de vaciado autom\u00e1tico retiene la suciedad y los residuos hasta 45 d\u00edas<\/p>\n<p>Recoge hasta un 50% m\u00e1s de suciedad*.<\/p>\n<p>Hasta la suciedad m\u00e1s dif\u00edcil<\/p>\n<p>25% m\u00e1s ligera**.<\/p>\n<p>Limpia a fondo alfombras y suelos gracias a la tecnolog\u00eda del cabezal Anti Hair Wrap<\/p>\n<p>El palo flexible se dobla para limpiar incluso los rincones m\u00e1s dif\u00edciles de alcanzar.<\/p>\n<p><b><strong>Recoge hasta un 50% m\u00e1s de suciedad:<\/strong><\/b><\/p>\n<p>Las 4 tecnolog\u00edas de limpieza en profundidad detectan y reaccionan en funci\u00f3n del entorno, desenterrando la suciedad oculta de tu hogar:<\/p>\n<p>DirtDetect: detecta la suciedad invisible y aumenta autom\u00e1ticamente la potencia de succi\u00f3n para una limpieza profunda de la alfombra.<\/p>\n<p>EdgeDetect: detecta los bordes y duplica la potencia de succi\u00f3n para una limpieza perfecta de bordes y esquinas.<\/p>\n<p>FloorDetect: detecta autom\u00e1ticamente el tipo de suelo y optimiza el rendimiento duplicando la velocidad del cepillo para una limpieza en profundidad de las alfombras.<\/p>\n<p>LightDetect: funciona en zonas con poca luz iluminando autom\u00e1ticamente los restos y la suciedad oculta.<br \/>\nSe vac\u00eda y rellena al final de cada limpieza:<br \/>\nLa gran base sin bolsa de vaciado autom\u00e1tico de 2 L retiene la suciedad y los residuos hasta 45 d\u00edas. Simplemente enganche la escoba el\u00e9ctrica en la base al final de cada ciclo de limpieza y se vaciar\u00e1 autom\u00e1ticamente.<br \/>\nEl Sello Completo Antial\u00e9rgenos captura el 99,9% del polvo, los al\u00e9rgenos y los irritantes2 atrap\u00e1ndolos en la base sin liberarlos de nuevo en el hogar. La tecnolog\u00eda antiolor evita que se formen olores desagradables en el interior de la base, para un hogar que siempre huele a limpio.<br \/>\nDisfruta de hasta 60 minutos de autonom\u00eda3: Se recarga cuando est\u00e1 sobre la base, siempre listo para entrar en acci\u00f3n cuando sea necesario. No est\u00e1 conectado a una estaci\u00f3n de carga fija y no es necesario fijar la base a la pared, por lo que puede trasladarlo f\u00e1cilmente a cualquier lugar.<\/p>\n<p><b><strong>Limpieza en profundidad de alfombras y suelos:<\/strong><\/b><\/p>\n<p>El cepillo multisuperficies QuadClean limpia a fondo todo tipo de suelos, sin necesidad de recambios.<\/p>\n<p>Su excepcional dise\u00f1o presenta una cubierta frontal elevada para hacer frente a grandes cantidades de suciedad, aletas para alfombras para levantar los restos y el pelo de mascotas atrapado, un movimiento de acci\u00f3n profunda para extraer las part\u00edculas de suciedad m\u00e1s finas y microfibra suave para capturar el polvo.<\/p>\n<p>La tecnolog\u00eda Anti Hair Wrap retira el pelo y los pelos del cepillo durante la limpieza, evitando los molestos enredos &#8211; perfecta para los due\u00f1os de mascotas.<\/p>\n<p><b><strong>Potente rendimiento, un 25% m\u00e1s ligero:<\/strong><\/b><\/p>\n<p>El motor turbo compacto re\u00fane un potente rendimiento de limpieza en una escoba el\u00e9ctrica sin cable ligera y autovaciante.<\/p>\n<p>La pantalla LED muestra en tiempo real el estado de la bater\u00eda, la detecci\u00f3n de suciedad y el modo de funcionamiento.<\/p>\n<p><b><strong>Limpieza en toda la casa:<\/strong><\/b><\/p>\n<p>El palo Flexology es plegable, por lo que no tendr\u00e1 que agacharse y podr\u00e1 limpiar f\u00e1cilmente debajo de muebles bajos.<\/p>\n<p>No s\u00f3lo para suelos: Desenganche el aspirador para limpiar f\u00e1cilmente escaleras, tapicer\u00edas, interiores de coches y lugares de dif\u00edcil acceso con la boquilla para hendiduras.<\/p>\n<p><b><strong>Garant\u00eda Shark:<\/strong><\/b><\/p>\n<p>Shark ofrece una garant\u00eda de 5 a\u00f1os (2 a\u00f1os para las bater\u00edas) para una limpieza segura.<\/p>\n<p><b><u><strong>No a la venta fuera de Europa<\/strong><\/u><\/b><\/p>\n","protected":false},"excerpt":{"rendered":"<p>Presentamos Detect Pro, la gama de escobas el\u00e9ctricas m\u00e1s inteligente de Shark. La escoba el\u00e9ctrica ligera sin cable para una<\/p>\n","protected":false},"featured_media":520246,"template":"","meta":{"_acf_changed":false,"inline_featured_image":false},"product_cat":[23772,16073],"product_tag":[23776],"acf":[],"yoast_head":"<!-- This site is optimized with the Yoast SEO Premium plugin v18.6 (Yoast SEO v19.13) - https:\/\/yoast.com\/wordpress\/plugins\/seo\/ -->\n<title>SHARK Aspirador sin cable Detect Pro con autovaciado - Erresse Shop<\/title>\n<meta name=\"description\" content=\"Presentamos Detect Pro, la gama de escobas el\u00e9ctricas m\u00e1s inteligente de Shark. La escoba el\u00e9ctrica ligera sin cable para una limpieza profunda que se\" \/>\n<meta name=\"robots\" content=\"index, follow, max-snippet:-1, max-image-preview:large, max-video-preview:-1\" \/>\n<link rel=\"canonical\" href=\"https:\/\/www.erresse-shop.it\/es\/shop\/pequenos-electrodomesticos\/aspiradoras\/shark-aspirador-sin-cable-detect-pro-con-autovaciado\/\" \/>\n<meta property=\"og:locale\" content=\"es_ES\" \/>\n<meta property=\"og:type\" content=\"article\" \/>\n<meta property=\"og:title\" content=\"SHARK Aspirador sin cable Detect Pro con autovaciado\" \/>\n<meta property=\"og:description\" content=\"Presentamos Detect Pro, la gama de escobas el\u00e9ctricas m\u00e1s inteligente de Shark. La escoba el\u00e9ctrica ligera sin cable para una limpieza profunda que se\" \/>\n<meta property=\"og:url\" content=\"https:\/\/www.erresse-shop.it\/es\/shop\/pequenos-electrodomesticos\/aspiradoras\/shark-aspirador-sin-cable-detect-pro-con-autovaciado\/\" \/>\n<meta property=\"og:site_name\" content=\"Erresse Shop\" \/>\n<meta property=\"article:modified_time\" content=\"2024-08-21T00:00:09+00:00\" \/>\n<meta property=\"og:image\" content=\"https:\/\/www.erresse-shop.it\/wp-content\/uploads\/2024\/03\/SHARK-ASPIRAPOLVERE-SENZA-FILO-SHARK-DETECT-PRO-IW1611EU.png\" \/>\n\t<meta property=\"og:image:width\" content=\"800\" \/>\n\t<meta property=\"og:image:height\" content=\"800\" \/>\n\t<meta property=\"og:image:type\" content=\"image\/png\" \/>\n<meta name=\"twitter:card\" content=\"summary_large_image\" \/>\n<script type=\"application\/ld+json\" class=\"yoast-schema-graph\">{\"@context\":\"https:\/\/schema.org\",\"@graph\":[{\"@type\":\"WebPage\",\"@id\":\"https:\/\/www.erresse-shop.it\/es\/shop\/pequenos-electrodomesticos\/aspiradoras\/shark-aspirador-sin-cable-detect-pro-con-autovaciado\/\",\"url\":\"https:\/\/www.erresse-shop.it\/es\/shop\/pequenos-electrodomesticos\/aspiradoras\/shark-aspirador-sin-cable-detect-pro-con-autovaciado\/\",\"name\":\"SHARK Aspirador sin cable Detect Pro con autovaciado - Erresse Shop\",\"isPartOf\":{\"@id\":\"https:\/\/www.erresse-shop.it\/es\/#website\"},\"datePublished\":\"2024-03-19T08:49:00+00:00\",\"dateModified\":\"2024-08-21T00:00:09+00:00\",\"description\":\"Presentamos Detect Pro, la gama de escobas el\u00e9ctricas m\u00e1s inteligente de Shark. La escoba el\u00e9ctrica ligera sin cable para una limpieza profunda que se\",\"breadcrumb\":{\"@id\":\"https:\/\/www.erresse-shop.it\/es\/shop\/pequenos-electrodomesticos\/aspiradoras\/shark-aspirador-sin-cable-detect-pro-con-autovaciado\/#breadcrumb\"},\"inLanguage\":\"es\",\"potentialAction\":[{\"@type\":\"ReadAction\",\"target\":[\"https:\/\/www.erresse-shop.it\/es\/shop\/pequenos-electrodomesticos\/aspiradoras\/shark-aspirador-sin-cable-detect-pro-con-autovaciado\/\"]}]},{\"@type\":\"BreadcrumbList\",\"@id\":\"https:\/\/www.erresse-shop.it\/es\/shop\/pequenos-electrodomesticos\/aspiradoras\/shark-aspirador-sin-cable-detect-pro-con-autovaciado\/#breadcrumb\",\"itemListElement\":[{\"@type\":\"ListItem\",\"position\":1,\"name\":\"Home\",\"item\":\"https:\/\/www.erresse-shop.it\/es\/\"},{\"@type\":\"ListItem\",\"position\":2,\"name\":\"Shop\",\"item\":\"https:\/\/www.erresse-shop.it\/es\/shop\/\"},{\"@type\":\"ListItem\",\"position\":3,\"name\":\"SHARK Aspirador sin cable Detect Pro con autovaciado\"}]},{\"@type\":\"WebSite\",\"@id\":\"https:\/\/www.erresse-shop.it\/es\/#website\",\"url\":\"https:\/\/www.erresse-shop.it\/es\/\",\"name\":\"Erresse Shop\",\"description\":\"Articoli di qualit\u00e0 per la casa\",\"potentialAction\":[{\"@type\":\"SearchAction\",\"target\":{\"@type\":\"EntryPoint\",\"urlTemplate\":\"https:\/\/www.erresse-shop.it\/es\/?s={search_term_string}\"},\"query-input\":\"required name=search_term_string\"}],\"inLanguage\":\"es\"}]}<\/script>\n<!-- \/ Yoast SEO Premium plugin. -->","yoast_head_json":{"title":"SHARK Aspirador sin cable Detect Pro con autovaciado - Erresse Shop","description":"Presentamos Detect Pro, la gama de escobas el\u00e9ctricas m\u00e1s inteligente de Shark. La escoba el\u00e9ctrica ligera sin cable para una limpieza profunda que se","robots":{"index":"index","follow":"follow","max-snippet":"max-snippet:-1","max-image-preview":"max-image-preview:large","max-video-preview":"max-video-preview:-1"},"canonical":"https:\/\/www.erresse-shop.it\/es\/shop\/pequenos-electrodomesticos\/aspiradoras\/shark-aspirador-sin-cable-detect-pro-con-autovaciado\/","og_locale":"es_ES","og_type":"article","og_title":"SHARK Aspirador sin cable Detect Pro con autovaciado","og_description":"Presentamos Detect Pro, la gama de escobas el\u00e9ctricas m\u00e1s inteligente de Shark. La escoba el\u00e9ctrica ligera sin cable para una limpieza profunda que se","og_url":"https:\/\/www.erresse-shop.it\/es\/shop\/pequenos-electrodomesticos\/aspiradoras\/shark-aspirador-sin-cable-detect-pro-con-autovaciado\/","og_site_name":"Erresse Shop","article_modified_time":"2024-08-21T00:00:09+00:00","og_image":[{"width":800,"height":800,"url":"https:\/\/www.erresse-shop.it\/wp-content\/uploads\/2024\/03\/SHARK-ASPIRAPOLVERE-SENZA-FILO-SHARK-DETECT-PRO-IW1611EU.png","type":"image\/png"}],"twitter_card":"summary_large_image","schema":{"@context":"https:\/\/schema.org","@graph":[{"@type":"WebPage","@id":"https:\/\/www.erresse-shop.it\/es\/shop\/pequenos-electrodomesticos\/aspiradoras\/shark-aspirador-sin-cable-detect-pro-con-autovaciado\/","url":"https:\/\/www.erresse-shop.it\/es\/shop\/pequenos-electrodomesticos\/aspiradoras\/shark-aspirador-sin-cable-detect-pro-con-autovaciado\/","name":"SHARK Aspirador sin cable Detect Pro con autovaciado - Erresse Shop","isPartOf":{"@id":"https:\/\/www.erresse-shop.it\/es\/#website"},"datePublished":"2024-03-19T08:49:00+00:00","dateModified":"2024-08-21T00:00:09+00:00","description":"Presentamos Detect Pro, la gama de escobas el\u00e9ctricas m\u00e1s inteligente de Shark. La escoba el\u00e9ctrica ligera sin cable para una limpieza profunda que se","breadcrumb":{"@id":"https:\/\/www.erresse-shop.it\/es\/shop\/pequenos-electrodomesticos\/aspiradoras\/shark-aspirador-sin-cable-detect-pro-con-autovaciado\/#breadcrumb"},"inLanguage":"es","potentialAction":[{"@type":"ReadAction","target":["https:\/\/www.erresse-shop.it\/es\/shop\/pequenos-electrodomesticos\/aspiradoras\/shark-aspirador-sin-cable-detect-pro-con-autovaciado\/"]}]},{"@type":"BreadcrumbList","@id":"https:\/\/www.erresse-shop.it\/es\/shop\/pequenos-electrodomesticos\/aspiradoras\/shark-aspirador-sin-cable-detect-pro-con-autovaciado\/#breadcrumb","itemListElement":[{"@type":"ListItem","position":1,"name":"Home","item":"https:\/\/www.erresse-shop.it\/es\/"},{"@type":"ListItem","position":2,"name":"Shop","item":"https:\/\/www.erresse-shop.it\/es\/shop\/"},{"@type":"ListItem","position":3,"name":"SHARK Aspirador sin cable Detect Pro con autovaciado"}]},{"@type":"WebSite","@id":"https:\/\/www.erresse-shop.it\/es\/#website","url":"https:\/\/www.erresse-shop.it\/es\/","name":"Erresse Shop","description":"Articoli di qualit\u00e0 per la casa","potentialAction":[{"@type":"SearchAction","target":{"@type":"EntryPoint","urlTemplate":"https:\/\/www.erresse-shop.it\/es\/?s={search_term_string}"},"query-input":"required name=search_term_string"}],"inLanguage":"es"}]}},"df_price":399.99,"df_sale_price":399.99,"df_regular_price":399.99,"df_image_link":"https:\/\/www.erresse-shop.it\/wp-content\/uploads\/2024\/03\/SHARK-Aspirapolvere-IW3611EU-300x300.jpg","_links":{"self":[{"href":"https:\/\/www.erresse-shop.it\/es\/wp-json\/wp\/v2\/product\/397871"}],"collection":[{"href":"https:\/\/www.erresse-shop.it\/es\/wp-json\/wp\/v2\/product"}],"about":[{"href":"https:\/\/www.erresse-shop.it\/es\/wp-json\/wp\/v2\/types\/product"}],"wp:featuredmedia":[{"embeddable":true,"href":"https:\/\/www.erresse-shop.it\/es\/wp-json\/wp\/v2\/media\/520246"}],"wp:attachment":[{"href":"https:\/\/www.erresse-shop.it\/es\/wp-json\/wp\/v2\/media?parent=397871"}],"wp:term":[{"taxonomy":"product_cat","embeddable":true,"href":"https:\/\/www.erresse-shop.it\/es\/wp-json\/wp\/v2\/product_cat?post=397871"},{"taxonomy":"product_tag","embeddable":true,"href":"https:\/\/www.erresse-shop.it\/es\/wp-json\/wp\/v2\/product_tag?post=397871"}],"curies":[{"name":"wp","href":"https:\/\/api.w.org\/{rel}","templated":true}]}}